{"id":866,"date":"2014-12-01T12:28:07","date_gmt":"2014-12-01T11:28:07","guid":{"rendered":"http:\/\/solemar-academy.com\/?page_id=866"},"modified":"2023-06-15T09:28:30","modified_gmt":"2023-06-15T09:28:30","slug":"seminario-glottodidattica","status":"publish","type":"page","link":"https:\/\/solemar-academy.com\/ru\/seminario-glottodidattica\/","title":{"rendered":"Seminario di Glottodidattica &#8212; Come diventare insegnante di Italiano per Stranieri"},"content":{"rendered":"<div class=\"wpb-content-wrapper\">[vc_row row_type=&#187;row&#187; text_align=&#187;left&#187; css_animation=&#187;&#187;][vc_column width=&#187;1\/6&#8243;][vc_column_text]\n[\/vc_column_text][\/vc_column][vc_column width=&#187;2\/3&#8243;][vc_column_text]\n<h2 style=\"text-align: center;\">Seminario di Glottodidattica<\/h2>\n<p>&nbsp;<\/p>\n<p>La <strong>formazione continua<\/strong> \u00e8 un aspetto fondamentale per tutti gli operatori del settore dell&#8217;insegnamento. Noi della Solemar Academy (<strong><a href=\"https:\/\/solemar-academy.com\/italiano-per-stranieri\/\">la scuola di Italiano in Italia<\/a><\/strong>) dedichiamo molte energie nel tenere sempre aggiornati i nostri insegnanti e siamo orgogliosi di ottenere feedback sempre molto positivi da parte dei nostri studenti di italiano riguardo la <strong>qualit\u00e0 dell\u2019insegnamento.<\/strong><\/p>\n<p>Regolarmente apriamo le porte della nostra scuola ad\u00a0aspiranti\u00a0insegnanti e\/o docenti che vogliano tenersi aggiornati sulle pi\u00f9 moderne tecniche di insegnamento.<\/p>\n<p>Se anche tu ti sei chiesto\/a &#8212; come diventare insegnante di italiano per stranieri &#8212; \u00a0o &#8212; quali sono le nuove metodologie per insegnare le lingue straniere &#8212; allora potrai trovare molte risposte qui da noi alla Solemar Academy.<\/p>\n<p>Non aspettatevi un approccio da conferenza. I nostri corsi sono organizzati con un\u00a0<strong>approccio seminariale.\u00a0<\/strong><\/p>\n<p>Il seminario \u00e8 <strong>aperto a chiunque<\/strong> nutra un interesse verso tali argomenti ed \u00e8, altres\u00ec, molto utile per coloro che vogliano sostenere l&#8217;esame in didattica dell\u2019Italiano <a href=\"https:\/\/solemar-academy.com\/certificazione-per-insegnanti-italiano\/\" target=\"_blank\" rel=\"noopener noreferrer\"><strong>DILS-PG<\/strong><\/a>.<\/p>\n<p>&nbsp;<\/p>\n<div style=\"text-align: center;\"><iframe src=\"https:\/\/www.youtube.com\/embed\/dnzfmXxqXWw\" width=\"560\" height=\"315\" frameborder=\"0\" allowfullscreen=\"allowfullscreen\"><\/iframe>:<\/div>\n<p>&nbsp;<\/p>\n<h2>Programma del seminario<\/h2>\n<p>&nbsp;<\/p>\n<ul>\n<li>La glottodidattica e la sua evoluzione storica<\/li>\n<li>L\u2019insegnamento di una lingua seconda: approcci, metodi e tecniche<\/li>\n<li>QCER e il Profilo della lingua italiana<\/li>\n<li>La competenza comunicativa<\/li>\n<li>Nozioni di base dell\u2019apprendimento: l\u2019interlingua, il filtro affettivo, l\u2019interferenza e l\u2019errore<\/li>\n<li>Didattica comunicativa: la pianificazione curricolare<\/li>\n<li>Sillabo, programma e curricolo<\/li>\n<li>Modelli operativi<\/li>\n<li>Utilizzo di strumenti multimediali<\/li>\n<li>Analisi di materiali didattici<\/li>\n<li>Progettazione di percorsi didattici<\/li>\n<li>Costruzione di unit\u00e0 di apprendimento e unit\u00e0 didattiche<\/li>\n<li>Utilizzo di tecniche teatrali all&#8217;interno dell&#8217;unit\u00e0 didattica <strong>NEW!<\/strong><\/li>\n<\/ul>\n<p>&nbsp;<\/p>\n<h2>Tirocinio<\/h2>\n<p>&nbsp;<\/p>\n<p>Una volta concluso il seminario potrai fare un periodo di tirocinio durante il quale applicherai in maniera autonoma gli strumenti appresi durante il corso. Il tirocinio ha una durata minima di 2 settimane.<\/p>\n<p>&nbsp;<\/p>\n<h2>Certificazione in didattica dell&#8217;Italiano<\/h2>\n<p>&nbsp;<\/p>\n<p>Siamo sede d&#8217;esame per la certificazione in didattica dell&#8217;italiano come l2\/ls. La certificazione \u00e8 rilasciata dall&#8217;Universit\u00e0 degli Stranieri di Perugia e si chiama DILS-PG. Probabilmente avrai gi\u00e0 sentito parlare di <strong>Cedils<\/strong> o <strong>Ditals<\/strong>. Queste ultime hanno lo stesso valore e spendibilit\u00e0 rispetto alla certificazione DILS-PG. Per ulteriori dettagli\u00a0rispetto ai vantaggi della certificazione DILS-PG rispetto alle altre, puoi dare un&#8217;occhiata alla pagina sulle <strong><a href=\"https:\/\/solemar-academy.com\/certificazione-per-insegnanti-italiano\/\" target=\"_blank\" rel=\"noopener noreferrer\">certificazioni<\/a>.<\/strong><\/p>\n<p>Le sessioni d&#8217;esame sono a Dicembre (DILS-PG primo livello) e Febbraio (secondo livello). Per i requisiti controllate sia il sito del <strong><a href=\"https:\/\/www.unistrapg.it\/it\/node\/1782\" target=\"_blank\" rel=\"noopener noreferrer\">CVCL<\/a><\/strong> che la nostra pagina sulle <strong><a href=\"https:\/\/solemar-academy.com\/certificazione-per-insegnanti-italiano\/\" target=\"_blank\" rel=\"noopener noreferrer\">certificazioni<\/a>.<\/strong><\/p>\n[\/vc_column_text][\/vc_column][vc_column width=&#187;1\/6&#8243;][vc_column_text]\n[\/vc_column_text][\/vc_column][\/vc_row][vc_row row_type=&#187;row&#187; text_align=&#187;left&#187; css_animation=&#187;&#187;][vc_column][vc_separator type=&#187;transparent&#187; down=&#187;10&#8243; up=&#187;10&#8243;][\/vc_column][\/vc_row][vc_row row_type=&#187;row&#187; text_align=&#187;left&#187; css_animation=&#187;&#187;][vc_column][vc_gallery type=&#187;image_grid&#187; images=&#187;3868,3867,3866,3865,3864,3863,3862,3860,3859&#8243; img_size=&#187;300&#215;150&#8243; column_number=&#187;3&#8243;][\/vc_column][\/vc_row]\n<\/div>","protected":false},"excerpt":{"rendered":"<p>[vc_row row_type=&#187;row&#187; text_align=&#187;left&#187; css_animation=&#187;&#187;][vc_column width=&#187;1\/6&#8243;][vc_column_text] [\/vc_column_text][\/vc_column][vc_column width=&#187;2\/3&#8243;][vc_column_text] Seminario di Glottodidattica &nbsp; La formazione continua \u00e8 un aspetto fondamentale per tutti gli operatori del settore dell&#8217;insegnamento. Noi della Solemar Academy (la scuola di Italiano in Italia) dedichiamo molte energie nel tenere sempre aggiornati i nostri insegnanti&#8230;<\/p>\n","protected":false},"author":2,"featured_media":3861,"parent":0,"menu_order":0,"comment_status":"open","ping_status":"open","template":"","meta":{"inline_featured_image":false},"yoast_head":"<!-- This site is optimized with the Yoast SEO Premium plugin v19.5 (Yoast SEO v19.11) - https:\/\/yoast.com\/wordpress\/plugins\/seo\/ -->\n<title>Seminario didattica dell&#039;Italiano L2\/LS - Solemar Academy<\/title>\n<meta name=\"description\" content=\"Migliora le tue competenze teoriche e scopri le nuove tecniche di glottodidattica. Partecipa al seminario in didattica dell&#039;Italiano L2\/LS!\" \/>\n<meta name=\"robots\" content=\"index, follow, max-snippet:-1, max-image-preview:large, max-video-preview:-1\" \/>\n<link rel=\"canonical\" href=\"https:\/\/solemar-academy.com\/seminario-glottodidattica\/\" \/>\n<meta property=\"og:locale\" content=\"ru_RU\" \/>\n<meta property=\"og:type\" content=\"article\" \/>\n<meta property=\"og:title\" content=\"Seminario di Glottodidattica - Come diventare insegnante di Italiano per Stranieri\" \/>\n<meta property=\"og:description\" content=\"Migliora le tue competenze teoriche e scopri le nuove tecniche di glottodidattica. Partecipa al seminario in didattica dell&#039;Italiano L2\/LS!\" \/>\n<meta property=\"og:url\" content=\"https:\/\/solemar-academy.com\/seminario-glottodidattica\/\" \/>\n<meta property=\"og:site_name\" content=\"Solemar Academy\" \/>\n<meta property=\"article:modified_time\" content=\"2023-06-15T09:28:30+00:00\" \/>\n<meta name=\"twitter:card\" content=\"summary_large_image\" \/>\n<meta name=\"twitter:label1\" content=\"\u041f\u0440\u0438\u043c\u0435\u0440\u043d\u043e\u0435 \u0432\u0440\u0435\u043c\u044f \u0434\u043b\u044f \u0447\u0442\u0435\u043d\u0438\u044f\" \/>\n\t<meta name=\"twitter:data1\" content=\"3 \u043c\u0438\u043d\u0443\u0442\u044b\" \/>\n<script type=\"application\/ld+json\" class=\"yoast-schema-graph\">{\"@context\":\"https:\/\/schema.org\",\"@graph\":[{\"@type\":\"WebPage\",\"@id\":\"https:\/\/solemar-academy.com\/seminario-glottodidattica\/\",\"url\":\"https:\/\/solemar-academy.com\/seminario-glottodidattica\/\",\"name\":\"Seminario didattica dell'Italiano L2\/LS - Solemar Academy\",\"isPartOf\":{\"@id\":\"https:\/\/solemar-academy.com\/#website\"},\"datePublished\":\"2014-12-01T11:28:07+00:00\",\"dateModified\":\"2023-06-15T09:28:30+00:00\",\"description\":\"Migliora le tue competenze teoriche e scopri le nuove tecniche di glottodidattica. Partecipa al seminario in didattica dell'Italiano L2\/LS!\",\"breadcrumb\":{\"@id\":\"https:\/\/solemar-academy.com\/seminario-glottodidattica\/#breadcrumb\"},\"inLanguage\":\"ru-RU\",\"potentialAction\":[{\"@type\":\"ReadAction\",\"target\":[\"https:\/\/solemar-academy.com\/seminario-glottodidattica\/\"]}]},{\"@type\":\"BreadcrumbList\",\"@id\":\"https:\/\/solemar-academy.com\/seminario-glottodidattica\/#breadcrumb\",\"itemListElement\":[{\"@type\":\"ListItem\",\"position\":1,\"name\":\"Home\",\"item\":\"https:\/\/solemar-academy.com\/ru\/\"},{\"@type\":\"ListItem\",\"position\":2,\"name\":\"Seminario di Glottodidattica &#8211; Come diventare insegnante di Italiano per Stranieri\"}]},{\"@type\":\"WebSite\",\"@id\":\"https:\/\/solemar-academy.com\/#website\",\"url\":\"https:\/\/solemar-academy.com\/\",\"name\":\"Solemar Academy\",\"description\":\"Learn Italian in Italy\",\"publisher\":{\"@id\":\"https:\/\/solemar-academy.com\/#organization\"},\"potentialAction\":[{\"@type\":\"SearchAction\",\"target\":{\"@type\":\"EntryPoint\",\"urlTemplate\":\"https:\/\/solemar-academy.com\/?s={search_term_string}\"},\"query-input\":\"required name=search_term_string\"}],\"inLanguage\":\"ru-RU\"},{\"@type\":\"Organization\",\"@id\":\"https:\/\/solemar-academy.com\/#organization\",\"name\":\"Solemar Academy\",\"url\":\"https:\/\/solemar-academy.com\/\",\"logo\":{\"@type\":\"ImageObject\",\"inLanguage\":\"ru-RU\",\"@id\":\"https:\/\/solemar-academy.com\/#\/schema\/logo\/image\/\",\"url\":\"https:\/\/solemar-academy.com\/wp-content\/uploads\/2022\/06\/logo-solemar-academy.png\",\"contentUrl\":\"https:\/\/solemar-academy.com\/wp-content\/uploads\/2022\/06\/logo-solemar-academy.png\",\"width\":32,\"height\":32,\"caption\":\"Solemar Academy\"},\"image\":{\"@id\":\"https:\/\/solemar-academy.com\/#\/schema\/logo\/image\/\"}}]}<\/script>\n<!-- \/ Yoast SEO Premium plugin. -->","yoast_head_json":{"title":"Seminario didattica dell'Italiano L2\/LS - Solemar Academy","description":"Migliora le tue competenze teoriche e scopri le nuove tecniche di glottodidattica. Partecipa al seminario in didattica dell'Italiano L2\/LS!","robots":{"index":"index","follow":"follow","max-snippet":"max-snippet:-1","max-image-preview":"max-image-preview:large","max-video-preview":"max-video-preview:-1"},"canonical":"https:\/\/solemar-academy.com\/seminario-glottodidattica\/","og_locale":"ru_RU","og_type":"article","og_title":"Seminario di Glottodidattica - Come diventare insegnante di Italiano per Stranieri","og_description":"Migliora le tue competenze teoriche e scopri le nuove tecniche di glottodidattica. Partecipa al seminario in didattica dell'Italiano L2\/LS!","og_url":"https:\/\/solemar-academy.com\/seminario-glottodidattica\/","og_site_name":"Solemar Academy","article_modified_time":"2023-06-15T09:28:30+00:00","twitter_card":"summary_large_image","twitter_misc":{"\u041f\u0440\u0438\u043c\u0435\u0440\u043d\u043e\u0435 \u0432\u0440\u0435\u043c\u044f \u0434\u043b\u044f \u0447\u0442\u0435\u043d\u0438\u044f":"3 \u043c\u0438\u043d\u0443\u0442\u044b"},"schema":{"@context":"https:\/\/schema.org","@graph":[{"@type":"WebPage","@id":"https:\/\/solemar-academy.com\/seminario-glottodidattica\/","url":"https:\/\/solemar-academy.com\/seminario-glottodidattica\/","name":"Seminario didattica dell'Italiano L2\/LS - Solemar Academy","isPartOf":{"@id":"https:\/\/solemar-academy.com\/#website"},"datePublished":"2014-12-01T11:28:07+00:00","dateModified":"2023-06-15T09:28:30+00:00","description":"Migliora le tue competenze teoriche e scopri le nuove tecniche di glottodidattica. Partecipa al seminario in didattica dell'Italiano L2\/LS!","breadcrumb":{"@id":"https:\/\/solemar-academy.com\/seminario-glottodidattica\/#breadcrumb"},"inLanguage":"ru-RU","potentialAction":[{"@type":"ReadAction","target":["https:\/\/solemar-academy.com\/seminario-glottodidattica\/"]}]},{"@type":"BreadcrumbList","@id":"https:\/\/solemar-academy.com\/seminario-glottodidattica\/#breadcrumb","itemListElement":[{"@type":"ListItem","position":1,"name":"Home","item":"https:\/\/solemar-academy.com\/ru\/"},{"@type":"ListItem","position":2,"name":"Seminario di Glottodidattica &#8211; Come diventare insegnante di Italiano per Stranieri"}]},{"@type":"WebSite","@id":"https:\/\/solemar-academy.com\/#website","url":"https:\/\/solemar-academy.com\/","name":"Solemar Academy","description":"Learn Italian in Italy","publisher":{"@id":"https:\/\/solemar-academy.com\/#organization"},"potentialAction":[{"@type":"SearchAction","target":{"@type":"EntryPoint","urlTemplate":"https:\/\/solemar-academy.com\/?s={search_term_string}"},"query-input":"required name=search_term_string"}],"inLanguage":"ru-RU"},{"@type":"Organization","@id":"https:\/\/solemar-academy.com\/#organization","name":"Solemar Academy","url":"https:\/\/solemar-academy.com\/","logo":{"@type":"ImageObject","inLanguage":"ru-RU","@id":"https:\/\/solemar-academy.com\/#\/schema\/logo\/image\/","url":"https:\/\/solemar-academy.com\/wp-content\/uploads\/2022\/06\/logo-solemar-academy.png","contentUrl":"https:\/\/solemar-academy.com\/wp-content\/uploads\/2022\/06\/logo-solemar-academy.png","width":32,"height":32,"caption":"Solemar Academy"},"image":{"@id":"https:\/\/solemar-academy.com\/#\/schema\/logo\/image\/"}}]}},"_links":{"self":[{"href":"https:\/\/solemar-academy.com\/ru\/wp-json\/wp\/v2\/pages\/866"}],"collection":[{"href":"https:\/\/solemar-academy.com\/ru\/wp-json\/wp\/v2\/pages"}],"about":[{"href":"https:\/\/solemar-academy.com\/ru\/wp-json\/wp\/v2\/types\/page"}],"author":[{"embeddable":true,"href":"https:\/\/solemar-academy.com\/ru\/wp-json\/wp\/v2\/users\/2"}],"replies":[{"embeddable":true,"href":"https:\/\/solemar-academy.com\/ru\/wp-json\/wp\/v2\/comments?post=866"}],"version-history":[{"count":2,"href":"https:\/\/solemar-academy.com\/ru\/wp-json\/wp\/v2\/pages\/866\/revisions"}],"predecessor-version":[{"id":18138,"href":"https:\/\/solemar-academy.com\/ru\/wp-json\/wp\/v2\/pages\/866\/revisions\/18138"}],"wp:featuredmedia":[{"embeddable":true,"href":"https:\/\/solemar-academy.com\/ru\/wp-json\/"}],"wp:attachment":[{"href":"https:\/\/solemar-academy.com\/ru\/wp-json\/wp\/v2\/media?parent=866"}],"curies":[{"name":"wp","href":"https:\/\/api.w.org\/{rel}","templated":true}]}}