{"id":9848,"date":"2019-12-02T13:22:18","date_gmt":"2019-12-02T12:22:18","guid":{"rendered":"https:\/\/solemar-academy.com\/?page_id=9848"},"modified":"2025-11-24T16:30:16","modified_gmt":"2025-11-24T16:30:16","slug":"bourses-detude","status":"publish","type":"page","link":"https:\/\/solemar-academy.com\/fr\/bourses-detude\/","title":{"rendered":"Bourses d&rsquo;\u00e9tude &#8211; \u00c9cole d&rsquo;italien en Italie"},"content":{"rendered":"<div class=\"wpb-content-wrapper\">[vc_row row_type=\u00a0\u00bbrow\u00a0\u00bb text_align=\u00a0\u00bbleft\u00a0\u00bb css_animation=\u00a0\u00bb\u00a0\u00bb css=\u00a0\u00bb.vc_custom_1574428259354{margin-top: 15px !important;margin-bottom: 15px !important;}\u00a0\u00bb][vc_column width=\u00a0\u00bb1\/6&Prime;][\/vc_column][vc_column width=\u00a0\u00bb2\/3&Prime;][vc_column_text]Au fil des ans, notre \u00c9cole d&rsquo;italien a nou\u00e9 de <strong><a href=\"https:\/\/solemar-academy.com\/fr\/partenaires-presse\/\">solides partenariats<\/a><\/strong> avec de prestigieuses \u00e9coles italiennes \u00e0 l&rsquo;\u00e9tranger, parmi lesquels l&rsquo;<strong>Institut Italien de la Culture<\/strong> ou les \u00e9coles du r\u00e9seau <strong>Dante Alighieri<\/strong>.<\/p>\n<p>Nous pensons que l&rsquo;enseignement de l&rsquo;italien et la promotion de la culture italienne doivent \u00eatre soutenus. C&rsquo;est pourquoi, si vous \u00eates \u00e9tudiant dans l&rsquo;un de ces instituts, vous pouvez contacter le secr\u00e9tariat ou faire une recherche aupr\u00e8s de votre institut et trouver les d\u00e9marches \u00e0 suivre afin d&rsquo;obtenir une bourse d&rsquo;\u00e9tude qui vous permettra de venir apprendre l&rsquo;italien \u00e0 la Solemar Academy.<\/p>\n<p>Si vous suivez un cours d&rsquo;italien dans une \u00e9cole de qualit\u00e9 avec laquelle la Solemar n&rsquo;a pas encore de partenariat, vous pouvez nous en parler ou demander au directeur de prendre contact avec nous. Nous serions ravis d&rsquo;envisager une nouvelle collaboration !<\/p>\n<p><strong>Description des bourses aupr\u00e8s des \u00e9coles partenaire :<\/strong> pour les \u00e9tudiants des \u00e9coles partenaires de la Solemar Academy, vous pouvez b\u00e9n\u00e9ficier des bourses mises en place par votre \u00e9tablissement. Dans ce contexte, il s&rsquo;agit de bourses d&rsquo;une valeur de :<\/p>\n<p>&#8211;<strong> Bourse 100%<\/strong> : cours d&rsquo;italien \u00ab\u00a0standard\u00a0\u00bb gratuit d&rsquo;une semaine<br \/>\n&#8211; <strong>Bourse 50%<\/strong> : 50% de r\u00e9duction sur le cours standard d&rsquo;une semaine<br \/>\n&#8211; <strong>Echange 25%<\/strong> : 25% de r\u00e9duction sur le cours standard d&rsquo;une semaine<\/p>\n<p><strong>Conditions requises :<\/strong> \u00eatre inscrit dans l&rsquo;un des \u00e9tablissements partenaires de Solemar et fournir la preuve que vous avez bien obtenu la bourse.<\/p>\n<p><strong>Dates limites<\/strong> :\u00a0aucune.<\/p>\n<p>NB : le nombre de places est limit\u00e9.[\/vc_column_text][\/vc_column][vc_column width=\u00a0\u00bb1\/6&Prime;][\/vc_column][\/vc_row][vc_row row_type=\u00a0\u00bbrow\u00a0\u00bb text_align=\u00a0\u00bbleft\u00a0\u00bb css_animation=\u00a0\u00bb\u00a0\u00bb css=\u00a0\u00bb.vc_custom_1575286634518{margin-top: 30px !important;margin-bottom: 60px !important;}\u00a0\u00bb][vc_column width=\u00a0\u00bb1\/4&Prime;][\/vc_column][vc_column width=\u00a0\u00bb1\/4&Prime;][vc_single_image image=\u00a0\u00bb15122&Prime; alignment=\u00a0\u00bbcenter\u00a0\u00bb][\/vc_column][vc_column width=\u00a0\u00bb1\/4&Prime;][vc_single_image image=\u00a0\u00bb15128&Prime; alignment=\u00a0\u00bbcenter\u00a0\u00bb][\/vc_column][vc_column width=\u00a0\u00bb1\/4&Prime;][\/vc_column][\/vc_row][vc_row row_type=\u00a0\u00bbrow\u00a0\u00bb text_align=\u00a0\u00bbleft\u00a0\u00bb css_animation=\u00a0\u00bb\u00a0\u00bb css=\u00a0\u00bb.vc_custom_1574440900239{margin-bottom: 50px !important;}\u00a0\u00bb][vc_column width=\u00a0\u00bb1\/6&Prime;][\/vc_column][vc_column css_animation=\u00a0\u00bbappear\u00a0\u00bb width=\u00a0\u00bb2\/3&Prime;][vc_column_text css=\u00a0\u00bb.vc_custom_1575290604015{background-color: #dea839 !important;border-radius: 20px !important;}\u00a0\u00bb]<a href=\"https:\/\/solemar-academy.com\/modulo-discrizione\/\"><span style=\"color: #dea839;\">.<\/span><\/a><\/p>\n<p style=\"text-align: center;\"><span style=\"color: #ffffff;\"><a style=\"color: #ffffff;\" href=\"https:\/\/solemar-academy.com\/fr\/inscription\/\"><strong><em><span style=\"font-size: xx-large;\">ALLEZ VIENS, ON S&rsquo;INSCRIT!<\/span><\/em><\/strong><\/a><\/span><\/p>\n<p><a href=\"https:\/\/solemar-academy.com\/modulo-discrizione\/\"><span style=\"color: #dea839;\">.<\/span><\/a>[\/vc_column_text][\/vc_column][vc_column width=\u00a0\u00bb1\/6&Prime;][\/vc_column][\/vc_row][vc_row row_type=\u00a0\u00bbrow\u00a0\u00bb text_align=\u00a0\u00bbleft\u00a0\u00bb css_animation=\u00a0\u00bb\u00a0\u00bb css=\u00a0\u00bb.vc_custom_1574430667478{margin-top: 50px !important;}\u00a0\u00bb][vc_column][\/vc_column][\/vc_row]\n<\/div>","protected":false},"excerpt":{"rendered":"<p>[vc_row row_type=\u00a0\u00bbrow\u00a0\u00bb text_align=\u00a0\u00bbleft\u00a0\u00bb css_animation=\u00a0\u00bb\u00a0\u00bb css=\u00a0\u00bb.vc_custom_1574428259354{margin-top: 15px !important;margin-bottom: 15px !important;}\u00a0\u00bb][vc_column width=\u00a0\u00bb1\/6&Prime;][\/vc_column][vc_column width=\u00a0\u00bb2\/3&Prime;][vc_column_text]Au fil des ans, notre \u00c9cole d&rsquo;italien a nou\u00e9 de solides partenariats avec de prestigieuses \u00e9coles italiennes \u00e0 l&rsquo;\u00e9tranger, parmi lesquels l&rsquo;Institut Italien de la Culture ou les \u00e9coles du r\u00e9seau Dante Alighieri. Nous pensons&#8230;<\/p>\n","protected":false},"author":3,"featured_media":14461,"parent":0,"menu_order":0,"comment_status":"open","ping_status":"open","template":"","meta":{"inline_featured_image":false},"yoast_head":"<!-- This site is optimized with the Yoast SEO Premium plugin v19.5 (Yoast SEO v19.11) - https:\/\/yoast.com\/wordpress\/plugins\/seo\/ -->\n<title>Bourses d&#039;\u00e9tude - \u00c9cole d&#039;italien en Italie &mdash; Solemar Academy<\/title>\n<meta name=\"description\" content=\"L&#039;\u00e9cole d&#039;italien Solemar Academy offre des bourses d&#039;\u00e9tude, des subsides, et des r\u00e9ductions du prix des cours d&#039;italien.\" \/>\n<meta name=\"robots\" content=\"index, follow, max-snippet:-1, max-image-preview:large, max-video-preview:-1\" \/>\n<link rel=\"canonical\" href=\"https:\/\/solemar-academy.com\/fr\/bourses-detude\/\" \/>\n<meta property=\"og:locale\" content=\"fr_FR\" \/>\n<meta property=\"og:type\" content=\"article\" \/>\n<meta property=\"og:title\" content=\"Bourses d&#039;\u00e9tude - \u00c9cole d&#039;italien en Italie\" \/>\n<meta property=\"og:description\" content=\"L&#039;\u00e9cole d&#039;italien Solemar Academy offre des bourses d&#039;\u00e9tude, des subsides, et des r\u00e9ductions du prix des cours d&#039;italien.\" \/>\n<meta property=\"og:url\" content=\"https:\/\/solemar-academy.com\/fr\/bourses-detude\/\" \/>\n<meta property=\"og:site_name\" content=\"Solemar Academy\" \/>\n<meta property=\"article:modified_time\" content=\"2025-11-24T16:30:16+00:00\" \/>\n<meta property=\"og:image\" content=\"https:\/\/solemar-academy.com\/wp-content\/uploads\/layerslider\/HomePage-slider-RU\/learn-italian-in-italy-scaled.jpg\" \/>\n\t<meta property=\"og:image:width\" content=\"1024\" \/>\n\t<meta property=\"og:image:height\" content=\"681\" \/>\n\t<meta property=\"og:image:type\" content=\"image\/jpeg\" \/>\n<meta name=\"twitter:card\" content=\"summary_large_image\" \/>\n<meta name=\"twitter:label1\" content=\"Dur\u00e9e de lecture estim\u00e9e\" \/>\n\t<meta name=\"twitter:data1\" content=\"2 minutes\" \/>\n<script type=\"application\/ld+json\" class=\"yoast-schema-graph\">{\"@context\":\"https:\/\/schema.org\",\"@graph\":[{\"@type\":\"WebPage\",\"@id\":\"https:\/\/solemar-academy.com\/fr\/bourses-detude\/\",\"url\":\"https:\/\/solemar-academy.com\/fr\/bourses-detude\/\",\"name\":\"Bourses d'\u00e9tude - \u00c9cole d'italien en Italie &mdash; Solemar Academy\",\"isPartOf\":{\"@id\":\"https:\/\/solemar-academy.com\/#website\"},\"datePublished\":\"2019-12-02T12:22:18+00:00\",\"dateModified\":\"2025-11-24T16:30:16+00:00\",\"description\":\"L'\u00e9cole d'italien Solemar Academy offre des bourses d'\u00e9tude, des subsides, et des r\u00e9ductions du prix des cours d'italien.\",\"breadcrumb\":{\"@id\":\"https:\/\/solemar-academy.com\/fr\/bourses-detude\/#breadcrumb\"},\"inLanguage\":\"fr-FR\",\"potentialAction\":[{\"@type\":\"ReadAction\",\"target\":[\"https:\/\/solemar-academy.com\/fr\/bourses-detude\/\"]}]},{\"@type\":\"BreadcrumbList\",\"@id\":\"https:\/\/solemar-academy.com\/fr\/bourses-detude\/#breadcrumb\",\"itemListElement\":[{\"@type\":\"ListItem\",\"position\":1,\"name\":\"Home\",\"item\":\"https:\/\/solemar-academy.com\/fr\/\"},{\"@type\":\"ListItem\",\"position\":2,\"name\":\"Bourses d&#8217;\u00e9tude &#8211; \u00c9cole d&#8217;italien en Italie\"}]},{\"@type\":\"WebSite\",\"@id\":\"https:\/\/solemar-academy.com\/#website\",\"url\":\"https:\/\/solemar-academy.com\/\",\"name\":\"Solemar Academy\",\"description\":\"Learn Italian in Italy\",\"publisher\":{\"@id\":\"https:\/\/solemar-academy.com\/#organization\"},\"potentialAction\":[{\"@type\":\"SearchAction\",\"target\":{\"@type\":\"EntryPoint\",\"urlTemplate\":\"https:\/\/solemar-academy.com\/?s={search_term_string}\"},\"query-input\":\"required name=search_term_string\"}],\"inLanguage\":\"fr-FR\"},{\"@type\":\"Organization\",\"@id\":\"https:\/\/solemar-academy.com\/#organization\",\"name\":\"Solemar Academy\",\"url\":\"https:\/\/solemar-academy.com\/\",\"logo\":{\"@type\":\"ImageObject\",\"inLanguage\":\"fr-FR\",\"@id\":\"https:\/\/solemar-academy.com\/#\/schema\/logo\/image\/\",\"url\":\"https:\/\/solemar-academy.com\/wp-content\/uploads\/2022\/06\/logo-solemar-academy.png\",\"contentUrl\":\"https:\/\/solemar-academy.com\/wp-content\/uploads\/2022\/06\/logo-solemar-academy.png\",\"width\":32,\"height\":32,\"caption\":\"Solemar Academy\"},\"image\":{\"@id\":\"https:\/\/solemar-academy.com\/#\/schema\/logo\/image\/\"}}]}<\/script>\n<!-- \/ Yoast SEO Premium plugin. -->","yoast_head_json":{"title":"Bourses d'\u00e9tude - \u00c9cole d'italien en Italie &mdash; Solemar Academy","description":"L'\u00e9cole d'italien Solemar Academy offre des bourses d'\u00e9tude, des subsides, et des r\u00e9ductions du prix des cours d'italien.","robots":{"index":"index","follow":"follow","max-snippet":"max-snippet:-1","max-image-preview":"max-image-preview:large","max-video-preview":"max-video-preview:-1"},"canonical":"https:\/\/solemar-academy.com\/fr\/bourses-detude\/","og_locale":"fr_FR","og_type":"article","og_title":"Bourses d'\u00e9tude - \u00c9cole d'italien en Italie","og_description":"L'\u00e9cole d'italien Solemar Academy offre des bourses d'\u00e9tude, des subsides, et des r\u00e9ductions du prix des cours d'italien.","og_url":"https:\/\/solemar-academy.com\/fr\/bourses-detude\/","og_site_name":"Solemar Academy","article_modified_time":"2025-11-24T16:30:16+00:00","og_image":[{"width":1024,"height":681,"url":"https:\/\/solemar-academy.com\/wp-content\/uploads\/layerslider\/HomePage-slider-RU\/learn-italian-in-italy-scaled.jpg","type":"image\/jpeg"}],"twitter_card":"summary_large_image","twitter_misc":{"Dur\u00e9e de lecture estim\u00e9e":"2 minutes"},"schema":{"@context":"https:\/\/schema.org","@graph":[{"@type":"WebPage","@id":"https:\/\/solemar-academy.com\/fr\/bourses-detude\/","url":"https:\/\/solemar-academy.com\/fr\/bourses-detude\/","name":"Bourses d'\u00e9tude - \u00c9cole d'italien en Italie &mdash; Solemar Academy","isPartOf":{"@id":"https:\/\/solemar-academy.com\/#website"},"datePublished":"2019-12-02T12:22:18+00:00","dateModified":"2025-11-24T16:30:16+00:00","description":"L'\u00e9cole d'italien Solemar Academy offre des bourses d'\u00e9tude, des subsides, et des r\u00e9ductions du prix des cours d'italien.","breadcrumb":{"@id":"https:\/\/solemar-academy.com\/fr\/bourses-detude\/#breadcrumb"},"inLanguage":"fr-FR","potentialAction":[{"@type":"ReadAction","target":["https:\/\/solemar-academy.com\/fr\/bourses-detude\/"]}]},{"@type":"BreadcrumbList","@id":"https:\/\/solemar-academy.com\/fr\/bourses-detude\/#breadcrumb","itemListElement":[{"@type":"ListItem","position":1,"name":"Home","item":"https:\/\/solemar-academy.com\/fr\/"},{"@type":"ListItem","position":2,"name":"Bourses d&#8217;\u00e9tude &#8211; \u00c9cole d&#8217;italien en Italie"}]},{"@type":"WebSite","@id":"https:\/\/solemar-academy.com\/#website","url":"https:\/\/solemar-academy.com\/","name":"Solemar Academy","description":"Learn Italian in Italy","publisher":{"@id":"https:\/\/solemar-academy.com\/#organization"},"potentialAction":[{"@type":"SearchAction","target":{"@type":"EntryPoint","urlTemplate":"https:\/\/solemar-academy.com\/?s={search_term_string}"},"query-input":"required name=search_term_string"}],"inLanguage":"fr-FR"},{"@type":"Organization","@id":"https:\/\/solemar-academy.com\/#organization","name":"Solemar Academy","url":"https:\/\/solemar-academy.com\/","logo":{"@type":"ImageObject","inLanguage":"fr-FR","@id":"https:\/\/solemar-academy.com\/#\/schema\/logo\/image\/","url":"https:\/\/solemar-academy.com\/wp-content\/uploads\/2022\/06\/logo-solemar-academy.png","contentUrl":"https:\/\/solemar-academy.com\/wp-content\/uploads\/2022\/06\/logo-solemar-academy.png","width":32,"height":32,"caption":"Solemar Academy"},"image":{"@id":"https:\/\/solemar-academy.com\/#\/schema\/logo\/image\/"}}]}},"_links":{"self":[{"href":"https:\/\/solemar-academy.com\/fr\/wp-json\/wp\/v2\/pages\/9848"}],"collection":[{"href":"https:\/\/solemar-academy.com\/fr\/wp-json\/wp\/v2\/pages"}],"about":[{"href":"https:\/\/solemar-academy.com\/fr\/wp-json\/wp\/v2\/types\/page"}],"author":[{"embeddable":true,"href":"https:\/\/solemar-academy.com\/fr\/wp-json\/wp\/v2\/users\/3"}],"replies":[{"embeddable":true,"href":"https:\/\/solemar-academy.com\/fr\/wp-json\/wp\/v2\/comments?post=9848"}],"version-history":[{"count":3,"href":"https:\/\/solemar-academy.com\/fr\/wp-json\/wp\/v2\/pages\/9848\/revisions"}],"predecessor-version":[{"id":20028,"href":"https:\/\/solemar-academy.com\/fr\/wp-json\/wp\/v2\/pages\/9848\/revisions\/20028"}],"wp:featuredmedia":[{"embeddable":true,"href":"https:\/\/solemar-academy.com\/fr\/wp-json\/wp\/v2\/media\/14461"}],"wp:attachment":[{"href":"https:\/\/solemar-academy.com\/fr\/wp-json\/wp\/v2\/media?parent=9848"}],"curies":[{"name":"wp","href":"https:\/\/api.w.org\/{rel}","templated":true}]}}