{"id":5486,"date":"2017-01-09T11:42:26","date_gmt":"2017-01-09T10:42:26","guid":{"rendered":"http:\/\/solemar-academy.com\/?page_id=5486"},"modified":"2020-12-22T11:26:09","modified_gmt":"2020-12-22T11:26:09","slug":"notre-engagement","status":"publish","type":"page","link":"https:\/\/solemar-academy.com\/fr\/notre-engagement\/","title":{"rendered":"Notre Engagement &#8211; Apprendre l&rsquo;italien en Italie"},"content":{"rendered":"<div class=\"wpb-content-wrapper\">[vc_row row_type=\u00a0\u00bbrow\u00a0\u00bb text_align=\u00a0\u00bbleft\u00a0\u00bb css_animation=\u00a0\u00bb\u00a0\u00bb][vc_column width=\u00a0\u00bb1\/6&Prime;][\/vc_column][vc_column width=\u00a0\u00bb2\/3&Prime;][vc_column_text css=\u00a0\u00bb.vc_custom_1483958258145{padding-bottom: 10px !important;}\u00a0\u00bb]\n<h2>L\u2019engagement de la Solemar Academy<\/h2>\n[\/vc_column_text][vc_column_text css=\u00a0\u00bb.vc_custom_1483624007826{padding-bottom: 20px !important;}\u00a0\u00bb]Nous croyons qu&rsquo;une grande \u00e9cole comme la n\u00f4tre a \u00e9galement mandat\u00e9 pour soutenir toute l&rsquo;<strong>\u00e9nergie positive<\/strong> d\u00e9pens\u00e9e pour am\u00e9liorer <strong>notre pays<\/strong> et <strong>notre monde<\/strong>.<\/p>\n<p>Sur cette page, nous indiquons quelques projets que <a href=\"http:\/\/solemar-academy.com\/fr\/\"><strong>Solemar<\/strong><\/a> a toujours soutenu avec passion.[\/vc_column_text][vc_column_text css=\u00a0\u00bb.vc_custom_1483958315761{padding-bottom: 10px !important;}\u00a0\u00bb]\n<h3>Le programme WWF<\/h3>\n[\/vc_column_text][vc_column_text css=\u00a0\u00bb.vc_custom_1483958339719{padding-bottom: 20px !important;}\u00a0\u00bb]Pour nous, le <strong><a href=\"http:\/\/www.wwf.fr\/\">WWF<\/a><\/strong> est un phare dans la nuit. Par \u00e9gard pour la terre qui nous accueille depuis les origines de notre esp\u00e8ce, l\u2019environnement et les animaux m\u00e9ritent toute notre attention. En tant qu\u2019invit\u00e9s sur cette plan\u00e8te, nous leur devons le respect le plus total.[\/vc_column_text][vc_single_image image=\u00a0\u00bb15087&Prime; img_size=\u00a0\u00bbfull\u00a0\u00bb css=\u00a0\u00bb.vc_custom_1605807613370{padding-bottom: 40px !important;}\u00a0\u00bb][vc_column_text css=\u00a0\u00bb.vc_custom_1483958304663{padding-bottom: 10px !important;}\u00a0\u00bb]\n<h3>Le programme\u00a0EMERGENCY<\/h3>\n[\/vc_column_text][vc_column_text css=\u00a0\u00bb.vc_custom_1608127473049{padding-bottom: 20px !important;}\u00a0\u00bb]<strong><a href=\"https:\/\/en.emergency.it\/\">EMERGENCY<\/a>\u00a0<\/strong>est une association qui devrait servir de <strong>mod\u00e8le<\/strong> aux soci\u00e9t\u00e9s occidentales. Pr\u00eater <strong>secours et assistance <\/strong>aux plus faibles est avant tout un devoir moral. En Sicile, de par notre position g\u00e9ographique, nous sommes particuli\u00e8rement sensibles \u00e0 la probl\u00e9matique des migrants. En soutenant EMERGENCY, nous souhaitons avant tout dire que nous sommes <strong>de tout c\u0153ur<\/strong> <strong>avec eux<\/strong>.[\/vc_column_text][vc_single_image image=\u00a0\u00bb15082&Prime; img_size=\u00a0\u00bbfull\u00a0\u00bb css=\u00a0\u00bb.vc_custom_1605807622220{padding-bottom: 40px !important;}\u00a0\u00bb][\/vc_column][vc_column width=\u00a0\u00bb1\/6&Prime;][\/vc_column][\/vc_row]\n<\/div>","protected":false},"excerpt":{"rendered":"<p>[vc_row row_type=\u00a0\u00bbrow\u00a0\u00bb text_align=\u00a0\u00bbleft\u00a0\u00bb css_animation=\u00a0\u00bb\u00a0\u00bb][vc_column width=\u00a0\u00bb1\/6&Prime;][\/vc_column][vc_column width=\u00a0\u00bb2\/3&Prime;][vc_column_text css=\u00a0\u00bb.vc_custom_1483958258145{padding-bottom: 10px !important;}\u00a0\u00bb] L\u2019engagement de la Solemar Academy [\/vc_column_text][vc_column_text css=\u00a0\u00bb.vc_custom_1483624007826{padding-bottom: 20px !important;}\u00a0\u00bb]Nous croyons qu&rsquo;une grande \u00e9cole comme la n\u00f4tre a \u00e9galement mandat\u00e9 pour soutenir toute l&rsquo;\u00e9nergie positive d\u00e9pens\u00e9e pour am\u00e9liorer notre pays et notre monde. Sur cette page, nous&#8230;<\/p>\n","protected":false},"author":3,"featured_media":15082,"parent":0,"menu_order":0,"comment_status":"closed","ping_status":"closed","template":"","meta":{"inline_featured_image":false},"yoast_head":"<!-- This site is optimized with the Yoast SEO Premium plugin v19.5 (Yoast SEO v19.11) - https:\/\/yoast.com\/wordpress\/plugins\/seo\/ -->\n<title>Notre Engagement - Apprendre l&#039;italien en Italie &mdash; Solemar Academy<\/title>\n<meta name=\"description\" content=\"Voici quelques-unes des programmes et des organisations dont l\u2019engagement nous tient particuli\u00e8rement \u00e0 c\u0153ur. La Solemar Academy s\u2019engage.\" \/>\n<meta name=\"robots\" content=\"index, follow, max-snippet:-1, max-image-preview:large, max-video-preview:-1\" \/>\n<link rel=\"canonical\" href=\"https:\/\/solemar-academy.com\/fr\/notre-engagement\/\" \/>\n<meta property=\"og:locale\" content=\"fr_FR\" \/>\n<meta property=\"og:type\" content=\"article\" \/>\n<meta property=\"og:title\" content=\"Notre Engagement - Apprendre l&#039;italien en Italie\" \/>\n<meta property=\"og:description\" content=\"Voici quelques-unes des programmes et des organisations dont l\u2019engagement nous tient particuli\u00e8rement \u00e0 c\u0153ur. La Solemar Academy s\u2019engage.\" \/>\n<meta property=\"og:url\" content=\"https:\/\/solemar-academy.com\/fr\/notre-engagement\/\" \/>\n<meta property=\"og:site_name\" content=\"Solemar Academy\" \/>\n<meta property=\"article:modified_time\" content=\"2020-12-22T11:26:09+00:00\" \/>\n<meta property=\"og:image\" content=\"https:\/\/solemar-academy.com\/wp-content\/uploads\/2020\/11\/solemar_emergency-1.jpg\" \/>\n\t<meta property=\"og:image:width\" content=\"800\" \/>\n\t<meta property=\"og:image:height\" content=\"500\" \/>\n\t<meta property=\"og:image:type\" content=\"image\/jpeg\" \/>\n<meta name=\"twitter:card\" content=\"summary_large_image\" \/>\n<meta name=\"twitter:label1\" content=\"Dur\u00e9e de lecture estim\u00e9e\" \/>\n\t<meta name=\"twitter:data1\" content=\"1 minute\" \/>\n<script type=\"application\/ld+json\" class=\"yoast-schema-graph\">{\"@context\":\"https:\/\/schema.org\",\"@graph\":[{\"@type\":\"WebPage\",\"@id\":\"https:\/\/solemar-academy.com\/fr\/notre-engagement\/\",\"url\":\"https:\/\/solemar-academy.com\/fr\/notre-engagement\/\",\"name\":\"Notre Engagement - Apprendre l'italien en Italie &mdash; Solemar Academy\",\"isPartOf\":{\"@id\":\"https:\/\/solemar-academy.com\/#website\"},\"datePublished\":\"2017-01-09T10:42:26+00:00\",\"dateModified\":\"2020-12-22T11:26:09+00:00\",\"description\":\"Voici quelques-unes des programmes et des organisations dont l\u2019engagement nous tient particuli\u00e8rement \u00e0 c\u0153ur. La Solemar Academy s\u2019engage.\",\"breadcrumb\":{\"@id\":\"https:\/\/solemar-academy.com\/fr\/notre-engagement\/#breadcrumb\"},\"inLanguage\":\"fr-FR\",\"potentialAction\":[{\"@type\":\"ReadAction\",\"target\":[\"https:\/\/solemar-academy.com\/fr\/notre-engagement\/\"]}]},{\"@type\":\"BreadcrumbList\",\"@id\":\"https:\/\/solemar-academy.com\/fr\/notre-engagement\/#breadcrumb\",\"itemListElement\":[{\"@type\":\"ListItem\",\"position\":1,\"name\":\"Home\",\"item\":\"https:\/\/solemar-academy.com\/fr\/\"},{\"@type\":\"ListItem\",\"position\":2,\"name\":\"Notre Engagement &#8211; Apprendre l&#8217;italien en Italie\"}]},{\"@type\":\"WebSite\",\"@id\":\"https:\/\/solemar-academy.com\/#website\",\"url\":\"https:\/\/solemar-academy.com\/\",\"name\":\"Solemar Academy\",\"description\":\"Learn Italian in Italy\",\"publisher\":{\"@id\":\"https:\/\/solemar-academy.com\/#organization\"},\"potentialAction\":[{\"@type\":\"SearchAction\",\"target\":{\"@type\":\"EntryPoint\",\"urlTemplate\":\"https:\/\/solemar-academy.com\/?s={search_term_string}\"},\"query-input\":\"required name=search_term_string\"}],\"inLanguage\":\"fr-FR\"},{\"@type\":\"Organization\",\"@id\":\"https:\/\/solemar-academy.com\/#organization\",\"name\":\"Solemar Academy\",\"url\":\"https:\/\/solemar-academy.com\/\",\"logo\":{\"@type\":\"ImageObject\",\"inLanguage\":\"fr-FR\",\"@id\":\"https:\/\/solemar-academy.com\/#\/schema\/logo\/image\/\",\"url\":\"https:\/\/solemar-academy.com\/wp-content\/uploads\/2022\/06\/logo-solemar-academy.png\",\"contentUrl\":\"https:\/\/solemar-academy.com\/wp-content\/uploads\/2022\/06\/logo-solemar-academy.png\",\"width\":32,\"height\":32,\"caption\":\"Solemar Academy\"},\"image\":{\"@id\":\"https:\/\/solemar-academy.com\/#\/schema\/logo\/image\/\"}}]}<\/script>\n<!-- \/ Yoast SEO Premium plugin. -->","yoast_head_json":{"title":"Notre Engagement - Apprendre l'italien en Italie &mdash; Solemar Academy","description":"Voici quelques-unes des programmes et des organisations dont l\u2019engagement nous tient particuli\u00e8rement \u00e0 c\u0153ur. La Solemar Academy s\u2019engage.","robots":{"index":"index","follow":"follow","max-snippet":"max-snippet:-1","max-image-preview":"max-image-preview:large","max-video-preview":"max-video-preview:-1"},"canonical":"https:\/\/solemar-academy.com\/fr\/notre-engagement\/","og_locale":"fr_FR","og_type":"article","og_title":"Notre Engagement - Apprendre l'italien en Italie","og_description":"Voici quelques-unes des programmes et des organisations dont l\u2019engagement nous tient particuli\u00e8rement \u00e0 c\u0153ur. La Solemar Academy s\u2019engage.","og_url":"https:\/\/solemar-academy.com\/fr\/notre-engagement\/","og_site_name":"Solemar Academy","article_modified_time":"2020-12-22T11:26:09+00:00","og_image":[{"width":800,"height":500,"url":"https:\/\/solemar-academy.com\/wp-content\/uploads\/2020\/11\/solemar_emergency-1.jpg","type":"image\/jpeg"}],"twitter_card":"summary_large_image","twitter_misc":{"Dur\u00e9e de lecture estim\u00e9e":"1 minute"},"schema":{"@context":"https:\/\/schema.org","@graph":[{"@type":"WebPage","@id":"https:\/\/solemar-academy.com\/fr\/notre-engagement\/","url":"https:\/\/solemar-academy.com\/fr\/notre-engagement\/","name":"Notre Engagement - Apprendre l'italien en Italie &mdash; Solemar Academy","isPartOf":{"@id":"https:\/\/solemar-academy.com\/#website"},"datePublished":"2017-01-09T10:42:26+00:00","dateModified":"2020-12-22T11:26:09+00:00","description":"Voici quelques-unes des programmes et des organisations dont l\u2019engagement nous tient particuli\u00e8rement \u00e0 c\u0153ur. La Solemar Academy s\u2019engage.","breadcrumb":{"@id":"https:\/\/solemar-academy.com\/fr\/notre-engagement\/#breadcrumb"},"inLanguage":"fr-FR","potentialAction":[{"@type":"ReadAction","target":["https:\/\/solemar-academy.com\/fr\/notre-engagement\/"]}]},{"@type":"BreadcrumbList","@id":"https:\/\/solemar-academy.com\/fr\/notre-engagement\/#breadcrumb","itemListElement":[{"@type":"ListItem","position":1,"name":"Home","item":"https:\/\/solemar-academy.com\/fr\/"},{"@type":"ListItem","position":2,"name":"Notre Engagement &#8211; Apprendre l&#8217;italien en Italie"}]},{"@type":"WebSite","@id":"https:\/\/solemar-academy.com\/#website","url":"https:\/\/solemar-academy.com\/","name":"Solemar Academy","description":"Learn Italian in Italy","publisher":{"@id":"https:\/\/solemar-academy.com\/#organization"},"potentialAction":[{"@type":"SearchAction","target":{"@type":"EntryPoint","urlTemplate":"https:\/\/solemar-academy.com\/?s={search_term_string}"},"query-input":"required name=search_term_string"}],"inLanguage":"fr-FR"},{"@type":"Organization","@id":"https:\/\/solemar-academy.com\/#organization","name":"Solemar Academy","url":"https:\/\/solemar-academy.com\/","logo":{"@type":"ImageObject","inLanguage":"fr-FR","@id":"https:\/\/solemar-academy.com\/#\/schema\/logo\/image\/","url":"https:\/\/solemar-academy.com\/wp-content\/uploads\/2022\/06\/logo-solemar-academy.png","contentUrl":"https:\/\/solemar-academy.com\/wp-content\/uploads\/2022\/06\/logo-solemar-academy.png","width":32,"height":32,"caption":"Solemar Academy"},"image":{"@id":"https:\/\/solemar-academy.com\/#\/schema\/logo\/image\/"}}]}},"_links":{"self":[{"href":"https:\/\/solemar-academy.com\/fr\/wp-json\/wp\/v2\/pages\/5486"}],"collection":[{"href":"https:\/\/solemar-academy.com\/fr\/wp-json\/wp\/v2\/pages"}],"about":[{"href":"https:\/\/solemar-academy.com\/fr\/wp-json\/wp\/v2\/types\/page"}],"author":[{"embeddable":true,"href":"https:\/\/solemar-academy.com\/fr\/wp-json\/wp\/v2\/users\/3"}],"replies":[{"embeddable":true,"href":"https:\/\/solemar-academy.com\/fr\/wp-json\/wp\/v2\/comments?post=5486"}],"version-history":[{"count":0,"href":"https:\/\/solemar-academy.com\/fr\/wp-json\/wp\/v2\/pages\/5486\/revisions"}],"wp:featuredmedia":[{"embeddable":true,"href":"https:\/\/solemar-academy.com\/fr\/wp-json\/wp\/v2\/media\/15082"}],"wp:attachment":[{"href":"https:\/\/solemar-academy.com\/fr\/wp-json\/wp\/v2\/media?parent=5486"}],"curies":[{"name":"wp","href":"https:\/\/api.w.org\/{rel}","templated":true}]}}