{"id":5119,"date":"2016-08-11T14:14:08","date_gmt":"2016-08-11T12:14:08","guid":{"rendered":"http:\/\/solemar-academy.com\/?page_id=5119"},"modified":"2020-09-25T23:35:08","modified_gmt":"2020-09-25T23:35:08","slug":"certifications","status":"publish","type":"page","link":"https:\/\/solemar-academy.com\/fr\/certifications\/","title":{"rendered":"Certifications &#8211; Apprendre l&rsquo;italien en Italie"},"content":{"rendered":"<div class=\"wpb-content-wrapper\">[vc_row row_type=\u00a0\u00bbrow\u00a0\u00bb text_align=\u00a0\u00bbleft\u00a0\u00bb css_animation=\u00a0\u00bb\u00a0\u00bb][vc_column width=\u00a0\u00bb1\/6&Prime;][vc_column_text]\n[\/vc_column_text][\/vc_column][vc_column width=\u00a0\u00bb2\/3&Prime;][vc_column_text]\n<h2>Services<\/h2>\n<p>&nbsp;<\/p>\n<p>Sur cette page, vous pouvez trouver certains de nos services propos\u00e9s par notre \u00e9cole, tels que des certifications, des s\u00e9minaires etc. Si vous avez besoin de renseignements pour un service non sp\u00e9cifi\u00e9 dans cette liste, vous pouvez directement nous \u00e9crire un mail et nous ferons en sorte de pouvoir vous aider et vous renseigner.<\/p>\n[\/vc_column_text][vc_separator type=\u00a0\u00bbnormal\u00a0\u00bb color=\u00a0\u00bb#1e73be\u00a0\u00bb][vc_separator type=\u00a0\u00bbtransparent\u00a0\u00bb thickness=\u00a0\u00bb20&Prime;][vc_column_text]\n<h3>Certification CELI<\/h3>\n<p>&nbsp;<\/p>\n<p>Solemar Academy a \u00e9t\u00e9 accr\u00e9dit\u00e9e aupr\u00e8s de l&rsquo;<strong>Universit\u00e9 pour \u00c9trangers de Perugia<\/strong>\u00a0(Universit\u00e0 per Stranieri di Perugia)<strong>\u00a0<\/strong>et<strong>\u00a0<\/strong>offre\u00a0la possibilit\u00e9 de suivre des cours sp\u00e9cifiques \u00e0 la pr\u00e9paration de l&rsquo;examen de langue italienne <strong><a href=\"http:\/\/solemar-academy.com\/fr\/certification-ditalien-celi\/\">CELI<\/a><\/strong> et de passer l&rsquo;examen aux dates pr\u00e9vues par le CVCL.<\/p>\n<p>&nbsp;<\/p>\n<p>&nbsp;<\/p>\n<h3>Devenir professeur d&rsquo;italien (DILS-PG)<\/h3>\n<p>&nbsp;<\/p>\n<p>Les professeurs d&rsquo;italien pour \u00e9trangers et les aspirants candidats peuvent passer les examens pour les certifications <strong><a href=\"http:\/\/solemar-academy.com\/fr\/devenir-professeur-ditalien\/\">DILS-PG<\/a><\/strong> de niveau I et II d\u00e9livr\u00e9s par l&rsquo;Universit\u00e9 pour \u00c9trangers de Perugia.<\/p>\n<p>&nbsp;<\/p>\n<p>&nbsp;<\/p>\n<h3>Erasmus Plus<\/h3>\n<p>&nbsp;<\/p>\n<p>Nous avons r\u00e9cemment obtenu l&rsquo;accr\u00e9ditation pour le programme europ\u00e9en <strong><a href=\"http:\/\/solemar-academy.com\/fr\/programme-erasmus-plus\/\">Erasmus Plus<\/a><\/strong>\u00a0offrant \u00e0 des \u00e9tudiants et des travailleurs d&rsquo;autres pays la possibilit\u00e9 de suivre nos cours d&rsquo;italien, de participer \u00e0 nos <strong><a href=\"http:\/\/solemar-academy.com\/fr\/notre-seminaire-de-glottodidactique\/\">formations<\/a><\/strong> ou d&rsquo;effectuer un stage au sein de nos bureaux.<\/p>\n[\/vc_column_text][vc_separator type=\u00a0\u00bbnormal\u00a0\u00bb color=\u00a0\u00bb#1e73be\u00a0\u00bb][vc_separator type=\u00a0\u00bbtransparent\u00a0\u00bb thickness=\u00a0\u00bb20&Prime;][\/vc_column][vc_column width=\u00a0\u00bb1\/6&Prime;][vc_column_text]\n[\/vc_column_text][\/vc_column][\/vc_row]\n<\/div>","protected":false},"excerpt":{"rendered":"<p>[vc_row row_type=\u00a0\u00bbrow\u00a0\u00bb text_align=\u00a0\u00bbleft\u00a0\u00bb css_animation=\u00a0\u00bb\u00a0\u00bb][vc_column width=\u00a0\u00bb1\/6&Prime;][vc_column_text] [\/vc_column_text][\/vc_column][vc_column width=\u00a0\u00bb2\/3&Prime;][vc_column_text] Services &nbsp; Sur cette page, vous pouvez trouver certains de nos services propos\u00e9s par notre \u00e9cole, tels que des certifications, des s\u00e9minaires etc. Si vous avez besoin de renseignements pour un service non sp\u00e9cifi\u00e9 dans cette liste, vous&#8230;<\/p>\n","protected":false},"author":3,"featured_media":0,"parent":0,"menu_order":0,"comment_status":"open","ping_status":"open","template":"","meta":{"inline_featured_image":false},"yoast_head":"<!-- This site is optimized with the Yoast SEO Premium plugin v19.5 (Yoast SEO v19.11) - https:\/\/yoast.com\/wordpress\/plugins\/seo\/ -->\n<title>Certifications - Apprendre l&#039;italien en Italie &mdash; Solemar Academy<\/title>\n<meta name=\"description\" content=\"Certifications CELI et DILS-PG, S\u00e9minaires, Erasmus Plus: D\u00e9couvrez plus amplement les services propos\u00e9s par Solemar Academy.\" \/>\n<meta name=\"robots\" content=\"index, follow, max-snippet:-1, max-image-preview:large, max-video-preview:-1\" \/>\n<link rel=\"canonical\" href=\"https:\/\/solemar-academy.com\/fr\/certifications\/\" \/>\n<meta property=\"og:locale\" content=\"fr_FR\" \/>\n<meta property=\"og:type\" content=\"article\" \/>\n<meta property=\"og:title\" content=\"Certifications - Apprendre l&#039;italien en Italie\" \/>\n<meta property=\"og:description\" content=\"Certifications CELI et DILS-PG, S\u00e9minaires, Erasmus Plus: D\u00e9couvrez plus amplement les services propos\u00e9s par Solemar Academy.\" \/>\n<meta property=\"og:url\" content=\"https:\/\/solemar-academy.com\/fr\/certifications\/\" \/>\n<meta property=\"og:site_name\" content=\"Solemar Academy\" \/>\n<meta property=\"article:modified_time\" content=\"2020-09-25T23:35:08+00:00\" \/>\n<meta name=\"twitter:card\" content=\"summary_large_image\" \/>\n<meta name=\"twitter:label1\" content=\"Dur\u00e9e de lecture estim\u00e9e\" \/>\n\t<meta name=\"twitter:data1\" content=\"1 minute\" \/>\n<script type=\"application\/ld+json\" class=\"yoast-schema-graph\">{\"@context\":\"https:\/\/schema.org\",\"@graph\":[{\"@type\":\"WebPage\",\"@id\":\"https:\/\/solemar-academy.com\/fr\/certifications\/\",\"url\":\"https:\/\/solemar-academy.com\/fr\/certifications\/\",\"name\":\"Certifications - Apprendre l'italien en Italie &mdash; Solemar Academy\",\"isPartOf\":{\"@id\":\"https:\/\/solemar-academy.com\/#website\"},\"datePublished\":\"2016-08-11T12:14:08+00:00\",\"dateModified\":\"2020-09-25T23:35:08+00:00\",\"description\":\"Certifications CELI et DILS-PG, S\u00e9minaires, Erasmus Plus: D\u00e9couvrez plus amplement les services propos\u00e9s par Solemar Academy.\",\"breadcrumb\":{\"@id\":\"https:\/\/solemar-academy.com\/fr\/certifications\/#breadcrumb\"},\"inLanguage\":\"fr-FR\",\"potentialAction\":[{\"@type\":\"ReadAction\",\"target\":[\"https:\/\/solemar-academy.com\/fr\/certifications\/\"]}]},{\"@type\":\"BreadcrumbList\",\"@id\":\"https:\/\/solemar-academy.com\/fr\/certifications\/#breadcrumb\",\"itemListElement\":[{\"@type\":\"ListItem\",\"position\":1,\"name\":\"Home\",\"item\":\"https:\/\/solemar-academy.com\/fr\/\"},{\"@type\":\"ListItem\",\"position\":2,\"name\":\"Certifications &#8211; Apprendre l&#8217;italien en Italie\"}]},{\"@type\":\"WebSite\",\"@id\":\"https:\/\/solemar-academy.com\/#website\",\"url\":\"https:\/\/solemar-academy.com\/\",\"name\":\"Solemar Academy\",\"description\":\"Learn Italian in Italy\",\"publisher\":{\"@id\":\"https:\/\/solemar-academy.com\/#organization\"},\"potentialAction\":[{\"@type\":\"SearchAction\",\"target\":{\"@type\":\"EntryPoint\",\"urlTemplate\":\"https:\/\/solemar-academy.com\/?s={search_term_string}\"},\"query-input\":\"required name=search_term_string\"}],\"inLanguage\":\"fr-FR\"},{\"@type\":\"Organization\",\"@id\":\"https:\/\/solemar-academy.com\/#organization\",\"name\":\"Solemar Academy\",\"url\":\"https:\/\/solemar-academy.com\/\",\"logo\":{\"@type\":\"ImageObject\",\"inLanguage\":\"fr-FR\",\"@id\":\"https:\/\/solemar-academy.com\/#\/schema\/logo\/image\/\",\"url\":\"https:\/\/solemar-academy.com\/wp-content\/uploads\/2022\/06\/logo-solemar-academy.png\",\"contentUrl\":\"https:\/\/solemar-academy.com\/wp-content\/uploads\/2022\/06\/logo-solemar-academy.png\",\"width\":32,\"height\":32,\"caption\":\"Solemar Academy\"},\"image\":{\"@id\":\"https:\/\/solemar-academy.com\/#\/schema\/logo\/image\/\"}}]}<\/script>\n<!-- \/ Yoast SEO Premium plugin. -->","yoast_head_json":{"title":"Certifications - Apprendre l'italien en Italie &mdash; Solemar Academy","description":"Certifications CELI et DILS-PG, S\u00e9minaires, Erasmus Plus: D\u00e9couvrez plus amplement les services propos\u00e9s par Solemar Academy.","robots":{"index":"index","follow":"follow","max-snippet":"max-snippet:-1","max-image-preview":"max-image-preview:large","max-video-preview":"max-video-preview:-1"},"canonical":"https:\/\/solemar-academy.com\/fr\/certifications\/","og_locale":"fr_FR","og_type":"article","og_title":"Certifications - Apprendre l'italien en Italie","og_description":"Certifications CELI et DILS-PG, S\u00e9minaires, Erasmus Plus: D\u00e9couvrez plus amplement les services propos\u00e9s par Solemar Academy.","og_url":"https:\/\/solemar-academy.com\/fr\/certifications\/","og_site_name":"Solemar Academy","article_modified_time":"2020-09-25T23:35:08+00:00","twitter_card":"summary_large_image","twitter_misc":{"Dur\u00e9e de lecture estim\u00e9e":"1 minute"},"schema":{"@context":"https:\/\/schema.org","@graph":[{"@type":"WebPage","@id":"https:\/\/solemar-academy.com\/fr\/certifications\/","url":"https:\/\/solemar-academy.com\/fr\/certifications\/","name":"Certifications - Apprendre l'italien en Italie &mdash; Solemar Academy","isPartOf":{"@id":"https:\/\/solemar-academy.com\/#website"},"datePublished":"2016-08-11T12:14:08+00:00","dateModified":"2020-09-25T23:35:08+00:00","description":"Certifications CELI et DILS-PG, S\u00e9minaires, Erasmus Plus: D\u00e9couvrez plus amplement les services propos\u00e9s par Solemar Academy.","breadcrumb":{"@id":"https:\/\/solemar-academy.com\/fr\/certifications\/#breadcrumb"},"inLanguage":"fr-FR","potentialAction":[{"@type":"ReadAction","target":["https:\/\/solemar-academy.com\/fr\/certifications\/"]}]},{"@type":"BreadcrumbList","@id":"https:\/\/solemar-academy.com\/fr\/certifications\/#breadcrumb","itemListElement":[{"@type":"ListItem","position":1,"name":"Home","item":"https:\/\/solemar-academy.com\/fr\/"},{"@type":"ListItem","position":2,"name":"Certifications &#8211; Apprendre l&#8217;italien en Italie"}]},{"@type":"WebSite","@id":"https:\/\/solemar-academy.com\/#website","url":"https:\/\/solemar-academy.com\/","name":"Solemar Academy","description":"Learn Italian in Italy","publisher":{"@id":"https:\/\/solemar-academy.com\/#organization"},"potentialAction":[{"@type":"SearchAction","target":{"@type":"EntryPoint","urlTemplate":"https:\/\/solemar-academy.com\/?s={search_term_string}"},"query-input":"required name=search_term_string"}],"inLanguage":"fr-FR"},{"@type":"Organization","@id":"https:\/\/solemar-academy.com\/#organization","name":"Solemar Academy","url":"https:\/\/solemar-academy.com\/","logo":{"@type":"ImageObject","inLanguage":"fr-FR","@id":"https:\/\/solemar-academy.com\/#\/schema\/logo\/image\/","url":"https:\/\/solemar-academy.com\/wp-content\/uploads\/2022\/06\/logo-solemar-academy.png","contentUrl":"https:\/\/solemar-academy.com\/wp-content\/uploads\/2022\/06\/logo-solemar-academy.png","width":32,"height":32,"caption":"Solemar Academy"},"image":{"@id":"https:\/\/solemar-academy.com\/#\/schema\/logo\/image\/"}}]}},"_links":{"self":[{"href":"https:\/\/solemar-academy.com\/fr\/wp-json\/wp\/v2\/pages\/5119"}],"collection":[{"href":"https:\/\/solemar-academy.com\/fr\/wp-json\/wp\/v2\/pages"}],"about":[{"href":"https:\/\/solemar-academy.com\/fr\/wp-json\/wp\/v2\/types\/page"}],"author":[{"embeddable":true,"href":"https:\/\/solemar-academy.com\/fr\/wp-json\/wp\/v2\/users\/3"}],"replies":[{"embeddable":true,"href":"https:\/\/solemar-academy.com\/fr\/wp-json\/wp\/v2\/comments?post=5119"}],"version-history":[{"count":0,"href":"https:\/\/solemar-academy.com\/fr\/wp-json\/wp\/v2\/pages\/5119\/revisions"}],"wp:attachment":[{"href":"https:\/\/solemar-academy.com\/fr\/wp-json\/wp\/v2\/media?parent=5119"}],"curies":[{"name":"wp","href":"https:\/\/api.w.org\/{rel}","templated":true}]}}