{"id":5087,"date":"2016-08-11T13:35:45","date_gmt":"2016-08-11T11:35:45","guid":{"rendered":"http:\/\/solemar-academy.com\/?page_id=5087"},"modified":"2020-12-16T14:42:30","modified_gmt":"2020-12-16T14:42:30","slug":"programme-erasmus-plus","status":"publish","type":"page","link":"https:\/\/solemar-academy.com\/fr\/programme-erasmus-plus\/","title":{"rendered":"Programme Erasmus Plus &#8211; \u00c9cole d&rsquo;italien en Italie"},"content":{"rendered":"<div class=\"wpb-content-wrapper\">[vc_row row_type=\u00a0\u00bbrow\u00a0\u00bb text_align=\u00a0\u00bbleft\u00a0\u00bb css_animation=\u00a0\u00bb\u00a0\u00bb][vc_column][vc_column_text]\n[\/vc_column_text][\/vc_column][\/vc_row][vc_row row_type=\u00a0\u00bbrow\u00a0\u00bb text_align=\u00a0\u00bbleft\u00a0\u00bb css_animation=\u00a0\u00bb\u00a0\u00bb][vc_column width=\u00a0\u00bb1\/6&Prime;][vc_column_text]\n[\/vc_column_text][\/vc_column][vc_column width=\u00a0\u00bb2\/3&Prime;][vc_column_text]\n<h2>Le programme europ\u00e9en Erasmus Plus<\/h2>\n<p>&nbsp;<\/p>\n<p>&nbsp;<\/p>\n<p>Parmi les nombreux partenariats et accreditations obtenus cette ann\u00e9e, Solemar Academy a r\u00e9cemment acquis le partenariat relatif au nouveau projet europ\u00e9en <span style=\"color: #000000;\"><strong><a style=\"color: #000000;\" href=\"https:\/\/info.erasmusplus.fr\/\">Erasmus Plus<\/a> <\/strong><\/span>pour la mobilit\u00e9 individuelle, de grande importance. C&rsquo;est une acquisition dont nous sommes extr\u00eamement fiers et qui t\u00e9moigne clairement de notre engagement continu au sein de l&rsquo;\u00e9ducation et de la formation.<\/p>\n<p>&nbsp;<\/p>\n<p>&nbsp;<\/p>\n<h3>Qu&rsquo;est-ce que\u00a0<i>Erasmus Plus <\/i>?<\/h3>\n<p>&nbsp;<\/p>\n<p><i>Erasmus Plus<\/i>\u00a0est un programme pour l&rsquo;\u00e9ducation, la formation, la jeunesse et le sport pour la p\u00e9riode 2014-2020. Il remplace diverses programmes qui ont couverts tous les secteurs de l&rsquo;\u00e9ducation jusqu&rsquo;en 2013 (le\u00a0<b>Programme LLP <\/b>pour la formation continue, le <strong>P<\/strong><b>rogramme<\/b>\u00a0<b>Erasmus<\/b> pour l&rsquo;enseignement sup\u00e9rieur, le <strong>P<\/strong><b>rogramme Leonardo da Vinci<\/b> pour l&rsquo;enseignement professionnel; \u00a0le programme\u00a0<b>Comenius<\/b>\u00a0pour l&rsquo;enseignement scolaire, et le programme\u00a0<b>Grundtvig<\/b>\u00a0pour l&rsquo;\u00e9ducation et la formation des adultes).<\/p>\n<p>&nbsp;<\/p>\n<p>&nbsp;<\/p>\n<h3>Les offres d&rsquo;Erasmus Plus<\/h3>\n<p>Erasmus Plus a pour objectif de promouvoir les comp\u00e9tences et l&rsquo;insertion professionnelle, de soutenir la modernisation des politiques d&rsquo;enseignement, de formation et de jeunesse, ainsi que de favoriser de nouveaux partenariats entre les \u00e9tablissements d&rsquo;enseignement et les entreprises.<\/p>\n<p>L&rsquo;action-cl\u00e9 1 (KAI 1) du programme traite de la mobilit\u00e9 individuelle \u00e0 des fins d&rsquo;apprentissage. Elle offre l&rsquo;opportunit\u00e9 aux jeunes de 13 \u00e0 30 ans, quel que que soit leur niveau de dipl\u00f4me ou de formation et aux travailleurs de jeunesse d&rsquo;acqu\u00e9rir de nouvelles comp\u00e9tences professionnelles, dans un pays \u00e9tranger (\u00e9tudes et formation, stages, enseignement et d\u00e9veloppement professionnelle).<\/p>\n<p>&nbsp;<\/p>\n<p>&nbsp;<\/p>\n<h3>Qu&rsquo;est-il possible de faire \u00e0 Solemar ?<\/h3>\n<p>&nbsp;<\/p>\n<ul>\n<li><span style=\"line-height: 1.5;\">Pour les personnes travaillant dans le cadre de la formation et de l&rsquo;instruction, il est possible de suivre un de nos cours d&rsquo;italien.<\/span><\/li>\n<li><span style=\"line-height: 1.5;\">Les <\/span><span style=\"line-height: 1.5;\">\u00e9tudiants<\/span><span style=\"line-height: 1.5;\">\u00a0peuvent choisir d&rsquo;effectuer leur stage professionnel demand\u00e9 par leur universit\u00e9 dans notre \u00e9cole.<\/span><\/li>\n<li><span style=\"line-height: 1.5;\">Les professeurs de langue peuvent choisir de participer \u00e0 un de nos stages de remise \u00e0 niveau ou s&rsquo;entra\u00eener \u00e0 l&rsquo;enseignement en s&rsquo;associant \u00e0 nos professeurs.<\/span><\/li>\n<\/ul>\n<p>&nbsp;<\/p>\n<p>&nbsp;<\/p>\n<h3><span style=\"line-height: 1.5;\">Comment participer ?<\/span><\/h3>\n<p><span style=\"line-height: 1.5;\">Il es important de pr\u00e9ciser que le programme Erasmus Plus\u00a0ne permet pas la distribution individuelle de financements au participant individuel, mais la propose aux organismes qui en font la demande et qui sont actifs dans les domaines de l&rsquo;instruction, du d\u00e9veloppement, de la jeunesse et du sport. <\/span><span style=\"line-height: 1.5;\">De cette mani\u00e8re, l&rsquo;Union Europ\u00e9enne finance des projets auxquels peuvent participer les \u00e9tudiants, les professeurs, les formateurs, les animateurs, les professionnels dans le secteur du sport etc&#8230;<\/span><\/p>\n<p><span style=\"line-height: 1.5;\">Les int\u00e9ress\u00e9s devront donc se tourner vers une \u00e9cole, une universit\u00e9, un organisme ou une association ayant les accreditations pour pr\u00e9senter un projet et b\u00e9n\u00e9ficier d&rsquo;une subvention Erasmus+. Par cet interm\u00e9diaire, ils leur sera possible de participer au programme et de transmettre leur propre candidature \u00e0 l&rsquo;agence national Erasmus+.<\/span><\/p>\n<p>&nbsp;<\/p>\n<p><strong><span style=\"line-height: 1.5;\">Pour faire un cours d&rsquo;italien, une remise \u00e0 niveau ou un stage dans notre \u00e9cole, il est n\u00e9cessaire d&rsquo;indiquer dans votre dossier de candidature notre Organisation ID: E10164313.<\/span><\/strong><\/p>\n<p><span style=\"line-height: 1.5;\">Pour de plus amples informations, il est possible de consulter le site de l&rsquo;UE: <\/span><a href=\"http:\/\/ec.europa.eu\/programmes\/erasmus-plus\/\">http:\/\/ec.europa.eu\/programmes\/erasmus-plus\/<\/a><\/p>\n<p>&nbsp;<\/p>\n<p><strong>Quels pays peuvent participer \u00e0 Erasmus+?<\/strong><\/p>\n<p><span style=\"line-height: 1.5;\">Les \u00c9tat membres de l&rsquo;UE ainsi que les pays candidats en voie d&rsquo;adh\u00e9sion peuvent participer au programme.<br \/>\nVous pouvez obtenir une liste compl\u00e8te sur <span style=\"color: #000000;\"><strong><a style=\"color: #000000;\" href=\"https:\/\/www.erasmusplus.fr\/penelope\/pays.php\">cette page <\/a><\/strong><\/span>du site Erasmus Plus.<\/span>[\/vc_column_text][\/vc_column][vc_column width=\u00a0\u00bb1\/6&Prime;][vc_column_text]\n[\/vc_column_text][\/vc_column][\/vc_row][vc_row row_type=\u00a0\u00bbrow\u00a0\u00bb text_align=\u00a0\u00bbleft\u00a0\u00bb css_animation=\u00a0\u00bb\u00a0\u00bb][vc_column width=\u00a0\u00bb1\/6&Prime;][vc_column_text]\n[\/vc_column_text][\/vc_column][vc_column width=\u00a0\u00bb2\/3&Prime;][vc_separator type=\u00a0\u00bbtransparent\u00a0\u00bb down=\u00a0\u00bb10&Prime; up=\u00a0\u00bb10&Prime;][\/vc_column][vc_column width=\u00a0\u00bb1\/6&Prime;][vc_column_text]\n[\/vc_column_text][\/vc_column][\/vc_row][vc_row row_type=\u00a0\u00bbrow\u00a0\u00bb text_align=\u00a0\u00bbleft\u00a0\u00bb css_animation=\u00a0\u00bb\u00a0\u00bb][vc_column][vc_separator type=\u00a0\u00bbtransparent\u00a0\u00bb down=\u00a0\u00bb10&Prime; up=\u00a0\u00bb10&Prime;][\/vc_column][\/vc_row]\n<\/div>","protected":false},"excerpt":{"rendered":"<p>[vc_row row_type=\u00a0\u00bbrow\u00a0\u00bb text_align=\u00a0\u00bbleft\u00a0\u00bb css_animation=\u00a0\u00bb\u00a0\u00bb][vc_column][vc_column_text] [\/vc_column_text][\/vc_column][\/vc_row][vc_row row_type=\u00a0\u00bbrow\u00a0\u00bb text_align=\u00a0\u00bbleft\u00a0\u00bb css_animation=\u00a0\u00bb\u00a0\u00bb][vc_column width=\u00a0\u00bb1\/6&Prime;][vc_column_text] [\/vc_column_text][\/vc_column][vc_column width=\u00a0\u00bb2\/3&Prime;][vc_column_text] Le programme europ\u00e9en Erasmus Plus &nbsp; &nbsp; Parmi les nombreux partenariats et accreditations obtenus cette ann\u00e9e, Solemar Academy a r\u00e9cemment acquis le partenariat relatif au nouveau projet europ\u00e9en Erasmus Plus pour la mobilit\u00e9 individuelle,&#8230;<\/p>\n","protected":false},"author":3,"featured_media":14461,"parent":0,"menu_order":0,"comment_status":"open","ping_status":"open","template":"","meta":{"inline_featured_image":false},"yoast_head":"<!-- This site is optimized with the Yoast SEO Premium plugin v19.5 (Yoast SEO v19.11) - https:\/\/yoast.com\/wordpress\/plugins\/seo\/ -->\n<title>Programme Erasmus Plus - Solemar Academy<\/title>\n<meta name=\"description\" content=\"Il est possible de participer au programme europ\u00e9en Erasmus Plus \u00e0 notre \u00e9cole de langues Solemar Academy. Demandez votre candidature.\" \/>\n<meta name=\"robots\" content=\"index, follow, max-snippet:-1, max-image-preview:large, max-video-preview:-1\" \/>\n<link rel=\"canonical\" href=\"https:\/\/solemar-academy.com\/fr\/programme-erasmus-plus\/\" \/>\n<meta property=\"og:locale\" content=\"fr_FR\" \/>\n<meta property=\"og:type\" content=\"article\" \/>\n<meta property=\"og:title\" content=\"Programme Erasmus Plus - \u00c9cole d&#039;italien en Italie\" \/>\n<meta property=\"og:description\" content=\"Il est possible de participer au programme europ\u00e9en Erasmus Plus \u00e0 notre \u00e9cole de langues Solemar Academy. Demandez votre candidature.\" \/>\n<meta property=\"og:url\" content=\"https:\/\/solemar-academy.com\/fr\/programme-erasmus-plus\/\" \/>\n<meta property=\"og:site_name\" content=\"Solemar Academy\" \/>\n<meta property=\"article:modified_time\" content=\"2020-12-16T14:42:30+00:00\" \/>\n<meta name=\"twitter:card\" content=\"summary_large_image\" \/>\n<meta name=\"twitter:image\" content=\"https:\/\/solemar-academy.com\/wp-content\/uploads\/layerslider\/HomePage-slider-RU\/learn-italian-in-italy-scaled.jpg\" \/>\n<meta name=\"twitter:label1\" content=\"Dur\u00e9e de lecture estim\u00e9e\" \/>\n\t<meta name=\"twitter:data1\" content=\"3 minutes\" \/>\n<script type=\"application\/ld+json\" class=\"yoast-schema-graph\">{\"@context\":\"https:\/\/schema.org\",\"@graph\":[{\"@type\":\"WebPage\",\"@id\":\"https:\/\/solemar-academy.com\/fr\/programme-erasmus-plus\/\",\"url\":\"https:\/\/solemar-academy.com\/fr\/programme-erasmus-plus\/\",\"name\":\"Programme Erasmus Plus - Solemar Academy\",\"isPartOf\":{\"@id\":\"https:\/\/solemar-academy.com\/#website\"},\"datePublished\":\"2016-08-11T11:35:45+00:00\",\"dateModified\":\"2020-12-16T14:42:30+00:00\",\"description\":\"Il est possible de participer au programme europ\u00e9en Erasmus Plus \u00e0 notre \u00e9cole de langues Solemar Academy. Demandez votre candidature.\",\"breadcrumb\":{\"@id\":\"https:\/\/solemar-academy.com\/fr\/programme-erasmus-plus\/#breadcrumb\"},\"inLanguage\":\"fr-FR\",\"potentialAction\":[{\"@type\":\"ReadAction\",\"target\":[\"https:\/\/solemar-academy.com\/fr\/programme-erasmus-plus\/\"]}]},{\"@type\":\"BreadcrumbList\",\"@id\":\"https:\/\/solemar-academy.com\/fr\/programme-erasmus-plus\/#breadcrumb\",\"itemListElement\":[{\"@type\":\"ListItem\",\"position\":1,\"name\":\"Home\",\"item\":\"https:\/\/solemar-academy.com\/fr\/\"},{\"@type\":\"ListItem\",\"position\":2,\"name\":\"Programme Erasmus Plus &#8211; \u00c9cole d&#8217;italien en Italie\"}]},{\"@type\":\"WebSite\",\"@id\":\"https:\/\/solemar-academy.com\/#website\",\"url\":\"https:\/\/solemar-academy.com\/\",\"name\":\"Solemar Academy\",\"description\":\"Learn Italian in Italy\",\"publisher\":{\"@id\":\"https:\/\/solemar-academy.com\/#organization\"},\"potentialAction\":[{\"@type\":\"SearchAction\",\"target\":{\"@type\":\"EntryPoint\",\"urlTemplate\":\"https:\/\/solemar-academy.com\/?s={search_term_string}\"},\"query-input\":\"required name=search_term_string\"}],\"inLanguage\":\"fr-FR\"},{\"@type\":\"Organization\",\"@id\":\"https:\/\/solemar-academy.com\/#organization\",\"name\":\"Solemar Academy\",\"url\":\"https:\/\/solemar-academy.com\/\",\"logo\":{\"@type\":\"ImageObject\",\"inLanguage\":\"fr-FR\",\"@id\":\"https:\/\/solemar-academy.com\/#\/schema\/logo\/image\/\",\"url\":\"https:\/\/solemar-academy.com\/wp-content\/uploads\/2022\/06\/logo-solemar-academy.png\",\"contentUrl\":\"https:\/\/solemar-academy.com\/wp-content\/uploads\/2022\/06\/logo-solemar-academy.png\",\"width\":32,\"height\":32,\"caption\":\"Solemar Academy\"},\"image\":{\"@id\":\"https:\/\/solemar-academy.com\/#\/schema\/logo\/image\/\"}}]}<\/script>\n<!-- \/ Yoast SEO Premium plugin. -->","yoast_head_json":{"title":"Programme Erasmus Plus - Solemar Academy","description":"Il est possible de participer au programme europ\u00e9en Erasmus Plus \u00e0 notre \u00e9cole de langues Solemar Academy. Demandez votre candidature.","robots":{"index":"index","follow":"follow","max-snippet":"max-snippet:-1","max-image-preview":"max-image-preview:large","max-video-preview":"max-video-preview:-1"},"canonical":"https:\/\/solemar-academy.com\/fr\/programme-erasmus-plus\/","og_locale":"fr_FR","og_type":"article","og_title":"Programme Erasmus Plus - \u00c9cole d'italien en Italie","og_description":"Il est possible de participer au programme europ\u00e9en Erasmus Plus \u00e0 notre \u00e9cole de langues Solemar Academy. Demandez votre candidature.","og_url":"https:\/\/solemar-academy.com\/fr\/programme-erasmus-plus\/","og_site_name":"Solemar Academy","article_modified_time":"2020-12-16T14:42:30+00:00","twitter_card":"summary_large_image","twitter_image":"https:\/\/solemar-academy.com\/wp-content\/uploads\/layerslider\/HomePage-slider-RU\/learn-italian-in-italy-scaled.jpg","twitter_misc":{"Dur\u00e9e de lecture estim\u00e9e":"3 minutes"},"schema":{"@context":"https:\/\/schema.org","@graph":[{"@type":"WebPage","@id":"https:\/\/solemar-academy.com\/fr\/programme-erasmus-plus\/","url":"https:\/\/solemar-academy.com\/fr\/programme-erasmus-plus\/","name":"Programme Erasmus Plus - Solemar Academy","isPartOf":{"@id":"https:\/\/solemar-academy.com\/#website"},"datePublished":"2016-08-11T11:35:45+00:00","dateModified":"2020-12-16T14:42:30+00:00","description":"Il est possible de participer au programme europ\u00e9en Erasmus Plus \u00e0 notre \u00e9cole de langues Solemar Academy. Demandez votre candidature.","breadcrumb":{"@id":"https:\/\/solemar-academy.com\/fr\/programme-erasmus-plus\/#breadcrumb"},"inLanguage":"fr-FR","potentialAction":[{"@type":"ReadAction","target":["https:\/\/solemar-academy.com\/fr\/programme-erasmus-plus\/"]}]},{"@type":"BreadcrumbList","@id":"https:\/\/solemar-academy.com\/fr\/programme-erasmus-plus\/#breadcrumb","itemListElement":[{"@type":"ListItem","position":1,"name":"Home","item":"https:\/\/solemar-academy.com\/fr\/"},{"@type":"ListItem","position":2,"name":"Programme Erasmus Plus &#8211; \u00c9cole d&#8217;italien en Italie"}]},{"@type":"WebSite","@id":"https:\/\/solemar-academy.com\/#website","url":"https:\/\/solemar-academy.com\/","name":"Solemar Academy","description":"Learn Italian in Italy","publisher":{"@id":"https:\/\/solemar-academy.com\/#organization"},"potentialAction":[{"@type":"SearchAction","target":{"@type":"EntryPoint","urlTemplate":"https:\/\/solemar-academy.com\/?s={search_term_string}"},"query-input":"required name=search_term_string"}],"inLanguage":"fr-FR"},{"@type":"Organization","@id":"https:\/\/solemar-academy.com\/#organization","name":"Solemar Academy","url":"https:\/\/solemar-academy.com\/","logo":{"@type":"ImageObject","inLanguage":"fr-FR","@id":"https:\/\/solemar-academy.com\/#\/schema\/logo\/image\/","url":"https:\/\/solemar-academy.com\/wp-content\/uploads\/2022\/06\/logo-solemar-academy.png","contentUrl":"https:\/\/solemar-academy.com\/wp-content\/uploads\/2022\/06\/logo-solemar-academy.png","width":32,"height":32,"caption":"Solemar Academy"},"image":{"@id":"https:\/\/solemar-academy.com\/#\/schema\/logo\/image\/"}}]}},"_links":{"self":[{"href":"https:\/\/solemar-academy.com\/fr\/wp-json\/wp\/v2\/pages\/5087"}],"collection":[{"href":"https:\/\/solemar-academy.com\/fr\/wp-json\/wp\/v2\/pages"}],"about":[{"href":"https:\/\/solemar-academy.com\/fr\/wp-json\/wp\/v2\/types\/page"}],"author":[{"embeddable":true,"href":"https:\/\/solemar-academy.com\/fr\/wp-json\/wp\/v2\/users\/3"}],"replies":[{"embeddable":true,"href":"https:\/\/solemar-academy.com\/fr\/wp-json\/wp\/v2\/comments?post=5087"}],"version-history":[{"count":0,"href":"https:\/\/solemar-academy.com\/fr\/wp-json\/wp\/v2\/pages\/5087\/revisions"}],"wp:featuredmedia":[{"embeddable":true,"href":"https:\/\/solemar-academy.com\/fr\/wp-json\/wp\/v2\/media\/14461"}],"wp:attachment":[{"href":"https:\/\/solemar-academy.com\/fr\/wp-json\/wp\/v2\/media?parent=5087"}],"curies":[{"name":"wp","href":"https:\/\/api.w.org\/{rel}","templated":true}]}}