{"id":3972,"date":"2016-01-11T15:30:53","date_gmt":"2016-01-11T14:30:53","guid":{"rendered":"http:\/\/solemar-academy.com\/?page_id=3972"},"modified":"2026-01-28T11:32:56","modified_gmt":"2026-01-28T11:32:56","slug":"nous-rejoindre","status":"publish","type":"page","link":"https:\/\/solemar-academy.com\/fr\/nous-rejoindre\/","title":{"rendered":"Nous Rejoindre &#8211; \u00c9cole d&rsquo;italien en Italie"},"content":{"rendered":"<div class=\"wpb-content-wrapper\">[vc_row row_type=\u00a0\u00bbrow\u00a0\u00bb text_align=\u00a0\u00bbleft\u00a0\u00bb css_animation=\u00a0\u00bb\u00a0\u00bb][vc_column width=\u00a0\u00bb1\/6&Prime;][vc_column_text]\n[\/vc_column_text][\/vc_column][vc_column width=\u00a0\u00bb2\/3&Prime;][vc_column_text]\n<h2 style=\"text-align: center;\">Rejoindre notre \u00e9quipe<\/h2>\n<p style=\"text-align: center;\">Pour toute demande d\u2019informations ou pour nous transmettre votre candidature, \u00e9crivez-nous \u00e0 l\u2019adresse suivante\u00a0:<\/p>\n<p style=\"text-align: center;\"><strong><a href=\"mailto:info@solemar-academy.com\">info@solemar-academy.com<\/a><\/strong><\/p>\n<p style=\"text-align: center;\"><strong>Curriculum Vitae avec photo<\/strong><\/p>\n<p style=\"text-align: center;\"><strong>Lettre de motivation<\/strong><\/p>\n<p style=\"text-align: center;\"><strong>Dipl\u00f4me ainsi que tout autre document pertinent<\/strong><\/p>\n[\/vc_column_text][\/vc_column][vc_column width=\u00a0\u00bb1\/6&Prime;][vc_column_text]\n[\/vc_column_text][\/vc_column][\/vc_row][vc_row row_type=\u00a0\u00bbrow\u00a0\u00bb text_align=\u00a0\u00bbleft\u00a0\u00bb css_animation=\u00a0\u00bb\u00a0\u00bb][vc_column][vc_separator type=\u00a0\u00bbtransparent\u00a0\u00bb thickness=\u00a0\u00bb10&Prime;][\/vc_column][\/vc_row]\n<\/div>","protected":false},"excerpt":{"rendered":"<p>[vc_row row_type=\u00a0\u00bbrow\u00a0\u00bb text_align=\u00a0\u00bbleft\u00a0\u00bb css_animation=\u00a0\u00bb\u00a0\u00bb][vc_column width=\u00a0\u00bb1\/6&Prime;][vc_column_text] [\/vc_column_text][\/vc_column][vc_column width=\u00a0\u00bb2\/3&Prime;][vc_column_text] Rejoindre notre \u00e9quipe Pour toute demande d\u2019informations ou pour nous transmettre votre candidature, \u00e9crivez-nous \u00e0 l\u2019adresse suivante\u00a0: info@solemar-academy.com Curriculum Vitae avec photo Lettre de motivation Dipl\u00f4me ainsi que tout autre document pertinent [\/vc_column_text][\/vc_column][vc_column width=\u00a0\u00bb1\/6&Prime;][vc_column_text] [\/vc_column_text][\/vc_column][\/vc_row][vc_row row_type=\u00a0\u00bbrow\u00a0\u00bb text_align=\u00a0\u00bbleft\u00a0\u00bb css_animation=\u00a0\u00bb\u00a0\u00bb][vc_column][vc_separator&#8230;<\/p>\n","protected":false},"author":3,"featured_media":15462,"parent":0,"menu_order":0,"comment_status":"closed","ping_status":"closed","template":"","meta":{"inline_featured_image":false},"yoast_head":"<!-- This site is optimized with the Yoast SEO Premium plugin v19.5 (Yoast SEO v19.11) - https:\/\/yoast.com\/wordpress\/plugins\/seo\/ -->\n<title>Nous Rejoindre - \u00c9cole d&#039;italien en Italie &mdash; Solemar Academy<\/title>\n<meta name=\"description\" content=\"Tu cherches \u00e0 rejoindre un environnement de travail jeune, stimulant et cr\u00e9atif? Envoie-nous ta candidature!\u00a0\" \/>\n<meta name=\"robots\" content=\"index, follow, max-snippet:-1, max-image-preview:large, max-video-preview:-1\" \/>\n<link rel=\"canonical\" href=\"https:\/\/solemar-academy.com\/fr\/nous-rejoindre\/\" \/>\n<meta property=\"og:locale\" content=\"fr_FR\" \/>\n<meta property=\"og:type\" content=\"article\" \/>\n<meta property=\"og:title\" content=\"Nous Rejoindre - \u00c9cole d&#039;italien en Italie\" \/>\n<meta property=\"og:description\" content=\"Tu cherches \u00e0 rejoindre un environnement de travail jeune, stimulant et cr\u00e9atif? Envoie-nous ta candidature!\" \/>\n<meta property=\"og:url\" content=\"https:\/\/solemar-academy.com\/fr\/nous-rejoindre\/\" \/>\n<meta property=\"og:site_name\" content=\"Solemar Academy\" \/>\n<meta property=\"article:modified_time\" content=\"2026-01-28T11:32:56+00:00\" \/>\n<meta name=\"twitter:card\" content=\"summary_large_image\" \/>\n<meta name=\"twitter:image\" content=\"https:\/\/solemar-academy.com\/wp-content\/uploads\/2020\/12\/Davide-Belloni-1024x485-1.jpg\" \/>\n<meta name=\"twitter:label1\" content=\"Dur\u00e9e de lecture estim\u00e9e\" \/>\n\t<meta name=\"twitter:data1\" content=\"1 minute\" \/>\n<script type=\"application\/ld+json\" class=\"yoast-schema-graph\">{\"@context\":\"https:\/\/schema.org\",\"@graph\":[{\"@type\":\"WebPage\",\"@id\":\"https:\/\/solemar-academy.com\/fr\/nous-rejoindre\/\",\"url\":\"https:\/\/solemar-academy.com\/fr\/nous-rejoindre\/\",\"name\":\"Nous Rejoindre - \u00c9cole d'italien en Italie &mdash; Solemar Academy\",\"isPartOf\":{\"@id\":\"https:\/\/solemar-academy.com\/#website\"},\"datePublished\":\"2016-01-11T14:30:53+00:00\",\"dateModified\":\"2026-01-28T11:32:56+00:00\",\"description\":\"Tu cherches \u00e0 rejoindre un environnement de travail jeune, stimulant et cr\u00e9atif? Envoie-nous ta candidature!\u00a0\",\"breadcrumb\":{\"@id\":\"https:\/\/solemar-academy.com\/fr\/nous-rejoindre\/#breadcrumb\"},\"inLanguage\":\"fr-FR\",\"potentialAction\":[{\"@type\":\"ReadAction\",\"target\":[\"https:\/\/solemar-academy.com\/fr\/nous-rejoindre\/\"]}]},{\"@type\":\"BreadcrumbList\",\"@id\":\"https:\/\/solemar-academy.com\/fr\/nous-rejoindre\/#breadcrumb\",\"itemListElement\":[{\"@type\":\"ListItem\",\"position\":1,\"name\":\"Home\",\"item\":\"https:\/\/solemar-academy.com\/fr\/\"},{\"@type\":\"ListItem\",\"position\":2,\"name\":\"Nous Rejoindre &#8211; \u00c9cole d&#8217;italien en Italie\"}]},{\"@type\":\"WebSite\",\"@id\":\"https:\/\/solemar-academy.com\/#website\",\"url\":\"https:\/\/solemar-academy.com\/\",\"name\":\"Solemar Academy\",\"description\":\"Learn Italian in Italy\",\"publisher\":{\"@id\":\"https:\/\/solemar-academy.com\/#organization\"},\"potentialAction\":[{\"@type\":\"SearchAction\",\"target\":{\"@type\":\"EntryPoint\",\"urlTemplate\":\"https:\/\/solemar-academy.com\/?s={search_term_string}\"},\"query-input\":\"required name=search_term_string\"}],\"inLanguage\":\"fr-FR\"},{\"@type\":\"Organization\",\"@id\":\"https:\/\/solemar-academy.com\/#organization\",\"name\":\"Solemar Academy\",\"url\":\"https:\/\/solemar-academy.com\/\",\"logo\":{\"@type\":\"ImageObject\",\"inLanguage\":\"fr-FR\",\"@id\":\"https:\/\/solemar-academy.com\/#\/schema\/logo\/image\/\",\"url\":\"https:\/\/solemar-academy.com\/wp-content\/uploads\/2022\/06\/logo-solemar-academy.png\",\"contentUrl\":\"https:\/\/solemar-academy.com\/wp-content\/uploads\/2022\/06\/logo-solemar-academy.png\",\"width\":32,\"height\":32,\"caption\":\"Solemar Academy\"},\"image\":{\"@id\":\"https:\/\/solemar-academy.com\/#\/schema\/logo\/image\/\"}}]}<\/script>\n<!-- \/ Yoast SEO Premium plugin. -->","yoast_head_json":{"title":"Nous Rejoindre - \u00c9cole d'italien en Italie &mdash; Solemar Academy","description":"Tu cherches \u00e0 rejoindre un environnement de travail jeune, stimulant et cr\u00e9atif? Envoie-nous ta candidature!\u00a0","robots":{"index":"index","follow":"follow","max-snippet":"max-snippet:-1","max-image-preview":"max-image-preview:large","max-video-preview":"max-video-preview:-1"},"canonical":"https:\/\/solemar-academy.com\/fr\/nous-rejoindre\/","og_locale":"fr_FR","og_type":"article","og_title":"Nous Rejoindre - \u00c9cole d'italien en Italie","og_description":"Tu cherches \u00e0 rejoindre un environnement de travail jeune, stimulant et cr\u00e9atif? Envoie-nous ta candidature!","og_url":"https:\/\/solemar-academy.com\/fr\/nous-rejoindre\/","og_site_name":"Solemar Academy","article_modified_time":"2026-01-28T11:32:56+00:00","twitter_card":"summary_large_image","twitter_image":"https:\/\/solemar-academy.com\/wp-content\/uploads\/2020\/12\/Davide-Belloni-1024x485-1.jpg","twitter_misc":{"Dur\u00e9e de lecture estim\u00e9e":"1 minute"},"schema":{"@context":"https:\/\/schema.org","@graph":[{"@type":"WebPage","@id":"https:\/\/solemar-academy.com\/fr\/nous-rejoindre\/","url":"https:\/\/solemar-academy.com\/fr\/nous-rejoindre\/","name":"Nous Rejoindre - \u00c9cole d'italien en Italie &mdash; Solemar Academy","isPartOf":{"@id":"https:\/\/solemar-academy.com\/#website"},"datePublished":"2016-01-11T14:30:53+00:00","dateModified":"2026-01-28T11:32:56+00:00","description":"Tu cherches \u00e0 rejoindre un environnement de travail jeune, stimulant et cr\u00e9atif? Envoie-nous ta candidature!\u00a0","breadcrumb":{"@id":"https:\/\/solemar-academy.com\/fr\/nous-rejoindre\/#breadcrumb"},"inLanguage":"fr-FR","potentialAction":[{"@type":"ReadAction","target":["https:\/\/solemar-academy.com\/fr\/nous-rejoindre\/"]}]},{"@type":"BreadcrumbList","@id":"https:\/\/solemar-academy.com\/fr\/nous-rejoindre\/#breadcrumb","itemListElement":[{"@type":"ListItem","position":1,"name":"Home","item":"https:\/\/solemar-academy.com\/fr\/"},{"@type":"ListItem","position":2,"name":"Nous Rejoindre &#8211; \u00c9cole d&#8217;italien en Italie"}]},{"@type":"WebSite","@id":"https:\/\/solemar-academy.com\/#website","url":"https:\/\/solemar-academy.com\/","name":"Solemar Academy","description":"Learn Italian in Italy","publisher":{"@id":"https:\/\/solemar-academy.com\/#organization"},"potentialAction":[{"@type":"SearchAction","target":{"@type":"EntryPoint","urlTemplate":"https:\/\/solemar-academy.com\/?s={search_term_string}"},"query-input":"required name=search_term_string"}],"inLanguage":"fr-FR"},{"@type":"Organization","@id":"https:\/\/solemar-academy.com\/#organization","name":"Solemar Academy","url":"https:\/\/solemar-academy.com\/","logo":{"@type":"ImageObject","inLanguage":"fr-FR","@id":"https:\/\/solemar-academy.com\/#\/schema\/logo\/image\/","url":"https:\/\/solemar-academy.com\/wp-content\/uploads\/2022\/06\/logo-solemar-academy.png","contentUrl":"https:\/\/solemar-academy.com\/wp-content\/uploads\/2022\/06\/logo-solemar-academy.png","width":32,"height":32,"caption":"Solemar Academy"},"image":{"@id":"https:\/\/solemar-academy.com\/#\/schema\/logo\/image\/"}}]}},"_links":{"self":[{"href":"https:\/\/solemar-academy.com\/fr\/wp-json\/wp\/v2\/pages\/3972"}],"collection":[{"href":"https:\/\/solemar-academy.com\/fr\/wp-json\/wp\/v2\/pages"}],"about":[{"href":"https:\/\/solemar-academy.com\/fr\/wp-json\/wp\/v2\/types\/page"}],"author":[{"embeddable":true,"href":"https:\/\/solemar-academy.com\/fr\/wp-json\/wp\/v2\/users\/3"}],"replies":[{"embeddable":true,"href":"https:\/\/solemar-academy.com\/fr\/wp-json\/wp\/v2\/comments?post=3972"}],"version-history":[{"count":1,"href":"https:\/\/solemar-academy.com\/fr\/wp-json\/wp\/v2\/pages\/3972\/revisions"}],"predecessor-version":[{"id":21123,"href":"https:\/\/solemar-academy.com\/fr\/wp-json\/wp\/v2\/pages\/3972\/revisions\/21123"}],"wp:featuredmedia":[{"embeddable":true,"href":"https:\/\/solemar-academy.com\/fr\/wp-json\/wp\/v2\/media\/15462"}],"wp:attachment":[{"href":"https:\/\/solemar-academy.com\/fr\/wp-json\/wp\/v2\/media?parent=3972"}],"curies":[{"name":"wp","href":"https:\/\/api.w.org\/{rel}","templated":true}]}}