{"id":3701,"date":"2015-10-06T15:38:55","date_gmt":"2015-10-06T13:38:55","guid":{"rendered":"http:\/\/solemar-academy.com\/?page_id=3701"},"modified":"2023-06-15T09:11:57","modified_gmt":"2023-06-15T09:11:57","slug":"equipe","status":"publish","type":"page","link":"https:\/\/solemar-academy.com\/fr\/equipe\/","title":{"rendered":"L\u2019\u00e9quipe &#8211; \u00c9cole d&rsquo;italien en Italie"},"content":{"rendered":"<div class=\"wpb-content-wrapper\">[vc_row row_type=\u00a0\u00bbrow\u00a0\u00bb text_align=\u00a0\u00bbleft\u00a0\u00bb css_animation=\u00a0\u00bb\u00a0\u00bb][vc_column][vc_separator type=\u00a0\u00bbtransparent\u00a0\u00bb down=\u00a0\u00bb8&Prime; up=\u00a0\u00bb8&Prime;][vc_column_text]\n<h2>Equipe :\u00a0&#8211; Histoire, origines et\u00a0comp\u00e9tences<\/h2>\n[\/vc_column_text][vc_separator type=\u00a0\u00bbtransparent\u00a0\u00bb thickness=\u00a0\u00bb10&Prime;][\/vc_column][\/vc_row][vc_row row_type=\u00a0\u00bbrow\u00a0\u00bb text_align=\u00a0\u00bbleft\u00a0\u00bb css_animation=\u00a0\u00bb\u00a0\u00bb][vc_column width=\u00a0\u00bb1\/6&Prime;][\/vc_column][vc_column width=\u00a0\u00bb1\/3&Prime;][vc_single_image image=\u00a0\u00bb15066&Prime; alignment=\u00a0\u00bbcenter\u00a0\u00bb css=\u00a0\u00bb.vc_custom_1605807027961{margin-bottom: 20px !important;}\u00a0\u00bb][vc_column_text css=\u00a0\u00bb.vc_custom_1583344940571{margin-bottom: 20px !important;}\u00a0\u00bb]\n<h3>VALERIO GRUESSNER<\/h3>\n<p>&#8211; directeur -[\/vc_column_text][vc_column_text]\n<p>J\u2019ai toujours \u00e9t\u00e9 fascin\u00e9 par <strong>Peter Pan<\/strong> et le pays imaginaire. C\u2019est s\u00fbrement du au fait que je suis n\u00e9 dans une famille <strong>bilingue<\/strong> (mon p\u00e8re est allemand, ma m\u00e8re italienne). Au cours de mes \u00e9tudes universitaires j\u2019ai v\u00e9cu et visit\u00e9 beaucoup d\u2019endroits diff\u00e9rents. J\u2019ai trouv\u00e9 des foyers \u00e0 <strong>Bologne<\/strong>, <strong>Berlin<\/strong> et <strong>Sydney<\/strong> et les voyages m\u2019ont permis de comprendre que la langue est indispensable pour entrer en contact avec un pays et une culture \u00e9trang\u00e8re. Pour cette raison, je sais que la Solemar Academy apporte une v\u00e9ritable valeur ajout\u00e9e \u00e0 l\u2019exp\u00e9rience des \u00e9tudiants. C\u2019est une \u00e9cole <strong>jeune<\/strong>, <strong>curieuse<\/strong> et <strong>ouverte<\/strong>. Un peu comme la <strong>Sicile<\/strong>&#8230;ou comme le pays imaginaire!<\/p>\n[\/vc_column_text][vc_separator type=\u00a0\u00bbtransparent\u00a0\u00bb down=\u00a0\u00bb8&Prime; up=\u00a0\u00bb7&Prime;]<span class='social_icon_holder'><a href='https:\/\/www.facebook.com\/valerio.gruessner?fref=ts' target='_blank'><span class='icon-stack icon-2x'><i class='icon-circle icon-stack-base'><\/i><i class='icon-facebook' style='color: #000000;'><\/i><\/span><\/a><\/span><span class='social_icon_holder'><a href='https:\/\/www.linkedin.com\/in\/valerio-gruessner\/' target='_blank'><span class='icon-stack icon-2x'><i class='icon-circle icon-stack-base'><\/i><i class='icon-linkedin' style='color: #000000;'><\/i><\/span><\/a><\/span>[\/vc_column][vc_column width=\u00a0\u00bb1\/3&Prime;][vc_single_image image=\u00a0\u00bb15051&Prime; alignment=\u00a0\u00bbcenter\u00a0\u00bb css=\u00a0\u00bb.vc_custom_1605807061116{margin-bottom: 20px !important;}\u00a0\u00bb][vc_column_text css=\u00a0\u00bb.vc_custom_1583346638280{margin-bottom: 20px !important;}\u00a0\u00bb]\n<h3>GIUSEPPE ZAFFIRO<\/h3>\n<p>&#8211; directeur des cours et tuteur -[\/vc_column_text][vc_separator type=\u00a0\u00bbtransparent\u00a0\u00bb down=\u00a0\u00bb8&Prime; up=\u00a0\u00bb7&Prime;][vc_column_text]Grandir dans ce pays unique m&rsquo;a appris la beaut\u00e9 et l&rsquo;importance de <strong>traiter avec des cultures diff\u00e9rentes<\/strong>. C&rsquo;est pourquoi j&rsquo;estime que l&rsquo;enseignement de l&rsquo;italien \u00e0 des \u00e9tudiants \u00e9trangers est une excellente occasion d&rsquo;apprendre chaque jour quelque chose de nouveau. La <strong>litt\u00e9rature<\/strong>, le <strong>cin\u00e9ma<\/strong> et la <strong>musique<\/strong> sont mes grandes passions. C&rsquo;est pourquoi mes cours ne manquent jamais de chansons, de lectures et de r\u00e9f\u00e9rences aux films qui ont fait la gloire de la Sicile et de l&rsquo;Italie dans le monde. Lorsque vous viendrez me rendre visite, recommandez-moi un livre ou un artiste que vous aimez tant et vous me ferez plaisir ![\/vc_column_text][\/vc_column][vc_column width=\u00a0\u00bb1\/6&Prime;][\/vc_column][\/vc_row][vc_row row_type=\u00a0\u00bbrow\u00a0\u00bb text_align=\u00a0\u00bbleft\u00a0\u00bb css_animation=\u00a0\u00bb\u00a0\u00bb][vc_column width=\u00a0\u00bb1\/6&Prime;][\/vc_column][vc_column width=\u00a0\u00bb1\/3&Prime;][vc_single_image image=\u00a0\u00bb15056&Prime; alignment=\u00a0\u00bbcenter\u00a0\u00bb css=\u00a0\u00bb.vc_custom_1605807103422{margin-bottom: 20px !important;}\u00a0\u00bb][vc_column_text css=\u00a0\u00bb.vc_custom_1583346230996{margin-bottom: 20px !important;}\u00a0\u00bb]\n<h3>MARCO IACONO<\/h3>\n<p>&#8211; enseignante -[\/vc_column_text][vc_column_text]\n<p class=\"p1\">Je suis n\u00e9 et j\u2019ai grandi entre Cefal\u00f9 et Palerme, o\u00f9 j\u2019ai obtenu une licence en <strong>Sciences et Technologies du Spectacle<\/strong>. J\u2019ai toujours cultiv\u00e9 mes passions principales \u2013 le <strong>cin\u00e9ma, la musique et la litt\u00e9rature<\/strong>. Depuis que j\u2019enseigne \u00e0 la Solemar, j\u2019ai compris que l\u2019enseignement de l\u2019italien \u00e0 des \u00e9trangers est une exp\u00e9rience tr\u00e8s enrichissante, aussi bien d\u2019un point de vue culturel que d\u2019un point de vue humain. Cela ne se limite pas \u00e0 une simple explication des r\u00e8gles grammaticales et syntaxiques, mais cela peut se r\u00e9v\u00e9ler un moyen unique d\u2019apprendre un point de vue nouveau sur les choses\u00a0: ce qu\u2019on peut appeler un <b>\u00ab\u00a0\u00e9tat d\u2019esprit\u00a0\u00bb<\/b>.<\/p>\n[\/vc_column_text]<span class='social_icon_holder'><a href='https:\/\/www.facebook.com\/marco.w.iacono' target='_blank'><span class='icon-stack icon-2x'><i class='icon-circle icon-stack-base'><\/i><i class='icon-facebook' style='color: #000000;'><\/i><\/span><\/a><\/span><span class='social_icon_holder'><a href='https:\/\/www.instagram.com\/instawolf_83\/?hl=it' target='_blank'><span class='icon-stack icon-2x'><i class='icon-circle icon-stack-base'><\/i><i class='icon-instagram' style='color: #000000;'><\/i><\/span><\/a><\/span>[vc_separator type=\u00a0\u00bbtransparent\u00a0\u00bb down=\u00a0\u00bb8&Prime; up=\u00a0\u00bb7&Prime;][\/vc_column][vc_column width=\u00a0\u00bb1\/3&Prime;][vc_single_image image=\u00a0\u00bb15061&Prime; alignment=\u00a0\u00bbcenter\u00a0\u00bb css=\u00a0\u00bb.vc_custom_1605807094216{margin-bottom: 20px !important;}\u00a0\u00bb][vc_column_text css=\u00a0\u00bb.vc_custom_1583346647020{margin-bottom: 20px !important;}\u00a0\u00bb]\n<h3>SIMONA FEDERICO<\/h3>\n<p>&#8211; enseignante -[\/vc_column_text][vc_separator type=\u00a0\u00bbtransparent\u00a0\u00bb down=\u00a0\u00bb8&Prime; up=\u00a0\u00bb7&Prime;][vc_column_text]Je suis n\u00e9e et j&rsquo;ai grandi \u00e0 Palerme o\u00f9 j&rsquo;ai obtenu un dipl\u00f4me en langues modernes pour le web. J&rsquo;ai toujours eu de nombreuses passions : la lecture, la <strong>cuisine<\/strong> (j&rsquo;adore cuisiner mais j&rsquo;ai toujours \u00e9t\u00e9 une bonne mangeuse aussi !), les voyages. En 2008, au cours d&rsquo;un des nombreux <strong>projets europ\u00e9ens<\/strong> auxquels j&rsquo;ai particip\u00e9, j&rsquo;ai d\u00e9couvert le monde merveilleux de l&rsquo;enseignement de l&rsquo;italien aux \u00e9trangers : ce fut le coup de foudre ! J&rsquo;aime le \u00ab\u00a0<strong>tandem<\/strong>\u00a0\u00bb culturel que l&rsquo;on arrive \u00e0 cr\u00e9er pendant les heures de cours, c&rsquo;est une d\u00e9couverte permanente, parfois m\u00eame de soi-m\u00eame !<\/p>\n[\/vc_column_text][\/vc_column][vc_column width=\u00a0\u00bb1\/6&Prime;][\/vc_column][\/vc_row][vc_row row_type=\u00a0\u00bbrow\u00a0\u00bb text_align=\u00a0\u00bbleft\u00a0\u00bb css_animation=\u00a0\u00bb\u00a0\u00bb][vc_column][vc_separator type=\u00a0\u00bbnormal\u00a0\u00bb][\/vc_column][\/vc_row]\n<\/div>","protected":false},"excerpt":{"rendered":"<p>[vc_row row_type=\u00a0\u00bbrow\u00a0\u00bb text_align=\u00a0\u00bbleft\u00a0\u00bb css_animation=\u00a0\u00bb\u00a0\u00bb][vc_column][vc_separator type=\u00a0\u00bbtransparent\u00a0\u00bb down=\u00a0\u00bb8&Prime; up=\u00a0\u00bb8&Prime;][vc_column_text] Equipe :\u00a0&#8211; Histoire, origines et\u00a0comp\u00e9tences [\/vc_column_text][vc_separator type=\u00a0\u00bbtransparent\u00a0\u00bb thickness=\u00a0\u00bb10&Prime;][\/vc_column][\/vc_row][vc_row row_type=\u00a0\u00bbrow\u00a0\u00bb text_align=\u00a0\u00bbleft\u00a0\u00bb css_animation=\u00a0\u00bb\u00a0\u00bb][vc_column width=\u00a0\u00bb1\/6&Prime;][\/vc_column][vc_column width=\u00a0\u00bb1\/3&Prime;][vc_single_image image=\u00a0\u00bb15066&Prime; alignment=\u00a0\u00bbcenter\u00a0\u00bb css=\u00a0\u00bb.vc_custom_1605807027961{margin-bottom: 20px !important;}\u00a0\u00bb][vc_column_text css=\u00a0\u00bb.vc_custom_1583344940571{margin-bottom: 20px !important;}\u00a0\u00bb] VALERIO GRUESSNER &#8211; directeur -[\/vc_column_text][vc_column_text] J\u2019ai toujours \u00e9t\u00e9 fascin\u00e9 par Peter Pan et le pays imaginaire. C\u2019est&#8230;<\/p>\n","protected":false},"author":3,"featured_media":0,"parent":0,"menu_order":0,"comment_status":"open","ping_status":"open","template":"","meta":{"inline_featured_image":false},"yoast_head":"<!-- This site is optimized with the Yoast SEO Premium plugin v19.5 (Yoast SEO v19.11) - https:\/\/yoast.com\/wordpress\/plugins\/seo\/ -->\n<title>L\u2019\u00e9quipe - \u00c9cole d&#039;italien en Italie &mdash; Solemar Academy<\/title>\n<meta name=\"description\" content=\"Voici notre \u00e9quipe : des collaborateurs soud\u00e9s, professionnels et \u00e0 l&#039;\u00e9coute! D\u00e9couvrez-ici les histoires de chacun d&#039;entre nous.\" \/>\n<meta name=\"robots\" content=\"index, follow, max-snippet:-1, max-image-preview:large, max-video-preview:-1\" \/>\n<link rel=\"canonical\" href=\"https:\/\/solemar-academy.com\/fr\/equipe\/\" \/>\n<meta property=\"og:locale\" content=\"fr_FR\" \/>\n<meta property=\"og:type\" content=\"article\" \/>\n<meta property=\"og:title\" content=\"L\u2019\u00e9quipe - \u00c9cole d&#039;italien en Italie\" \/>\n<meta property=\"og:description\" content=\"Voici notre \u00e9quipe : des collaborateurs soud\u00e9s, professionnels et \u00e0 l&#039;\u00e9coute! D\u00e9couvrez-ici les histoires de chacun d&#039;entre nous.\" \/>\n<meta property=\"og:url\" content=\"https:\/\/solemar-academy.com\/fr\/equipe\/\" \/>\n<meta property=\"og:site_name\" content=\"Solemar Academy\" \/>\n<meta property=\"article:modified_time\" content=\"2023-06-15T09:11:57+00:00\" \/>\n<meta name=\"twitter:card\" content=\"summary_large_image\" \/>\n<meta name=\"twitter:label1\" content=\"Dur\u00e9e de lecture estim\u00e9e\" \/>\n\t<meta name=\"twitter:data1\" content=\"3 minutes\" \/>\n<script type=\"application\/ld+json\" class=\"yoast-schema-graph\">{\"@context\":\"https:\/\/schema.org\",\"@graph\":[{\"@type\":\"WebPage\",\"@id\":\"https:\/\/solemar-academy.com\/fr\/equipe\/\",\"url\":\"https:\/\/solemar-academy.com\/fr\/equipe\/\",\"name\":\"L\u2019\u00e9quipe - \u00c9cole d'italien en Italie &mdash; Solemar Academy\",\"isPartOf\":{\"@id\":\"https:\/\/solemar-academy.com\/#website\"},\"datePublished\":\"2015-10-06T13:38:55+00:00\",\"dateModified\":\"2023-06-15T09:11:57+00:00\",\"description\":\"Voici notre \u00e9quipe : des collaborateurs soud\u00e9s, professionnels et \u00e0 l'\u00e9coute! D\u00e9couvrez-ici les histoires de chacun d'entre nous.\",\"breadcrumb\":{\"@id\":\"https:\/\/solemar-academy.com\/fr\/equipe\/#breadcrumb\"},\"inLanguage\":\"fr-FR\",\"potentialAction\":[{\"@type\":\"ReadAction\",\"target\":[\"https:\/\/solemar-academy.com\/fr\/equipe\/\"]}]},{\"@type\":\"BreadcrumbList\",\"@id\":\"https:\/\/solemar-academy.com\/fr\/equipe\/#breadcrumb\",\"itemListElement\":[{\"@type\":\"ListItem\",\"position\":1,\"name\":\"Home\",\"item\":\"https:\/\/solemar-academy.com\/fr\/\"},{\"@type\":\"ListItem\",\"position\":2,\"name\":\"L\u2019\u00e9quipe &#8211; \u00c9cole d&#8217;italien en Italie\"}]},{\"@type\":\"WebSite\",\"@id\":\"https:\/\/solemar-academy.com\/#website\",\"url\":\"https:\/\/solemar-academy.com\/\",\"name\":\"Solemar Academy\",\"description\":\"Learn Italian in Italy\",\"publisher\":{\"@id\":\"https:\/\/solemar-academy.com\/#organization\"},\"potentialAction\":[{\"@type\":\"SearchAction\",\"target\":{\"@type\":\"EntryPoint\",\"urlTemplate\":\"https:\/\/solemar-academy.com\/?s={search_term_string}\"},\"query-input\":\"required name=search_term_string\"}],\"inLanguage\":\"fr-FR\"},{\"@type\":\"Organization\",\"@id\":\"https:\/\/solemar-academy.com\/#organization\",\"name\":\"Solemar Academy\",\"url\":\"https:\/\/solemar-academy.com\/\",\"logo\":{\"@type\":\"ImageObject\",\"inLanguage\":\"fr-FR\",\"@id\":\"https:\/\/solemar-academy.com\/#\/schema\/logo\/image\/\",\"url\":\"https:\/\/solemar-academy.com\/wp-content\/uploads\/2022\/06\/logo-solemar-academy.png\",\"contentUrl\":\"https:\/\/solemar-academy.com\/wp-content\/uploads\/2022\/06\/logo-solemar-academy.png\",\"width\":32,\"height\":32,\"caption\":\"Solemar Academy\"},\"image\":{\"@id\":\"https:\/\/solemar-academy.com\/#\/schema\/logo\/image\/\"}}]}<\/script>\n<!-- \/ Yoast SEO Premium plugin. -->","yoast_head_json":{"title":"L\u2019\u00e9quipe - \u00c9cole d'italien en Italie &mdash; Solemar Academy","description":"Voici notre \u00e9quipe : des collaborateurs soud\u00e9s, professionnels et \u00e0 l'\u00e9coute! D\u00e9couvrez-ici les histoires de chacun d'entre nous.","robots":{"index":"index","follow":"follow","max-snippet":"max-snippet:-1","max-image-preview":"max-image-preview:large","max-video-preview":"max-video-preview:-1"},"canonical":"https:\/\/solemar-academy.com\/fr\/equipe\/","og_locale":"fr_FR","og_type":"article","og_title":"L\u2019\u00e9quipe - \u00c9cole d'italien en Italie","og_description":"Voici notre \u00e9quipe : des collaborateurs soud\u00e9s, professionnels et \u00e0 l'\u00e9coute! D\u00e9couvrez-ici les histoires de chacun d'entre nous.","og_url":"https:\/\/solemar-academy.com\/fr\/equipe\/","og_site_name":"Solemar Academy","article_modified_time":"2023-06-15T09:11:57+00:00","twitter_card":"summary_large_image","twitter_misc":{"Dur\u00e9e de lecture estim\u00e9e":"3 minutes"},"schema":{"@context":"https:\/\/schema.org","@graph":[{"@type":"WebPage","@id":"https:\/\/solemar-academy.com\/fr\/equipe\/","url":"https:\/\/solemar-academy.com\/fr\/equipe\/","name":"L\u2019\u00e9quipe - \u00c9cole d'italien en Italie &mdash; Solemar Academy","isPartOf":{"@id":"https:\/\/solemar-academy.com\/#website"},"datePublished":"2015-10-06T13:38:55+00:00","dateModified":"2023-06-15T09:11:57+00:00","description":"Voici notre \u00e9quipe : des collaborateurs soud\u00e9s, professionnels et \u00e0 l'\u00e9coute! D\u00e9couvrez-ici les histoires de chacun d'entre nous.","breadcrumb":{"@id":"https:\/\/solemar-academy.com\/fr\/equipe\/#breadcrumb"},"inLanguage":"fr-FR","potentialAction":[{"@type":"ReadAction","target":["https:\/\/solemar-academy.com\/fr\/equipe\/"]}]},{"@type":"BreadcrumbList","@id":"https:\/\/solemar-academy.com\/fr\/equipe\/#breadcrumb","itemListElement":[{"@type":"ListItem","position":1,"name":"Home","item":"https:\/\/solemar-academy.com\/fr\/"},{"@type":"ListItem","position":2,"name":"L\u2019\u00e9quipe &#8211; \u00c9cole d&#8217;italien en Italie"}]},{"@type":"WebSite","@id":"https:\/\/solemar-academy.com\/#website","url":"https:\/\/solemar-academy.com\/","name":"Solemar Academy","description":"Learn Italian in Italy","publisher":{"@id":"https:\/\/solemar-academy.com\/#organization"},"potentialAction":[{"@type":"SearchAction","target":{"@type":"EntryPoint","urlTemplate":"https:\/\/solemar-academy.com\/?s={search_term_string}"},"query-input":"required name=search_term_string"}],"inLanguage":"fr-FR"},{"@type":"Organization","@id":"https:\/\/solemar-academy.com\/#organization","name":"Solemar Academy","url":"https:\/\/solemar-academy.com\/","logo":{"@type":"ImageObject","inLanguage":"fr-FR","@id":"https:\/\/solemar-academy.com\/#\/schema\/logo\/image\/","url":"https:\/\/solemar-academy.com\/wp-content\/uploads\/2022\/06\/logo-solemar-academy.png","contentUrl":"https:\/\/solemar-academy.com\/wp-content\/uploads\/2022\/06\/logo-solemar-academy.png","width":32,"height":32,"caption":"Solemar Academy"},"image":{"@id":"https:\/\/solemar-academy.com\/#\/schema\/logo\/image\/"}}]}},"_links":{"self":[{"href":"https:\/\/solemar-academy.com\/fr\/wp-json\/wp\/v2\/pages\/3701"}],"collection":[{"href":"https:\/\/solemar-academy.com\/fr\/wp-json\/wp\/v2\/pages"}],"about":[{"href":"https:\/\/solemar-academy.com\/fr\/wp-json\/wp\/v2\/types\/page"}],"author":[{"embeddable":true,"href":"https:\/\/solemar-academy.com\/fr\/wp-json\/wp\/v2\/users\/3"}],"replies":[{"embeddable":true,"href":"https:\/\/solemar-academy.com\/fr\/wp-json\/wp\/v2\/comments?post=3701"}],"version-history":[{"count":3,"href":"https:\/\/solemar-academy.com\/fr\/wp-json\/wp\/v2\/pages\/3701\/revisions"}],"predecessor-version":[{"id":18136,"href":"https:\/\/solemar-academy.com\/fr\/wp-json\/wp\/v2\/pages\/3701\/revisions\/18136"}],"wp:attachment":[{"href":"https:\/\/solemar-academy.com\/fr\/wp-json\/wp\/v2\/media?parent=3701"}],"curies":[{"name":"wp","href":"https:\/\/api.w.org\/{rel}","templated":true}]}}