{"id":3591,"date":"2015-10-01T10:41:56","date_gmt":"2015-10-01T08:41:56","guid":{"rendered":"http:\/\/solemar-academy.com\/?page_id=3591"},"modified":"2023-06-16T13:38:26","modified_gmt":"2023-06-16T13:38:26","slug":"partenaires-presse","status":"publish","type":"page","link":"https:\/\/solemar-academy.com\/fr\/partenaires-presse\/","title":{"rendered":"Partenaires et Presse &#8211; Apprendre l&rsquo;italien en Italie"},"content":{"rendered":"<div class=\"wpb-content-wrapper\">[vc_row row_type=\u00a0\u00bbrow\u00a0\u00bb text_align=\u00a0\u00bbleft\u00a0\u00bb css_animation=\u00a0\u00bb\u00a0\u00bb][vc_column width=\u00a0\u00bb1\/2&Prime;][vc_column_text]\n<h2 style=\"text-align: center;\">PRESSE<\/h2>\n<p>&nbsp;<\/p>\n<p>Gr\u00e2ce \u00e0 l\u2019h\u00e9ritage et l\u2019exp\u00e9rience que lui a transmis la <strong><a href=\"http:\/\/www.solemar-sicilia.it\/fr\/index.php\" target=\"_blank\" rel=\"noopener noreferrer\">Solemar Sicilia<\/a><\/strong>, la Solemar Academy a mis en place une s\u00e9rie de partenariats avec des entreprises et des institutions publiques. Bon nombre de ces collaborations se sont transform\u00e9es en <strong><a href=\"https:\/\/solemar-academy.com\/fr\/apprendre-litalien\/\" target=\"_blank\" rel=\"noopener noreferrer\">accr\u00e9ditations<\/a><\/strong>. Mais ce dont nous sommes le plus fier, c\u2019est d\u2019avoir gard\u00e9 contact avec nos anciens \u00e9tudiants. Nous sommes ravis de voir que cette forme de fid\u00e9lit\u00e9 perdure maintenant depuis des ann\u00e9es.<\/p>\n<p>&nbsp;<\/p>\n<p>Ces relations, cultiv\u00e9es avec <strong>soin et passion<\/strong>, nous ont assez naturellement amen\u00e9 \u00e0 appara\u00eetre dans diff\u00e9rents m\u00e9dias de qualit\u00e9 &#8211; revues, guides touristiques, \u00e9missions de t\u00e9l\u00e9visions, blogs.<\/p>\n<p>&nbsp;<\/p>\n<p>Le guide touristique <strong><a href=\"https:\/\/solemar-academy.com\/wp-content\/uploads\/2020\/12\/Sizilien-Thomas-Schroeder-Italienisch-lernen.pdf\" target=\"_blank\" rel=\"noopener noreferrer\">Sizilien<\/a><\/strong>, edit\u00e9 par Michael-Mueller-Verlag est mis \u00e0 jour chaque ann\u00e9e et recence \u00e0 chaque fois les nouveaut\u00e9s propos\u00e9es par notre structure.<\/p>\n<p>&nbsp;<\/p>\n<p>Britta Bohn, une blogueuse allemande particuli\u00e8rement influente et grande amoureuse de la Sicile, a pleinement \u00e9pous\u00e9 notre philosophie professionnelle et consacre tout un blog aux voyages en Sicile, <strong><a href=\"http:\/\/www.trip-tipp.com\" target=\"_blank\" rel=\"noopener noreferrer\">Trip-Tripp<\/a><\/strong>, selon le mod\u00e8le que nous avons toujours d\u00e9fendu.<\/p>\n<p>&nbsp;<\/p>\n<p>Un article a paru dans une revue allemande tr\u00e8s populaire <strong><a href=\"https:\/\/solemar-academy.com\/wp-content\/uploads\/2020\/12\/Villa-Caterina-Cefalu.pdf\" target=\"_blank\" rel=\"noopener noreferrer\">Freundin<\/a><\/strong>. Il a fait faire un tel bond \u00e0 nos r\u00e9servations qu\u2019on a bien cru que la <a href=\"https:\/\/solemar-academy.com\/fr\/logements-etudiants-a-cefalu\/#villa-caterina\">villa Caterina<\/a> allait exploser<\/p>\n<p>&nbsp;<\/p>\n<p>La revue incontournable des voyages scolaires et linguistiques, <strong><a href=\"http:\/\/www.studytravel.network\/magazine\/\" target=\"_blank\" rel=\"noopener noreferrer\">Study Travel Magazine<\/a><\/strong>, a interview\u00e9 notre directeur dans le but de proposer \u00e0 ses lecteurs un \u00e9tat des lieux de ce secteur en Italie. Jetez un \u0153il \u00e0 ce <strong><a href=\"https:\/\/solemar-academy.com\/wp-content\/uploads\/2020\/12\/Solemar-Academy-on-Study-Travel-Magazine.pdf\" target=\"_blank\" rel=\"noopener noreferrer\">article<\/a><\/strong> et n\u2019h\u00e9sitez pas \u00e0 nous dire ce que vous en pensez.<\/p>\n<p>&nbsp;<\/p>\n<p>Nous travaillons avec de nombreux lyc\u00e9es \u00e9trangers depuis des ann\u00e9es. En particulier avec les lyc\u00e9es compte rendu du <strong><a href=\"https:\/\/solemar-academy.com\/wp-content\/uploads\/2020\/12\/Schulreise-Sizilien-Cefalu.pdf\" target=\"_blank\" rel=\"noopener noreferrer\">s\u00e9jour linguistique<\/a><\/strong> de 2013.<\/p>\n<p>&nbsp;<\/p>\n<p>De nombreux assistants de vol et pilotes de la <strong>Lufthansa<\/strong> remplissent nos cours. Gr\u00e2ce au Bildungsurlaub ils parviennent \u00e0 conjuguer apprentissage et divertissement dans une \u00e9cole de qualit\u00e9.<\/p>\n<p>&nbsp;<\/p>\n<p>Ils parlent de nous : Study Travel Magazine, Geo Saison, Welt am Sontag, Die Zeit, Die Welt, Frankfurter Rundschau, Motorrad-Reisen, F\u00dcR SIE, ADAC-Motorwelt, Brigitte, Faz, DM, Geldidee.<\/p>\n<p>&nbsp;<\/p>\n<p>L\u2019\u00e9mission de t\u00e9l\u00e9vision <strong>Punkt 12<\/strong>, populaire en allemagne a diffus\u00e9 un programme sur la Sicile dans lequel nous nous sommes impliqu\u00e9s.[\/vc_column_text][vc_separator type=\u00a0\u00bbtransparent\u00a0\u00bb down=\u00a0\u00bb10&Prime; up=\u00a0\u00bb10&Prime;][vc_video link=\u00a0\u00bbhttps:\/\/www.youtube.com\/watch?feature=player_embedded&amp;v=oHy1115Marc\u00a0\u00bb css=\u00a0\u00bb.vc_custom_1427270056832{border-width: 10px !important;}\u00a0\u00bb][vc_separator type=\u00a0\u00bbtransparent\u00a0\u00bb down=\u00a0\u00bb10&Prime; up=\u00a0\u00bb10&Prime;][vc_separator type=\u00a0\u00bbtransparent\u00a0\u00bb down=\u00a0\u00bb10&Prime; up=\u00a0\u00bb10&Prime;][\/vc_column][vc_column width=\u00a0\u00bb1\/2&Prime;][vc_column_text]\n<h2 style=\"text-align: center;\">NOS PARTENAIRES<\/h2>\n<p>&nbsp;<\/p>\n<p><strong><a href=\"https:\/\/www.facebook.com\/cortilepepe\/timeline\" target=\"_blank\" rel=\"nofollow noopener noreferrer\">Cortile Pepe &#8211; Restaurant gourmet<\/a><\/strong><\/p>\n<p>Cuisine gourmet, ambiance d\u00e9tendue et chaleureuse.<\/p>\n<p>&nbsp;<\/p>\n<p><strong><a href=\"https:\/\/www.facebook.com\/GalleriaRistorante\" rel=\"nofollow\">La Galleria Restaurant<\/a><\/strong><\/p>\n<p>Cuisine italienne bien d\u2019aujourd\u2019hui. Giuseppe et Angelo, les propri\u00e9taires, sont particuli\u00e8rement attentionn\u00e9s.<\/p>\n<p>&nbsp;<\/p>\n<p><a href=\"https:\/\/www.facebook.com\/cantinapassafiumecefalu\/\"><strong>PassaFiume (bistrot<\/strong><\/a><strong>)<\/strong><\/p>\n<p>Le PassaFiume est un bistrot comme \u00e0 la fran\u00e7aise, mais en beaucoup plus accueillant.<\/p>\n<p>&nbsp;<\/p>\n<p><strong><a href=\"https:\/\/bastionecefalu.com\/bastione-costanza\/\">Bastione Costanza &#8211; Pizzeria \/ Restaurant<\/a><\/strong><\/p>\n<p>Bastione Costanza est un restaurant aux facettes multiples. Il se compose d&rsquo;un restaurant aux produits \u00e0 km 0, d&rsquo;une pizzeria aux farines particuli\u00e8res, d&rsquo;un mus\u00e9e digital, d&rsquo;une salle de lecture, et d&rsquo;un bar \u00e0 cocktails.<\/p>\n<p>&nbsp;<\/p>\n<p><a href=\"https:\/\/www.facebook.com\/tinchite\/\"><strong>Tinchit\u00e8 (taverne)<\/strong><\/a><\/p>\n<p>Une taverne sicilienne traditionnelle. Tinchit\u00e9 signifie \u00ab abondance \u00bb : vous pouvez vous attendre \u00e0 une cuisine g\u00e9n\u00e9reuse.<\/p>\n<p>&nbsp;<\/p>\n<p><a href=\"http:\/\/lepetittonneau.it\/\"><strong>Petit Tonneau (cave \u00e0 vin)<\/strong><\/a><\/p>\n<p>Le Petit Tonneau est une superbe cave \u00e0 vin qui se distingue notamment par sa terrasse avec vue sur la mer, id\u00e9ale pour admirer le coucher du soleil.<\/p>\n<p>&nbsp;<\/p>\n<p>Kalapinta &#8211; Pub<\/p>\n<p>Kalapinta est un pub tenu par un groupe d&rsquo;amis qui parient sur les bi\u00e8res artisanales siciliennes. Ambiance d\u00e9tendue et amicale, l&rsquo;endroit le plus cool de Cefal\u00f9.<\/p>\n<p>&nbsp;<\/p>\n<p><strong>Food Sicily Market<\/strong><\/p>\n<p>Jambons, panini et produits frais chaque jour. Un passage oblig\u00e9. Simone et Santi sauront vous accueillir comme il faut.<\/p>\n<p>&nbsp;<\/p>\n<p><a href=\"https:\/\/www.facebook.com\/pages\/Lido-Beach-Club-12\/478046292212025\"><strong>Beach Club 12<\/strong><\/a><\/p>\n<p>Petit lido situ\u00e9 sur la promenade de Cefal\u00f9. Situ\u00e9 loin des lidos bond\u00e9s, vous pourrez vous d\u00e9tendre en toute tranquillit\u00e9. Vous trouverez \u00e0 boire et \u00e0 manger au bar.<\/p>\n<p>&nbsp;<\/p>\n<p><strong>Sansica Coiffure<\/strong><\/p>\n<p>Le centre de beaut\u00e9 Sansica propose des soins complets : coupe, coiffure, couleur, esth\u00e9ticienne.[\/vc_column_text][\/vc_column][\/vc_row][vc_row row_type=\u00a0\u00bbrow\u00a0\u00bb text_align=\u00a0\u00bbleft\u00a0\u00bb css_animation=\u00a0\u00bb\u00a0\u00bb][vc_column][vc_single_image image=\u00a0\u00bb1672&Prime; img_size=\u00a0\u00bb1060&#215;500&Prime; alignment=\u00a0\u00bbcenter\u00a0\u00bb][\/vc_column][\/vc_row]\n<\/div>","protected":false},"excerpt":{"rendered":"<p>[vc_row row_type=\u00a0\u00bbrow\u00a0\u00bb text_align=\u00a0\u00bbleft\u00a0\u00bb css_animation=\u00a0\u00bb\u00a0\u00bb][vc_column width=\u00a0\u00bb1\/2&Prime;][vc_column_text] PRESSE &nbsp; Gr\u00e2ce \u00e0 l\u2019h\u00e9ritage et l\u2019exp\u00e9rience que lui a transmis la Solemar Sicilia, la Solemar Academy a mis en place une s\u00e9rie de partenariats avec des entreprises et des institutions publiques. Bon nombre de ces collaborations se sont transform\u00e9es&#8230;<\/p>\n","protected":false},"author":3,"featured_media":15237,"parent":0,"menu_order":0,"comment_status":"open","ping_status":"open","template":"","meta":{"inline_featured_image":false},"yoast_head":"<!-- This site is optimized with the Yoast SEO Premium plugin v19.5 (Yoast SEO v19.11) - https:\/\/yoast.com\/wordpress\/plugins\/seo\/ -->\n<title>Partenaires and presse - Apprendre l&#039;Italien - Solemar Academy<\/title>\n<meta name=\"description\" content=\"Sur la page Partenaires et Presse vous trouverez des liens vers des contenus qui nous concernent et des informations sur nos partenaires.\" \/>\n<meta name=\"robots\" content=\"index, follow, max-snippet:-1, max-image-preview:large, max-video-preview:-1\" \/>\n<link rel=\"canonical\" href=\"https:\/\/solemar-academy.com\/fr\/partenaires-presse\/\" \/>\n<meta property=\"og:locale\" content=\"fr_FR\" \/>\n<meta property=\"og:type\" content=\"article\" \/>\n<meta property=\"og:title\" content=\"Partenaires et Presse - Apprendre l&#039;italien en Italie\" \/>\n<meta property=\"og:description\" content=\"Sur la page Partenaires et Presse vous trouverez des liens vers des contenus qui nous concernent et des informations sur nos partenaires.\" \/>\n<meta property=\"og:url\" content=\"https:\/\/solemar-academy.com\/fr\/partenaires-presse\/\" \/>\n<meta property=\"og:site_name\" content=\"Solemar Academy\" \/>\n<meta property=\"article:modified_time\" content=\"2023-06-16T13:38:26+00:00\" \/>\n<meta property=\"og:image\" content=\"https:\/\/solemar-academy.com\/wp-content\/uploads\/2020\/12\/Solemar-Academy-Card-2.jpg\" \/>\n\t<meta property=\"og:image:width\" content=\"113\" \/>\n\t<meta property=\"og:image:height\" content=\"113\" \/>\n\t<meta property=\"og:image:type\" content=\"image\/jpeg\" \/>\n<meta name=\"twitter:card\" content=\"summary_large_image\" \/>\n<meta name=\"twitter:label1\" content=\"Dur\u00e9e de lecture estim\u00e9e\" \/>\n\t<meta name=\"twitter:data1\" content=\"4 minutes\" \/>\n<script type=\"application\/ld+json\" class=\"yoast-schema-graph\">{\"@context\":\"https:\/\/schema.org\",\"@graph\":[{\"@type\":\"WebPage\",\"@id\":\"https:\/\/solemar-academy.com\/fr\/partenaires-presse\/\",\"url\":\"https:\/\/solemar-academy.com\/fr\/partenaires-presse\/\",\"name\":\"Partenaires and presse - Apprendre l'Italien - Solemar Academy\",\"isPartOf\":{\"@id\":\"https:\/\/solemar-academy.com\/#website\"},\"datePublished\":\"2015-10-01T08:41:56+00:00\",\"dateModified\":\"2023-06-16T13:38:26+00:00\",\"description\":\"Sur la page Partenaires et Presse vous trouverez des liens vers des contenus qui nous concernent et des informations sur nos partenaires.\",\"breadcrumb\":{\"@id\":\"https:\/\/solemar-academy.com\/fr\/partenaires-presse\/#breadcrumb\"},\"inLanguage\":\"fr-FR\",\"potentialAction\":[{\"@type\":\"ReadAction\",\"target\":[\"https:\/\/solemar-academy.com\/fr\/partenaires-presse\/\"]}]},{\"@type\":\"BreadcrumbList\",\"@id\":\"https:\/\/solemar-academy.com\/fr\/partenaires-presse\/#breadcrumb\",\"itemListElement\":[{\"@type\":\"ListItem\",\"position\":1,\"name\":\"Home\",\"item\":\"https:\/\/solemar-academy.com\/fr\/\"},{\"@type\":\"ListItem\",\"position\":2,\"name\":\"Partenaires et Presse &#8211; Apprendre l&#8217;italien en Italie\"}]},{\"@type\":\"WebSite\",\"@id\":\"https:\/\/solemar-academy.com\/#website\",\"url\":\"https:\/\/solemar-academy.com\/\",\"name\":\"Solemar Academy\",\"description\":\"Learn Italian in Italy\",\"publisher\":{\"@id\":\"https:\/\/solemar-academy.com\/#organization\"},\"potentialAction\":[{\"@type\":\"SearchAction\",\"target\":{\"@type\":\"EntryPoint\",\"urlTemplate\":\"https:\/\/solemar-academy.com\/?s={search_term_string}\"},\"query-input\":\"required name=search_term_string\"}],\"inLanguage\":\"fr-FR\"},{\"@type\":\"Organization\",\"@id\":\"https:\/\/solemar-academy.com\/#organization\",\"name\":\"Solemar Academy\",\"url\":\"https:\/\/solemar-academy.com\/\",\"logo\":{\"@type\":\"ImageObject\",\"inLanguage\":\"fr-FR\",\"@id\":\"https:\/\/solemar-academy.com\/#\/schema\/logo\/image\/\",\"url\":\"https:\/\/solemar-academy.com\/wp-content\/uploads\/2022\/06\/logo-solemar-academy.png\",\"contentUrl\":\"https:\/\/solemar-academy.com\/wp-content\/uploads\/2022\/06\/logo-solemar-academy.png\",\"width\":32,\"height\":32,\"caption\":\"Solemar Academy\"},\"image\":{\"@id\":\"https:\/\/solemar-academy.com\/#\/schema\/logo\/image\/\"}}]}<\/script>\n<!-- \/ Yoast SEO Premium plugin. -->","yoast_head_json":{"title":"Partenaires and presse - Apprendre l'Italien - Solemar Academy","description":"Sur la page Partenaires et Presse vous trouverez des liens vers des contenus qui nous concernent et des informations sur nos partenaires.","robots":{"index":"index","follow":"follow","max-snippet":"max-snippet:-1","max-image-preview":"max-image-preview:large","max-video-preview":"max-video-preview:-1"},"canonical":"https:\/\/solemar-academy.com\/fr\/partenaires-presse\/","og_locale":"fr_FR","og_type":"article","og_title":"Partenaires et Presse - Apprendre l'italien en Italie","og_description":"Sur la page Partenaires et Presse vous trouverez des liens vers des contenus qui nous concernent et des informations sur nos partenaires.","og_url":"https:\/\/solemar-academy.com\/fr\/partenaires-presse\/","og_site_name":"Solemar Academy","article_modified_time":"2023-06-16T13:38:26+00:00","og_image":[{"width":113,"height":113,"url":"https:\/\/solemar-academy.com\/wp-content\/uploads\/2020\/12\/Solemar-Academy-Card-2.jpg","type":"image\/jpeg"}],"twitter_card":"summary_large_image","twitter_misc":{"Dur\u00e9e de lecture estim\u00e9e":"4 minutes"},"schema":{"@context":"https:\/\/schema.org","@graph":[{"@type":"WebPage","@id":"https:\/\/solemar-academy.com\/fr\/partenaires-presse\/","url":"https:\/\/solemar-academy.com\/fr\/partenaires-presse\/","name":"Partenaires and presse - Apprendre l'Italien - Solemar Academy","isPartOf":{"@id":"https:\/\/solemar-academy.com\/#website"},"datePublished":"2015-10-01T08:41:56+00:00","dateModified":"2023-06-16T13:38:26+00:00","description":"Sur la page Partenaires et Presse vous trouverez des liens vers des contenus qui nous concernent et des informations sur nos partenaires.","breadcrumb":{"@id":"https:\/\/solemar-academy.com\/fr\/partenaires-presse\/#breadcrumb"},"inLanguage":"fr-FR","potentialAction":[{"@type":"ReadAction","target":["https:\/\/solemar-academy.com\/fr\/partenaires-presse\/"]}]},{"@type":"BreadcrumbList","@id":"https:\/\/solemar-academy.com\/fr\/partenaires-presse\/#breadcrumb","itemListElement":[{"@type":"ListItem","position":1,"name":"Home","item":"https:\/\/solemar-academy.com\/fr\/"},{"@type":"ListItem","position":2,"name":"Partenaires et Presse &#8211; Apprendre l&#8217;italien en Italie"}]},{"@type":"WebSite","@id":"https:\/\/solemar-academy.com\/#website","url":"https:\/\/solemar-academy.com\/","name":"Solemar Academy","description":"Learn Italian in Italy","publisher":{"@id":"https:\/\/solemar-academy.com\/#organization"},"potentialAction":[{"@type":"SearchAction","target":{"@type":"EntryPoint","urlTemplate":"https:\/\/solemar-academy.com\/?s={search_term_string}"},"query-input":"required name=search_term_string"}],"inLanguage":"fr-FR"},{"@type":"Organization","@id":"https:\/\/solemar-academy.com\/#organization","name":"Solemar Academy","url":"https:\/\/solemar-academy.com\/","logo":{"@type":"ImageObject","inLanguage":"fr-FR","@id":"https:\/\/solemar-academy.com\/#\/schema\/logo\/image\/","url":"https:\/\/solemar-academy.com\/wp-content\/uploads\/2022\/06\/logo-solemar-academy.png","contentUrl":"https:\/\/solemar-academy.com\/wp-content\/uploads\/2022\/06\/logo-solemar-academy.png","width":32,"height":32,"caption":"Solemar Academy"},"image":{"@id":"https:\/\/solemar-academy.com\/#\/schema\/logo\/image\/"}}]}},"_links":{"self":[{"href":"https:\/\/solemar-academy.com\/fr\/wp-json\/wp\/v2\/pages\/3591"}],"collection":[{"href":"https:\/\/solemar-academy.com\/fr\/wp-json\/wp\/v2\/pages"}],"about":[{"href":"https:\/\/solemar-academy.com\/fr\/wp-json\/wp\/v2\/types\/page"}],"author":[{"embeddable":true,"href":"https:\/\/solemar-academy.com\/fr\/wp-json\/wp\/v2\/users\/3"}],"replies":[{"embeddable":true,"href":"https:\/\/solemar-academy.com\/fr\/wp-json\/wp\/v2\/comments?post=3591"}],"version-history":[{"count":3,"href":"https:\/\/solemar-academy.com\/fr\/wp-json\/wp\/v2\/pages\/3591\/revisions"}],"predecessor-version":[{"id":18152,"href":"https:\/\/solemar-academy.com\/fr\/wp-json\/wp\/v2\/pages\/3591\/revisions\/18152"}],"wp:featuredmedia":[{"embeddable":true,"href":"https:\/\/solemar-academy.com\/fr\/wp-json\/wp\/v2\/media\/15237"}],"wp:attachment":[{"href":"https:\/\/solemar-academy.com\/fr\/wp-json\/wp\/v2\/media?parent=3591"}],"curies":[{"name":"wp","href":"https:\/\/api.w.org\/{rel}","templated":true}]}}