{"id":3512,"date":"2015-10-01T10:54:16","date_gmt":"2015-10-01T08:54:16","guid":{"rendered":"http:\/\/solemar-academy.com\/?page_id=3512"},"modified":"2020-12-16T09:24:41","modified_gmt":"2020-12-16T09:24:41","slug":"traductions","status":"publish","type":"page","link":"https:\/\/solemar-academy.com\/fr\/traductions\/","title":{"rendered":"Traductions &#8211; \u00c9cole d&rsquo;italien en Italie"},"content":{"rendered":"<div class=\"wpb-content-wrapper\">[vc_row row_type=\u00a0\u00bbrow\u00a0\u00bb text_align=\u00a0\u00bbleft\u00a0\u00bb css_animation=\u00a0\u00bb\u00a0\u00bb][vc_column width=\u00a0\u00bb1\/6&Prime;][vc_column_text]\n[\/vc_column_text][\/vc_column][vc_column width=\u00a0\u00bb2\/3&Prime;][vc_column_text]\n<h2>Service de traductions<\/h2>\n<p>&nbsp;<\/p>\n<p>La Solemar Academy propose des services de <strong>traduction<\/strong> et d\u2019interpr\u00e9tariat en <strong>anglais<\/strong>, <strong>fran\u00e7ais<\/strong>, <strong>espagnol<\/strong>, <strong>allemand<\/strong> et <strong>russe<\/strong>. Nous disposons d\u2019un vaste r\u00e9seau de collaborateurs \u00e0 l\u2019\u00e9tranger, si vous avez besoin de conseils pour d\u2019autres langues que celles \u00e9nonc\u00e9es ci-dessus, nous ferons notre possible pour vous apporter une solution ad\u00e9quate.<\/p>\n<p>&nbsp;<\/p>\n<p>Nous sommes en collaboration avec le\u00a0Tribunal de Termini Imerese, le Tribunal de Palerme ainsi qu\u2019avec de nombreux professionnels (avocats et notaires) pour des traductions juridiques. Pour toute demande de devis, merci de nous apporter le document \u00e0 traduire ainsi qu\u2019une copie au format digital.<\/p>\n<p>&nbsp;<\/p>\n<p>Nous traduisons r\u00e9guli\u00e8rement les documents suivants :<\/p>\n<p><strong>Permis de s\u00e9jour<\/strong><\/p>\n<p><strong>Certificat de naissance<\/strong><\/p>\n<p><strong>Certificat de mariage<\/strong><\/p>\n<p><strong>Certificat de d\u00e9c\u00e8s<\/strong><\/p>\n<p><strong>Certificat de r\u00e9sidence<\/strong><\/p>\n<p><strong>Dossiers d\u2019inscription \u00e0 l\u2019Universit\u00e9<\/strong><\/p>\n<p><strong>Certificats d\u2019examen<\/strong><\/p>\n<p><strong>Dipl\u00f4mes d\u2019\u00e9tudes sup\u00e9rieures<\/strong><\/p>\n<p>&nbsp;<\/p>\n<p>&nbsp;<\/p>\n<p>Nous avons \u00e9galement acquis une grande exp\u00e9rience dans la traduction de textes publicitaires, advertisement et sites web. Si vous souhaitez faire traduire votre site internet, nous pouvons vous assister du d\u00e9but \u00e0 la fin gr\u00e2ce \u00e0 notre partenaires\u00a0bas\u00e9 \u00e0 Cefal\u00f9. Au del\u00e0 des aspects techniques, nous offrons \u00e9galement une expertise en mati\u00e8re de mots-cl\u00e9s (keyword analysis), de positionnement sur les moteurs de recherche et de marketing sur les r\u00e9seaux sociaux.<\/p>\n<p>&nbsp;<\/p>\n<p>N\u2019h\u00e9sitez pas \u00e0 nous contacter pour obtenir un devis.[\/vc_column_text][\/vc_column][vc_column width=\u00a0\u00bb1\/6&Prime;][vc_column_text]\n[\/vc_column_text][\/vc_column][\/vc_row][vc_row row_type=\u00a0\u00bbrow\u00a0\u00bb text_align=\u00a0\u00bbleft\u00a0\u00bb css_animation=\u00a0\u00bb\u00a0\u00bb][vc_column][vc_separator type=\u00a0\u00bbtransparent\u00a0\u00bb down=\u00a0\u00bb10&Prime; up=\u00a0\u00bb10&Prime;][\/vc_column][\/vc_row]\n<\/div>","protected":false},"excerpt":{"rendered":"<p>[vc_row row_type=\u00a0\u00bbrow\u00a0\u00bb text_align=\u00a0\u00bbleft\u00a0\u00bb css_animation=\u00a0\u00bb\u00a0\u00bb][vc_column width=\u00a0\u00bb1\/6&Prime;][vc_column_text] [\/vc_column_text][\/vc_column][vc_column width=\u00a0\u00bb2\/3&Prime;][vc_column_text] Service de traductions &nbsp; La Solemar Academy propose des services de traduction et d\u2019interpr\u00e9tariat en anglais, fran\u00e7ais, espagnol, allemand et russe. Nous disposons d\u2019un vaste r\u00e9seau de collaborateurs \u00e0 l\u2019\u00e9tranger, si vous avez besoin de conseils pour d\u2019autres&#8230;<\/p>\n","protected":false},"author":3,"featured_media":14461,"parent":0,"menu_order":0,"comment_status":"open","ping_status":"open","template":"","meta":{"inline_featured_image":false},"yoast_head":"<!-- This site is optimized with the Yoast SEO Premium plugin v19.5 (Yoast SEO v19.11) - https:\/\/yoast.com\/wordpress\/plugins\/seo\/ -->\n<title>Traductions - \u00c9cole d&#039;italien en Italie &mdash; Solemar Academy<\/title>\n<meta name=\"description\" content=\"La Solemar Academy propose des services de traduction et d\u2019interpr\u00e9tariat en : allemand, anglais, espagnol, fran\u00e7ais, russe.\" \/>\n<meta name=\"robots\" content=\"index, follow, max-snippet:-1, max-image-preview:large, max-video-preview:-1\" \/>\n<link rel=\"canonical\" href=\"https:\/\/solemar-academy.com\/fr\/traductions\/\" \/>\n<meta property=\"og:locale\" content=\"fr_FR\" \/>\n<meta property=\"og:type\" content=\"article\" \/>\n<meta property=\"og:title\" content=\"Traductions - \u00c9cole d&#039;italien en Italie\" \/>\n<meta property=\"og:description\" content=\"La Solemar Academy propose des services de traduction et d\u2019interpr\u00e9tariat en : allemand, anglais, espagnol, fran\u00e7ais, russe.\" \/>\n<meta property=\"og:url\" content=\"https:\/\/solemar-academy.com\/fr\/traductions\/\" \/>\n<meta property=\"og:site_name\" content=\"Solemar Academy\" \/>\n<meta property=\"article:modified_time\" content=\"2020-12-16T09:24:41+00:00\" \/>\n<meta property=\"og:image\" content=\"https:\/\/solemar-academy.com\/wp-content\/uploads\/layerslider\/HomePage-slider-RU\/learn-italian-in-italy-scaled.jpg\" \/>\n\t<meta property=\"og:image:width\" content=\"1024\" \/>\n\t<meta property=\"og:image:height\" content=\"681\" \/>\n\t<meta property=\"og:image:type\" content=\"image\/jpeg\" \/>\n<meta name=\"twitter:card\" content=\"summary_large_image\" \/>\n<meta name=\"twitter:label1\" content=\"Dur\u00e9e de lecture estim\u00e9e\" \/>\n\t<meta name=\"twitter:data1\" content=\"2 minutes\" \/>\n<script type=\"application\/ld+json\" class=\"yoast-schema-graph\">{\"@context\":\"https:\/\/schema.org\",\"@graph\":[{\"@type\":\"WebPage\",\"@id\":\"https:\/\/solemar-academy.com\/fr\/traductions\/\",\"url\":\"https:\/\/solemar-academy.com\/fr\/traductions\/\",\"name\":\"Traductions - \u00c9cole d'italien en Italie &mdash; Solemar Academy\",\"isPartOf\":{\"@id\":\"https:\/\/solemar-academy.com\/#website\"},\"datePublished\":\"2015-10-01T08:54:16+00:00\",\"dateModified\":\"2020-12-16T09:24:41+00:00\",\"description\":\"La Solemar Academy propose des services de traduction et d\u2019interpr\u00e9tariat en : allemand, anglais, espagnol, fran\u00e7ais, russe.\",\"breadcrumb\":{\"@id\":\"https:\/\/solemar-academy.com\/fr\/traductions\/#breadcrumb\"},\"inLanguage\":\"fr-FR\",\"potentialAction\":[{\"@type\":\"ReadAction\",\"target\":[\"https:\/\/solemar-academy.com\/fr\/traductions\/\"]}]},{\"@type\":\"BreadcrumbList\",\"@id\":\"https:\/\/solemar-academy.com\/fr\/traductions\/#breadcrumb\",\"itemListElement\":[{\"@type\":\"ListItem\",\"position\":1,\"name\":\"Home\",\"item\":\"https:\/\/solemar-academy.com\/fr\/\"},{\"@type\":\"ListItem\",\"position\":2,\"name\":\"Traductions &#8211; \u00c9cole d&#8217;italien en Italie\"}]},{\"@type\":\"WebSite\",\"@id\":\"https:\/\/solemar-academy.com\/#website\",\"url\":\"https:\/\/solemar-academy.com\/\",\"name\":\"Solemar Academy\",\"description\":\"Learn Italian in Italy\",\"publisher\":{\"@id\":\"https:\/\/solemar-academy.com\/#organization\"},\"potentialAction\":[{\"@type\":\"SearchAction\",\"target\":{\"@type\":\"EntryPoint\",\"urlTemplate\":\"https:\/\/solemar-academy.com\/?s={search_term_string}\"},\"query-input\":\"required name=search_term_string\"}],\"inLanguage\":\"fr-FR\"},{\"@type\":\"Organization\",\"@id\":\"https:\/\/solemar-academy.com\/#organization\",\"name\":\"Solemar Academy\",\"url\":\"https:\/\/solemar-academy.com\/\",\"logo\":{\"@type\":\"ImageObject\",\"inLanguage\":\"fr-FR\",\"@id\":\"https:\/\/solemar-academy.com\/#\/schema\/logo\/image\/\",\"url\":\"https:\/\/solemar-academy.com\/wp-content\/uploads\/2022\/06\/logo-solemar-academy.png\",\"contentUrl\":\"https:\/\/solemar-academy.com\/wp-content\/uploads\/2022\/06\/logo-solemar-academy.png\",\"width\":32,\"height\":32,\"caption\":\"Solemar Academy\"},\"image\":{\"@id\":\"https:\/\/solemar-academy.com\/#\/schema\/logo\/image\/\"}}]}<\/script>\n<!-- \/ Yoast SEO Premium plugin. -->","yoast_head_json":{"title":"Traductions - \u00c9cole d'italien en Italie &mdash; Solemar Academy","description":"La Solemar Academy propose des services de traduction et d\u2019interpr\u00e9tariat en : allemand, anglais, espagnol, fran\u00e7ais, russe.","robots":{"index":"index","follow":"follow","max-snippet":"max-snippet:-1","max-image-preview":"max-image-preview:large","max-video-preview":"max-video-preview:-1"},"canonical":"https:\/\/solemar-academy.com\/fr\/traductions\/","og_locale":"fr_FR","og_type":"article","og_title":"Traductions - \u00c9cole d'italien en Italie","og_description":"La Solemar Academy propose des services de traduction et d\u2019interpr\u00e9tariat en : allemand, anglais, espagnol, fran\u00e7ais, russe.","og_url":"https:\/\/solemar-academy.com\/fr\/traductions\/","og_site_name":"Solemar Academy","article_modified_time":"2020-12-16T09:24:41+00:00","og_image":[{"width":1024,"height":681,"url":"https:\/\/solemar-academy.com\/wp-content\/uploads\/layerslider\/HomePage-slider-RU\/learn-italian-in-italy-scaled.jpg","type":"image\/jpeg"}],"twitter_card":"summary_large_image","twitter_misc":{"Dur\u00e9e de lecture estim\u00e9e":"2 minutes"},"schema":{"@context":"https:\/\/schema.org","@graph":[{"@type":"WebPage","@id":"https:\/\/solemar-academy.com\/fr\/traductions\/","url":"https:\/\/solemar-academy.com\/fr\/traductions\/","name":"Traductions - \u00c9cole d'italien en Italie &mdash; Solemar Academy","isPartOf":{"@id":"https:\/\/solemar-academy.com\/#website"},"datePublished":"2015-10-01T08:54:16+00:00","dateModified":"2020-12-16T09:24:41+00:00","description":"La Solemar Academy propose des services de traduction et d\u2019interpr\u00e9tariat en : allemand, anglais, espagnol, fran\u00e7ais, russe.","breadcrumb":{"@id":"https:\/\/solemar-academy.com\/fr\/traductions\/#breadcrumb"},"inLanguage":"fr-FR","potentialAction":[{"@type":"ReadAction","target":["https:\/\/solemar-academy.com\/fr\/traductions\/"]}]},{"@type":"BreadcrumbList","@id":"https:\/\/solemar-academy.com\/fr\/traductions\/#breadcrumb","itemListElement":[{"@type":"ListItem","position":1,"name":"Home","item":"https:\/\/solemar-academy.com\/fr\/"},{"@type":"ListItem","position":2,"name":"Traductions &#8211; \u00c9cole d&#8217;italien en Italie"}]},{"@type":"WebSite","@id":"https:\/\/solemar-academy.com\/#website","url":"https:\/\/solemar-academy.com\/","name":"Solemar Academy","description":"Learn Italian in Italy","publisher":{"@id":"https:\/\/solemar-academy.com\/#organization"},"potentialAction":[{"@type":"SearchAction","target":{"@type":"EntryPoint","urlTemplate":"https:\/\/solemar-academy.com\/?s={search_term_string}"},"query-input":"required name=search_term_string"}],"inLanguage":"fr-FR"},{"@type":"Organization","@id":"https:\/\/solemar-academy.com\/#organization","name":"Solemar Academy","url":"https:\/\/solemar-academy.com\/","logo":{"@type":"ImageObject","inLanguage":"fr-FR","@id":"https:\/\/solemar-academy.com\/#\/schema\/logo\/image\/","url":"https:\/\/solemar-academy.com\/wp-content\/uploads\/2022\/06\/logo-solemar-academy.png","contentUrl":"https:\/\/solemar-academy.com\/wp-content\/uploads\/2022\/06\/logo-solemar-academy.png","width":32,"height":32,"caption":"Solemar Academy"},"image":{"@id":"https:\/\/solemar-academy.com\/#\/schema\/logo\/image\/"}}]}},"_links":{"self":[{"href":"https:\/\/solemar-academy.com\/fr\/wp-json\/wp\/v2\/pages\/3512"}],"collection":[{"href":"https:\/\/solemar-academy.com\/fr\/wp-json\/wp\/v2\/pages"}],"about":[{"href":"https:\/\/solemar-academy.com\/fr\/wp-json\/wp\/v2\/types\/page"}],"author":[{"embeddable":true,"href":"https:\/\/solemar-academy.com\/fr\/wp-json\/wp\/v2\/users\/3"}],"replies":[{"embeddable":true,"href":"https:\/\/solemar-academy.com\/fr\/wp-json\/wp\/v2\/comments?post=3512"}],"version-history":[{"count":0,"href":"https:\/\/solemar-academy.com\/fr\/wp-json\/wp\/v2\/pages\/3512\/revisions"}],"wp:featuredmedia":[{"embeddable":true,"href":"https:\/\/solemar-academy.com\/fr\/wp-json\/wp\/v2\/media\/14461"}],"wp:attachment":[{"href":"https:\/\/solemar-academy.com\/fr\/wp-json\/wp\/v2\/media?parent=3512"}],"curies":[{"name":"wp","href":"https:\/\/api.w.org\/{rel}","templated":true}]}}