{"id":3509,"date":"2015-09-03T19:42:36","date_gmt":"2015-09-03T17:42:36","guid":{"rendered":"http:\/\/solemar-academy.com\/?page_id=3509"},"modified":"2020-12-22T11:53:19","modified_gmt":"2020-12-22T11:53:19","slug":"notre-seminaire-de-glottodidactique","status":"publish","type":"page","link":"https:\/\/solemar-academy.com\/fr\/notre-seminaire-de-glottodidactique\/","title":{"rendered":"S\u00e9minaire de glottodidactique &#8211; \u00c9cole d&rsquo;italien en Italie"},"content":{"rendered":"<div class=\"wpb-content-wrapper\">[vc_row row_type=\u00a0\u00bbrow\u00a0\u00bb text_align=\u00a0\u00bbleft\u00a0\u00bb css_animation=\u00a0\u00bb\u00a0\u00bb][vc_column width=\u00a0\u00bb1\/6&Prime;][vc_column_text]\n[\/vc_column_text][\/vc_column][vc_column width=\u00a0\u00bb2\/3&Prime;][vc_column_text]\n<h2 style=\"text-align: center;\">Notre s\u00e9minaire<\/h2>\n<p>&nbsp;<\/p>\n<p>La formation continue est une chose primordiale pour les acteurs du secteur de la formation. A la Solemar Academy, on consacre beaucoup d\u2019\u00e9nergie pour que nos enseignants soient bien \u00e0 jour et on est tr\u00e8s fiers d\u2019obtenir autant de retours positifs sur la <strong>qualit\u00e9 de l\u2019enseignement<\/strong> de la part des \u00e9tudiants.<\/p>\n<p>Une fois par an, toute l\u2019\u00e9quipe passe quelques jours \u00e0 approfondir les nouvelles m\u00e9thodes et les derni\u00e8res approches en mati\u00e8re d\u2019enseignement des langues \u00e9trang\u00e8res.<\/p>\n<p>&nbsp;<\/p>\n<p>Si vous \u00eates enseignant ou aspirez \u00e0 le devenir, participez-donc \u00e0 l\u2019un de nos s\u00e9minaires. En plus de nos enseignants, nous invitons des experts et nous organisons de v\u00e9ritables mises en situation. Oubliez l\u2019approche magistrale, tous nos cours sont con\u00e7us sur le mod\u00e8le du s\u00e9minaire.<\/p>\n<p>&nbsp;<\/p>\n<p>L\u2019enseignement des langues \u00e9trang\u00e8res \u00e9volue constamment et pour cette raison les s\u00e9minaires sont des moments privil\u00e9gi\u00e9s pour garantir un parcours p\u00e9dagogique de qualit\u00e9. Le s\u00e9minaire est ouvert et il s\u2019agit d\u2019un outil efficace pour pr\u00e9parer l\u2019examen d\u2019enseignement <a href=\"http:\/\/solemar-academy.com\/fr\/devenir-professeur-ditalien\/\"><strong>DILS-PG<\/strong>.<\/a><\/p>\n<div style=\"text-align: center;\"><iframe src=\"https:\/\/www.youtube.com\/embed\/dnzfmXxqXWw\" width=\"560\" height=\"315\" frameborder=\"0\" allowfullscreen=\"allowfullscreen\"><\/iframe>:<\/div>\n<h3>Programme (non exhaustif) du s\u00e9minaire :<\/h3>\n<p>&nbsp;<\/p>\n<ul>\n<li>Quadre Europ\u00e9en Commun &#8211; Objectifs et niveaux<\/li>\n<\/ul>\n<ul>\n<li>Th\u00e9ories linguistiques et enseignement de l\u2019italien<\/li>\n<\/ul>\n<ul>\n<li>Approche communautaire et m\u00e9thode inductive<\/li>\n<\/ul>\n<ul>\n<li>Outils et m\u00e9thodes de r\u00e9flexion de l\u2019enseignement professionnel<\/li>\n<\/ul>\n<ul>\n<li>Analyse, conception du mat\u00e9riel p\u00e9dagogique et caract\u00e8re didactique des contenus<\/li>\n<\/ul>\n<ul>\n<li>Laboratoire de langue<\/li>\n<\/ul>\n<ul>\n<li>Nouvelles implications des valeurs et des certifications linguistiques<\/li>\n<\/ul>\n<ul>\n<li><a href=\"http:\/\/solemar-academy.com\/fr\/devenir-professeur-ditalien\/\">Certificat DILS-PG<\/a><\/li>\n<\/ul>\n<ul>\n<li><a href=\"http:\/\/solemar-academy.com\/fr\/certification-italien-celi\/\">Certificat\u00a0CELI<\/a><\/li>\n<\/ul>\n<p>&nbsp;<\/p>\n[\/vc_column_text][\/vc_column][vc_column width=\u00a0\u00bb1\/6&Prime;][vc_column_text]\n[\/vc_column_text][\/vc_column][\/vc_row][vc_row row_type=\u00a0\u00bbrow\u00a0\u00bb text_align=\u00a0\u00bbleft\u00a0\u00bb css_animation=\u00a0\u00bb\u00a0\u00bb][vc_column][vc_column_text]\n[\/vc_column_text][\/vc_column][\/vc_row][vc_row row_type=\u00a0\u00bbrow\u00a0\u00bb text_align=\u00a0\u00bbleft\u00a0\u00bb css_animation=\u00a0\u00bb\u00a0\u00bb][vc_column][vc_separator type=\u00a0\u00bbtransparent\u00a0\u00bb up=\u00a0\u00bb10&Prime; down=\u00a0\u00bb10&Prime;][\/vc_column][\/vc_row]\n<\/div>","protected":false},"excerpt":{"rendered":"<p>[vc_row row_type=\u00a0\u00bbrow\u00a0\u00bb text_align=\u00a0\u00bbleft\u00a0\u00bb css_animation=\u00a0\u00bb\u00a0\u00bb][vc_column width=\u00a0\u00bb1\/6&Prime;][vc_column_text] [\/vc_column_text][\/vc_column][vc_column width=\u00a0\u00bb2\/3&Prime;][vc_column_text] Notre s\u00e9minaire &nbsp; La formation continue est une chose primordiale pour les acteurs du secteur de la formation. A la Solemar Academy, on consacre beaucoup d\u2019\u00e9nergie pour que nos enseignants soient bien \u00e0 jour et on est tr\u00e8s&#8230;<\/p>\n","protected":false},"author":3,"featured_media":14461,"parent":0,"menu_order":0,"comment_status":"open","ping_status":"open","template":"","meta":{"inline_featured_image":false},"yoast_head":"<!-- This site is optimized with the Yoast SEO Premium plugin v19.5 (Yoast SEO v19.11) - https:\/\/yoast.com\/wordpress\/plugins\/seo\/ -->\n<title>S\u00e9minaire de glottodidactique - \u00c9cole d&#039;italien - Solemar Academy<\/title>\n<meta name=\"description\" content=\"Vous souhaitez approfondir vos connaissances th\u00e9oriques et d\u00e9couvrir de nouveaux outils glottodidactique? Participez \u00e0 notre s\u00e9minaire\" \/>\n<meta name=\"robots\" content=\"index, follow, max-snippet:-1, max-image-preview:large, max-video-preview:-1\" \/>\n<link rel=\"canonical\" href=\"https:\/\/solemar-academy.com\/fr\/notre-seminaire-de-glottodidactique\/\" \/>\n<meta property=\"og:locale\" content=\"fr_FR\" \/>\n<meta property=\"og:type\" content=\"article\" \/>\n<meta property=\"og:title\" content=\"S\u00e9minaire de glottodidactique - \u00c9cole d&#039;italien en Italie\" \/>\n<meta property=\"og:description\" content=\"Vous souhaitez approfondir vos connaissances th\u00e9oriques et d\u00e9couvrir de nouveaux outils glottodidactique? Participez \u00e0 notre s\u00e9minaire\" \/>\n<meta property=\"og:url\" content=\"https:\/\/solemar-academy.com\/fr\/notre-seminaire-de-glottodidactique\/\" \/>\n<meta property=\"og:site_name\" content=\"Solemar Academy\" \/>\n<meta property=\"article:modified_time\" content=\"2020-12-22T11:53:19+00:00\" \/>\n<meta property=\"og:image\" content=\"https:\/\/solemar-academy.com\/wp-content\/uploads\/layerslider\/HomePage-slider-RU\/learn-italian-in-italy-scaled.jpg\" \/>\n\t<meta property=\"og:image:width\" content=\"1024\" \/>\n\t<meta property=\"og:image:height\" content=\"681\" \/>\n\t<meta property=\"og:image:type\" content=\"image\/jpeg\" \/>\n<meta name=\"twitter:card\" content=\"summary_large_image\" \/>\n<meta name=\"twitter:label1\" content=\"Dur\u00e9e de lecture estim\u00e9e\" \/>\n\t<meta name=\"twitter:data1\" content=\"2 minutes\" \/>\n<script type=\"application\/ld+json\" class=\"yoast-schema-graph\">{\"@context\":\"https:\/\/schema.org\",\"@graph\":[{\"@type\":\"WebPage\",\"@id\":\"https:\/\/solemar-academy.com\/fr\/notre-seminaire-de-glottodidactique\/\",\"url\":\"https:\/\/solemar-academy.com\/fr\/notre-seminaire-de-glottodidactique\/\",\"name\":\"S\u00e9minaire de glottodidactique - \u00c9cole d'italien - Solemar Academy\",\"isPartOf\":{\"@id\":\"https:\/\/solemar-academy.com\/#website\"},\"datePublished\":\"2015-09-03T17:42:36+00:00\",\"dateModified\":\"2020-12-22T11:53:19+00:00\",\"description\":\"Vous souhaitez approfondir vos connaissances th\u00e9oriques et d\u00e9couvrir de nouveaux outils glottodidactique? Participez \u00e0 notre s\u00e9minaire\",\"breadcrumb\":{\"@id\":\"https:\/\/solemar-academy.com\/fr\/notre-seminaire-de-glottodidactique\/#breadcrumb\"},\"inLanguage\":\"fr-FR\",\"potentialAction\":[{\"@type\":\"ReadAction\",\"target\":[\"https:\/\/solemar-academy.com\/fr\/notre-seminaire-de-glottodidactique\/\"]}]},{\"@type\":\"BreadcrumbList\",\"@id\":\"https:\/\/solemar-academy.com\/fr\/notre-seminaire-de-glottodidactique\/#breadcrumb\",\"itemListElement\":[{\"@type\":\"ListItem\",\"position\":1,\"name\":\"Home\",\"item\":\"https:\/\/solemar-academy.com\/fr\/\"},{\"@type\":\"ListItem\",\"position\":2,\"name\":\"S\u00e9minaire de glottodidactique &#8211; \u00c9cole d&#8217;italien en Italie\"}]},{\"@type\":\"WebSite\",\"@id\":\"https:\/\/solemar-academy.com\/#website\",\"url\":\"https:\/\/solemar-academy.com\/\",\"name\":\"Solemar Academy\",\"description\":\"Learn Italian in Italy\",\"publisher\":{\"@id\":\"https:\/\/solemar-academy.com\/#organization\"},\"potentialAction\":[{\"@type\":\"SearchAction\",\"target\":{\"@type\":\"EntryPoint\",\"urlTemplate\":\"https:\/\/solemar-academy.com\/?s={search_term_string}\"},\"query-input\":\"required name=search_term_string\"}],\"inLanguage\":\"fr-FR\"},{\"@type\":\"Organization\",\"@id\":\"https:\/\/solemar-academy.com\/#organization\",\"name\":\"Solemar Academy\",\"url\":\"https:\/\/solemar-academy.com\/\",\"logo\":{\"@type\":\"ImageObject\",\"inLanguage\":\"fr-FR\",\"@id\":\"https:\/\/solemar-academy.com\/#\/schema\/logo\/image\/\",\"url\":\"https:\/\/solemar-academy.com\/wp-content\/uploads\/2022\/06\/logo-solemar-academy.png\",\"contentUrl\":\"https:\/\/solemar-academy.com\/wp-content\/uploads\/2022\/06\/logo-solemar-academy.png\",\"width\":32,\"height\":32,\"caption\":\"Solemar Academy\"},\"image\":{\"@id\":\"https:\/\/solemar-academy.com\/#\/schema\/logo\/image\/\"}}]}<\/script>\n<!-- \/ Yoast SEO Premium plugin. -->","yoast_head_json":{"title":"S\u00e9minaire de glottodidactique - \u00c9cole d'italien - Solemar Academy","description":"Vous souhaitez approfondir vos connaissances th\u00e9oriques et d\u00e9couvrir de nouveaux outils glottodidactique? Participez \u00e0 notre s\u00e9minaire","robots":{"index":"index","follow":"follow","max-snippet":"max-snippet:-1","max-image-preview":"max-image-preview:large","max-video-preview":"max-video-preview:-1"},"canonical":"https:\/\/solemar-academy.com\/fr\/notre-seminaire-de-glottodidactique\/","og_locale":"fr_FR","og_type":"article","og_title":"S\u00e9minaire de glottodidactique - \u00c9cole d'italien en Italie","og_description":"Vous souhaitez approfondir vos connaissances th\u00e9oriques et d\u00e9couvrir de nouveaux outils glottodidactique? Participez \u00e0 notre s\u00e9minaire","og_url":"https:\/\/solemar-academy.com\/fr\/notre-seminaire-de-glottodidactique\/","og_site_name":"Solemar Academy","article_modified_time":"2020-12-22T11:53:19+00:00","og_image":[{"width":1024,"height":681,"url":"https:\/\/solemar-academy.com\/wp-content\/uploads\/layerslider\/HomePage-slider-RU\/learn-italian-in-italy-scaled.jpg","type":"image\/jpeg"}],"twitter_card":"summary_large_image","twitter_misc":{"Dur\u00e9e de lecture estim\u00e9e":"2 minutes"},"schema":{"@context":"https:\/\/schema.org","@graph":[{"@type":"WebPage","@id":"https:\/\/solemar-academy.com\/fr\/notre-seminaire-de-glottodidactique\/","url":"https:\/\/solemar-academy.com\/fr\/notre-seminaire-de-glottodidactique\/","name":"S\u00e9minaire de glottodidactique - \u00c9cole d'italien - Solemar Academy","isPartOf":{"@id":"https:\/\/solemar-academy.com\/#website"},"datePublished":"2015-09-03T17:42:36+00:00","dateModified":"2020-12-22T11:53:19+00:00","description":"Vous souhaitez approfondir vos connaissances th\u00e9oriques et d\u00e9couvrir de nouveaux outils glottodidactique? Participez \u00e0 notre s\u00e9minaire","breadcrumb":{"@id":"https:\/\/solemar-academy.com\/fr\/notre-seminaire-de-glottodidactique\/#breadcrumb"},"inLanguage":"fr-FR","potentialAction":[{"@type":"ReadAction","target":["https:\/\/solemar-academy.com\/fr\/notre-seminaire-de-glottodidactique\/"]}]},{"@type":"BreadcrumbList","@id":"https:\/\/solemar-academy.com\/fr\/notre-seminaire-de-glottodidactique\/#breadcrumb","itemListElement":[{"@type":"ListItem","position":1,"name":"Home","item":"https:\/\/solemar-academy.com\/fr\/"},{"@type":"ListItem","position":2,"name":"S\u00e9minaire de glottodidactique &#8211; \u00c9cole d&#8217;italien en Italie"}]},{"@type":"WebSite","@id":"https:\/\/solemar-academy.com\/#website","url":"https:\/\/solemar-academy.com\/","name":"Solemar Academy","description":"Learn Italian in Italy","publisher":{"@id":"https:\/\/solemar-academy.com\/#organization"},"potentialAction":[{"@type":"SearchAction","target":{"@type":"EntryPoint","urlTemplate":"https:\/\/solemar-academy.com\/?s={search_term_string}"},"query-input":"required name=search_term_string"}],"inLanguage":"fr-FR"},{"@type":"Organization","@id":"https:\/\/solemar-academy.com\/#organization","name":"Solemar Academy","url":"https:\/\/solemar-academy.com\/","logo":{"@type":"ImageObject","inLanguage":"fr-FR","@id":"https:\/\/solemar-academy.com\/#\/schema\/logo\/image\/","url":"https:\/\/solemar-academy.com\/wp-content\/uploads\/2022\/06\/logo-solemar-academy.png","contentUrl":"https:\/\/solemar-academy.com\/wp-content\/uploads\/2022\/06\/logo-solemar-academy.png","width":32,"height":32,"caption":"Solemar Academy"},"image":{"@id":"https:\/\/solemar-academy.com\/#\/schema\/logo\/image\/"}}]}},"_links":{"self":[{"href":"https:\/\/solemar-academy.com\/fr\/wp-json\/wp\/v2\/pages\/3509"}],"collection":[{"href":"https:\/\/solemar-academy.com\/fr\/wp-json\/wp\/v2\/pages"}],"about":[{"href":"https:\/\/solemar-academy.com\/fr\/wp-json\/wp\/v2\/types\/page"}],"author":[{"embeddable":true,"href":"https:\/\/solemar-academy.com\/fr\/wp-json\/wp\/v2\/users\/3"}],"replies":[{"embeddable":true,"href":"https:\/\/solemar-academy.com\/fr\/wp-json\/wp\/v2\/comments?post=3509"}],"version-history":[{"count":0,"href":"https:\/\/solemar-academy.com\/fr\/wp-json\/wp\/v2\/pages\/3509\/revisions"}],"wp:featuredmedia":[{"embeddable":true,"href":"https:\/\/solemar-academy.com\/fr\/wp-json\/wp\/v2\/media\/14461"}],"wp:attachment":[{"href":"https:\/\/solemar-academy.com\/fr\/wp-json\/wp\/v2\/media?parent=3509"}],"curies":[{"name":"wp","href":"https:\/\/api.w.org\/{rel}","templated":true}]}}