{"id":3502,"date":"2014-11-14T17:09:14","date_gmt":"2014-11-14T16:09:14","guid":{"rendered":"http:\/\/solemar-academy.com\/certificazione-per-insegnanti-italiano-2\/"},"modified":"2025-11-17T09:00:41","modified_gmt":"2025-11-17T09:00:41","slug":"devenir-professeur-de-italien","status":"publish","type":"page","link":"https:\/\/solemar-academy.com\/fr\/devenir-professeur-de-italien\/","title":{"rendered":"DILS-PG &#8211; Devenir professeur d\u2019italien"},"content":{"rendered":"<div class=\"wpb-content-wrapper\">[vc_row row_type=\u00a0\u00bbrow\u00a0\u00bb text_align=\u00a0\u00bbleft\u00a0\u00bb css_animation=\u00a0\u00bb\u00a0\u00bb][vc_column width=\u00a0\u00bb1\/6&Prime;][vc_column_text]\n[\/vc_column_text][\/vc_column][vc_column width=\u00a0\u00bb2\/3&Prime;][vc_column_text]\n<h2 style=\"text-align: center;\">Examen DILS-PG<\/h2>\n<p>La <a href=\"https:\/\/solemar-academy.com\/fr\/\"><strong>Solemar Academy<\/strong><\/a> est l\u2019un des centres d\u2019examens de la Certification de l\u2019enseignement de l\u2019italien comme langue \u00e9trang\u00e8re (DILS-PG).<\/p>\n<p>La certification DILS-PG est la voie royale vers le monde de l\u2019enseignement de la langue italienne aux \u00e9trangers &#8211; c\u2019est \u00e9galement un bon outil pour ceux travaillent d\u00e9j\u00e0 dans ce domaine et qui souhaiteraient officialiser leurs acquis en la mati\u00e8re.<\/p>\n<p>L\u2019examen certifie que les comp\u00e9tences th\u00e9oriques, m\u00e9thodologiques, p\u00e9dagogiques et op\u00e9rationnelles. Cette m\u00e9thode insiste sur l\u2019exp\u00e9rience des \u00e9l\u00e8ves. Le DILS-PG se divise en trois parties qui cherchent toujours \u00e0 v\u00e9rifier les capacit\u00e9s op\u00e9rationnelles de l\u2019enseignant.<\/p>\n<h3>DILS-PG niveau 1 et niveau 2<\/h3>\n<p>Vous pouvez choisir entre deux niveaux de certification : le <strong>DILS-PG niveau 1<\/strong> s\u2019adresse \u00e0 ceux qui n\u2019ont pas encore acquis beaucoup d\u2019exp\u00e9rience en mati\u00e8re d\u2019enseignement. Le <strong>DILS-PG niveau 2<\/strong> s\u2019adresse \u00e0 ceux qui sont d\u00e9j\u00e0 bien rod\u00e9s ou qui ont d\u00e9j\u00e0 suivi un cursus sp\u00e9cifique.<\/p>\n<h3>Pourquoi choisir la certification DILS-PG<\/h3>\n<p>L\u2019Universit\u00e9 pour les \u00e9trangers de P\u00e9rouse et son <strong>Centre pour l\u2019\u00e9valuation des comp\u00e9tences linguistiques<\/strong> (CECL) est l\u2019un des membres fondateurs de l\u2019organisation <strong>ALTE<\/strong> &#8211; association qui comprend toutes les institutions de prestige en mati\u00e8re de certification linguistique.<\/p>\n<p><span style=\"font-weight: 400;\">Le CECL d\u00e9livre les certificats <a href=\"https:\/\/solemar-academy.com\/fr\/certification-ditalien-celi\/\"><strong>CELI<\/strong><\/a> et consacre \u00e9galement beaucoup d\u2019\u00e9nergie \u00e0 former des enseignants gr\u00e2ce au certificat DILS-PG. Le DILS-PG se distingue d\u2019autres certificats comme le DITALS ou le CEDILS, : <\/span><\/p>\n<ul>\n<li style=\"list-style-type: none;\">\n<ul>\n<li style=\"font-weight: 400;\"><span style=\"font-weight: 400;\">il s\u2019appuie sur l\u2019Universit\u00e9 pour les \u00e9trangers de P\u00e9rouse, institution centrale en mati\u00e8re de recherche et d\u2019enseignement de la langue italienne<\/span><\/li>\n<\/ul>\n<\/li>\n<\/ul>\n<ul>\n<li style=\"list-style-type: none;\">\n<ul>\n<li style=\"font-weight: 400;\"><span style=\"font-weight: 400;\">il propose un programme ax\u00e9 sur les comp\u00e9tences personnelles des enseignants<\/span><\/li>\n<\/ul>\n<\/li>\n<\/ul>\n<ul>\n<li style=\"list-style-type: none;\">\n<ul>\n<li style=\"font-weight: 400;\"><span style=\"font-weight: 400;\">il offre la possibilit\u00e9 de se pr\u00e9senter aux examens en candidat libre<\/span><\/li>\n<\/ul>\n<\/li>\n<\/ul>\n<ul>\n<li style=\"font-weight: 400;\"><span style=\"font-weight: 400;\">les frais d\u2019inscription sont r\u00e9duits par rapport au DITALS et au CEDILS<\/span><\/li>\n<\/ul>\n<h3>Comment se pr\u00e9parer au DILS-PG?<\/h3>\n<p>Pour vous pr\u00e9parer au mieux \u00e0 l\u2019examen, nous vous conseillons de vous r\u00e9f\u00e9rer \u00e0 la bibliographie de l\u2019Universit\u00e9 de P\u00e9rouse.<\/p>\n[\/vc_column_text][\/vc_column][vc_column width=\u00a0\u00bb1\/6&Prime;][vc_column_text]\n[\/vc_column_text][\/vc_column][\/vc_row][vc_row row_type=\u00a0\u00bbrow\u00a0\u00bb text_align=\u00a0\u00bbleft\u00a0\u00bb css_animation=\u00a0\u00bb\u00a0\u00bb css=\u00a0\u00bb.vc_custom_1543319936779{margin-top: 40px !important;margin-bottom: 40px !important;}\u00a0\u00bb][vc_column width=\u00a0\u00bb1\/4&Prime;][\/vc_column][vc_column css_animation=\u00a0\u00bbnone\u00a0\u00bb width=\u00a0\u00bb1\/4&Prime; css=\u00a0\u00bb.vc_custom_1543319981409{margin-bottom: 20px !important;}\u00a0\u00bb][vc_column_text css=\u00a0\u00bb.vc_custom_1763370027952{background-color: #2980b9 !important;border-radius: 5px !important;}\u00a0\u00bb]<span style=\"color: #2980b9;\">.<\/span><\/p>\n<h3 style=\"text-align: center;\"><span style=\"color: #ffffff;\">20 Febbraio 2026<\/span><\/h3>\n<h3 style=\"text-align: center;\"><span style=\"color: #ffffff;\">DILS-PG livello 1 e 2<\/span><\/h3>\n<p><span style=\"color: #2980b9;\">.<\/span>[\/vc_column_text][\/vc_column][vc_column css_animation=\u00a0\u00bbnone\u00a0\u00bb width=\u00a0\u00bb1\/4&Prime; css=\u00a0\u00bb.vc_custom_1543319992848{margin-bottom: 20px !important;}\u00a0\u00bb][vc_column_text css=\u00a0\u00bb.vc_custom_1763370037360{background-color: #2980b9 !important;border-radius: 5px !important;}\u00a0\u00bb]<span style=\"color: #2980b9;\">.<\/span><\/p>\n<h3 style=\"text-align: center;\"><span style=\"color: #ffffff;\">25 Settembre 2026<\/span><\/h3>\n<h3 style=\"text-align: center;\"><span style=\"color: #ffffff;\">DILS-PG livello 1 e 2<\/span><\/h3>\n<p><span style=\"color: #2980b9;\">.<\/span>[\/vc_column_text][\/vc_column][vc_column width=\u00a0\u00bb1\/4&Prime;][\/vc_column][\/vc_row][vc_row row_type=\u00a0\u00bbrow\u00a0\u00bb text_align=\u00a0\u00bbleft\u00a0\u00bb css_animation=\u00a0\u00bb\u00a0\u00bb][vc_column width=\u00a0\u00bb1\/6&Prime;][\/vc_column][vc_column width=\u00a0\u00bb2\/3&Prime;][vc_column_text]Vous pouvez \u00e9galement participer \u00e0 l\u2019une des <a href=\"https:\/\/solemar-academy.com\/fr\/notre-seminaire-de-glottodidactique\/\"><strong>sessions de mise \u00e0 jour et de formation<\/strong><\/a> propos\u00e9s par la Solemar Academy quelques semaines avant l\u2019examen.<\/p>\n<p><img class=\"size-medium wp-image-15792 aligncenter\" src=\"https:\/\/solemar-academy.com\/wp-content\/uploads\/2020\/12\/LogoDils-PG-02-300x119.png\" alt=\"Certificazione insegnanti di Italiano Dils PG\" width=\"200\" height=\"100\" \/>[\/vc_column_text][\/vc_column][vc_column width=\u00a0\u00bb1\/6&Prime;][vc_column_text]\n[\/vc_column_text][\/vc_column][\/vc_row][vc_row row_type=\u00a0\u00bbrow\u00a0\u00bb text_align=\u00a0\u00bbleft\u00a0\u00bb css_animation=\u00a0\u00bb\u00a0\u00bb][vc_column][vc_separator type=\u00a0\u00bbtransparent\u00a0\u00bb down=\u00a0\u00bb20&Prime; up=\u00a0\u00bb20&Prime;][\/vc_column][\/vc_row][vc_row row_type=\u00a0\u00bbrow\u00a0\u00bb text_align=\u00a0\u00bbleft\u00a0\u00bb css_animation=\u00a0\u00bb\u00a0\u00bb][vc_column width=\u00a0\u00bb1\/2&Prime;][vc_column_text]\n<h3>DILS-PG niveau 1<\/h3>\n<p>Vous devez \u00eatre titulaire :<\/p>\n<p>-d\u2019une licence en langue italienne ou en enseignement de l\u2019italien langue \u00e9trang\u00e8re<\/p>\n<p>-d\u2019une licence et d\u2019un master en enseignement de l\u2019italien<\/p>\n<p>-d\u2019une licence + au moins 200 heures d\u2019enseignement \u00e0 votre actif<\/p>\n<p>-du baccalaur\u00e9at + au moins 700 heures d\u2019enseignement \u00e0 votre actif<\/p>\n<p><strong>L\u2019examen se divise en 3 parties :<\/strong><\/p>\n<p>-connaissance th\u00e9orique<\/p>\n<p>-connaissance m\u00e9thodologique et p\u00e9dagogique<\/p>\n<p>-capacit\u00e9s op\u00e9rationnelles<\/p>\n<p><strong>Frais d\u2019inscription : 200,00 \u20ac\u00a0<\/strong>[\/vc_column_text][\/vc_column][vc_column width=\u00a0\u00bb1\/2&Prime;][vc_column_text]\n<h3>DILS-PG niveau 2<\/h3>\n<p>Vous devez \u00eatre titulaire :<\/p>\n<p>-d\u2019une licence en langue italienne ou en enseignement de l\u2019italien langue \u00e9trang\u00e8re<\/p>\n<p>-d\u2019une licence et d\u2019un master en enseignement de l\u2019italien<\/p>\n<p>-d\u2019une licence + au moins 400 heures d\u2019enseignement \u00e0 votre actif<\/p>\n<p>-du baccalaur\u00e9at + au moins 1500 heures d\u2019enseignement \u00e0 votre actif<\/p>\n<p><strong>L\u2019examen se divise en 3 parties :<\/strong><\/p>\n<p>-connaissance th\u00e9orique<\/p>\n<p>-connaissance m\u00e9thodologique et p\u00e9dagogique<\/p>\n<p>-capacit\u00e9s op\u00e9rationnelles<\/p>\n<p><strong>Frais d\u2019inscription : 250\u20ac<\/strong>[\/vc_column_text][\/vc_column][\/vc_row][vc_row row_type=\u00a0\u00bbrow\u00a0\u00bb text_align=\u00a0\u00bbleft\u00a0\u00bb css_animation=\u00a0\u00bb\u00a0\u00bb css=\u00a0\u00bb.vc_custom_1547473377389{margin-top: 20px !important;margin-bottom: 20px !important;}\u00a0\u00bb][vc_column width=\u00a0\u00bb1\/6&Prime; css=\u00a0\u00bb.vc_custom_1572518994001{margin-bottom: 10px !important;}\u00a0\u00bb][vc_hoverbox image=\u00a0\u00bb14879&Prime; primary_title=\u00a0\u00bbBibliografia DILS-PG I\u00a0\u00bb primary_title_font_container=\u00a0\u00bbfont_size:24|color:%23ffffff\u00a0\u00bb primary_title_use_theme_fonts=\u00a0\u00bbyes\u00a0\u00bb hover_title=\u00a0\u00bb\u00a0\u00bb hover_background_color=\u00a0\u00bbwhite\u00a0\u00bb use_custom_fonts_primary_title=\u00a0\u00bbtrue\u00a0\u00bb]<a href=\"https:\/\/solemar-academy.com\/wp-content\/uploads\/2025\/08\/BIBLIOGRAFIA-DILS-PG-I-livello_gen.2025_aggiornata.pdf\" target=\"_self\" class=\"qbutton medium no_fill\" style=\"color: #ffffff; background-color: #3c6382; \">Download<\/a>[\/vc_hoverbox][\/vc_column][vc_column width=\u00a0\u00bb1\/6&Prime;][vc_hoverbox image=\u00a0\u00bb14879&Prime; primary_title=\u00a0\u00bbScheda di iscrizione\u00a0\u00bb primary_title_font_container=\u00a0\u00bbfont_size:24|color:%23ffffff\u00a0\u00bb primary_title_use_theme_fonts=\u00a0\u00bbyes\u00a0\u00bb hover_title=\u00a0\u00bb\u00a0\u00bb hover_background_color=\u00a0\u00bbwhite\u00a0\u00bb use_custom_fonts_primary_title=\u00a0\u00bbtrue\u00a0\u00bb css=\u00a0\u00bb.vc_custom_1755095713941{margin-bottom: 10px !important;}\u00a0\u00bb primary_title_link=\u00a0\u00bburl:https%3A%2F%2Fsolemar-academy.com%2Fwp-content%2Fuploads%2F2024%2F08%2FDILS-PG-I_SCHEDA-ISCRIZIONE-ESAME_aggiornata.pdf|target:_blank\u00a0\u00bb]<a href=\"https:\/\/solemar-academy.com\/wp-content\/uploads\/2025\/08\/DILS-PG-I_SCHEDA-ISCRIZIONE-ESAME_aggiornata.pdf\" target=\"_self\" class=\"qbutton medium no_fill\" style=\"color: #ffffff; background-color: #3c6382; \">Download<\/a>[\/vc_hoverbox][\/vc_column][vc_column width=\u00a0\u00bb1\/6&Prime;][vc_hoverbox image=\u00a0\u00bb14873&Prime; primary_title=\u00a0\u00bbScheda informativa DILS-PG I\u00a0\u00bb primary_title_font_container=\u00a0\u00bbfont_size:24|color:%23ffffff\u00a0\u00bb primary_title_use_theme_fonts=\u00a0\u00bbyes\u00a0\u00bb hover_title=\u00a0\u00bb\u00a0\u00bb hover_background_color=\u00a0\u00bbwhite\u00a0\u00bb use_custom_fonts_primary_title=\u00a0\u00bbtrue\u00a0\u00bb css=\u00a0\u00bb.vc_custom_1755095741686{margin-bottom: 10px !important;}\u00a0\u00bb]<a href=\"https:\/\/solemar-academy.com\/wp-content\/uploads\/2025\/08\/Scheda-raccolta-dati-DILS-PG-I.pdf\" target=\"_self\" class=\"qbutton medium no_fill\" style=\"color: #ffffff; background-color: #3c6382; \">Download<\/a>[\/vc_hoverbox][\/vc_column][vc_column width=\u00a0\u00bb1\/6&Prime;][vc_hoverbox image=\u00a0\u00bb14879&Prime; primary_title=\u00a0\u00bbBibliografia DILS-PG II\u00a0\u00bb primary_title_font_container=\u00a0\u00bbfont_size:24|color:%23ffffff\u00a0\u00bb primary_title_use_theme_fonts=\u00a0\u00bbyes\u00a0\u00bb hover_title=\u00a0\u00bb\u00a0\u00bb hover_background_color=\u00a0\u00bbwhite\u00a0\u00bb use_custom_fonts_primary_title=\u00a0\u00bbtrue\u00a0\u00bb css=\u00a0\u00bb.vc_custom_1755095973524{margin-bottom: 10px !important;}\u00a0\u00bb]<a href=\"https:\/\/solemar-academy.com\/wp-content\/uploads\/2025\/08\/Bibliografia_DILS-PG-II-liv-gen-2025aggiornata.pdf\" target=\"_self\" class=\"qbutton medium no_fill\" style=\"color: #ffffff; background-color: #3c6382; \">Download<\/a>[\/vc_hoverbox][\/vc_column][vc_column width=\u00a0\u00bb1\/6&Prime;][vc_hoverbox image=\u00a0\u00bb14879&Prime; primary_title=\u00a0\u00bbScheda di iscrizione DILS-PG II\u00a0\u00bb primary_title_font_container=\u00a0\u00bbfont_size:24|color:%23ffffff\u00a0\u00bb primary_title_use_theme_fonts=\u00a0\u00bbyes\u00a0\u00bb hover_title=\u00a0\u00bb\u00a0\u00bb hover_background_color=\u00a0\u00bbwhite\u00a0\u00bb use_custom_fonts_primary_title=\u00a0\u00bbtrue\u00a0\u00bb css=\u00a0\u00bb.vc_custom_1755096043199{margin-bottom: 10px !important;}\u00a0\u00bb primary_title_link=\u00a0\u00bburl:https%3A%2F%2Fsolemar-academy.com%2Fwp-content%2Fuploads%2F2024%2F08%2FDILS-PG-II_SCHEDA-ISCRIZIONE-ESAME_aggiornata.pdf|target:_blank\u00a0\u00bb]<a href=\"https:\/\/solemar-academy.com\/wp-content\/uploads\/2025\/08\/DILS-PG-II_SCHEDA-ISCRIZIONE-ESAME_aggiornata-1.pdf\" target=\"_self\" class=\"qbutton medium no_fill\" style=\"color: #ffffff; background-color: #3c6382; \">Download<\/a>[\/vc_hoverbox][\/vc_column][vc_column width=\u00a0\u00bb1\/6&Prime;][vc_hoverbox image=\u00a0\u00bb14873&Prime; primary_title=\u00a0\u00bbScheda informativa DILS-PG II\u00a0\u00bb primary_title_font_container=\u00a0\u00bbfont_size:24|color:%23ffffff\u00a0\u00bb primary_title_use_theme_fonts=\u00a0\u00bbyes\u00a0\u00bb hover_title=\u00a0\u00bb\u00a0\u00bb hover_background_color=\u00a0\u00bbwhite\u00a0\u00bb use_custom_fonts_primary_title=\u00a0\u00bbtrue\u00a0\u00bb css=\u00a0\u00bb.vc_custom_1755095609740{margin-bottom: 10px !important;}\u00a0\u00bb]<a href=\"https:\/\/solemar-academy.com\/wp-content\/uploads\/2025\/08\/Scheda-raccolta-dati-DILS-II.pdf\" target=\"_self\" class=\"qbutton medium no_fill\" style=\"color: #ffffff; background-color: #3c6382; \">Download<\/a>[\/vc_hoverbox][\/vc_column][\/vc_row][vc_row row_type=\u00a0\u00bbrow\u00a0\u00bb text_align=\u00a0\u00bbleft\u00a0\u00bb css_animation=\u00a0\u00bb\u00a0\u00bb][\/vc_row][vc_column width=\u00a0\u00bb1\/6&Prime;][\/vc_column][vc_column width=\u00a0\u00bb2\/3&Prime; css=\u00a0\u00bb.vc_custom_1607677307397{margin-top: 30px !important;margin-bottom: 40px !important;}\u00a0\u00bb][\/vc_column][vc_column_text]\n<p>I am text block. Click edit button to change this text. Lorem ipsum dolor sit amet, consectetur adipiscing elit. Ut elit tellus, luctus nec ullamcorper mattis, pulvinar dapibus leo.<\/p>\n[\/vc_column_text]\n<\/div>","protected":false},"excerpt":{"rendered":"<p>[vc_row row_type=\u00a0\u00bbrow\u00a0\u00bb text_align=\u00a0\u00bbleft\u00a0\u00bb css_animation=\u00a0\u00bb\u00a0\u00bb][vc_column width=\u00a0\u00bb1\/6&Prime;][vc_column_text] [\/vc_column_text][\/vc_column][vc_column width=\u00a0\u00bb2\/3&Prime;][vc_column_text] Examen DILS-PG La Solemar Academy est l\u2019un des centres d\u2019examens de la Certification de l\u2019enseignement de l\u2019italien comme langue \u00e9trang\u00e8re (DILS-PG). La certification DILS-PG est la voie royale vers le monde de l\u2019enseignement de la langue italienne aux&#8230;<\/p>\n","protected":false},"author":2,"featured_media":14461,"parent":0,"menu_order":0,"comment_status":"open","ping_status":"open","template":"","meta":{"inline_featured_image":false},"yoast_head":"<!-- This site is optimized with the Yoast SEO Premium plugin v19.5 (Yoast SEO v19.11) - https:\/\/yoast.com\/wordpress\/plugins\/seo\/ -->\n<title>DILS-PG - Devenir professeur d\u2019italien &mdash; Solemar Academy<\/title>\n<meta name=\"description\" content=\"Comment devenir professeur d\u2019italien? Si vous souhaitez devenir un enseignant vous devez obtenir un certificat d\u2019italien langue \u00e9trang\u00e8re.\" \/>\n<meta name=\"robots\" content=\"index, follow, max-snippet:-1, max-image-preview:large, max-video-preview:-1\" \/>\n<link rel=\"canonical\" href=\"https:\/\/solemar-academy.com\/fr\/devenir-professeur-de-italien\/\" \/>\n<meta property=\"og:locale\" content=\"fr_FR\" \/>\n<meta property=\"og:type\" content=\"article\" \/>\n<meta property=\"og:title\" content=\"DILS-PG - Devenir professeur d\u2019italien\" \/>\n<meta property=\"og:description\" content=\"Comment devenir professeur d\u2019italien? Si vous souhaitez devenir un enseignant vous devez obtenir un certificat d\u2019italien langue \u00e9trang\u00e8re.\" \/>\n<meta property=\"og:url\" content=\"https:\/\/solemar-academy.com\/fr\/devenir-professeur-de-italien\/\" \/>\n<meta property=\"og:site_name\" content=\"Solemar Academy\" \/>\n<meta property=\"article:modified_time\" content=\"2025-11-17T09:00:41+00:00\" \/>\n<meta property=\"og:image\" content=\"https:\/\/solemar-academy.com\/wp-content\/uploads\/layerslider\/HomePage-slider-RU\/learn-italian-in-italy-scaled.jpg\" \/>\n\t<meta property=\"og:image:width\" content=\"1024\" \/>\n\t<meta property=\"og:image:height\" content=\"681\" \/>\n\t<meta property=\"og:image:type\" content=\"image\/jpeg\" \/>\n<meta name=\"twitter:card\" content=\"summary_large_image\" \/>\n<meta name=\"twitter:label1\" content=\"Dur\u00e9e de lecture estim\u00e9e\" \/>\n\t<meta name=\"twitter:data1\" content=\"5 minutes\" \/>\n<script type=\"application\/ld+json\" class=\"yoast-schema-graph\">{\"@context\":\"https:\/\/schema.org\",\"@graph\":[{\"@type\":\"WebPage\",\"@id\":\"https:\/\/solemar-academy.com\/fr\/devenir-professeur-de-italien\/\",\"url\":\"https:\/\/solemar-academy.com\/fr\/devenir-professeur-de-italien\/\",\"name\":\"DILS-PG - Devenir professeur d\u2019italien &mdash; Solemar Academy\",\"isPartOf\":{\"@id\":\"https:\/\/solemar-academy.com\/#website\"},\"datePublished\":\"2014-11-14T16:09:14+00:00\",\"dateModified\":\"2025-11-17T09:00:41+00:00\",\"description\":\"Comment devenir professeur d\u2019italien? Si vous souhaitez devenir un enseignant vous devez obtenir un certificat d\u2019italien langue \u00e9trang\u00e8re.\",\"breadcrumb\":{\"@id\":\"https:\/\/solemar-academy.com\/fr\/devenir-professeur-de-italien\/#breadcrumb\"},\"inLanguage\":\"fr-FR\",\"potentialAction\":[{\"@type\":\"ReadAction\",\"target\":[\"https:\/\/solemar-academy.com\/fr\/devenir-professeur-de-italien\/\"]}]},{\"@type\":\"BreadcrumbList\",\"@id\":\"https:\/\/solemar-academy.com\/fr\/devenir-professeur-de-italien\/#breadcrumb\",\"itemListElement\":[{\"@type\":\"ListItem\",\"position\":1,\"name\":\"Home\",\"item\":\"https:\/\/solemar-academy.com\/fr\/\"},{\"@type\":\"ListItem\",\"position\":2,\"name\":\"DILS-PG &#8211; Devenir professeur d\u2019italien\"}]},{\"@type\":\"WebSite\",\"@id\":\"https:\/\/solemar-academy.com\/#website\",\"url\":\"https:\/\/solemar-academy.com\/\",\"name\":\"Solemar Academy\",\"description\":\"Learn Italian in Italy\",\"publisher\":{\"@id\":\"https:\/\/solemar-academy.com\/#organization\"},\"potentialAction\":[{\"@type\":\"SearchAction\",\"target\":{\"@type\":\"EntryPoint\",\"urlTemplate\":\"https:\/\/solemar-academy.com\/?s={search_term_string}\"},\"query-input\":\"required name=search_term_string\"}],\"inLanguage\":\"fr-FR\"},{\"@type\":\"Organization\",\"@id\":\"https:\/\/solemar-academy.com\/#organization\",\"name\":\"Solemar Academy\",\"url\":\"https:\/\/solemar-academy.com\/\",\"logo\":{\"@type\":\"ImageObject\",\"inLanguage\":\"fr-FR\",\"@id\":\"https:\/\/solemar-academy.com\/#\/schema\/logo\/image\/\",\"url\":\"https:\/\/solemar-academy.com\/wp-content\/uploads\/2022\/06\/logo-solemar-academy.png\",\"contentUrl\":\"https:\/\/solemar-academy.com\/wp-content\/uploads\/2022\/06\/logo-solemar-academy.png\",\"width\":32,\"height\":32,\"caption\":\"Solemar Academy\"},\"image\":{\"@id\":\"https:\/\/solemar-academy.com\/#\/schema\/logo\/image\/\"}}]}<\/script>\n<!-- \/ Yoast SEO Premium plugin. -->","yoast_head_json":{"title":"DILS-PG - Devenir professeur d\u2019italien &mdash; Solemar Academy","description":"Comment devenir professeur d\u2019italien? Si vous souhaitez devenir un enseignant vous devez obtenir un certificat d\u2019italien langue \u00e9trang\u00e8re.","robots":{"index":"index","follow":"follow","max-snippet":"max-snippet:-1","max-image-preview":"max-image-preview:large","max-video-preview":"max-video-preview:-1"},"canonical":"https:\/\/solemar-academy.com\/fr\/devenir-professeur-de-italien\/","og_locale":"fr_FR","og_type":"article","og_title":"DILS-PG - Devenir professeur d\u2019italien","og_description":"Comment devenir professeur d\u2019italien? Si vous souhaitez devenir un enseignant vous devez obtenir un certificat d\u2019italien langue \u00e9trang\u00e8re.","og_url":"https:\/\/solemar-academy.com\/fr\/devenir-professeur-de-italien\/","og_site_name":"Solemar Academy","article_modified_time":"2025-11-17T09:00:41+00:00","og_image":[{"width":1024,"height":681,"url":"https:\/\/solemar-academy.com\/wp-content\/uploads\/layerslider\/HomePage-slider-RU\/learn-italian-in-italy-scaled.jpg","type":"image\/jpeg"}],"twitter_card":"summary_large_image","twitter_misc":{"Dur\u00e9e de lecture estim\u00e9e":"5 minutes"},"schema":{"@context":"https:\/\/schema.org","@graph":[{"@type":"WebPage","@id":"https:\/\/solemar-academy.com\/fr\/devenir-professeur-de-italien\/","url":"https:\/\/solemar-academy.com\/fr\/devenir-professeur-de-italien\/","name":"DILS-PG - Devenir professeur d\u2019italien &mdash; Solemar Academy","isPartOf":{"@id":"https:\/\/solemar-academy.com\/#website"},"datePublished":"2014-11-14T16:09:14+00:00","dateModified":"2025-11-17T09:00:41+00:00","description":"Comment devenir professeur d\u2019italien? Si vous souhaitez devenir un enseignant vous devez obtenir un certificat d\u2019italien langue \u00e9trang\u00e8re.","breadcrumb":{"@id":"https:\/\/solemar-academy.com\/fr\/devenir-professeur-de-italien\/#breadcrumb"},"inLanguage":"fr-FR","potentialAction":[{"@type":"ReadAction","target":["https:\/\/solemar-academy.com\/fr\/devenir-professeur-de-italien\/"]}]},{"@type":"BreadcrumbList","@id":"https:\/\/solemar-academy.com\/fr\/devenir-professeur-de-italien\/#breadcrumb","itemListElement":[{"@type":"ListItem","position":1,"name":"Home","item":"https:\/\/solemar-academy.com\/fr\/"},{"@type":"ListItem","position":2,"name":"DILS-PG &#8211; Devenir professeur d\u2019italien"}]},{"@type":"WebSite","@id":"https:\/\/solemar-academy.com\/#website","url":"https:\/\/solemar-academy.com\/","name":"Solemar Academy","description":"Learn Italian in Italy","publisher":{"@id":"https:\/\/solemar-academy.com\/#organization"},"potentialAction":[{"@type":"SearchAction","target":{"@type":"EntryPoint","urlTemplate":"https:\/\/solemar-academy.com\/?s={search_term_string}"},"query-input":"required name=search_term_string"}],"inLanguage":"fr-FR"},{"@type":"Organization","@id":"https:\/\/solemar-academy.com\/#organization","name":"Solemar Academy","url":"https:\/\/solemar-academy.com\/","logo":{"@type":"ImageObject","inLanguage":"fr-FR","@id":"https:\/\/solemar-academy.com\/#\/schema\/logo\/image\/","url":"https:\/\/solemar-academy.com\/wp-content\/uploads\/2022\/06\/logo-solemar-academy.png","contentUrl":"https:\/\/solemar-academy.com\/wp-content\/uploads\/2022\/06\/logo-solemar-academy.png","width":32,"height":32,"caption":"Solemar Academy"},"image":{"@id":"https:\/\/solemar-academy.com\/#\/schema\/logo\/image\/"}}]}},"_links":{"self":[{"href":"https:\/\/solemar-academy.com\/fr\/wp-json\/wp\/v2\/pages\/3502"}],"collection":[{"href":"https:\/\/solemar-academy.com\/fr\/wp-json\/wp\/v2\/pages"}],"about":[{"href":"https:\/\/solemar-academy.com\/fr\/wp-json\/wp\/v2\/types\/page"}],"author":[{"embeddable":true,"href":"https:\/\/solemar-academy.com\/fr\/wp-json\/wp\/v2\/users\/2"}],"replies":[{"embeddable":true,"href":"https:\/\/solemar-academy.com\/fr\/wp-json\/wp\/v2\/comments?post=3502"}],"version-history":[{"count":16,"href":"https:\/\/solemar-academy.com\/fr\/wp-json\/wp\/v2\/pages\/3502\/revisions"}],"predecessor-version":[{"id":19993,"href":"https:\/\/solemar-academy.com\/fr\/wp-json\/wp\/v2\/pages\/3502\/revisions\/19993"}],"wp:featuredmedia":[{"embeddable":true,"href":"https:\/\/solemar-academy.com\/fr\/wp-json\/wp\/v2\/media\/14461"}],"wp:attachment":[{"href":"https:\/\/solemar-academy.com\/fr\/wp-json\/wp\/v2\/media?parent=3502"}],"curies":[{"name":"wp","href":"https:\/\/api.w.org\/{rel}","templated":true}]}}