{"id":3490,"date":"2014-11-14T10:59:24","date_gmt":"2014-11-14T09:59:24","guid":{"rendered":"http:\/\/solemar-academy.com\/certificati-italiano-2\/"},"modified":"2024-11-13T13:41:15","modified_gmt":"2024-11-13T13:41:15","slug":"certification-ditalien-celi","status":"publish","type":"page","link":"https:\/\/solemar-academy.com\/fr\/certification-ditalien-celi\/","title":{"rendered":"Certification CELI &#8211; \u00c9cole d&rsquo;italien en Italie"},"content":{"rendered":"<div class=\"wpb-content-wrapper\">[vc_row row_type=\u00a0\u00bbrow\u00a0\u00bb text_align=\u00a0\u00bbleft\u00a0\u00bb css_animation=\u00a0\u00bb\u00a0\u00bb][vc_column][vc_column_text]\n[\/vc_column_text][\/vc_column][\/vc_row][vc_row row_type=\u00a0\u00bbrow\u00a0\u00bb text_align=\u00a0\u00bbleft\u00a0\u00bb css_animation=\u00a0\u00bb\u00a0\u00bb][vc_column width=\u00a0\u00bb1\/6&Prime;][vc_column_text]\n[\/vc_column_text][\/vc_column][vc_column width=\u00a0\u00bb2\/3&Prime;][vc_column_text]\n<h2 style=\"text-align: center;\">Certification d&rsquo;italien langue \u00e9trang\u00e8re (CELI)<\/h2>\n<p>&nbsp;<\/p>\n<p>&nbsp;<\/p>\n<p>Gr\u00e2ce \u00e0 la Solemar Academy, vous pouvez pr\u00e9parer les examens de la certification d\u2019Italien langue \u00e9trang\u00e8re aupr\u00e8s de l\u2019universit\u00e9 pour \u00e9trangers de P\u00e9rouse. Les <strong>certificats d\u2019italien CELI<\/strong> sont reconnus par le Minist\u00e8re de l\u2019instruction et par le Minist\u00e8re des affaires \u00e9trang\u00e8res.<\/p>\n<p>&nbsp;<\/p>\n<h3>Pourquoi il est utile de passer l\u2019examen CELI<\/h3>\n<p>&nbsp;<\/p>\n<p>Passer l\u2019examen CELI est utile pour diverses raisons. Tout d\u2019abord, la certification est n\u00e9cessaire pour ceux qui veulent s\u2019inscrire \u00e0 l\u2019Universit\u00e9 en Italie (CELI 3). Il est indispensable pour ceux qui veulent obtenir un permis de s\u00e9jour de longue dur\u00e9e (CELI 1 ou CELI 1 Immigrant). C\u2019est un outil remarquable pour s\u2019introduire sur le march\u00e9 du travail italien. Enfin c\u2019est aussi un bon moyen d\u2019\u00e9valuer sa progression personnelle dans l\u2019apprentissage de l\u2019italien, \u00e0 la fin d\u2019un cycle de cours.<\/p>\n<p>&nbsp;<\/p>\n<p>&nbsp;<\/p>\n<h3>Pourquoi choisir ce type de certification?<\/h3>\n<p>&nbsp;<\/p>\n<p>Le syst\u00e8me italien distingue 4 types de certificats aupr\u00e8s des Universit\u00e9s : CELI &#8211; Universit\u00e9 pour \u00e9trangers de P\u00e9rouse, CILS &#8211; Universit\u00e9 de Sienne, Soci\u00e9t\u00e9 Dante Alighieri &#8211; PLIDA, et ROMA 3 &#8211; Universit\u00e9 de Rome. Ils s\u2019inscrivent tous dans le <strong>Quadre commun europ\u00e9en pour les langues<\/strong>, et malgr\u00e9 leurs diff\u00e9rents niveaux d\u2019exigences, sont plut\u00f4t similaires. La diff\u00e9rence principale est que les certifications CELI et CVCL sont les seules \u00e0 faire partie de l\u2019organisation europ\u00e9enne <a href=\"https:\/\/www.alte.org\/Our-Full-Members\"><strong>ALTE<\/strong><\/a>. Cette derni\u00e8re requi\u00e8re des standards d\u2019une tr\u00e8s haute exigence et tous les examens CELI font l\u2019objet d\u2019une surveillance constante pour garantir l\u2019homog\u00e9n\u00e9it\u00e9 des formules et des tests. Pour vous donner une id\u00e9e, voici quelques uns des membres de l\u2019ALTE : Cambridge Exams, G\u00f6the Institue Zerifikate, Certifications DELF.<\/p>\n<p>&nbsp;<\/p>\n<h3>Examen standard CELI<\/h3>\n<p>&nbsp;<\/p>\n<p>Ce type d&rsquo;examen, appel\u00e9 CELI Standard, est destin\u00e9 aux \u00e9tudiants d&rsquo;italien qui veulent se tester ou qui ont besoin de certifier leurs comp\u00e9tences acquises pour des <strong>raisons professionnelles<\/strong> ou pour <strong>s&rsquo;inscrire \u00e0 un cours universitaire en Italie<\/strong> (le niveau seuil est B2). La structure de l&rsquo;examen comprend une partie \u00e9crite, une partie de compr\u00e9hension orale et un entretien final pour v\u00e9rifier les comp\u00e9tences de production orale. La dur\u00e9e de l&rsquo;examen d\u00e9pend du niveau de l&rsquo;examen que vous souhaitez passer. Si vous cherchez un nouveau d\u00e9fi, choisissez l&rsquo;une des sessions d&rsquo;examen pr\u00e9vues (en mars, juin ou novembre) et envoyez votre candidature \u00e0 notre \u00e9cole dans les 40 jours suivant la date de l&rsquo;examen.<\/p>\n<p>&nbsp;<\/p>\n<h3>Examens CELI pour les immigrants pour la citoyennet\u00e9 ou la r\u00e9sidence en Italie<\/h3>\n<p>&nbsp;<\/p>\n<p>Ce type d&rsquo;examen vous permet d&rsquo;obtenir un certificat valable pour demander un <strong>permis de s\u00e9jour permanent en Italie<\/strong> (niveau A2, CELI 1 i) ou pour demander la <strong>citoyennet\u00e9 italienne<\/strong> (niveau B1, CELI 2 i). Les tests visent \u00e0 certifier non seulement les comp\u00e9tences linguistiques des candidats, mais aussi leurs <strong>comp\u00e9tences civiques et interculturelles<\/strong>. L&rsquo;examen comprend une partie \u00e9crite (compr\u00e9hension de la lecture, production \u00e9crite et interaction), une partie de compr\u00e9hension orale et une partie de production orale (un entretien de 10\/15 minutes).<\/p>\n<p>Les examens CELI Immigrant ont lieu aux dates fix\u00e9es par l&rsquo;Universit\u00e9 pour les \u00e9trangers de P\u00e9rouse en f\u00e9vrier, mai, juillet, septembre et novembre. Pour vous inscrire, n&rsquo;oubliez pas de nous contacter dans les 40 jours suivant la date de l&rsquo;examen qui vous int\u00e9resse.<\/p>\n<p>&nbsp;<\/p>\n<p>&nbsp;<\/p>\n<p><img class=\"size-medium wp-image-14973 aligncenter\" src=\"https:\/\/solemar-academy.com\/wp-content\/uploads\/2020\/11\/CELI-01-300x151.png\" alt=\"celi\" width=\"200\" height=\"100\" srcset=\"https:\/\/solemar-academy.com\/wp-content\/uploads\/2020\/11\/CELI-01-300x151.png 300w, https:\/\/solemar-academy.com\/wp-content\/uploads\/2020\/11\/CELI-01.png 584w\" sizes=\"(max-width: 200px) 100vw, 200px\" \/><\/p>\n<p>&nbsp;<\/p>\n<h3>Niveaux et dates d\u2019examens<\/h3>\n<p>&nbsp;<\/p>\n\n<table id=\"tablepress-41\" class=\"tablepress tablepress-id-41\">\n<thead>\n<tr class=\"row-1 odd\">\n\t<th class=\"column-1\">DATA ESAME<\/th><th class=\"column-2\">CERTIFICATO<\/th><th class=\"column-3\">LIVELLO QCER<\/th><th class=\"column-4\">SCADENZA ISCRIZIONI<\/th>\n<\/tr>\n<\/thead>\n<tbody class=\"row-hover\">\n<tr class=\"row-2 even\">\n\t<td class=\"column-1\">18 febbraio 2026<\/td><td class=\"column-2\">CELI immigrati<\/td><td class=\"column-3\">A2 - B1<\/td><td class=\"column-4\">16 gennaio 2026<\/td>\n<\/tr>\n<tr class=\"row-3 odd\">\n\t<td class=\"column-1\">11 marzo 2026<\/td><td class=\"column-2\">CELI<\/td><td class=\"column-3\">A1 - A2 - B1 - B2<\/td><td class=\"column-4\">13 febbraio 2026<\/td>\n<\/tr>\n<tr class=\"row-4 even\">\n\t<td class=\"column-1\">06 maggio 2026<\/td><td class=\"column-2\">CELI immigrati<\/td><td class=\"column-3\">A2 - B1<\/td><td class=\"column-4\">10 aprile 2026<\/td>\n<\/tr>\n<tr class=\"row-5 odd\">\n\t<td class=\"column-1\">09 maggio 2026<\/td><td class=\"column-2\">CELI Adolescenti<\/td><td class=\"column-3\">A2 - B1 - B2<\/td><td class=\"column-4\">10 aprile 2026<\/td>\n<\/tr>\n<tr class=\"row-6 even\">\n\t<td class=\"column-1\">09 giugno 2026<\/td><td class=\"column-2\">CELI<\/td><td class=\"column-3\">A1 - A2 - B1 - B2 - C1 - C2<\/td><td class=\"column-4\">5 maggio 2026<\/td>\n<\/tr>\n<tr class=\"row-7 odd\">\n\t<td class=\"column-1\">16 settembre 2026<\/td><td class=\"column-2\">CELI immigrati<\/td><td class=\"column-3\">A2 - B1<\/td><td class=\"column-4\">14 agosto 2026<\/td>\n<\/tr>\n<tr class=\"row-8 even\">\n\t<td class=\"column-1\">11 novembre 2026<\/td><td class=\"column-2\">CELI <\/td><td class=\"column-3\">A1 - A2 - B1 - B2 - C1 - C2<\/td><td class=\"column-4\">09 ottobre 2026<\/td>\n<\/tr>\n<\/tbody>\n<\/table>\n\n<p>&nbsp;<\/p>\n<h3>Frais d&rsquo;inscription<\/h3>\n<p>&nbsp;<\/p>\n<p>Les frais d\u2019inscription aux examens CELI sont fix\u00e9s par l\u2019<strong>Universit\u00e9 de P\u00e9rouse<\/strong>.<\/p>\n<p>Les voici :<\/p>\n<p><strong><a href=\"https:\/\/www.unistrapg.it\/it\/certificati-di-conoscenza-della-lingua-italiana\/certificati-di-conoscenza-della-lingua-italiana-iscrizioni\">https:\/\/www.unistrapg.it\/it\/certificati-di-conoscenza-della-lingua-italiana\/certificati-di-conoscenza-della-lingua-italiana-iscrizioni<\/a><\/strong><\/p>\n<p>&nbsp;<\/p>\n<p>Aux co\u00fbts indiqu\u00e9s par le CVCL, il faut ajouter 50,00 \u20ac pour couvrir les frais du timbre fiscal (obligatoire).<\/p>\n<p>&nbsp;<\/p>\n<h3>Comment s\u2019inscrire?<\/h3>\n<p>&nbsp;<\/p>\n<p>Pour vous inscrire il suffit de t\u00e9l\u00e9charger, <strong>remplir et renvoyer le module<\/strong> dans un d\u00e9lai de 40 jours avant la date de l\u2019examen. Avec le module, n\u2019oubliez pas de joindre une copie du paiement de la taxe d\u2019inscription.[\/vc_column_text][\/vc_column][vc_column width=\u00a0\u00bb1\/6&Prime;][vc_column_text]\n[\/vc_column_text][\/vc_column][\/vc_row][vc_row row_type=\u00a0\u00bbrow\u00a0\u00bb text_align=\u00a0\u00bbleft\u00a0\u00bb css_animation=\u00a0\u00bb\u00a0\u00bb css=\u00a0\u00bb.vc_custom_1614858495684{margin-top: 30px !important;margin-bottom: 30px !important;}\u00a0\u00bb][vc_column width=\u00a0\u00bb1\/3&Prime; css=\u00a0\u00bb.vc_custom_1547456929336{margin-bottom: 5px !important;}\u00a0\u00bb][vc_hoverbox image=\u00a0\u00bb14879&Prime; primary_title=\u00a0\u00bbMODULO CELI\u00a0\u00bb primary_title_font_container=\u00a0\u00bbfont_size:36|color:%23ffffff|line_height:1&Prime; primary_title_use_theme_fonts=\u00a0\u00bbyes\u00a0\u00bb hover_title=\u00a0\u00bb\u00a0\u00bb hover_background_color=\u00a0\u00bbwhite\u00a0\u00bb el_width=\u00a0\u00bb80&Prime; use_custom_fonts_primary_title=\u00a0\u00bbtrue\u00a0\u00bb]<a href=\"https:\/\/solemar-academy.com\/wp-content\/uploads\/2020\/12\/celi-cheda-iscrizione.pdf\" target=\"_self\" class=\"qbutton medium no_fill\" style=\"background-color: #e67e22; \">DOWNLOAD<\/a>[\/vc_hoverbox][\/vc_column][vc_column width=\u00a0\u00bb1\/3&Prime; css=\u00a0\u00bb.vc_custom_1547456937206{margin-bottom: 5px !important;}\u00a0\u00bb][vc_hoverbox image=\u00a0\u00bb14873&Prime; primary_title=\u00a0\u00bbMODULO ADOLESCENTI\u00a0\u00bb primary_title_font_container=\u00a0\u00bbfont_size:36|color:%23ffffff|line_height:1&Prime; primary_title_use_theme_fonts=\u00a0\u00bbyes\u00a0\u00bb hover_title=\u00a0\u00bb\u00a0\u00bb hover_background_color=\u00a0\u00bbwhite\u00a0\u00bb el_width=\u00a0\u00bb80&Prime; use_custom_fonts_primary_title=\u00a0\u00bbtrue\u00a0\u00bb]<a href=\"https:\/\/solemar-academy.com\/wp-content\/uploads\/2020\/12\/celi-a-scheda-iscrizione.pdf\" target=\"_self\" class=\"qbutton medium no_fill\" style=\"background-color: #e67e22; \">DOWNLOAD<\/a>[\/vc_hoverbox][\/vc_column][vc_column width=\u00a0\u00bb1\/3&Prime; css=\u00a0\u00bb.vc_custom_1547456946083{margin-bottom: 5px !important;}\u00a0\u00bb][vc_hoverbox image=\u00a0\u00bb14879&Prime; primary_title=\u00a0\u00bbMODULO IMMIGRATI\u00a0\u00bb primary_title_font_container=\u00a0\u00bbfont_size:36|color:%23ffffff|line_height:1&Prime; primary_title_use_theme_fonts=\u00a0\u00bbyes\u00a0\u00bb hover_title=\u00a0\u00bb\u00a0\u00bb hover_background_color=\u00a0\u00bbwhite\u00a0\u00bb el_width=\u00a0\u00bb80&Prime; use_custom_fonts_primary_title=\u00a0\u00bbtrue\u00a0\u00bb]<a href=\"https:\/\/solemar-academy.com\/wp-content\/uploads\/2020\/12\/celi-i-scheda-iscrizione.pdf\" target=\"_self\" class=\"qbutton medium no_fill\" style=\"background-color: #e67e22; \">DOWNLOAD<\/a>[\/vc_hoverbox][\/vc_column][\/vc_row][vc_row row_type=\u00a0\u00bbrow\u00a0\u00bb text_align=\u00a0\u00bbleft\u00a0\u00bb css_animation=\u00a0\u00bb\u00a0\u00bb css=\u00a0\u00bb.vc_custom_1614858037018{margin-top: 30px !important;margin-bottom: 30px !important;}\u00a0\u00bb][vc_column width=\u00a0\u00bb1\/6&Prime;][\/vc_column][vc_column width=\u00a0\u00bb2\/3&Prime;][vc_column_text]\n<h3>Pr\u00e9paration aux examens CELI<\/h3>\n<p>&nbsp;<\/p>\n<p>Pour vous pr\u00e9parer aux examens CELI standard ou CELI immigrants, vous pouvez r\u00e9server un de nos <a href=\"https:\/\/solemar-academy.com\/fr\/apprendre-litalien\/#cours\"><strong>cours de pr\u00e9paration aux examens CELI<\/strong><\/a> \u00e0 la Solemar Academy. Notre \u00e9cole propose deux types de cours diff\u00e9rents :<\/p>\n<p>&#8211; <strong>Cours individuel :<\/strong> il s&rsquo;agit d&rsquo;unit\u00e9s individuelles avec l&rsquo;enseignant. Pendant les r\u00e9unions, l&rsquo;\u00e9tudiant peut se tester avec des simulations de l&rsquo;examen et peut travailler avec l&rsquo;enseignant pour surmonter toute difficult\u00e9 sp\u00e9cifique.<br \/>\n&#8211; <strong>Cours combin\u00e9 :<\/strong> il s&rsquo;agit d&rsquo;une \u00ab\u00a0combinaison\u00a0\u00bb d&rsquo;un cours standard et de le\u00e7ons individuelles. Le cours standard est utile pour affiner ses comp\u00e9tences de mani\u00e8re globale. Pendant les unit\u00e9s One to One, en revanche, l&rsquo;\u00e9tudiant se concentre exclusivement sur la pr\u00e9paration de l&rsquo;examen.[\/vc_column_text][\/vc_column][vc_column width=\u00a0\u00bb1\/6&Prime;][\/vc_column][\/vc_row][vc_row row_type=\u00a0\u00bbrow\u00a0\u00bb text_align=\u00a0\u00bbleft\u00a0\u00bb css_animation=\u00a0\u00bb\u00a0\u00bb][vc_column width=\u00a0\u00bb1\/6&Prime;][\/vc_column][vc_column css_animation=\u00a0\u00bbappear\u00a0\u00bb width=\u00a0\u00bb2\/3&Prime; css=\u00a0\u00bb.vc_custom_1610975582943{margin-top: 20px !important;margin-bottom: 70px !important;}\u00a0\u00bb][vc_column_text css=\u00a0\u00bb.vc_custom_1614858230464{background-color: #dea839 !important;border-radius: 20px !important;}\u00a0\u00bb]<a href=\"https:\/\/solemar-academy.com\/fr\/apprendre-litalien\/#cours\"><span style=\"color: #dea839;\">.<\/span><\/a><\/p>\n<p style=\"text-align: center;\"><a href=\"https:\/\/solemar-academy.com\/fr\/apprendre-litalien\/#cours\"><span style=\"color: #ffffff;\"><strong><em><span style=\"font-size: xx-large;\">CHOISISSEZ ICI VOTRE COURS D&rsquo;ITALIEN !<\/span><\/em><\/strong><\/span><\/a><\/p>\n<p><a href=\"https:\/\/solemar-academy.com\/fr\/apprendre-litalien\/#cours\"><span style=\"color: #dea839;\">.<\/span><\/a>[\/vc_column_text][\/vc_column][vc_column width=\u00a0\u00bb1\/6&Prime;][\/vc_column][\/vc_row]\n<\/div>","protected":false},"excerpt":{"rendered":"<p>[vc_row row_type=\u00a0\u00bbrow\u00a0\u00bb text_align=\u00a0\u00bbleft\u00a0\u00bb css_animation=\u00a0\u00bb\u00a0\u00bb][vc_column][vc_column_text] [\/vc_column_text][\/vc_column][\/vc_row][vc_row row_type=\u00a0\u00bbrow\u00a0\u00bb text_align=\u00a0\u00bbleft\u00a0\u00bb css_animation=\u00a0\u00bb\u00a0\u00bb][vc_column width=\u00a0\u00bb1\/6&Prime;][vc_column_text] [\/vc_column_text][\/vc_column][vc_column width=\u00a0\u00bb2\/3&Prime;][vc_column_text] Certification d&rsquo;italien langue \u00e9trang\u00e8re (CELI) &nbsp; &nbsp; Gr\u00e2ce \u00e0 la Solemar Academy, vous pouvez pr\u00e9parer les examens de la certification d\u2019Italien langue \u00e9trang\u00e8re aupr\u00e8s de l\u2019universit\u00e9 pour \u00e9trangers de P\u00e9rouse. Les certificats d\u2019italien CELI&#8230;<\/p>\n","protected":false},"author":2,"featured_media":14381,"parent":0,"menu_order":0,"comment_status":"open","ping_status":"open","template":"","meta":{"inline_featured_image":false},"yoast_head":"<!-- This site is optimized with the Yoast SEO Premium plugin v19.5 (Yoast SEO v19.11) - https:\/\/yoast.com\/wordpress\/plugins\/seo\/ -->\n<title>Certification CELI - examens d&#039;Italien - Solemar Academy<\/title>\n<meta name=\"description\" content=\"Vous voulez \u00e9valuer votre niveau d\u2019italien? Avec la Solemar Academy, vous pourrez passer les examens de la certification CELI.\" \/>\n<meta name=\"robots\" content=\"index, follow, max-snippet:-1, max-image-preview:large, max-video-preview:-1\" \/>\n<link rel=\"canonical\" href=\"https:\/\/solemar-academy.com\/fr\/certification-ditalien-celi\/\" \/>\n<meta property=\"og:locale\" content=\"fr_FR\" \/>\n<meta property=\"og:type\" content=\"article\" \/>\n<meta property=\"og:title\" content=\"Certification CELI - \u00c9cole d&#039;italien en Italie\" \/>\n<meta property=\"og:description\" content=\"Vous voulez \u00e9valuer votre niveau d\u2019italien? Avec la Solemar Academy, vous pourrez passer les examens de la certification CELI.\" \/>\n<meta property=\"og:url\" content=\"https:\/\/solemar-academy.com\/fr\/certification-ditalien-celi\/\" \/>\n<meta property=\"og:site_name\" content=\"Solemar Academy\" \/>\n<meta property=\"article:modified_time\" content=\"2024-11-13T13:41:15+00:00\" \/>\n<meta property=\"og:image\" content=\"https:\/\/solemar-academy.com\/wp-content\/uploads\/layerslider\/HomePage-slider-ENG\/learn-italian-in-italy-scaled.jpg\" \/>\n\t<meta property=\"og:image:width\" content=\"1024\" \/>\n\t<meta property=\"og:image:height\" content=\"681\" \/>\n\t<meta property=\"og:image:type\" content=\"image\/jpeg\" \/>\n<meta name=\"twitter:card\" content=\"summary_large_image\" \/>\n<meta name=\"twitter:label1\" content=\"Dur\u00e9e de lecture estim\u00e9e\" \/>\n\t<meta name=\"twitter:data1\" content=\"5 minutes\" \/>\n<script type=\"application\/ld+json\" class=\"yoast-schema-graph\">{\"@context\":\"https:\/\/schema.org\",\"@graph\":[{\"@type\":\"WebPage\",\"@id\":\"https:\/\/solemar-academy.com\/fr\/certification-ditalien-celi\/\",\"url\":\"https:\/\/solemar-academy.com\/fr\/certification-ditalien-celi\/\",\"name\":\"Certification CELI - examens d'Italien - Solemar Academy\",\"isPartOf\":{\"@id\":\"https:\/\/solemar-academy.com\/#website\"},\"datePublished\":\"2014-11-14T09:59:24+00:00\",\"dateModified\":\"2024-11-13T13:41:15+00:00\",\"description\":\"Vous voulez \u00e9valuer votre niveau d\u2019italien? Avec la Solemar Academy, vous pourrez passer les examens de la certification CELI.\",\"breadcrumb\":{\"@id\":\"https:\/\/solemar-academy.com\/fr\/certification-ditalien-celi\/#breadcrumb\"},\"inLanguage\":\"fr-FR\",\"potentialAction\":[{\"@type\":\"ReadAction\",\"target\":[\"https:\/\/solemar-academy.com\/fr\/certification-ditalien-celi\/\"]}]},{\"@type\":\"BreadcrumbList\",\"@id\":\"https:\/\/solemar-academy.com\/fr\/certification-ditalien-celi\/#breadcrumb\",\"itemListElement\":[{\"@type\":\"ListItem\",\"position\":1,\"name\":\"Home\",\"item\":\"https:\/\/solemar-academy.com\/fr\/\"},{\"@type\":\"ListItem\",\"position\":2,\"name\":\"Certification CELI &#8211; \u00c9cole d&#8217;italien en Italie\"}]},{\"@type\":\"WebSite\",\"@id\":\"https:\/\/solemar-academy.com\/#website\",\"url\":\"https:\/\/solemar-academy.com\/\",\"name\":\"Solemar Academy\",\"description\":\"Learn Italian in Italy\",\"publisher\":{\"@id\":\"https:\/\/solemar-academy.com\/#organization\"},\"potentialAction\":[{\"@type\":\"SearchAction\",\"target\":{\"@type\":\"EntryPoint\",\"urlTemplate\":\"https:\/\/solemar-academy.com\/?s={search_term_string}\"},\"query-input\":\"required name=search_term_string\"}],\"inLanguage\":\"fr-FR\"},{\"@type\":\"Organization\",\"@id\":\"https:\/\/solemar-academy.com\/#organization\",\"name\":\"Solemar Academy\",\"url\":\"https:\/\/solemar-academy.com\/\",\"logo\":{\"@type\":\"ImageObject\",\"inLanguage\":\"fr-FR\",\"@id\":\"https:\/\/solemar-academy.com\/#\/schema\/logo\/image\/\",\"url\":\"https:\/\/solemar-academy.com\/wp-content\/uploads\/2022\/06\/logo-solemar-academy.png\",\"contentUrl\":\"https:\/\/solemar-academy.com\/wp-content\/uploads\/2022\/06\/logo-solemar-academy.png\",\"width\":32,\"height\":32,\"caption\":\"Solemar Academy\"},\"image\":{\"@id\":\"https:\/\/solemar-academy.com\/#\/schema\/logo\/image\/\"}}]}<\/script>\n<!-- \/ Yoast SEO Premium plugin. -->","yoast_head_json":{"title":"Certification CELI - examens d'Italien - Solemar Academy","description":"Vous voulez \u00e9valuer votre niveau d\u2019italien? Avec la Solemar Academy, vous pourrez passer les examens de la certification CELI.","robots":{"index":"index","follow":"follow","max-snippet":"max-snippet:-1","max-image-preview":"max-image-preview:large","max-video-preview":"max-video-preview:-1"},"canonical":"https:\/\/solemar-academy.com\/fr\/certification-ditalien-celi\/","og_locale":"fr_FR","og_type":"article","og_title":"Certification CELI - \u00c9cole d'italien en Italie","og_description":"Vous voulez \u00e9valuer votre niveau d\u2019italien? Avec la Solemar Academy, vous pourrez passer les examens de la certification CELI.","og_url":"https:\/\/solemar-academy.com\/fr\/certification-ditalien-celi\/","og_site_name":"Solemar Academy","article_modified_time":"2024-11-13T13:41:15+00:00","og_image":[{"width":1024,"height":681,"url":"https:\/\/solemar-academy.com\/wp-content\/uploads\/layerslider\/HomePage-slider-ENG\/learn-italian-in-italy-scaled.jpg","type":"image\/jpeg"}],"twitter_card":"summary_large_image","twitter_misc":{"Dur\u00e9e de lecture estim\u00e9e":"5 minutes"},"schema":{"@context":"https:\/\/schema.org","@graph":[{"@type":"WebPage","@id":"https:\/\/solemar-academy.com\/fr\/certification-ditalien-celi\/","url":"https:\/\/solemar-academy.com\/fr\/certification-ditalien-celi\/","name":"Certification CELI - examens d'Italien - Solemar Academy","isPartOf":{"@id":"https:\/\/solemar-academy.com\/#website"},"datePublished":"2014-11-14T09:59:24+00:00","dateModified":"2024-11-13T13:41:15+00:00","description":"Vous voulez \u00e9valuer votre niveau d\u2019italien? Avec la Solemar Academy, vous pourrez passer les examens de la certification CELI.","breadcrumb":{"@id":"https:\/\/solemar-academy.com\/fr\/certification-ditalien-celi\/#breadcrumb"},"inLanguage":"fr-FR","potentialAction":[{"@type":"ReadAction","target":["https:\/\/solemar-academy.com\/fr\/certification-ditalien-celi\/"]}]},{"@type":"BreadcrumbList","@id":"https:\/\/solemar-academy.com\/fr\/certification-ditalien-celi\/#breadcrumb","itemListElement":[{"@type":"ListItem","position":1,"name":"Home","item":"https:\/\/solemar-academy.com\/fr\/"},{"@type":"ListItem","position":2,"name":"Certification CELI &#8211; \u00c9cole d&#8217;italien en Italie"}]},{"@type":"WebSite","@id":"https:\/\/solemar-academy.com\/#website","url":"https:\/\/solemar-academy.com\/","name":"Solemar Academy","description":"Learn Italian in Italy","publisher":{"@id":"https:\/\/solemar-academy.com\/#organization"},"potentialAction":[{"@type":"SearchAction","target":{"@type":"EntryPoint","urlTemplate":"https:\/\/solemar-academy.com\/?s={search_term_string}"},"query-input":"required name=search_term_string"}],"inLanguage":"fr-FR"},{"@type":"Organization","@id":"https:\/\/solemar-academy.com\/#organization","name":"Solemar Academy","url":"https:\/\/solemar-academy.com\/","logo":{"@type":"ImageObject","inLanguage":"fr-FR","@id":"https:\/\/solemar-academy.com\/#\/schema\/logo\/image\/","url":"https:\/\/solemar-academy.com\/wp-content\/uploads\/2022\/06\/logo-solemar-academy.png","contentUrl":"https:\/\/solemar-academy.com\/wp-content\/uploads\/2022\/06\/logo-solemar-academy.png","width":32,"height":32,"caption":"Solemar Academy"},"image":{"@id":"https:\/\/solemar-academy.com\/#\/schema\/logo\/image\/"}}]}},"_links":{"self":[{"href":"https:\/\/solemar-academy.com\/fr\/wp-json\/wp\/v2\/pages\/3490"}],"collection":[{"href":"https:\/\/solemar-academy.com\/fr\/wp-json\/wp\/v2\/pages"}],"about":[{"href":"https:\/\/solemar-academy.com\/fr\/wp-json\/wp\/v2\/types\/page"}],"author":[{"embeddable":true,"href":"https:\/\/solemar-academy.com\/fr\/wp-json\/wp\/v2\/users\/2"}],"replies":[{"embeddable":true,"href":"https:\/\/solemar-academy.com\/fr\/wp-json\/wp\/v2\/comments?post=3490"}],"version-history":[{"count":5,"href":"https:\/\/solemar-academy.com\/fr\/wp-json\/wp\/v2\/pages\/3490\/revisions"}],"predecessor-version":[{"id":18989,"href":"https:\/\/solemar-academy.com\/fr\/wp-json\/wp\/v2\/pages\/3490\/revisions\/18989"}],"wp:featuredmedia":[{"embeddable":true,"href":"https:\/\/solemar-academy.com\/fr\/wp-json\/wp\/v2\/media\/14381"}],"wp:attachment":[{"href":"https:\/\/solemar-academy.com\/fr\/wp-json\/wp\/v2\/media?parent=3490"}],"curies":[{"name":"wp","href":"https:\/\/api.w.org\/{rel}","templated":true}]}}