{"id":15214,"date":"2020-12-01T12:02:21","date_gmt":"2020-12-01T12:02:21","guid":{"rendered":"https:\/\/solemar-academy.com\/?page_id=15214"},"modified":"2025-11-04T13:41:23","modified_gmt":"2025-11-04T13:41:23","slug":"cours-ditalien-en-ligne","status":"publish","type":"page","link":"https:\/\/solemar-academy.com\/fr\/cours-ditalien-en-ligne\/","title":{"rendered":"Cours d&rsquo;Italien en ligne"},"content":{"rendered":"<div class=\"wpb-content-wrapper\">[vc_row row_type=\u00a0\u00bbrow\u00a0\u00bb text_align=\u00a0\u00bbleft\u00a0\u00bb css_animation=\u00a0\u00bb\u00a0\u00bb][vc_column][vc_column_text][\/vc_column_text][\/vc_column][\/vc_row][vc_row row_type=\u00a0\u00bbrow\u00a0\u00bb text_align=\u00a0\u00bbleft\u00a0\u00bb css_animation=\u00a0\u00bb\u00a0\u00bb css=\u00a0\u00bb.vc_custom_1585921844599{margin-bottom: 50px !important;}\u00a0\u00bb][vc_column][vc_column_text]\n<h2 style=\"text-align: center;\">Etudier l&rsquo;Italien en ligne \u00e0 la Solemar Academy<\/h2>\n[\/vc_column_text][\/vc_column][\/vc_row][vc_row row_type=\u00a0\u00bbrow\u00a0\u00bb text_align=\u00a0\u00bbleft\u00a0\u00bb css_animation=\u00a0\u00bb\u00a0\u00bb][vc_column][vc_column_text]\n\r\n<p>[\/vc_column_text][\/vc_column][\/vc_row][vc_row row_type=\u00a0\u00bbrow\u00a0\u00bb text_align=\u00a0\u00bbleft\u00a0\u00bb css_animation=\u00a0\u00bb\u00a0\u00bb css=\u00a0\u00bb.vc_custom_1585921897336{margin-bottom: 30px !important;}\u00a0\u00bb][vc_column width=\u00a0\u00bb1\/6&Prime;][\/vc_column][vc_column width=\u00a0\u00bb2\/3&Prime;][vc_column_text]\n<p>L&rsquo;\u00e9tude de l&rsquo;Italien en ligne est devenue de plus en plus courant et nous, \u00e0 l&rsquo;\u00e9cole d&rsquo;Italien Solemar Academy, nous nous y sommes \u00e9galement adapt\u00e9s. Nos cours d&rsquo;Italien en ligne suivent la m\u00eame <a href=\"https:\/\/solemar-academy.com\/fr\/apprendre-litalien\/#approche\">approche th\u00e9orique<\/a> que les cours de la Solemar Academy. <a href=\"https:\/\/solemar-academy.com\/fr\/equipe\/\">Les enseignants<\/a> ont \u00e9t\u00e9 form\u00e9s de mani\u00e8re ad\u00e9quate et les r\u00e9actions des \u00e9tudiants nous encouragent \u00e0 poursuivre dans cette voie. Nous avons des \u00e9tudiants, par exemple, qui suivent des cours individuels en ligne depuis plusieurs ann\u00e9es. Ils peuvent ainsi rester en formation m\u00eame depuis chez eux, en outre, ils peuvent se tenir au courant de l&rsquo;actualit\u00e9 italienne. En effet, en plus de la conversation (via Meet), les professeurs de Solemar pr\u00e9parent un espace en ligne avec le mat\u00e9riel des cours.<\/p>\n[\/vc_column_text][\/vc_column][vc_column width=\u00a0\u00bb1\/6&Prime;][\/vc_column][\/vc_row][vc_row row_type=\u00a0\u00bbrow\u00a0\u00bb text_align=\u00a0\u00bbleft\u00a0\u00bb css_animation=\u00a0\u00bb\u00a0\u00bb][vc_column][vc_column_text]\n\r\n<p>[\/vc_column_text][\/vc_column][\/vc_row][vc_row row_type=\u00a0\u00bbrow\u00a0\u00bb text_align=\u00a0\u00bbleft\u00a0\u00bb css_animation=\u00a0\u00bb\u00a0\u00bb css=\u00a0\u00bb.vc_custom_1585921924715{margin-bottom: 30px !important;}\u00a0\u00bb][vc_column width=\u00a0\u00bb1\/6&Prime;][\/vc_column][vc_column width=\u00a0\u00bb2\/3&Prime;][vc_column_text]\n<h2>Comment fonctionne les cours d&rsquo;Italien en ligne ?<\/h2>\n<p>Jusqu&rsquo;\u00e0 r\u00e9cemment, les cours d&rsquo;italien en ligne propos\u00e9s par la plupart des op\u00e9rateurs (sites web sp\u00e9cialis\u00e9s, \u00e9coles d&rsquo;italien, enseignants ind\u00e9pendants) \u00e9taient exclusivement bas\u00e9s sur l&rsquo;utilisation de vid\u00e9oconf\u00e9rences (par exemple, Skype). Ces \u00e9l\u00e8ves ont surtout fait de la conversation ou, dans certains cas, ils ont \u00e9galement abord\u00e9 d&rsquo;autres aspects par le biais de syst\u00e8mes assez laborieux : l&rsquo;enseignant a envoy\u00e9 par courrier \u00e9lectronique des documents sur lesquels l&rsquo;\u00e9l\u00e8ve a travaill\u00e9 et qu&rsquo;il a d\u00fb renvoyer. En bref, un processus tr\u00e8s lourd. \u00a0 Nous sommes bien conscients que la plupart des \u00e9tudiants ne veulent pas faire que de la conversation. Certains \u00e9tudiants veulent utiliser les cours en ligne pour se pr\u00e9parer <a href=\"https:\/\/solemar-academy.com\/fr\/certification-ditalien-celi\/\">aux examens de certification<\/a> (CELI, CILS, PLIDA, DITALS, DILS-PG, CEDILS), d&rsquo;autres veulent am\u00e9liorer leur connaissance de la grammaire et \u00eatre ensuite plus fluides et confiants lorsqu&rsquo;ils viennent en Italie, d&rsquo;autres encore veulent se tenir au courant de l&rsquo;actualit\u00e9 italienne ou de sujets sp\u00e9cifiques. Pour tous ces besoins, mais aussi pour donner plus de structure aux cours en ligne, nous avons mis en place un syst\u00e8me qui implique l&rsquo;utilisation de deux logiciels : : <strong>Google Meet et Google Classroom<\/strong>. Nous vous montrons ci-dessous comment les deux programmes fonctionnent.<\/p>\n[\/vc_column_text][\/vc_column][vc_column width=\u00a0\u00bb1\/6&Prime;][\/vc_column][\/vc_row][vc_row row_type=\u00a0\u00bbrow\u00a0\u00bb text_align=\u00a0\u00bbleft\u00a0\u00bb css_animation=\u00a0\u00bb\u00a0\u00bb][vc_column][vc_column_text]\n\r\n<p>[\/vc_column_text][\/vc_column][\/vc_row][vc_row row_type=\u00a0\u00bbrow\u00a0\u00bb text_align=\u00a0\u00bbleft\u00a0\u00bb css_animation=\u00a0\u00bb\u00a0\u00bb css=\u00a0\u00bb.vc_custom_1585921932499{margin-bottom: 30px !important;}\u00a0\u00bb][vc_column width=\u00a0\u00bb1\/6&Prime;][\/vc_column][vc_column width=\u00a0\u00bb2\/3&Prime;][vc_column_text]\n<h3>\u00c9tape 1 : Cr\u00e9er un compte Google<\/h3>\n<p>Pour pouvoir utiliser notre syst\u00e8me int\u00e9gr\u00e9 &#8211; nous vous garantissons qu&rsquo;il est particuli\u00e8rement <a href=\"https:\/\/accounts.google.com\/signup\/v2\/webcreateaccount?continue=https%3A%2F%2Fwww.google.com%2F&amp;hl=fr&amp;gmb=exp&amp;biz=false&amp;flowName=GlifWebSignIn&amp;flowEntry=SignUp\"><strong>facile et intuitif<\/strong><\/a> &#8211; vous devez d&rsquo;abord cr\u00e9er un compte google. Nous vous enverrons des instructions pr\u00e9cises \u00e0 ce sujet par courrier \u00e9lectronique.[\/vc_column_text][\/vc_column][vc_column width=\u00a0\u00bb1\/6&Prime;][\/vc_column][\/vc_row][vc_row row_type=\u00a0\u00bbrow\u00a0\u00bb text_align=\u00a0\u00bbleft\u00a0\u00bb css_animation=\u00a0\u00bb\u00a0\u00bb][vc_column][vc_column_text]\n\r\n<p>[\/vc_column_text][\/vc_column][\/vc_row][vc_row row_type=\u00a0\u00bbrow\u00a0\u00bb text_align=\u00a0\u00bbleft\u00a0\u00bb css_animation=\u00a0\u00bb\u00a0\u00bb css=\u00a0\u00bb.vc_custom_1585921932499{margin-bottom: 30px !important;}\u00a0\u00bb][vc_column width=\u00a0\u00bb1\/6&Prime;][\/vc_column][vc_column width=\u00a0\u00bb2\/3&Prime;][vc_column_text]\n<h3>\u00c9tape 2 : Acc\u00e9der \u00e0 Meet<\/h3>\n<p>Les appels vid\u00e9o sont effectu\u00e9s avec l&rsquo;outil mis \u00e0 disposition par Google appel\u00e9 <strong>Meet<\/strong>. Meet est tr\u00e8s similaire \u00e0 Zoom mais a l&rsquo;avantage d&rsquo;\u00eatre mieux int\u00e9gr\u00e9 dans la suite de Google (Meet &#8211; Calendar &#8211; Classroom, applications que nous utilisons aussi pour les cours).<\/p>\n[\/vc_column_text][\/vc_column][vc_column width=\u00a0\u00bb1\/6&Prime;][\/vc_column][\/vc_row][vc_row row_type=\u00a0\u00bbrow\u00a0\u00bb text_align=\u00a0\u00bbleft\u00a0\u00bb css_animation=\u00a0\u00bb\u00a0\u00bb][vc_column][vc_column_text]\n\r\n<p>[\/vc_column_text][\/vc_column][\/vc_row][vc_row row_type=\u00a0\u00bbrow\u00a0\u00bb text_align=\u00a0\u00bbleft\u00a0\u00bb css_animation=\u00a0\u00bb\u00a0\u00bb css=\u00a0\u00bb.vc_custom_1585921932499{margin-bottom: 30px !important;}\u00a0\u00bb][vc_column width=\u00a0\u00bb1\/6&Prime;][\/vc_column][vc_column width=\u00a0\u00bb2\/3&Prime;][vc_column_text css=\u00a0\u00bb.vc_custom_1606213427910{margin-bottom: 20px !important;}\u00a0\u00bb]\n<h3>\u00c9tape 3 : Acc\u00e8s \u00e0 la classe<\/h3>\n<p>L&rsquo;application <strong>Classroom<\/strong> est devenue tr\u00e8s populaire ces derniers temps et de nombreuses institutions publiques et priv\u00e9es l&rsquo;utilisent pour partager des le\u00e7ons en ligne ou pour disposer d&rsquo;un Cloud (espace de stockage en ligne) o\u00f9 les \u00e9tudiants peuvent faire des exercices ou trouver du mat\u00e9riel mis \u00e0 la disposition par leurs enseignants. Une fois que vous aurez acc\u00e9d\u00e9 \u00e0 Classroom, vous trouverez votre cours. Cet espace est simple et intuitif. Vous y trouverez <strong>le calendrier<\/strong> (s&rsquo;il y a des devoirs avec des dates limites, ce calendrier les marquera pour vous), un <strong>\u00ab\u00a0Wall\u00a0\u00bb<\/strong> (o\u00f9 vous pouvez partager du mat\u00e9riel, des chansons, des liens, des pens\u00e9es et plus encore avec votre professeur) et ensuite des <strong>dossiers avec des le\u00e7ons<\/strong>. Dans le dossier de cours, vous trouverez le mat\u00e9riel et les devoirs que l&rsquo;enseignant vous a pr\u00e9par\u00e9s. Les t\u00e2ches que vous trouvez sur google classroom doivent \u00eatre effectu\u00e9es directement en ligne. Vous n&rsquo;avez pas \u00e0 les t\u00e9l\u00e9charger, les compl\u00e9ter, les scanner et les renvoyer \u00e0 l&rsquo;enseignant. Cette proc\u00e9dure appartient au pass\u00e9. <strong>Aujourd&rsquo;hui, nous faisons tout en ligne, de mani\u00e8re simple et intuitive.<\/strong>[\/vc_column_text][vc_single_image image=\u00a0\u00bb13814&Prime; img_size=\u00a0\u00bbfull\u00a0\u00bb alignment=\u00a0\u00bbcenter\u00a0\u00bb][\/vc_column][vc_column width=\u00a0\u00bb1\/6&Prime;][\/vc_column][\/vc_row][vc_row row_type=\u00a0\u00bbrow\u00a0\u00bb text_align=\u00a0\u00bbleft\u00a0\u00bb css_animation=\u00a0\u00bb\u00a0\u00bb][vc_column][vc_column_text]\n\r\n<p>[\/vc_column_text][\/vc_column][\/vc_row][vc_row row_type=\u00a0\u00bbrow\u00a0\u00bb text_align=\u00a0\u00bbleft\u00a0\u00bb css_animation=\u00a0\u00bb\u00a0\u00bb css=\u00a0\u00bb.vc_custom_1585923278741{margin-bottom: 30px !important;}\u00a0\u00bb][vc_column width=\u00a0\u00bb1\/4&Prime;][\/vc_column][vc_column width=\u00a0\u00bb1\/2&Prime; css=\u00a0\u00bb.vc_custom_1585923333351{border-top-width: 10px !important;border-right-width: 10px !important;border-bottom-width: 10px !important;border-left-width: 10px !important;padding-top: 20px !important;padding-right: 20px !important;padding-bottom: 20px !important;padding-left: 20px !important;border-left-color: #28b4aa !important;border-left-style: dashed !important;border-right-color: #28b4aa !important;border-right-style: dashed !important;border-top-color: #28b4aa !important;border-top-style: dashed !important;border-bottom-color: #28b4aa !important;border-bottom-style: dashed !important;}\u00a0\u00bb][vc_column_text css=\u00a0\u00bb.vc_custom_1762263679653{margin-bottom: 20px !important;}\u00a0\u00bb]\n<h2 style=\"text-align: center;\">Type de cours en ligne<\/h2>\n<p>&nbsp;<\/p>\n<h3>Cours individuels &#8211; Italien en ligne<\/h3>\n<p>Le cours est disponible en format individuel (one-to-one) ou en format one-to-two (r\u00e9serv\u00e9 uniquement aux couples qui r\u00e9servent ensemble).<br data-start=\"825\" data-end=\"828\" \/>Les cours ont lieu l\u2019apr\u00e8s-midi en semaine, de mars \u00e0 novembre, avec plus de flexibilit\u00e9 pendant les mois d\u2019hiver.<br data-start=\"950\" data-end=\"953\" \/>Le cours individuel en ligne comprend 10 s\u00e9ances de 45 minutes chacune. Les jours, les horaires et le contenu sont enti\u00e8rement personnalisables.<br data-start=\"1111\" data-end=\"1114\" data-is-only-node=\"\" \/>Le cours pr\u00e9voit l\u2019envoi r\u00e9gulier de mat\u00e9riel par l\u2019enseignant via Google Classroom, afin que l\u2019\u00e9tudiant puisse s\u2019exercer \u00e0 la maison et consacrer du temps \u00e0 l\u2019\u00e9tude autonome.<\/p>\n[\/vc_column_text][vc_column_text css=\u00a0\u00bb.vc_custom_1586167735436{margin-bottom: 20px !important;border-top-width: 20px !important;border-right-width: 20px !important;border-bottom-width: 20px !important;border-left-width: 20px !important;padding-top: 20px !important;padding-right: 10px !important;padding-bottom: 20px !important;padding-left: 10px !important;background-color: #dd9933 !important;border-left-color: #ffffff !important;border-right-color: #ffffff !important;border-top-color: #ffffff !important;border-bottom-color: #ffffff !important;border-radius: 15px !important;}\u00a0\u00bb]\n<h4 style=\"text-align: center;\"><a href=\"https:\/\/solemar-academy.com\/fr\/inscription\/\"><span style=\"color: #ffffff; font-size: large;\">Le prix de l&rsquo;ensemble des 10 le\u00e7ons est de : \u20ac 250,00<\/span><\/a><\/h4>\n[\/vc_column_text][vc_column_text css=\u00a0\u00bb.vc_custom_1762263396292{margin-bottom: 20px !important;border-top-width: 20px !important;border-right-width: 20px !important;border-bottom-width: 20px !important;border-left-width: 20px !important;padding-top: 20px !important;padding-right: 10px !important;padding-bottom: 20px !important;padding-left: 10px !important;background-color: #dd9933 !important;border-left-color: #ffffff !important;border-right-color: #ffffff !important;border-top-color: #ffffff !important;border-bottom-color: #ffffff !important;border-radius: 15px !important;}\u00a0\u00bb]\n<h4 style=\"text-align: center;\"><a href=\"https:\/\/solemar-academy.com\/fr\/inscription\/\"><span style=\"color: #ffffff; font-size: large;\">Le prix du forfait de 10 le\u00e7ons One to two par \u00e9tudiant est de : \u20ac 180,00<\/span><\/a><\/h4>\n[\/vc_column_text][\/vc_column][vc_column width=\u00a0\u00bb1\/4&Prime;][\/vc_column][\/vc_row][vc_row row_type=\u00a0\u00bbrow\u00a0\u00bb text_align=\u00a0\u00bbleft\u00a0\u00bb css_animation=\u00a0\u00bb\u00a0\u00bb][vc_column][vc_column_text]\n<p>\n[\/vc_column_text][\/vc_column][\/vc_row]<\/div>","protected":false},"excerpt":{"rendered":"<p>[vc_row row_type=\u00a0\u00bbrow\u00a0\u00bb text_align=\u00a0\u00bbleft\u00a0\u00bb css_animation=\u00a0\u00bb\u00a0\u00bb][vc_column][vc_column_text] [\/vc_column_text][\/vc_column][\/vc_row]<\/p>\n","protected":false},"author":1,"featured_media":0,"parent":0,"menu_order":0,"comment_status":"closed","ping_status":"closed","template":"","meta":{"inline_featured_image":false},"yoast_head":"<!-- This site is optimized with the Yoast SEO Premium plugin v19.5 (Yoast SEO v19.11) - https:\/\/yoast.com\/wordpress\/plugins\/seo\/ -->\n<title>Cours d&#039;Italien en ligne - le\u00e7ons via Skype- Solemar Academy<\/title>\n<meta name=\"description\" content=\"Nos cours d&#039;italien en ligne sont bas\u00e9s sur des le\u00e7ons via Skype\/Hangouts et la plateforme de travail ind\u00e9pendante Google Classroom.\" \/>\n<meta name=\"robots\" content=\"index, follow, max-snippet:-1, max-image-preview:large, max-video-preview:-1\" \/>\n<link rel=\"canonical\" href=\"https:\/\/solemar-academy.com\/fr\/cours-ditalien-en-ligne\/\" \/>\n<meta property=\"og:locale\" content=\"fr_FR\" \/>\n<meta property=\"og:type\" content=\"article\" \/>\n<meta property=\"og:title\" content=\"Cours d&#039;Italien en ligne\" \/>\n<meta property=\"og:description\" content=\"Nos cours d&#039;italien en ligne sont bas\u00e9s sur des le\u00e7ons via Skype\/Hangouts et la plateforme de travail ind\u00e9pendante Google Classroom.\" \/>\n<meta property=\"og:url\" content=\"https:\/\/solemar-academy.com\/fr\/cours-ditalien-en-ligne\/\" \/>\n<meta property=\"og:site_name\" content=\"Solemar Academy\" \/>\n<meta property=\"article:modified_time\" content=\"2025-11-04T13:41:23+00:00\" \/>\n<meta name=\"twitter:card\" content=\"summary_large_image\" \/>\n<meta name=\"twitter:label1\" content=\"Dur\u00e9e de lecture estim\u00e9e\" \/>\n\t<meta name=\"twitter:data1\" content=\"5 minutes\" \/>\n<script type=\"application\/ld+json\" class=\"yoast-schema-graph\">{\"@context\":\"https:\/\/schema.org\",\"@graph\":[{\"@type\":\"WebPage\",\"@id\":\"https:\/\/solemar-academy.com\/fr\/cours-ditalien-en-ligne\/\",\"url\":\"https:\/\/solemar-academy.com\/fr\/cours-ditalien-en-ligne\/\",\"name\":\"Cours d'Italien en ligne - le\u00e7ons via Skype- Solemar Academy\",\"isPartOf\":{\"@id\":\"https:\/\/solemar-academy.com\/#website\"},\"datePublished\":\"2020-12-01T12:02:21+00:00\",\"dateModified\":\"2025-11-04T13:41:23+00:00\",\"description\":\"Nos cours d'italien en ligne sont bas\u00e9s sur des le\u00e7ons via Skype\/Hangouts et la plateforme de travail ind\u00e9pendante Google Classroom.\",\"breadcrumb\":{\"@id\":\"https:\/\/solemar-academy.com\/fr\/cours-ditalien-en-ligne\/#breadcrumb\"},\"inLanguage\":\"fr-FR\",\"potentialAction\":[{\"@type\":\"ReadAction\",\"target\":[\"https:\/\/solemar-academy.com\/fr\/cours-ditalien-en-ligne\/\"]}]},{\"@type\":\"BreadcrumbList\",\"@id\":\"https:\/\/solemar-academy.com\/fr\/cours-ditalien-en-ligne\/#breadcrumb\",\"itemListElement\":[{\"@type\":\"ListItem\",\"position\":1,\"name\":\"Home\",\"item\":\"https:\/\/solemar-academy.com\/fr\/\"},{\"@type\":\"ListItem\",\"position\":2,\"name\":\"Cours d&#8217;Italien en ligne\"}]},{\"@type\":\"WebSite\",\"@id\":\"https:\/\/solemar-academy.com\/#website\",\"url\":\"https:\/\/solemar-academy.com\/\",\"name\":\"Solemar Academy\",\"description\":\"Learn Italian in Italy\",\"publisher\":{\"@id\":\"https:\/\/solemar-academy.com\/#organization\"},\"potentialAction\":[{\"@type\":\"SearchAction\",\"target\":{\"@type\":\"EntryPoint\",\"urlTemplate\":\"https:\/\/solemar-academy.com\/?s={search_term_string}\"},\"query-input\":\"required name=search_term_string\"}],\"inLanguage\":\"fr-FR\"},{\"@type\":\"Organization\",\"@id\":\"https:\/\/solemar-academy.com\/#organization\",\"name\":\"Solemar Academy\",\"url\":\"https:\/\/solemar-academy.com\/\",\"logo\":{\"@type\":\"ImageObject\",\"inLanguage\":\"fr-FR\",\"@id\":\"https:\/\/solemar-academy.com\/#\/schema\/logo\/image\/\",\"url\":\"https:\/\/solemar-academy.com\/wp-content\/uploads\/2022\/06\/logo-solemar-academy.png\",\"contentUrl\":\"https:\/\/solemar-academy.com\/wp-content\/uploads\/2022\/06\/logo-solemar-academy.png\",\"width\":32,\"height\":32,\"caption\":\"Solemar Academy\"},\"image\":{\"@id\":\"https:\/\/solemar-academy.com\/#\/schema\/logo\/image\/\"}}]}<\/script>\n<!-- \/ Yoast SEO Premium plugin. -->","yoast_head_json":{"title":"Cours d'Italien en ligne - le\u00e7ons via Skype- Solemar Academy","description":"Nos cours d'italien en ligne sont bas\u00e9s sur des le\u00e7ons via Skype\/Hangouts et la plateforme de travail ind\u00e9pendante Google Classroom.","robots":{"index":"index","follow":"follow","max-snippet":"max-snippet:-1","max-image-preview":"max-image-preview:large","max-video-preview":"max-video-preview:-1"},"canonical":"https:\/\/solemar-academy.com\/fr\/cours-ditalien-en-ligne\/","og_locale":"fr_FR","og_type":"article","og_title":"Cours d'Italien en ligne","og_description":"Nos cours d'italien en ligne sont bas\u00e9s sur des le\u00e7ons via Skype\/Hangouts et la plateforme de travail ind\u00e9pendante Google Classroom.","og_url":"https:\/\/solemar-academy.com\/fr\/cours-ditalien-en-ligne\/","og_site_name":"Solemar Academy","article_modified_time":"2025-11-04T13:41:23+00:00","twitter_card":"summary_large_image","twitter_misc":{"Dur\u00e9e de lecture estim\u00e9e":"5 minutes"},"schema":{"@context":"https:\/\/schema.org","@graph":[{"@type":"WebPage","@id":"https:\/\/solemar-academy.com\/fr\/cours-ditalien-en-ligne\/","url":"https:\/\/solemar-academy.com\/fr\/cours-ditalien-en-ligne\/","name":"Cours d'Italien en ligne - le\u00e7ons via Skype- Solemar Academy","isPartOf":{"@id":"https:\/\/solemar-academy.com\/#website"},"datePublished":"2020-12-01T12:02:21+00:00","dateModified":"2025-11-04T13:41:23+00:00","description":"Nos cours d'italien en ligne sont bas\u00e9s sur des le\u00e7ons via Skype\/Hangouts et la plateforme de travail ind\u00e9pendante Google Classroom.","breadcrumb":{"@id":"https:\/\/solemar-academy.com\/fr\/cours-ditalien-en-ligne\/#breadcrumb"},"inLanguage":"fr-FR","potentialAction":[{"@type":"ReadAction","target":["https:\/\/solemar-academy.com\/fr\/cours-ditalien-en-ligne\/"]}]},{"@type":"BreadcrumbList","@id":"https:\/\/solemar-academy.com\/fr\/cours-ditalien-en-ligne\/#breadcrumb","itemListElement":[{"@type":"ListItem","position":1,"name":"Home","item":"https:\/\/solemar-academy.com\/fr\/"},{"@type":"ListItem","position":2,"name":"Cours d&#8217;Italien en ligne"}]},{"@type":"WebSite","@id":"https:\/\/solemar-academy.com\/#website","url":"https:\/\/solemar-academy.com\/","name":"Solemar Academy","description":"Learn Italian in Italy","publisher":{"@id":"https:\/\/solemar-academy.com\/#organization"},"potentialAction":[{"@type":"SearchAction","target":{"@type":"EntryPoint","urlTemplate":"https:\/\/solemar-academy.com\/?s={search_term_string}"},"query-input":"required name=search_term_string"}],"inLanguage":"fr-FR"},{"@type":"Organization","@id":"https:\/\/solemar-academy.com\/#organization","name":"Solemar Academy","url":"https:\/\/solemar-academy.com\/","logo":{"@type":"ImageObject","inLanguage":"fr-FR","@id":"https:\/\/solemar-academy.com\/#\/schema\/logo\/image\/","url":"https:\/\/solemar-academy.com\/wp-content\/uploads\/2022\/06\/logo-solemar-academy.png","contentUrl":"https:\/\/solemar-academy.com\/wp-content\/uploads\/2022\/06\/logo-solemar-academy.png","width":32,"height":32,"caption":"Solemar Academy"},"image":{"@id":"https:\/\/solemar-academy.com\/#\/schema\/logo\/image\/"}}]}},"_links":{"self":[{"href":"https:\/\/solemar-academy.com\/fr\/wp-json\/wp\/v2\/pages\/15214"}],"collection":[{"href":"https:\/\/solemar-academy.com\/fr\/wp-json\/wp\/v2\/pages"}],"about":[{"href":"https:\/\/solemar-academy.com\/fr\/wp-json\/wp\/v2\/types\/page"}],"author":[{"embeddable":true,"href":"https:\/\/solemar-academy.com\/fr\/wp-json\/wp\/v2\/users\/1"}],"replies":[{"embeddable":true,"href":"https:\/\/solemar-academy.com\/fr\/wp-json\/wp\/v2\/comments?post=15214"}],"version-history":[{"count":4,"href":"https:\/\/solemar-academy.com\/fr\/wp-json\/wp\/v2\/pages\/15214\/revisions"}],"predecessor-version":[{"id":19901,"href":"https:\/\/solemar-academy.com\/fr\/wp-json\/wp\/v2\/pages\/15214\/revisions\/19901"}],"wp:attachment":[{"href":"https:\/\/solemar-academy.com\/fr\/wp-json\/wp\/v2\/media?parent=15214"}],"curies":[{"name":"wp","href":"https:\/\/api.w.org\/{rel}","templated":true}]}}