{"id":19951,"date":"2025-11-17T17:37:41","date_gmt":"2025-11-17T17:37:41","guid":{"rendered":"https:\/\/solemar-academy.com\/?page_id=19951"},"modified":"2025-11-17T17:59:11","modified_gmt":"2025-11-17T17:59:11","slug":"italienisch-online-lernen-italienisch-sprachschule-in-italien","status":"publish","type":"page","link":"https:\/\/solemar-academy.com\/de\/italienisch-online-lernen-italienisch-sprachschule-in-italien\/","title":{"rendered":"Italienisch Online Lernen"},"content":{"rendered":"<div class=\"wpb-content-wrapper\">[vc_row row_type=&#8220;row&#8220; text_align=&#8220;left&#8220; css_animation=&#8220;&#8220; css=&#8220;.vc_custom_1585921844599{margin-bottom: 50px !important;}&#8220;][vc_column][vc_column_text]\n<h1 style=\"text-align: center;\"><span style=\"color: #000000;\">Italienisch online lernen mit den Lehrern der Solemar Academy<\/span><\/h1>\n[\/vc_column_text][\/vc_column][\/vc_row][vc_row row_type=&#8220;row&#8220; text_align=&#8220;left&#8220; css_animation=&#8220;&#8220; css=&#8220;.vc_custom_1585921897336{margin-bottom: 30px !important;}&#8220;][vc_column width=&#8220;1\/6&#8243;][\/vc_column][vc_column width=&#8220;2\/3&#8243;][vc_column_text]Italienisch online mit der Solemar Academy zu lernen bedeutet, weiter auf eine spannende und authentische Weise zu lernen \u2013 egal, wo du gerade bist.<br data-start=\"193\" data-end=\"196\" \/>Unsere Online-Kurse halten dich mit unseren qualifizierten Lehrern und anderen Sch\u00fclern aus der ganzen Welt in Verbindung und bieten denselben kommunikativen und dynamischen Ansatz wie der Unterricht vor Ort.[\/vc_column_text][\/vc_column][vc_column width=&#8220;1\/6&#8243;][\/vc_column][\/vc_row][vc_row row_type=&#8220;row&#8220; text_align=&#8220;left&#8220; css_animation=&#8220;&#8220;][vc_column][vc_separator type=&#8220;normal&#8220;][\/vc_column][\/vc_row][vc_row row_type=&#8220;row&#8220; text_align=&#8220;left&#8220; css_animation=&#8220;&#8220; css=&#8220;.vc_custom_1585921924715{margin-bottom: 30px !important;}&#8220;][vc_column width=&#8220;1\/6&#8243;][\/vc_column][vc_column width=&#8220;2\/3&#8243;][vc_column_text]\n<h2>Gruppen-Konversationskurse<\/h2>\n[\/vc_column_text][\/vc_column][vc_column width=&#8220;1\/6&#8243;][\/vc_column][\/vc_row][vc_row row_type=&#8220;row&#8220; text_align=&#8220;left&#8220; css_animation=&#8220;&#8220; css=&#8220;.vc_custom_1585921924715{margin-bottom: 30px !important;}&#8220;][vc_column width=&#8220;1\/6&#8243;][\/vc_column][vc_column width=&#8220;2\/3&#8243;][vc_column_text]\n<p data-start=\"28\" data-end=\"309\">Perfekt f\u00fcr alle, die ihre Fl\u00fcssigkeit und Sicherheit beim Italienischsprechen verbessern m\u00f6chten. Die Kurse finden auf Google Meet in kleinen Gruppen statt, um aktive Teilnahme und praxisnahes Sprachtraining zu f\u00f6rdern \u2013 immer mit Unterst\u00fctzung unserer qualifizierten Lehrer.<\/p>\n<p data-start=\"311\" data-end=\"337\">Drei verf\u00fcgbare Niveaus:<\/p>\n<ul>\n<li data-start=\"339\" data-end=\"398\">Elementar (A2)<\/li>\n<li data-start=\"339\" data-end=\"398\">Mittelstufe (B1)<\/li>\n<li data-start=\"339\" data-end=\"398\">Fortgeschritten (B2)<\/li>\n<\/ul>\n[\/vc_column_text][\/vc_column][vc_column width=&#8220;1\/6&#8243;][\/vc_column][\/vc_row][vc_row row_type=&#8220;row&#8220; text_align=&#8220;left&#8220; css_animation=&#8220;&#8220; css=&#8220;.vc_custom_1585921932499{margin-bottom: 30px !important;}&#8220;][vc_column width=&#8220;1\/6&#8243;][\/vc_column][vc_column width=&#8220;2\/3&#8243; css=&#8220;.vc_custom_1763030217506{background-color: #d6eae2 !important;}&#8220;][vc_column_text css=&#8220;.vc_custom_1763401629219{border-radius: 15px !important;}&#8220;]\n<p style=\"text-align: center;\" data-start=\"28\" data-end=\"118\">10-Wochen-Module, zwei 1,5-st\u00fcndige Sitzungen montags und mittwochs \u00fcber Google Meet.<\/p>\n<p style=\"text-align: center;\" data-start=\"120\" data-end=\"140\">Termine der Kurse:<\/p>\n<p style=\"text-align: center;\" data-start=\"145\" data-end=\"231\">1 Zeitraum: 1.\u201317. Dezember 2025<br data-start=\"175\" data-end=\"178\" \/>Weihnachtspause: 22. Dezember 2025 \u2013 2. Januar 2026<\/p>\n<p style=\"text-align: center;\" data-start=\"235\" data-end=\"275\">2 Zeitraum: 5. Januar \u2013 25. Februar 2026<\/p>\n<p style=\"text-align: center;\" data-start=\"277\" data-end=\"299\">Uhrzeit: 17:00\u201318:30<\/p>\n<p style=\"text-align: center;\" data-start=\"301\" data-end=\"315\">Preis: 500 \u20ac<\/p>\n<p style=\"text-align: center;\" data-start=\"317\" data-end=\"447\" data-is-last-node=\"\" data-is-only-node=\"\">Hinweis: Wird die Mindestanzahl an Teilnehmern nicht erreicht, wird der Gruppenkurs in 20 private Online-Einheiten umgewandelt.<\/p>\n[\/vc_column_text][\/vc_column][vc_column width=&#8220;1\/6&#8243;][\/vc_column][\/vc_row][vc_row row_type=&#8220;row&#8220; text_align=&#8220;left&#8220; css_animation=&#8220;&#8220;][vc_column][vc_separator type=&#8220;normal&#8220;][\/vc_column][\/vc_row][vc_row row_type=&#8220;row&#8220; text_align=&#8220;left&#8220; css_animation=&#8220;&#8220; css=&#8220;.vc_custom_1585921924715{margin-bottom: 30px !important;}&#8220;][vc_column width=&#8220;1\/6&#8243;][\/vc_column][vc_column width=&#8220;2\/3&#8243;][vc_column_text]\n<h2>One to one sprachKurs<\/h2>\n[\/vc_column_text][\/vc_column][vc_column width=&#8220;1\/6&#8243;][\/vc_column][\/vc_row][vc_row row_type=&#8220;row&#8220; text_align=&#8220;left&#8220; css_animation=&#8220;&#8220; css=&#8220;.vc_custom_1585921932499{margin-bottom: 30px !important;}&#8220;][vc_column width=&#8220;1\/6&#8243;][\/vc_column][vc_column width=&#8220;2\/3&#8243;][vc_column_text]Ein Einzelkurs f\u00fcr alle, die einen komplett personalisierten Lernweg w\u00fcnschen: Du kannst dich auf bestimmte Grammatikthemen, die Pr\u00fcfungsvorbereitung oder einfach auf Konversations\u00fcbungen mit einem pers\u00f6nlichen Lehrer konzentrieren.[\/vc_column_text][\/vc_column][vc_column width=&#8220;1\/6&#8243;][\/vc_column][\/vc_row][vc_row row_type=&#8220;row&#8220; text_align=&#8220;left&#8220; css_animation=&#8220;&#8220; css=&#8220;.vc_custom_1585921932499{margin-bottom: 30px !important;}&#8220;][vc_column width=&#8220;1\/6&#8243;][\/vc_column][vc_column width=&#8220;2\/3&#8243; css=&#8220;.vc_custom_1763030217506{background-color: #d6eae2 !important;}&#8220;][vc_column_text]\n<p style=\"text-align: center;\" data-start=\"28\" data-end=\"76\">10 Einheiten \u00e0 45 Minuten \u00fcber Google Meet.<\/p>\n<p style=\"text-align: center;\" data-start=\"78\" data-end=\"92\">Preis: 250 \u20ac<\/p>\n<p style=\"text-align: center;\" data-start=\"94\" data-end=\"169\">Verf\u00fcgbarkeit: M\u00e4rz bis November \u2013 Unterricht nachmittags an Wochentagen.<\/p>\n<p style=\"text-align: center;\" data-start=\"171\" data-end=\"214\" data-is-last-node=\"\" data-is-only-node=\"\">Wintermonate \u2013 flexiblere Terminplanung.<\/p>\n[\/vc_column_text][\/vc_column][vc_column width=&#8220;1\/6&#8243;][\/vc_column][\/vc_row][vc_row row_type=&#8220;row&#8220; text_align=&#8220;left&#8220; css_animation=&#8220;&#8220;][vc_column][vc_separator type=&#8220;normal&#8220;][\/vc_column][\/vc_row][vc_row row_type=&#8220;row&#8220; text_align=&#8220;left&#8220; css_animation=&#8220;&#8220; css=&#8220;.vc_custom_1585921924715{margin-bottom: 30px !important;}&#8220;][vc_column width=&#8220;1\/6&#8243;][\/vc_column][vc_column width=&#8220;2\/3&#8243;][vc_column_text]\n<h2>One to two Sprachkurs<\/h2>\n[\/vc_column_text][\/vc_column][vc_column width=&#8220;1\/6&#8243;][\/vc_column][\/vc_row][vc_row row_type=&#8220;row&#8220; text_align=&#8220;left&#8220; css_animation=&#8220;&#8220; css=&#8220;.vc_custom_1585921932499{margin-bottom: 30px !important;}&#8220;][vc_column width=&#8220;1\/6&#8243;][\/vc_column][vc_column width=&#8220;2\/3&#8243;][vc_column_text css=&#8220;.vc_custom_1763401745602{margin-bottom: 20px !important;}&#8220;]Ideal, wenn du das Lernerlebnis mit einem Freund oder Lernpartner auf demselben Sprachniveau teilen m\u00f6chtest.[\/vc_column_text][\/vc_column][vc_column width=&#8220;1\/6&#8243;][\/vc_column][\/vc_row][vc_row row_type=&#8220;row&#8220; text_align=&#8220;left&#8220; css_animation=&#8220;&#8220; css=&#8220;.vc_custom_1585921932499{margin-bottom: 30px !important;}&#8220;][vc_column width=&#8220;1\/6&#8243;][\/vc_column][vc_column width=&#8220;2\/3&#8243; css=&#8220;.vc_custom_1763030217506{background-color: #d6eae2 !important;}&#8220;][vc_column_text]\n<p style=\"text-align: center;\" data-start=\"28\" data-end=\"76\">10 Einheiten \u00e0 45 Minuten \u00fcber Google Meet.<\/p>\n<p style=\"text-align: center;\" data-start=\"78\" data-end=\"112\">Preis: 180 \u20ac pro Sch\u00fcler\/Student<\/p>\n<p style=\"text-align: center;\" data-start=\"114\" data-end=\"189\">Verf\u00fcgbarkeit: M\u00e4rz bis November \u2013 Unterricht nachmittags an Wochentagen.<\/p>\n<p style=\"text-align: center;\" data-start=\"191\" data-end=\"234\" data-is-last-node=\"\" data-is-only-node=\"\">Wintermonate \u2013 flexiblere Terminplanung.<\/p>\n[\/vc_column_text][\/vc_column][vc_column width=&#8220;1\/6&#8243;][\/vc_column][\/vc_row][vc_row row_type=&#8220;row&#8220; text_align=&#8220;left&#8220; css_animation=&#8220;&#8220;][vc_column][vc_separator type=&#8220;normal&#8220;][\/vc_column][\/vc_row][vc_row row_type=&#8220;row&#8220; text_align=&#8220;left&#8220; css_animation=&#8220;&#8220; css=&#8220;.vc_custom_1585921924715{margin-bottom: 30px !important;}&#8220;][vc_column width=&#8220;1\/6&#8243;][\/vc_column][vc_column width=&#8220;2\/3&#8243;][vc_column_text]\n<h2>Was brauchst du?<\/h2>\n[\/vc_column_text][\/vc_column][vc_column width=&#8220;1\/6&#8243;][\/vc_column][\/vc_row][vc_row row_type=&#8220;row&#8220; text_align=&#8220;left&#8220; css_animation=&#8220;&#8220; css=&#8220;.vc_custom_1585923278741{margin-bottom: 30px !important;}&#8220;][vc_column width=&#8220;1\/4&#8243;][\/vc_column][vc_column width=&#8220;1\/2&#8243; css=&#8220;.vc_custom_1763127859846{border-top-width: 10px !important;border-right-width: 10px !important;border-bottom-width: 10px !important;border-left-width: 10px !important;padding-top: 20px !important;padding-right: 20px !important;padding-bottom: 20px !important;padding-left: 20px !important;}&#8220;][vc_column_text css=&#8220;.vc_custom_1763401825376{margin-bottom: 20px !important;}&#8220;]\n<p data-start=\"28\" data-end=\"171\">Die Lektionen finden \u00fcber <strong>Google Meet<\/strong> statt und werden von <strong>Google Classroom<\/strong> f\u00fcr Materialien, \u00dcbungen und n\u00fctzliche Ressourcen unterst\u00fctzt.<\/p>\n<p data-start=\"173\" data-end=\"293\" data-is-last-node=\"\" data-is-only-node=\"\">Alles, was du brauchst, ist eine gute Internetverbindung, eine Webcam und die Lust, auf Italienisch zu kommunizieren!<\/p>\n[\/vc_column_text][\/vc_column][vc_column width=&#8220;1\/4&#8243;][\/vc_column][\/vc_row][vc_row row_type=&#8220;row&#8220; text_align=&#8220;left&#8220; css_animation=&#8220;&#8220;][vc_column][vc_empty_space height=&#8220;8px&#8220;][\/vc_column][\/vc_row][vc_row row_type=&#8220;row&#8220; text_align=&#8220;left&#8220; css_animation=&#8220;&#8220; css=&#8220;.vc_custom_1585921932499{margin-bottom: 30px !important;}&#8220;][vc_column width=&#8220;1\/4&#8243;][\/vc_column][vc_column width=&#8220;1\/2&#8243;][vc_column_text css=&#8220;.vc_custom_1763401858593{background-color: #0e7f8b !important;border-radius: 30px !important;}&#8220;]\n<p style=\"text-align: center;\"><span style=\"color: #0e7f8b;\">.<\/span><\/p>\n<h2 style=\"text-align: center;\"><a href=\"https:\/\/solemar-academy.com\/de\/anmeldeformular\/\"><span style=\"color: #ffffff;\">Jetzt anmelden!<\/span><\/a><\/h2>\n<p style=\"text-align: center;\"><span style=\"color: #0e7f8b;\">.<\/span><\/p>\n[\/vc_column_text][\/vc_column][vc_column width=&#8220;1\/4&#8243;][\/vc_column][\/vc_row]\n<\/div>","protected":false},"excerpt":{"rendered":"<p>[vc_row row_type=&#8220;row&#8220; text_align=&#8220;left&#8220; css_animation=&#8220;&#8220; css=&#8220;.vc_custom_1585921844599{margin-bottom: 50px !important;}&#8220;][vc_column][vc_column_text] Italienisch online lernen mit den Lehrern der Solemar Academy [\/vc_column_text][\/vc_column][\/vc_row][vc_row row_type=&#8220;row&#8220; text_align=&#8220;left&#8220; css_animation=&#8220;&#8220; css=&#8220;.vc_custom_1585921897336{margin-bottom: 30px !important;}&#8220;][vc_column width=&#8220;1\/6&#8243;][\/vc_column][vc_column width=&#8220;2\/3&#8243;][vc_column_text]Italienisch online mit der Solemar Academy zu lernen bedeutet, weiter auf eine spannende und authentische Weise zu lernen \u2013 egal, wo&#8230;<\/p>\n","protected":false},"author":1,"featured_media":11855,"parent":0,"menu_order":0,"comment_status":"closed","ping_status":"closed","template":"","meta":{"inline_featured_image":false},"yoast_head":"<!-- This site is optimized with the Yoast SEO Premium plugin v19.5 (Yoast SEO v19.11) - https:\/\/yoast.com\/wordpress\/plugins\/seo\/ -->\n<title>Italienisch Online Lernen &mdash; Solemar Academy<\/title>\n<meta name=\"description\" content=\"Unsere Online-Italienischkurse basieren auf Unterricht \u00fcber Meet und Google Classroom. F\u00fcr Einzelpersonen, Paare oder kleine Gruppen. Erfahre hier mehr!\" \/>\n<meta name=\"robots\" content=\"index, follow, max-snippet:-1, max-image-preview:large, max-video-preview:-1\" \/>\n<link rel=\"canonical\" href=\"https:\/\/solemar-academy.com\/de\/italienisch-online-lernen-italienisch-sprachschule-in-italien\/\" \/>\n<meta property=\"og:locale\" content=\"de_DE\" \/>\n<meta property=\"og:type\" content=\"article\" \/>\n<meta property=\"og:title\" content=\"Italienisch Online Lernen\" \/>\n<meta property=\"og:description\" content=\"Unsere Online-Italienischkurse basieren auf Unterricht \u00fcber Meet und Google Classroom. F\u00fcr Einzelpersonen, Paare oder kleine Gruppen. Erfahre hier mehr!\" \/>\n<meta property=\"og:url\" content=\"https:\/\/solemar-academy.com\/de\/italienisch-online-lernen-italienisch-sprachschule-in-italien\/\" \/>\n<meta property=\"og:site_name\" content=\"Solemar Academy\" \/>\n<meta property=\"article:modified_time\" content=\"2025-11-17T17:59:11+00:00\" \/>\n<meta name=\"twitter:card\" content=\"summary_large_image\" \/>\n<meta name=\"twitter:label1\" content=\"Gesch\u00e4tzte Lesezeit\" \/>\n\t<meta name=\"twitter:data1\" content=\"3\u00a0Minuten\" \/>\n<script type=\"application\/ld+json\" class=\"yoast-schema-graph\">{\"@context\":\"https:\/\/schema.org\",\"@graph\":[{\"@type\":\"WebPage\",\"@id\":\"https:\/\/solemar-academy.com\/de\/italienisch-online-lernen-italienisch-sprachschule-in-italien\/\",\"url\":\"https:\/\/solemar-academy.com\/de\/italienisch-online-lernen-italienisch-sprachschule-in-italien\/\",\"name\":\"Italienisch Online Lernen &mdash; Solemar Academy\",\"isPartOf\":{\"@id\":\"https:\/\/solemar-academy.com\/#website\"},\"datePublished\":\"2025-11-17T17:37:41+00:00\",\"dateModified\":\"2025-11-17T17:59:11+00:00\",\"description\":\"Unsere Online-Italienischkurse basieren auf Unterricht \u00fcber Meet und Google Classroom. F\u00fcr Einzelpersonen, Paare oder kleine Gruppen. Erfahre hier mehr!\",\"breadcrumb\":{\"@id\":\"https:\/\/solemar-academy.com\/de\/italienisch-online-lernen-italienisch-sprachschule-in-italien\/#breadcrumb\"},\"inLanguage\":\"de\",\"potentialAction\":[{\"@type\":\"ReadAction\",\"target\":[\"https:\/\/solemar-academy.com\/de\/italienisch-online-lernen-italienisch-sprachschule-in-italien\/\"]}]},{\"@type\":\"BreadcrumbList\",\"@id\":\"https:\/\/solemar-academy.com\/de\/italienisch-online-lernen-italienisch-sprachschule-in-italien\/#breadcrumb\",\"itemListElement\":[{\"@type\":\"ListItem\",\"position\":1,\"name\":\"Home\",\"item\":\"https:\/\/solemar-academy.com\/de\/\"},{\"@type\":\"ListItem\",\"position\":2,\"name\":\"Italienisch Online Lernen\"}]},{\"@type\":\"WebSite\",\"@id\":\"https:\/\/solemar-academy.com\/#website\",\"url\":\"https:\/\/solemar-academy.com\/\",\"name\":\"Solemar Academy\",\"description\":\"Learn Italian in Italy\",\"publisher\":{\"@id\":\"https:\/\/solemar-academy.com\/#organization\"},\"potentialAction\":[{\"@type\":\"SearchAction\",\"target\":{\"@type\":\"EntryPoint\",\"urlTemplate\":\"https:\/\/solemar-academy.com\/?s={search_term_string}\"},\"query-input\":\"required name=search_term_string\"}],\"inLanguage\":\"de\"},{\"@type\":\"Organization\",\"@id\":\"https:\/\/solemar-academy.com\/#organization\",\"name\":\"Solemar Academy\",\"url\":\"https:\/\/solemar-academy.com\/\",\"logo\":{\"@type\":\"ImageObject\",\"inLanguage\":\"de\",\"@id\":\"https:\/\/solemar-academy.com\/#\/schema\/logo\/image\/\",\"url\":\"https:\/\/solemar-academy.com\/wp-content\/uploads\/2022\/06\/logo-solemar-academy.png\",\"contentUrl\":\"https:\/\/solemar-academy.com\/wp-content\/uploads\/2022\/06\/logo-solemar-academy.png\",\"width\":32,\"height\":32,\"caption\":\"Solemar Academy\"},\"image\":{\"@id\":\"https:\/\/solemar-academy.com\/#\/schema\/logo\/image\/\"}}]}<\/script>\n<!-- \/ Yoast SEO Premium plugin. -->","yoast_head_json":{"title":"Italienisch Online Lernen &mdash; Solemar Academy","description":"Unsere Online-Italienischkurse basieren auf Unterricht \u00fcber Meet und Google Classroom. F\u00fcr Einzelpersonen, Paare oder kleine Gruppen. Erfahre hier mehr!","robots":{"index":"index","follow":"follow","max-snippet":"max-snippet:-1","max-image-preview":"max-image-preview:large","max-video-preview":"max-video-preview:-1"},"canonical":"https:\/\/solemar-academy.com\/de\/italienisch-online-lernen-italienisch-sprachschule-in-italien\/","og_locale":"de_DE","og_type":"article","og_title":"Italienisch Online Lernen","og_description":"Unsere Online-Italienischkurse basieren auf Unterricht \u00fcber Meet und Google Classroom. F\u00fcr Einzelpersonen, Paare oder kleine Gruppen. Erfahre hier mehr!","og_url":"https:\/\/solemar-academy.com\/de\/italienisch-online-lernen-italienisch-sprachschule-in-italien\/","og_site_name":"Solemar Academy","article_modified_time":"2025-11-17T17:59:11+00:00","twitter_card":"summary_large_image","twitter_misc":{"Gesch\u00e4tzte Lesezeit":"3\u00a0Minuten"},"schema":{"@context":"https:\/\/schema.org","@graph":[{"@type":"WebPage","@id":"https:\/\/solemar-academy.com\/de\/italienisch-online-lernen-italienisch-sprachschule-in-italien\/","url":"https:\/\/solemar-academy.com\/de\/italienisch-online-lernen-italienisch-sprachschule-in-italien\/","name":"Italienisch Online Lernen &mdash; Solemar Academy","isPartOf":{"@id":"https:\/\/solemar-academy.com\/#website"},"datePublished":"2025-11-17T17:37:41+00:00","dateModified":"2025-11-17T17:59:11+00:00","description":"Unsere Online-Italienischkurse basieren auf Unterricht \u00fcber Meet und Google Classroom. F\u00fcr Einzelpersonen, Paare oder kleine Gruppen. Erfahre hier mehr!","breadcrumb":{"@id":"https:\/\/solemar-academy.com\/de\/italienisch-online-lernen-italienisch-sprachschule-in-italien\/#breadcrumb"},"inLanguage":"de","potentialAction":[{"@type":"ReadAction","target":["https:\/\/solemar-academy.com\/de\/italienisch-online-lernen-italienisch-sprachschule-in-italien\/"]}]},{"@type":"BreadcrumbList","@id":"https:\/\/solemar-academy.com\/de\/italienisch-online-lernen-italienisch-sprachschule-in-italien\/#breadcrumb","itemListElement":[{"@type":"ListItem","position":1,"name":"Home","item":"https:\/\/solemar-academy.com\/de\/"},{"@type":"ListItem","position":2,"name":"Italienisch Online Lernen"}]},{"@type":"WebSite","@id":"https:\/\/solemar-academy.com\/#website","url":"https:\/\/solemar-academy.com\/","name":"Solemar Academy","description":"Learn Italian in Italy","publisher":{"@id":"https:\/\/solemar-academy.com\/#organization"},"potentialAction":[{"@type":"SearchAction","target":{"@type":"EntryPoint","urlTemplate":"https:\/\/solemar-academy.com\/?s={search_term_string}"},"query-input":"required name=search_term_string"}],"inLanguage":"de"},{"@type":"Organization","@id":"https:\/\/solemar-academy.com\/#organization","name":"Solemar Academy","url":"https:\/\/solemar-academy.com\/","logo":{"@type":"ImageObject","inLanguage":"de","@id":"https:\/\/solemar-academy.com\/#\/schema\/logo\/image\/","url":"https:\/\/solemar-academy.com\/wp-content\/uploads\/2022\/06\/logo-solemar-academy.png","contentUrl":"https:\/\/solemar-academy.com\/wp-content\/uploads\/2022\/06\/logo-solemar-academy.png","width":32,"height":32,"caption":"Solemar Academy"},"image":{"@id":"https:\/\/solemar-academy.com\/#\/schema\/logo\/image\/"}}]}},"_links":{"self":[{"href":"https:\/\/solemar-academy.com\/de\/wp-json\/wp\/v2\/pages\/19951"}],"collection":[{"href":"https:\/\/solemar-academy.com\/de\/wp-json\/wp\/v2\/pages"}],"about":[{"href":"https:\/\/solemar-academy.com\/de\/wp-json\/wp\/v2\/types\/page"}],"author":[{"embeddable":true,"href":"https:\/\/solemar-academy.com\/de\/wp-json\/wp\/v2\/users\/1"}],"replies":[{"embeddable":true,"href":"https:\/\/solemar-academy.com\/de\/wp-json\/wp\/v2\/comments?post=19951"}],"version-history":[{"count":5,"href":"https:\/\/solemar-academy.com\/de\/wp-json\/wp\/v2\/pages\/19951\/revisions"}],"predecessor-version":[{"id":20020,"href":"https:\/\/solemar-academy.com\/de\/wp-json\/wp\/v2\/pages\/19951\/revisions\/20020"}],"wp:featuredmedia":[{"embeddable":true,"href":"https:\/\/solemar-academy.com\/de\/wp-json\/"}],"wp:attachment":[{"href":"https:\/\/solemar-academy.com\/de\/wp-json\/wp\/v2\/media?parent=19951"}],"curies":[{"name":"wp","href":"https:\/\/api.w.org\/{rel}","templated":true}]}}