{"id":16861,"date":"2021-05-26T08:20:33","date_gmt":"2021-05-26T08:20:33","guid":{"rendered":"https:\/\/solemar-academy.com\/?page_id=16861"},"modified":"2021-05-26T08:22:05","modified_gmt":"2021-05-26T08:22:05","slug":"erasmus-plus-programm","status":"publish","type":"page","link":"https:\/\/solemar-academy.com\/de\/erasmus-plus-programm\/","title":{"rendered":"ERASMUS PLUS PROGRAMM\u2013 ITALIENISCH SPRACHSCHULE IN ITALIEN"},"content":{"rendered":"<div class=\"wpb-content-wrapper\">[vc_row row_type=&#8220;row&#8220; text_align=&#8220;left&#8220; css_animation=&#8220;&#8220;][vc_column width=&#8220;1\/6&#8243;][vc_column_text]\n[\/vc_column_text][\/vc_column][vc_column width=&#8220;2\/3&#8243;][vc_column_text]\n<h2>EU-Programm Erasmus Plus<\/h2>\n<p>&nbsp;<\/p>\n<p>Neben vielen Partnerschaften und Zulassungen, die die Solemar Academy (die Italienischschule in Italien) in den letzten Jahren erhalten hat, haben wir vor kurzem auch die Best\u00e4tigung f\u00fcr das europ\u00e4ische Projekt<a href=\"https:\/\/ec.europa.eu\/programmes\/erasmus-plus\/about_de\"><strong> Erasmus Plus<\/strong><\/a> zur F\u00f6rderung der individuellen Mobilit\u00e4t erhalten. Das macht uns sehr stolz und zeigt unser st\u00e4ndiges Engagement f\u00fcr Aus- und Weiterbildung.<\/p>\n<p>&nbsp;<\/p>\n<p>&nbsp;<\/p>\n<h3>Das Programm kurz erkl\u00e4rt<\/h3>\n<p>Erasmus Plus ist das neue Programm der Europ\u00e4ischen Union. G\u00fcltig ist es im Zeitraum 2014-2020 f\u00fcr die Bereiche Bildung, Ausbildung, Jugend und Sport. Das Programm soll vorherige Programme, wie LLP (Lifelong Learning Programm), Erasmus, Leonardo da Vinci, Comenius und Grundtvig ersetzen und zusammenf\u00fchren.<\/p>\n<p>&nbsp;<\/p>\n<p>&nbsp;<\/p>\n<h3>Was Erasmus Plus bietet<\/h3>\n<p>Das Programm f\u00f6rdert die Modernisierung der Bildungs-, Ausbildungs- und Jugendsysteme, mit dem Ziel der Bildung von Partnerschaften zwischen Schulen und Unternehmen. Dadurch k\u00f6nnen den einzelnen Teilnehmern neue F\u00e4higkeiten vermittelt werden.<\/p>\n<p>Mit der Aktion KAI 1 ist es m\u00f6glich an Lernaktivit\u00e4ten (Studienkurse oder Praktika) und an beruflicher Weiterbildung in einem der L\u00e4nder teilzunehmen, die ein Teil dieses Programms sind.<\/p>\n<p>&nbsp;<\/p>\n<p>&nbsp;<\/p>\n<h3>Was an der Solemar Academy m\u00f6glich ist<\/h3>\n<ul>\n<li aria-level=\"1\">Wer in der Aus- und Weiterbildung arbeitet, kann an einem unserer Italienischkurse teilnehmen.<\/li>\n<li aria-level=\"1\">Studenten k\u00f6nnen das f\u00fcr ihren Studiengang erforderliche Praktikum in unserer Schule absolvieren<\/li>\n<li aria-level=\"1\">Sprachlehrer k\u00f6nnen an einem unserer Auffrischungskurse teilnehmen oder an der Seite unserer Lehrer unterrichten<\/li>\n<\/ul>\n<p>&nbsp;<\/p>\n<p>&nbsp;<\/p>\n<h3>Wie man am Programm teilnehmen kann<\/h3>\n<p>Wichtig zu sagen ist, dass das Programm Erasmus Plus die Geldmittel nicht den einzelnen Teilnehmern zur Verf\u00fcgung stellt, sondern anerkannten Stellen in den Bereichen Bildung, Entwicklung, Jugend und Sport. Auf diese Weise finanziert die Europ\u00e4ische Union Projekte f\u00fcr Studenten, Lehrer, Freiwillige, Ausbilder, usw.<\/p>\n<p>Interessierte m\u00fcssen also eine Schule, eine Universit\u00e4t, einen Verein oder eine Organisation kontaktieren, die die Berechtigung haben Projekte einzureichen und f\u00fcr ein Erasmus Plus-Stipendium in Frage kommen. \u00dcber diese ist es m\u00f6glich an Ausschreibungen teilzunehmen und sich bei der Nationalen Agentur f\u00fcr Erasmus+ zu bewerben.<\/p>\n<p>&nbsp;<\/p>\n<p>Um einen Italienischkurs, einen Auffrischungskurs oder ein Praktikum in unserer Schule zu absolvieren, muss unsere <strong>Organisation ID: E10164313<\/strong> im Antrag angegeben werden.<\/p>\n<p>&nbsp;<\/p>\n<p>Mehr Informationen gibt es auf dieser Seite:<strong><a href=\"https:\/\/ec.europa.eu\/programmes\/erasmus-plus\/node_it\"> https:\/\/ec.europa.eu\/programmes\/erasmus-plus\/node_it<\/a><\/strong><\/p>\n<p>&nbsp;<\/p>\n<p>&nbsp;<\/p>\n<h3>Welche L\u00e4nder d\u00fcrfen an Erasmus+ teilnehmen?<\/h3>\n<p>Berechtigt zur Teilnahme sind alle EU-Mitgliedstaaten und Kandidatenl\u00e4nder. Eine vollst\u00e4ndige Auflistung der L\u00e4nder findet ihr<strong><a href=\"http:\/\/www.erasmusplus.it\/erasmusplus\/paesi-partecipanti\/\"> hier<\/a><\/strong>.<\/p>\n[\/vc_column_text][\/vc_column][vc_column width=&#8220;1\/6&#8243;][vc_column_text]\n[\/vc_column_text][\/vc_column][\/vc_row][vc_row row_type=&#8220;row&#8220; text_align=&#8220;left&#8220; css_animation=&#8220;&#8220;][vc_column width=&#8220;1\/6&#8243;][\/vc_column][vc_column width=&#8220;2\/3&#8243;][vc_separator type=&#8220;normal&#8220; color=&#8220;#ffffff&#8220;][\/vc_column][vc_column width=&#8220;1\/6&#8243;][\/vc_column][\/vc_row]\n<\/div>","protected":false},"excerpt":{"rendered":"<p>[vc_row row_type=&#8220;row&#8220; text_align=&#8220;left&#8220; css_animation=&#8220;&#8220;][vc_column width=&#8220;1\/6&#8243;][vc_column_text] [\/vc_column_text][\/vc_column][vc_column width=&#8220;2\/3&#8243;][vc_column_text] EU-Programm Erasmus Plus &nbsp; Neben vielen Partnerschaften und Zulassungen, die die Solemar Academy (die Italienischschule in Italien) in den letzten Jahren erhalten hat, haben wir vor kurzem auch die Best\u00e4tigung f\u00fcr das europ\u00e4ische Projekt Erasmus Plus zur F\u00f6rderung&#8230;<\/p>\n","protected":false},"author":1,"featured_media":14442,"parent":0,"menu_order":0,"comment_status":"open","ping_status":"open","template":"","meta":{"inline_featured_image":false},"yoast_head":"<!-- This site is optimized with the Yoast SEO Premium plugin v19.5 (Yoast SEO v19.11) - https:\/\/yoast.com\/wordpress\/plugins\/seo\/ -->\n<title>Erasmus Plus Programm - Italienisch Sprachschule &mdash; Solemar Academy<\/title>\n<meta name=\"description\" content=\"Die Italienisch Sprachschule Solemar Academy bietet die M\u00f6glichkeit an dem europ\u00e4ischen Programm Erasmus Plus teilzunehmen.\" \/>\n<meta name=\"robots\" content=\"index, follow, max-snippet:-1, max-image-preview:large, max-video-preview:-1\" \/>\n<link rel=\"canonical\" href=\"https:\/\/solemar-academy.com\/de\/erasmus-plus-programm\/\" \/>\n<meta property=\"og:locale\" content=\"de_DE\" \/>\n<meta property=\"og:type\" content=\"article\" \/>\n<meta property=\"og:title\" content=\"ERASMUS PLUS PROGRAMM\u2013 ITALIENISCH SPRACHSCHULE IN ITALIEN\" \/>\n<meta property=\"og:description\" content=\"Die Italienisch Sprachschule Solemar Academy bietet die M\u00f6glichkeit an dem europ\u00e4ischen Programm Erasmus Plus teilzunehmen.\" \/>\n<meta property=\"og:url\" content=\"https:\/\/solemar-academy.com\/de\/erasmus-plus-programm\/\" \/>\n<meta property=\"og:site_name\" content=\"Solemar Academy\" \/>\n<meta property=\"article:modified_time\" content=\"2021-05-26T08:22:05+00:00\" \/>\n<meta property=\"og:image\" content=\"https:\/\/solemar-academy.com\/wp-content\/uploads\/layerslider\/HomePage-slider-ITA\/learn-italian-in-italy-scaled.jpg\" \/>\n\t<meta property=\"og:image:width\" content=\"1024\" \/>\n\t<meta property=\"og:image:height\" content=\"681\" \/>\n\t<meta property=\"og:image:type\" content=\"image\/jpeg\" \/>\n<meta name=\"twitter:card\" content=\"summary_large_image\" \/>\n<meta name=\"twitter:label1\" content=\"Gesch\u00e4tzte Lesezeit\" \/>\n\t<meta name=\"twitter:data1\" content=\"2\u00a0Minuten\" \/>\n<script type=\"application\/ld+json\" class=\"yoast-schema-graph\">{\"@context\":\"https:\/\/schema.org\",\"@graph\":[{\"@type\":\"WebPage\",\"@id\":\"https:\/\/solemar-academy.com\/de\/erasmus-plus-programm\/\",\"url\":\"https:\/\/solemar-academy.com\/de\/erasmus-plus-programm\/\",\"name\":\"Erasmus Plus Programm - Italienisch Sprachschule &mdash; Solemar Academy\",\"isPartOf\":{\"@id\":\"https:\/\/solemar-academy.com\/#website\"},\"datePublished\":\"2021-05-26T08:20:33+00:00\",\"dateModified\":\"2021-05-26T08:22:05+00:00\",\"description\":\"Die Italienisch Sprachschule Solemar Academy bietet die M\u00f6glichkeit an dem europ\u00e4ischen Programm Erasmus Plus teilzunehmen.\",\"breadcrumb\":{\"@id\":\"https:\/\/solemar-academy.com\/de\/erasmus-plus-programm\/#breadcrumb\"},\"inLanguage\":\"de\",\"potentialAction\":[{\"@type\":\"ReadAction\",\"target\":[\"https:\/\/solemar-academy.com\/de\/erasmus-plus-programm\/\"]}]},{\"@type\":\"BreadcrumbList\",\"@id\":\"https:\/\/solemar-academy.com\/de\/erasmus-plus-programm\/#breadcrumb\",\"itemListElement\":[{\"@type\":\"ListItem\",\"position\":1,\"name\":\"Home\",\"item\":\"https:\/\/solemar-academy.com\/de\/\"},{\"@type\":\"ListItem\",\"position\":2,\"name\":\"ERASMUS PLUS PROGRAMM\u2013 ITALIENISCH SPRACHSCHULE IN ITALIEN\"}]},{\"@type\":\"WebSite\",\"@id\":\"https:\/\/solemar-academy.com\/#website\",\"url\":\"https:\/\/solemar-academy.com\/\",\"name\":\"Solemar Academy\",\"description\":\"Learn Italian in Italy\",\"publisher\":{\"@id\":\"https:\/\/solemar-academy.com\/#organization\"},\"potentialAction\":[{\"@type\":\"SearchAction\",\"target\":{\"@type\":\"EntryPoint\",\"urlTemplate\":\"https:\/\/solemar-academy.com\/?s={search_term_string}\"},\"query-input\":\"required name=search_term_string\"}],\"inLanguage\":\"de\"},{\"@type\":\"Organization\",\"@id\":\"https:\/\/solemar-academy.com\/#organization\",\"name\":\"Solemar Academy\",\"url\":\"https:\/\/solemar-academy.com\/\",\"logo\":{\"@type\":\"ImageObject\",\"inLanguage\":\"de\",\"@id\":\"https:\/\/solemar-academy.com\/#\/schema\/logo\/image\/\",\"url\":\"https:\/\/solemar-academy.com\/wp-content\/uploads\/2022\/06\/logo-solemar-academy.png\",\"contentUrl\":\"https:\/\/solemar-academy.com\/wp-content\/uploads\/2022\/06\/logo-solemar-academy.png\",\"width\":32,\"height\":32,\"caption\":\"Solemar Academy\"},\"image\":{\"@id\":\"https:\/\/solemar-academy.com\/#\/schema\/logo\/image\/\"}}]}<\/script>\n<!-- \/ Yoast SEO Premium plugin. -->","yoast_head_json":{"title":"Erasmus Plus Programm - Italienisch Sprachschule &mdash; Solemar Academy","description":"Die Italienisch Sprachschule Solemar Academy bietet die M\u00f6glichkeit an dem europ\u00e4ischen Programm Erasmus Plus teilzunehmen.","robots":{"index":"index","follow":"follow","max-snippet":"max-snippet:-1","max-image-preview":"max-image-preview:large","max-video-preview":"max-video-preview:-1"},"canonical":"https:\/\/solemar-academy.com\/de\/erasmus-plus-programm\/","og_locale":"de_DE","og_type":"article","og_title":"ERASMUS PLUS PROGRAMM\u2013 ITALIENISCH SPRACHSCHULE IN ITALIEN","og_description":"Die Italienisch Sprachschule Solemar Academy bietet die M\u00f6glichkeit an dem europ\u00e4ischen Programm Erasmus Plus teilzunehmen.","og_url":"https:\/\/solemar-academy.com\/de\/erasmus-plus-programm\/","og_site_name":"Solemar Academy","article_modified_time":"2021-05-26T08:22:05+00:00","og_image":[{"width":1024,"height":681,"url":"https:\/\/solemar-academy.com\/wp-content\/uploads\/layerslider\/HomePage-slider-ITA\/learn-italian-in-italy-scaled.jpg","type":"image\/jpeg"}],"twitter_card":"summary_large_image","twitter_misc":{"Gesch\u00e4tzte Lesezeit":"2\u00a0Minuten"},"schema":{"@context":"https:\/\/schema.org","@graph":[{"@type":"WebPage","@id":"https:\/\/solemar-academy.com\/de\/erasmus-plus-programm\/","url":"https:\/\/solemar-academy.com\/de\/erasmus-plus-programm\/","name":"Erasmus Plus Programm - Italienisch Sprachschule &mdash; Solemar Academy","isPartOf":{"@id":"https:\/\/solemar-academy.com\/#website"},"datePublished":"2021-05-26T08:20:33+00:00","dateModified":"2021-05-26T08:22:05+00:00","description":"Die Italienisch Sprachschule Solemar Academy bietet die M\u00f6glichkeit an dem europ\u00e4ischen Programm Erasmus Plus teilzunehmen.","breadcrumb":{"@id":"https:\/\/solemar-academy.com\/de\/erasmus-plus-programm\/#breadcrumb"},"inLanguage":"de","potentialAction":[{"@type":"ReadAction","target":["https:\/\/solemar-academy.com\/de\/erasmus-plus-programm\/"]}]},{"@type":"BreadcrumbList","@id":"https:\/\/solemar-academy.com\/de\/erasmus-plus-programm\/#breadcrumb","itemListElement":[{"@type":"ListItem","position":1,"name":"Home","item":"https:\/\/solemar-academy.com\/de\/"},{"@type":"ListItem","position":2,"name":"ERASMUS PLUS PROGRAMM\u2013 ITALIENISCH SPRACHSCHULE IN ITALIEN"}]},{"@type":"WebSite","@id":"https:\/\/solemar-academy.com\/#website","url":"https:\/\/solemar-academy.com\/","name":"Solemar Academy","description":"Learn Italian in Italy","publisher":{"@id":"https:\/\/solemar-academy.com\/#organization"},"potentialAction":[{"@type":"SearchAction","target":{"@type":"EntryPoint","urlTemplate":"https:\/\/solemar-academy.com\/?s={search_term_string}"},"query-input":"required name=search_term_string"}],"inLanguage":"de"},{"@type":"Organization","@id":"https:\/\/solemar-academy.com\/#organization","name":"Solemar Academy","url":"https:\/\/solemar-academy.com\/","logo":{"@type":"ImageObject","inLanguage":"de","@id":"https:\/\/solemar-academy.com\/#\/schema\/logo\/image\/","url":"https:\/\/solemar-academy.com\/wp-content\/uploads\/2022\/06\/logo-solemar-academy.png","contentUrl":"https:\/\/solemar-academy.com\/wp-content\/uploads\/2022\/06\/logo-solemar-academy.png","width":32,"height":32,"caption":"Solemar Academy"},"image":{"@id":"https:\/\/solemar-academy.com\/#\/schema\/logo\/image\/"}}]}},"_links":{"self":[{"href":"https:\/\/solemar-academy.com\/de\/wp-json\/wp\/v2\/pages\/16861"}],"collection":[{"href":"https:\/\/solemar-academy.com\/de\/wp-json\/wp\/v2\/pages"}],"about":[{"href":"https:\/\/solemar-academy.com\/de\/wp-json\/wp\/v2\/types\/page"}],"author":[{"embeddable":true,"href":"https:\/\/solemar-academy.com\/de\/wp-json\/wp\/v2\/users\/1"}],"replies":[{"embeddable":true,"href":"https:\/\/solemar-academy.com\/de\/wp-json\/wp\/v2\/comments?post=16861"}],"version-history":[{"count":4,"href":"https:\/\/solemar-academy.com\/de\/wp-json\/wp\/v2\/pages\/16861\/revisions"}],"predecessor-version":[{"id":16865,"href":"https:\/\/solemar-academy.com\/de\/wp-json\/wp\/v2\/pages\/16861\/revisions\/16865"}],"wp:featuredmedia":[{"embeddable":true,"href":"https:\/\/solemar-academy.com\/de\/wp-json\/wp\/v2\/media\/14442"}],"wp:attachment":[{"href":"https:\/\/solemar-academy.com\/de\/wp-json\/wp\/v2\/media?parent=16861"}],"curies":[{"name":"wp","href":"https:\/\/api.w.org\/{rel}","templated":true}]}}