{"id":16831,"date":"2021-04-27T08:16:42","date_gmt":"2021-04-27T08:16:42","guid":{"rendered":"https:\/\/solemar-academy.com\/?page_id=16831"},"modified":"2021-04-27T08:17:12","modified_gmt":"2021-04-27T08:17:12","slug":"soziales-engagement","status":"publish","type":"page","link":"https:\/\/solemar-academy.com\/de\/soziales-engagement\/","title":{"rendered":"Soziales Engagement \u2013 Italienisch Sprachschule in Italien"},"content":{"rendered":"<div class=\"wpb-content-wrapper\">[vc_row row_type=&#8220;row&#8220; text_align=&#8220;left&#8220; css_animation=&#8220;&#8220;][vc_column][vc_column_text][\/vc_column_text][\/vc_column][\/vc_row][vc_row row_type=&#8220;row&#8220; text_align=&#8220;left&#8220; css_animation=&#8220;&#8220;][vc_column width=&#8220;1\/6&#8243;][\/vc_column][vc_column width=&#8220;2\/3&#8243;][vc_column_text css=&#8220;.vc_custom_1619511171025{padding-bottom: 10px !important;}&#8220;]\n<h2><span style=\"font-weight: 400;\">Das soziale Engagement der Solemar Academy<\/span><\/h2>\n[\/vc_column_text][vc_column_text css=&#8220;.vc_custom_1619511218376{padding-bottom: 20px !important;}&#8220;]\n<p>Wir sind der Meinung, dass eine Schule wie unsere auch die Verantwortung hat, sich f\u00fcr das <strong>Gemeinwohl<\/strong> einzusetzen und all die <strong>positiven Energien<\/strong> zu unterst\u00fctzen, die eingesetzt werden um unser Land und unsere <strong>Welt<\/strong> zu verbessern.<\/p>\n<p>Auf dieser Seite zeigen wir einige Projekte, die die <strong><a href=\"https:\/\/solemar-academy.com\/de\/\">Solemar<\/a><\/strong> seit jeher mit Leidenschaft unterst\u00fctzt.<\/p>\n[\/vc_column_text][vc_column_text css=&#8220;.vc_custom_1619511230020{padding-bottom: 10px !important;}&#8220;]\n<h3><span style=\"font-weight: 400;\">WWF Kampagne<\/span><\/h3>\n[\/vc_column_text][vc_column_text css=&#8220;.vc_custom_1619511244499{padding-bottom: 20px !important;}&#8220;]\n<p>F\u00fcr uns ist der <a href=\"https:\/\/www.wwf.it\/\"><strong>WWF<\/strong><\/a> ein Licht am Horizont. Unsere Natur und alle Tierarten haben besondere Aufmerksamkeit verdient, denn wir Menschen sind noch immer G\u00e4ste in dieser wundersch\u00f6nen Natur. Und als G\u00e4ste sind wir in der Pflicht sie zu erhalten und zu pflegen.<\/p>\n[\/vc_column_text][vc_single_image image=&#8220;15088&#8243; img_size=&#8220;full&#8220; css=&#8220;.vc_custom_1605807530488{padding-bottom: 40px !important;}&#8220;][vc_column_text css=&#8220;.vc_custom_1619511253894{padding-bottom: 10px !important;}&#8220;]\n<h3><span style=\"font-weight: 400;\">EMERGENCY Kampagne<\/span><\/h3>\n[\/vc_column_text][vc_column_text css=&#8220;.vc_custom_1619511292728{padding-bottom: 20px !important;}&#8220;]\n<p><strong><a href=\"https:\/\/www.emergency.it\/\">EMERGENCY<\/a><\/strong> ist eine Organisation, die unserer Meinung nach ein <strong>Vorbild<\/strong> f\u00fcr westliche Gesellschaften sein sollte. Den Schw\u00e4cheren <strong>Hilfe und Beistand<\/strong> zu leisten, ist in erster Linie eine moralische Pflicht. Wir auf Sizilien sind besonders sensibel gegen\u00fcber diesem Thema, da wir t\u00e4glich das Ph\u00e4nomen der Migration miterleben. Mit der Unterst\u00fctzung von EMERGENCY wollen wir deutlich machen, <strong>auf welcher Seite wir stehen<\/strong>.<\/p>\n[\/vc_column_text][vc_single_image image=&#8220;15083&#8243; img_size=&#8220;full&#8220; css=&#8220;.vc_custom_1605807545123{padding-bottom: 40px !important;}&#8220;][\/vc_column][vc_column width=&#8220;1\/6&#8243;][\/vc_column][\/vc_row][vc_row row_type=&#8220;row&#8220; text_align=&#8220;left&#8220; css_animation=&#8220;&#8220;][vc_column][vc_column_text]\n<\/p>\r\n\r\n[\/vc_column_text][\/vc_column][\/vc_row]<\/div>","protected":false},"excerpt":{"rendered":"<p>[vc_row row_type=&#8220;row&#8220; text_align=&#8220;left&#8220; css_animation=&#8220;&#8220;][vc_column][vc_column_text] [\/vc_column_text][\/vc_column][\/vc_row]<\/p>\n","protected":false},"author":1,"featured_media":15083,"parent":0,"menu_order":0,"comment_status":"closed","ping_status":"closed","template":"","meta":{"inline_featured_image":false},"yoast_head":"<!-- This site is optimized with the Yoast SEO Premium plugin v19.5 (Yoast SEO v19.11) - https:\/\/yoast.com\/wordpress\/plugins\/seo\/ -->\n<title>Soziales Engagement \u2013 Italienisch Sprachschule &mdash; Solemar Academy<\/title>\n<meta name=\"description\" content=\"Durch die Unterst\u00fctzung verschiedener Kampagnen setzt sich die Solemar Academy f\u00fcr die Mitmenschen, die Natur und deren Tierarten ein.\" \/>\n<meta name=\"robots\" content=\"index, follow, max-snippet:-1, max-image-preview:large, max-video-preview:-1\" \/>\n<link rel=\"canonical\" href=\"https:\/\/solemar-academy.com\/de\/soziales-engagement\/\" \/>\n<meta property=\"og:locale\" content=\"de_DE\" \/>\n<meta property=\"og:type\" content=\"article\" \/>\n<meta property=\"og:title\" content=\"Soziales Engagement \u2013 Italienisch Sprachschule in Italien\" \/>\n<meta property=\"og:description\" content=\"Durch die Unterst\u00fctzung verschiedener Kampagnen setzt sich die Solemar Academy f\u00fcr die Mitmenschen, die Natur und deren Tierarten ein.\" \/>\n<meta property=\"og:url\" content=\"https:\/\/solemar-academy.com\/de\/soziales-engagement\/\" \/>\n<meta property=\"og:site_name\" content=\"Solemar Academy\" \/>\n<meta property=\"article:modified_time\" content=\"2021-04-27T08:17:12+00:00\" \/>\n<meta property=\"og:image\" content=\"https:\/\/solemar-academy.com\/wp-content\/uploads\/2020\/11\/solemar_emergency-1.jpg\" \/>\n\t<meta property=\"og:image:width\" content=\"800\" \/>\n\t<meta property=\"og:image:height\" content=\"500\" \/>\n\t<meta property=\"og:image:type\" content=\"image\/jpeg\" \/>\n<meta name=\"twitter:card\" content=\"summary_large_image\" \/>\n<meta name=\"twitter:label1\" content=\"Gesch\u00e4tzte Lesezeit\" \/>\n\t<meta name=\"twitter:data1\" content=\"1\u00a0Minute\" \/>\n<script type=\"application\/ld+json\" class=\"yoast-schema-graph\">{\"@context\":\"https:\/\/schema.org\",\"@graph\":[{\"@type\":\"WebPage\",\"@id\":\"https:\/\/solemar-academy.com\/de\/soziales-engagement\/\",\"url\":\"https:\/\/solemar-academy.com\/de\/soziales-engagement\/\",\"name\":\"Soziales Engagement \u2013 Italienisch Sprachschule &mdash; Solemar Academy\",\"isPartOf\":{\"@id\":\"https:\/\/solemar-academy.com\/#website\"},\"datePublished\":\"2021-04-27T08:16:42+00:00\",\"dateModified\":\"2021-04-27T08:17:12+00:00\",\"description\":\"Durch die Unterst\u00fctzung verschiedener Kampagnen setzt sich die Solemar Academy f\u00fcr die Mitmenschen, die Natur und deren Tierarten ein.\",\"breadcrumb\":{\"@id\":\"https:\/\/solemar-academy.com\/de\/soziales-engagement\/#breadcrumb\"},\"inLanguage\":\"de\",\"potentialAction\":[{\"@type\":\"ReadAction\",\"target\":[\"https:\/\/solemar-academy.com\/de\/soziales-engagement\/\"]}]},{\"@type\":\"BreadcrumbList\",\"@id\":\"https:\/\/solemar-academy.com\/de\/soziales-engagement\/#breadcrumb\",\"itemListElement\":[{\"@type\":\"ListItem\",\"position\":1,\"name\":\"Home\",\"item\":\"https:\/\/solemar-academy.com\/de\/\"},{\"@type\":\"ListItem\",\"position\":2,\"name\":\"Soziales Engagement \u2013 Italienisch Sprachschule in Italien\"}]},{\"@type\":\"WebSite\",\"@id\":\"https:\/\/solemar-academy.com\/#website\",\"url\":\"https:\/\/solemar-academy.com\/\",\"name\":\"Solemar Academy\",\"description\":\"Learn Italian in Italy\",\"publisher\":{\"@id\":\"https:\/\/solemar-academy.com\/#organization\"},\"potentialAction\":[{\"@type\":\"SearchAction\",\"target\":{\"@type\":\"EntryPoint\",\"urlTemplate\":\"https:\/\/solemar-academy.com\/?s={search_term_string}\"},\"query-input\":\"required name=search_term_string\"}],\"inLanguage\":\"de\"},{\"@type\":\"Organization\",\"@id\":\"https:\/\/solemar-academy.com\/#organization\",\"name\":\"Solemar Academy\",\"url\":\"https:\/\/solemar-academy.com\/\",\"logo\":{\"@type\":\"ImageObject\",\"inLanguage\":\"de\",\"@id\":\"https:\/\/solemar-academy.com\/#\/schema\/logo\/image\/\",\"url\":\"https:\/\/solemar-academy.com\/wp-content\/uploads\/2022\/06\/logo-solemar-academy.png\",\"contentUrl\":\"https:\/\/solemar-academy.com\/wp-content\/uploads\/2022\/06\/logo-solemar-academy.png\",\"width\":32,\"height\":32,\"caption\":\"Solemar Academy\"},\"image\":{\"@id\":\"https:\/\/solemar-academy.com\/#\/schema\/logo\/image\/\"}}]}<\/script>\n<!-- \/ Yoast SEO Premium plugin. -->","yoast_head_json":{"title":"Soziales Engagement \u2013 Italienisch Sprachschule &mdash; Solemar Academy","description":"Durch die Unterst\u00fctzung verschiedener Kampagnen setzt sich die Solemar Academy f\u00fcr die Mitmenschen, die Natur und deren Tierarten ein.","robots":{"index":"index","follow":"follow","max-snippet":"max-snippet:-1","max-image-preview":"max-image-preview:large","max-video-preview":"max-video-preview:-1"},"canonical":"https:\/\/solemar-academy.com\/de\/soziales-engagement\/","og_locale":"de_DE","og_type":"article","og_title":"Soziales Engagement \u2013 Italienisch Sprachschule in Italien","og_description":"Durch die Unterst\u00fctzung verschiedener Kampagnen setzt sich die Solemar Academy f\u00fcr die Mitmenschen, die Natur und deren Tierarten ein.","og_url":"https:\/\/solemar-academy.com\/de\/soziales-engagement\/","og_site_name":"Solemar Academy","article_modified_time":"2021-04-27T08:17:12+00:00","og_image":[{"width":800,"height":500,"url":"https:\/\/solemar-academy.com\/wp-content\/uploads\/2020\/11\/solemar_emergency-1.jpg","type":"image\/jpeg"}],"twitter_card":"summary_large_image","twitter_misc":{"Gesch\u00e4tzte Lesezeit":"1\u00a0Minute"},"schema":{"@context":"https:\/\/schema.org","@graph":[{"@type":"WebPage","@id":"https:\/\/solemar-academy.com\/de\/soziales-engagement\/","url":"https:\/\/solemar-academy.com\/de\/soziales-engagement\/","name":"Soziales Engagement \u2013 Italienisch Sprachschule &mdash; Solemar Academy","isPartOf":{"@id":"https:\/\/solemar-academy.com\/#website"},"datePublished":"2021-04-27T08:16:42+00:00","dateModified":"2021-04-27T08:17:12+00:00","description":"Durch die Unterst\u00fctzung verschiedener Kampagnen setzt sich die Solemar Academy f\u00fcr die Mitmenschen, die Natur und deren Tierarten ein.","breadcrumb":{"@id":"https:\/\/solemar-academy.com\/de\/soziales-engagement\/#breadcrumb"},"inLanguage":"de","potentialAction":[{"@type":"ReadAction","target":["https:\/\/solemar-academy.com\/de\/soziales-engagement\/"]}]},{"@type":"BreadcrumbList","@id":"https:\/\/solemar-academy.com\/de\/soziales-engagement\/#breadcrumb","itemListElement":[{"@type":"ListItem","position":1,"name":"Home","item":"https:\/\/solemar-academy.com\/de\/"},{"@type":"ListItem","position":2,"name":"Soziales Engagement \u2013 Italienisch Sprachschule in Italien"}]},{"@type":"WebSite","@id":"https:\/\/solemar-academy.com\/#website","url":"https:\/\/solemar-academy.com\/","name":"Solemar Academy","description":"Learn Italian in Italy","publisher":{"@id":"https:\/\/solemar-academy.com\/#organization"},"potentialAction":[{"@type":"SearchAction","target":{"@type":"EntryPoint","urlTemplate":"https:\/\/solemar-academy.com\/?s={search_term_string}"},"query-input":"required name=search_term_string"}],"inLanguage":"de"},{"@type":"Organization","@id":"https:\/\/solemar-academy.com\/#organization","name":"Solemar Academy","url":"https:\/\/solemar-academy.com\/","logo":{"@type":"ImageObject","inLanguage":"de","@id":"https:\/\/solemar-academy.com\/#\/schema\/logo\/image\/","url":"https:\/\/solemar-academy.com\/wp-content\/uploads\/2022\/06\/logo-solemar-academy.png","contentUrl":"https:\/\/solemar-academy.com\/wp-content\/uploads\/2022\/06\/logo-solemar-academy.png","width":32,"height":32,"caption":"Solemar Academy"},"image":{"@id":"https:\/\/solemar-academy.com\/#\/schema\/logo\/image\/"}}]}},"_links":{"self":[{"href":"https:\/\/solemar-academy.com\/de\/wp-json\/wp\/v2\/pages\/16831"}],"collection":[{"href":"https:\/\/solemar-academy.com\/de\/wp-json\/wp\/v2\/pages"}],"about":[{"href":"https:\/\/solemar-academy.com\/de\/wp-json\/wp\/v2\/types\/page"}],"author":[{"embeddable":true,"href":"https:\/\/solemar-academy.com\/de\/wp-json\/wp\/v2\/users\/1"}],"replies":[{"embeddable":true,"href":"https:\/\/solemar-academy.com\/de\/wp-json\/wp\/v2\/comments?post=16831"}],"version-history":[{"count":3,"href":"https:\/\/solemar-academy.com\/de\/wp-json\/wp\/v2\/pages\/16831\/revisions"}],"predecessor-version":[{"id":16835,"href":"https:\/\/solemar-academy.com\/de\/wp-json\/wp\/v2\/pages\/16831\/revisions\/16835"}],"wp:featuredmedia":[{"embeddable":true,"href":"https:\/\/solemar-academy.com\/de\/wp-json\/wp\/v2\/media\/15083"}],"wp:attachment":[{"href":"https:\/\/solemar-academy.com\/de\/wp-json\/wp\/v2\/media?parent=16831"}],"curies":[{"name":"wp","href":"https:\/\/api.w.org\/{rel}","templated":true}]}}