{"id":16749,"date":"2021-03-23T10:18:48","date_gmt":"2021-03-23T10:18:48","guid":{"rendered":"https:\/\/solemar-academy.com\/?page_id=16749"},"modified":"2021-03-23T10:36:03","modified_gmt":"2021-03-23T10:36:03","slug":"sichere-sprachschule","status":"publish","type":"page","link":"https:\/\/solemar-academy.com\/de\/sichere-sprachschule\/","title":{"rendered":"Scuola Sicura &#8211; Covid-19 Protokoll"},"content":{"rendered":"<div class=\"wpb-content-wrapper\">[vc_row row_type=&#8220;row&#8220; text_align=&#8220;left&#8220; css_animation=&#8220;&#8220;][vc_column][vc_column_text]\r\n<p>[\/vc_column_text][\/vc_column][\/vc_row][vc_row row_type=&#8220;row&#8220; text_align=&#8220;left&#8220; css_animation=&#8220;&#8220;][vc_column width=&#8220;1\/6&#8243;][\/vc_column][vc_column width=&#8220;2\/3&#8243; css=&#8220;.vc_custom_1606823812769{margin-top: 30px !important;margin-bottom: 30px !important;}&#8220;][vc_column_text]\n<h2 style=\"text-align: center;\"><span style=\"font-weight: 400;\">Italienisch lernen in sicherer Umgebung<\/span><\/h2>\n[\/vc_column_text][\/vc_column][vc_column width=&#8220;1\/6&#8243;][\/vc_column][\/vc_row][vc_row row_type=&#8220;row&#8220; text_align=&#8220;left&#8220; css_animation=&#8220;&#8220;][vc_column width=&#8220;1\/6&#8243;][\/vc_column][vc_column width=&#8220;2\/3&#8243;][vc_single_image image=&#8220;16536&#8243; img_size=&#8220;large&#8220;][\/vc_column][vc_column width=&#8220;1\/6&#8243;][\/vc_column][\/vc_row][vc_row row_type=&#8220;row&#8220; text_align=&#8220;left&#8220; css_animation=&#8220;&#8220; css=&#8220;.vc_custom_1606384559945{margin-bottom: 40px !important;}&#8220;][vc_column width=&#8220;1\/6&#8243;][\/vc_column][vc_column width=&#8220;2\/3&#8243; css=&#8220;.vc_custom_1606823812769{margin-top: 30px !important;margin-bottom: 30px !important;}&#8220;][vc_column_text]\n<p>Das Thema Sicherheit war uns schon immer wichtig. Durch Covid-19 wurde uns allerdings bewusst, wie wichtig es ist, noch effizientere Pr\u00e4ventivma\u00dfnahmen zu treffen.<\/p>\n<p>&nbsp;<\/p>\n<p>Auf dieser Seite zeigen wir euch welche Ma\u00dfnahmen wir ergriffen haben, um unsere Sprachschule so sicher wie m\u00f6glich zu machen. Dabei haben wir uns an die nationalen Sicherheitsprotokolle und <strong><a href=\"http:\/\/www.governo.it\/it\/coronavirus-normativa\">Vorschriften<\/a><\/strong> zur Vorbeugung und Bek\u00e4mpfung der Infektionsgefahr von Covid-19 gehalten. Dar\u00fcber hinaus haben wir eigene Ma\u00dfnahmen entwickelt, um unseren Sch\u00fclern und allen Mitarbeitern die vollste Sicherheit gew\u00e4hrleisten zu k\u00f6nnen.<\/p>\n<p>&nbsp;<\/p>\n<p>Unsere Pr\u00e4ventionsma\u00dfnahmen wurden entsprechend der <a href=\"https:\/\/solemar-academy.com\/wp-content\/uploads\/2021\/02\/Asils-Checklist.pdf\"><strong>Sicherheits Checkliste von A.S.I.L.S<\/strong><\/a> entwickelt. A.S.I.L.S ist eine Organisation f\u00fcr Italienisch Sprachschulen, der wir ebenfalls angeh\u00f6ren.<\/p>\n[\/vc_column_text][\/vc_column][vc_column width=&#8220;1\/6&#8243;][\/vc_column][\/vc_row][vc_row row_type=&#8220;row&#8220; text_align=&#8220;left&#8220; css_animation=&#8220;&#8220;][vc_column][vc_column_text]\n<p>\n\r\n\r\n[\/vc_column_text][\/vc_column][\/vc_row][vc_row row_type=&#8220;row&#8220; text_align=&#8220;left&#8220; css_animation=&#8220;&#8220; css=&#8220;.vc_custom_1606384806470{margin-bottom: 40px !important;}&#8220;][vc_column width=&#8220;1\/6&#8243;][\/vc_column][vc_column width=&#8220;2\/3&#8243;][vc_column_text]\n<h3>Unser Hygiene- und Sicherheitsprotokoll<\/h3>\n[\/vc_column_text][vc_separator type=&#8220;normal&#8220; color=&#8220;#89c7cd&#8220; thickness=&#8220;3&#8243;][vc_column_text]\n<p>Um die geplanten Ma\u00dfnahmen so wirksam wie m\u00f6glich umzusetzen, haben wir ein <strong>Hygiene- und SIcherheitsprotokoll<\/strong> entwickelt. Dieses Protokoll beinhaltet die nationalen Richtlinien, die f\u00fcr die \u00d6ffnung der Sprachschule notwendig sind, sowie auf unsere Schule angepasste Erg\u00e4nzungen. Dadurch k\u00f6nnen wir das Infektionsrisiko so gering wie m\u00f6glich halten.<\/p>\n<p>&nbsp;<\/p>\n<p>Uns ist bewusst, dass die Sicherheit im Bezug auf Hygiene und Gesundheit auch nach dem Notstand durch Covid-19 ein wichtiges Thema in der Arbeitswelt sein wird. Aus diesem Grund wurde unser Protokoll so entwickelt, dass es jederzeit aktualisiert und erg\u00e4nzt werden kann.<\/p>\n<p>&nbsp;<\/p>\n<p>Im Folgenden erl\u00e4utern wir euch die wichtigsten Ma\u00dfnahmen, die wir in das Protokoll aufgenommen haben:<\/p>\n[\/vc_column_text][\/vc_column][vc_column width=&#8220;1\/6&#8243;][\/vc_column][\/vc_row][vc_row row_type=&#8220;row&#8220; text_align=&#8220;left&#8220; css_animation=&#8220;&#8220;][vc_column][vc_column_text]\n<p>\n\r\n\r\n[\/vc_column_text][\/vc_column][\/vc_row][vc_row row_type=&#8220;row&#8220; text_align=&#8220;left&#8220; css_animation=&#8220;&#8220; css=&#8220;.vc_custom_1606384932044{margin-bottom: 40px !important;}&#8220;][vc_column width=&#8220;1\/6&#8243;][\/vc_column][vc_column width=&#8220;2\/3&#8243;][vc_column_text css=&#8220;.vc_custom_1616495090908{margin-bottom: 20px !important;padding-top: 20px !important;padding-right: 20px !important;padding-bottom: 20px !important;padding-left: 20px !important;background-color: #005a81 !important;border-radius: 15px !important;}&#8220;]\n<h4 style=\"text-align: center;\"><span style=\"color: #ffffff;\">1. Als erstes haben wir uns um die b\u00fcrokratischen Themen gek\u00fcmmert:<\/span><\/h4>\n[\/vc_column_text][vc_column_text]\n<p>\u2714\ufe0e Wir haben unser Formular <strong>Documento di Valutazione dei Rischi (Dokument zur Risikobewertung)<\/strong> aktualisiert. Dieses Dokument beinhaltet auch das Verfahren zur Entwicklung der Ma\u00dfnahmen zur Vorbeugung und zum Schutz vor der Ausbreitung von Covid-19.<\/p>\n<p>&nbsp;<\/p>\n<p>\u2714\ufe0e Wir haben einen <strong>Pr\u00fcfungsausschuss<\/strong> eingerichtet, um die RIchtlinien aus unserem internen SIcherheitsprotokoll umzusetzen.<\/p>\n<p>&nbsp;<\/p>\n<p>\u2714\ufe0e Die Mitarbeiter und Lehrkr\u00e4fte unserer Sprachschule wurden mit <strong>spezifischen Kursen \u00fcber die Sicherheit und die Ma\u00dfnahmen zur Eind\u00e4mmung und Kontrolle<\/strong> der Ausbreitung von Covid-19 geschult.<\/p>\n[\/vc_column_text][\/vc_column][vc_column width=&#8220;1\/6&#8243;][\/vc_column][\/vc_row][vc_row row_type=&#8220;row&#8220; text_align=&#8220;left&#8220; css_animation=&#8220;&#8220;][vc_column][vc_column_text]\n<p>\n\r\n\r\n[\/vc_column_text][\/vc_column][\/vc_row][vc_row row_type=&#8220;row&#8220; text_align=&#8220;left&#8220; css_animation=&#8220;&#8220; css=&#8220;.vc_custom_1606384949876{margin-bottom: 40px !important;}&#8220;][vc_column width=&#8220;1\/6&#8243;][\/vc_column][vc_column width=&#8220;2\/3&#8243;][vc_column_text css=&#8220;.vc_custom_1616495153391{margin-bottom: 20px !important;padding-top: 20px !important;padding-right: 20px !important;padding-bottom: 20px !important;padding-left: 20px !important;background-color: #005a81 !important;border-radius: 15px !important;}&#8220;]\n<h4 style=\"text-align: center;\"><span style=\"color: #ffffff;\">2. Danach haben wir die Anpassungen in unseren R\u00e4umlichkeiten vorgenommen:<\/span><\/h4>\n[\/vc_column_text][vc_column_text]\n<p>\u2714\ufe0e Wir haben unseren Mitarbeitern und Lehrern Schutzmasken, Schutzvisiere und zertifizierte Produkte zur Reinigung der R\u00e4ume bereitgestellt, um f\u00fcr vollste SIcherheit w\u00e4hrend des Unterrichts zu sorgen.<\/p>\n<p>&nbsp;<\/p>\n<p>\u2714\ufe0e Wir haben in allen R\u00e4umen Desinfektionsmittel verteilt und Chirurgische Masken zur Verf\u00fcgung gestellt.<\/p>\n<p>&nbsp;<\/p>\n<p>\u2714\ufe0e Gem\u00e4\u00df den aktuellen Anti-Covid-19 Vorschriften haben wir das <strong>Tragen der Schutzmasken<\/strong> und den st\u00e4ndigen <strong>Mindestabstand von einem Meter<\/strong> im gesamten Schulgeb\u00e4ude vorgeschrieben.<\/p>\n<p>&nbsp;<\/p>\n<p>\u2714\ufe0e Wir haben eine <strong>Anwesenheitsliste<\/strong> eingef\u00fchrt und f\u00fcr jede Person, die das Schulgel\u00e4nde betritt eine <strong>Temperaturmessung<\/strong> veranlasst. Das alles unter Einhaltung der geltenden Datenschutzgesetze und der Verarbeitung personenbezogener Daten (Allgemeine Datenschutzverordnung Nr. 679\/2016). Der Zugang in das Schulgeb\u00e4ude ist, gem\u00e4\u00df der nationalen Bestimmungen, nur Personen mit einer K\u00f6rpertemperatur von unter 37,5 Grad gestattet.<\/p>\n<p>&nbsp;<\/p>\n<p>\u2714\ufe0e Um die Einhaltung des Mindestabstands von einem Meter, gem\u00e4\u00df den nationalen Vorschriften sicherstellen zu k\u00f6nnen, haben wir die <strong>Anzahl der Sch\u00fcler pro Klasse<\/strong> entsprechend der Kapazit\u00e4t der R\u00e4ume reduziert.<\/p>\n<p>&nbsp;<\/p>\n<p>\u2714\ufe0e Wir haben <strong>Infografiken<\/strong> mit den wichtigsten Informationen zur Pr\u00e4vention und zum Schutz in jeder Umgebung ver\u00f6ffentlicht.<\/p>\n[\/vc_column_text][\/vc_column][vc_column width=&#8220;1\/6&#8243;][\/vc_column][\/vc_row][vc_row row_type=&#8220;row&#8220; text_align=&#8220;left&#8220; css_animation=&#8220;&#8220;][vc_column][vc_column_text]\n<p>\n\r\n\r\n[\/vc_column_text][\/vc_column][\/vc_row][vc_row row_type=&#8220;row&#8220; text_align=&#8220;left&#8220; css_animation=&#8220;&#8220; css=&#8220;.vc_custom_1606385016117{margin-bottom: 40px !important;}&#8220;][vc_column width=&#8220;1\/6&#8243;][\/vc_column][vc_column width=&#8220;2\/3&#8243; css=&#8220;.vc_custom_1606392931470{margin-bottom: 20px !important;}&#8220;][vc_column_text css=&#8220;.vc_custom_1616495248413{margin-bottom: 20px !important;padding-top: 20px !important;padding-right: 20px !important;padding-bottom: 20px !important;padding-left: 20px !important;background-color: #005a81 !important;border-radius: 15px !important;}&#8220;]\n<h4 style=\"text-align: center;\"><span style=\"color: #ffffff;\">3. Zum Schluss haben wir genaue Verfahren f\u00fcr die Reinigung und Desinfektion festgelegt:<\/span><\/h4>\n[\/vc_column_text][vc_column_text css=&#8220;.vc_custom_1616495296393{margin-bottom: 20px !important;}&#8220;]\n<p>\u2714\ufe0e WIr haben <strong>Formulare zur Selbstkontrolle<\/strong> erstellt, um die durchgef\u00fchrte Reinigung und Desinfektion nach jedem Klassen- und Schichtwechsel festzuhalten.<\/p>\n<p>&nbsp;<\/p>\n<p>\u2714\ufe0e F\u00fcr die Desinfektion werden ausschlie\u00dflich vom <strong>Gesundheitsministerium zertifizierte Desinfektionsmittel<\/strong> verwendet.<\/p>\n<p>&nbsp;<\/p>\n<p>\u2714\ufe0e Die Gemeinschaftsr\u00e4ume werden immer gut gel\u00fcftet und regelm\u00e4\u00dfig w\u00e4hrend den Arbeitsschichten von den Mitarbeitern der Schule desinfiziert.<\/p>\n<p>&nbsp;<\/p>\n<p>\u2714\ufe0e Die Klimaanlagen sind im Modus ohne L\u00fcftung eingestellt. Die FIlter der Klimaanlagen werden vierzent\u00e4gig gereinigt.<\/p>\n<p>&nbsp;<\/p>\n<p>\u2714\ufe0e In den Toiletten haben wir elektrische (touchless) H\u00e4ndetrockner und Seifenspender installiert.<\/p>\n<p>&nbsp;<\/p>\n<p>\u2714\ufe0e F\u00fcr die Desinfektion am Ende des Tages haben wir zus\u00e4tzlich die Verwendung eines <strong>Ozonger\u00e4ts<\/strong> eingef\u00fchrt.<\/p>\n[\/vc_column_text][\/vc_column][vc_column width=&#8220;1\/6&#8243;][\/vc_column][\/vc_row][vc_row row_type=&#8220;row&#8220; text_align=&#8220;left&#8220; css_animation=&#8220;&#8220;][vc_column][vc_column_text]\n<p>\n\r\n\r\n[\/vc_column_text][\/vc_column][\/vc_row][vc_row row_type=&#8220;row&#8220; text_align=&#8220;left&#8220; css_animation=&#8220;&#8220;][vc_column width=&#8220;1\/6&#8243;][\/vc_column][vc_column width=&#8220;2\/3&#8243; css=&#8220;.vc_custom_1606392968357{margin-bottom: 60px !important;border-top-width: 10px !important;border-right-width: 10px !important;border-bottom-width: 10px !important;border-left-width: 10px !important;padding-top: 20px !important;padding-right: 20px !important;padding-bottom: 20px !important;padding-left: 20px !important;border-left-color: #28b4aa !important;border-left-style: dashed !important;border-right-color: #28b4aa !important;border-right-style: dashed !important;border-top-color: #28b4aa !important;border-top-style: dashed !important;border-bottom-color: #28b4aa !important;border-bottom-style: dashed !important;}&#8220;][vc_column_text]\n<p style=\"text-align: center;\"><em>Diese Ma\u00dfnahmen werden von uns allen mit gr\u00f6\u00dfter Aufmerksamkeit eingehalten. Jedoch wollen wir deutlich machen, dass sich dadurch an unserer Lehrphilosophie nichts \u00e4ndern wird und unsere Sprachschule euch weiterhin das Gef\u00fchl von Unbeschwertheit und Leichtigkeit geben wird!<\/em><\/p>\n<p>&nbsp;<\/p>\n<p style=\"text-align: center;\"><em>Die Kursteilnehmer, die einen Italienisch Sprachkurs an unserer Sprachschule buchen wollen, k\u00f6nnen wir also beruhigen: Wir geben unser Bestes um euch den perfekten Sprachurlaub in Cefal\u00f9 zu erm\u00f6glichen!<\/em><\/p>\n<p>&nbsp;<\/p>\n<p style=\"text-align: center;\"><em>Wer sich allerdings noch nicht bereit f\u00fchlt um am Pr\u00e4senzunterricht teilzunehmen, dem empfehlen wir einen <strong><a href=\"https:\/\/solemar-academy.com\/de\/italienisch-online-lernen\/\">online Italienisch Sprachkurs<\/a><\/strong> mit einem unserer sehr gut geschulten Lehrkr\u00e4fte zu buchen.<\/em><\/p>\n[\/vc_column_text][\/vc_column][vc_column width=&#8220;1\/6&#8243;][\/vc_column][\/vc_row][vc_row row_type=&#8220;row&#8220; text_align=&#8220;left&#8220; css_animation=&#8220;&#8220;][vc_column][vc_column_text]\n<p style=\"text-align: center;\">\n<\/p>\r\n<p>[\/vc_column_text][\/vc_column][\/vc_row][vc_row row_type=&#8220;row&#8220; text_align=&#8220;left&#8220; css_animation=&#8220;&#8220; css=&#8220;.vc_custom_1606385155508{margin-bottom: 40px !important;}&#8220;][vc_column width=&#8220;1\/6&#8243;][\/vc_column][vc_column width=&#8220;2\/3&#8243; css=&#8220;.vc_custom_1606386601563{margin-bottom: 30px !important;}&#8220;][vc_column_text]\n<h3>Tipps zum sicheren Reisen in Italien<\/h3>\n[\/vc_column_text][vc_separator type=&#8220;normal&#8220; color=&#8220;#89c7cd&#8220; thickness=&#8220;5&#8243;][vc_column_text]\n<p>Um immer auf dem aktuellsten Stand im Bezug auf die geltenden Gesetze und die M\u00f6glichkeiten zur Einreise in Italien zu sein, k\u00f6nnt ihr euch auf <strong><a href=\"http:\/\/www.salute.gov.it\/portale\/nuovocoronavirus\/dettaglioContenutiNuovoCoronavirus.jsp?lingua=italiano&amp;id=5411&amp;area=nuovoCoronavirus&amp;menu=vuoto\">dieser Seite<\/a><\/strong> des Gesundheitsministeriums oder auf der Seite des Au\u00dfenministeriums <strong><a href=\"http:\/\/www.viaggiaresicuri.it\/\">www.viaggiaresicuri.it<\/a> <\/strong>informieren.<\/p>\n[\/vc_column_text][\/vc_column][vc_column width=&#8220;1\/6&#8243;][\/vc_column][\/vc_row][vc_row row_type=&#8220;row&#8220; text_align=&#8220;left&#8220; css_animation=&#8220;&#8220;][vc_column][vc_column_text]\n<p style=\"text-align: center;\">\n<\/p>\r\n<p>[\/vc_column_text][\/vc_column][\/vc_row][vc_row row_type=&#8220;row&#8220; text_align=&#8220;left&#8220; css_animation=&#8220;&#8220; css=&#8220;.vc_custom_1606385188257{margin-bottom: 40px !important;}&#8220;][vc_column width=&#8220;1\/6&#8243;][\/vc_column][vc_column width=&#8220;2\/3&#8243; css=&#8220;.vc_custom_1606386610059{margin-bottom: 30px !important;}&#8220;][vc_column_text]\n<h3>Buche jetzt deinen Italienischkurs<\/h3>\n[\/vc_column_text][vc_separator type=&#8220;normal&#8220; color=&#8220;#89c7cd&#8220; thickness=&#8220;5&#8243;][vc_column_text]\n<p>Wir arbeiten alle daran euch zu eurem <strong><a href=\"https:\/\/solemar-academy.com\/de\/italienisch-lernen-in-italien\/\">Italienisch Sprachkurs<\/a><\/strong> in Cefal\u00f9 willkommen zu hei\u00dfen! Von Dezember bis M\u00e4rz k\u00f6nnt ihr Individualkurse buchen: One to One oder One to Two. Unsere Gruppenkurse starten wieder am 06.April.2021.<\/p>\n[\/vc_column_text][\/vc_column][vc_column width=&#8220;1\/6&#8243;][\/vc_column][\/vc_row][vc_row row_type=&#8220;row&#8220; text_align=&#8220;left&#8220; css_animation=&#8220;&#8220;][vc_column][vc_column_text]\n<p style=\"text-align: center;\">\n<\/p>\r\n<p>[\/vc_column_text][\/vc_column][\/vc_row][vc_row row_type=&#8220;row&#8220; text_align=&#8220;left&#8220; css_animation=&#8220;&#8220;][vc_column width=&#8220;1\/6&#8243;][\/vc_column][vc_column width=&#8220;2\/3&#8243; css=&#8220;.vc_custom_1606386618138{margin-bottom: 30px !important;}&#8220;][vc_column_text css=&#8220;.vc_custom_1616495428917{margin-bottom: 40px !important;padding-top: 20px !important;padding-right: 20px !important;padding-bottom: 20px !important;padding-left: 20px !important;background-color: #005a81 !important;border-radius: 15px !important;}&#8220;]\n<p><span style=\"color: #4f8797;\"><a style=\"color: #4f8797;\" href=\"https:\/\/solemar-academy.com\/de\/anmeldeformular\/\">.<\/a><\/span><\/p>\n<p style=\"text-align: center;\"><a href=\"https:\/\/solemar-academy.com\/de\/anmeldeformular\/\"><span style=\"color: #ffffff;\"><strong><em><span style=\"font-size: xx-large;\">Buche hier deinen Sprachkurs!<\/span><\/em><\/strong><\/span><\/a><\/p>\n<p><a href=\"https:\/\/solemar-academy.com\/de\/anmeldeformular\/\"><span style=\"color: #4f8797;\">.<\/span><\/a><\/p>\n[\/vc_column_text][\/vc_column][vc_column width=&#8220;1\/6&#8243;][\/vc_column][\/vc_row][vc_row row_type=&#8220;row&#8220; text_align=&#8220;left&#8220; css_animation=&#8220;&#8220;][vc_column][vc_column_text]\n<p>\n[\/vc_column_text][\/vc_column][\/vc_row]<\/div>","protected":false},"excerpt":{"rendered":"<p>[vc_row row_type=&#8220;row&#8220; text_align=&#8220;left&#8220; css_animation=&#8220;&#8220;][vc_column][vc_column_text] [\/vc_column_text][\/vc_column][\/vc_row]<\/p>\n","protected":false},"author":1,"featured_media":14462,"parent":0,"menu_order":0,"comment_status":"closed","ping_status":"closed","template":"","meta":{"inline_featured_image":false},"yoast_head":"<!-- This site is optimized with the Yoast SEO Premium plugin v19.5 (Yoast SEO v19.11) - https:\/\/yoast.com\/wordpress\/plugins\/seo\/ -->\n<title>Sichere Sprachschule - Covid 19 Protokoll &mdash; Solemar Academy<\/title>\n<meta name=\"description\" content=\"Die Solemar Academy garantiert euch Sprachkurse unter Ber\u00fccksichtigung aller Covid-19 Schutzma\u00dfnahmen. Deine sichere Sprachschule in Cefal\u00f9!\" \/>\n<meta name=\"robots\" content=\"index, follow, max-snippet:-1, max-image-preview:large, max-video-preview:-1\" \/>\n<link rel=\"canonical\" href=\"https:\/\/solemar-academy.com\/de\/sichere-sprachschule\/\" \/>\n<meta property=\"og:locale\" content=\"de_DE\" \/>\n<meta property=\"og:type\" content=\"article\" \/>\n<meta property=\"og:title\" content=\"Scuola Sicura - Covid-19 Protokoll\" \/>\n<meta property=\"og:description\" content=\"Die Solemar Academy garantiert euch Sprachkurse unter Ber\u00fccksichtigung aller Covid-19 Schutzma\u00dfnahmen. Deine sichere Sprachschule in Cefal\u00f9!\" \/>\n<meta property=\"og:url\" content=\"https:\/\/solemar-academy.com\/de\/sichere-sprachschule\/\" \/>\n<meta property=\"og:site_name\" content=\"Solemar Academy\" \/>\n<meta property=\"article:modified_time\" content=\"2021-03-23T10:36:03+00:00\" \/>\n<meta property=\"og:image\" content=\"https:\/\/solemar-academy.com\/wp-content\/uploads\/layerslider\/HomePage-slider-RU\/learn-italian-in-italy-scaled.jpg\" \/>\n\t<meta property=\"og:image:width\" content=\"1024\" \/>\n\t<meta property=\"og:image:height\" content=\"681\" \/>\n\t<meta property=\"og:image:type\" content=\"image\/jpeg\" \/>\n<meta name=\"twitter:card\" content=\"summary_large_image\" \/>\n<meta name=\"twitter:label1\" content=\"Gesch\u00e4tzte Lesezeit\" \/>\n\t<meta name=\"twitter:data1\" content=\"5\u00a0Minuten\" \/>\n<script type=\"application\/ld+json\" class=\"yoast-schema-graph\">{\"@context\":\"https:\/\/schema.org\",\"@graph\":[{\"@type\":\"WebPage\",\"@id\":\"https:\/\/solemar-academy.com\/de\/sichere-sprachschule\/\",\"url\":\"https:\/\/solemar-academy.com\/de\/sichere-sprachschule\/\",\"name\":\"Sichere Sprachschule - Covid 19 Protokoll &mdash; Solemar Academy\",\"isPartOf\":{\"@id\":\"https:\/\/solemar-academy.com\/#website\"},\"datePublished\":\"2021-03-23T10:18:48+00:00\",\"dateModified\":\"2021-03-23T10:36:03+00:00\",\"description\":\"Die Solemar Academy garantiert euch Sprachkurse unter Ber\u00fccksichtigung aller Covid-19 Schutzma\u00dfnahmen. Deine sichere Sprachschule in Cefal\u00f9!\",\"breadcrumb\":{\"@id\":\"https:\/\/solemar-academy.com\/de\/sichere-sprachschule\/#breadcrumb\"},\"inLanguage\":\"de\",\"potentialAction\":[{\"@type\":\"ReadAction\",\"target\":[\"https:\/\/solemar-academy.com\/de\/sichere-sprachschule\/\"]}]},{\"@type\":\"BreadcrumbList\",\"@id\":\"https:\/\/solemar-academy.com\/de\/sichere-sprachschule\/#breadcrumb\",\"itemListElement\":[{\"@type\":\"ListItem\",\"position\":1,\"name\":\"Home\",\"item\":\"https:\/\/solemar-academy.com\/de\/\"},{\"@type\":\"ListItem\",\"position\":2,\"name\":\"Scuola Sicura &#8211; Covid-19 Protokoll\"}]},{\"@type\":\"WebSite\",\"@id\":\"https:\/\/solemar-academy.com\/#website\",\"url\":\"https:\/\/solemar-academy.com\/\",\"name\":\"Solemar Academy\",\"description\":\"Learn Italian in Italy\",\"publisher\":{\"@id\":\"https:\/\/solemar-academy.com\/#organization\"},\"potentialAction\":[{\"@type\":\"SearchAction\",\"target\":{\"@type\":\"EntryPoint\",\"urlTemplate\":\"https:\/\/solemar-academy.com\/?s={search_term_string}\"},\"query-input\":\"required name=search_term_string\"}],\"inLanguage\":\"de\"},{\"@type\":\"Organization\",\"@id\":\"https:\/\/solemar-academy.com\/#organization\",\"name\":\"Solemar Academy\",\"url\":\"https:\/\/solemar-academy.com\/\",\"logo\":{\"@type\":\"ImageObject\",\"inLanguage\":\"de\",\"@id\":\"https:\/\/solemar-academy.com\/#\/schema\/logo\/image\/\",\"url\":\"https:\/\/solemar-academy.com\/wp-content\/uploads\/2022\/06\/logo-solemar-academy.png\",\"contentUrl\":\"https:\/\/solemar-academy.com\/wp-content\/uploads\/2022\/06\/logo-solemar-academy.png\",\"width\":32,\"height\":32,\"caption\":\"Solemar Academy\"},\"image\":{\"@id\":\"https:\/\/solemar-academy.com\/#\/schema\/logo\/image\/\"}}]}<\/script>\n<!-- \/ Yoast SEO Premium plugin. -->","yoast_head_json":{"title":"Sichere Sprachschule - Covid 19 Protokoll &mdash; Solemar Academy","description":"Die Solemar Academy garantiert euch Sprachkurse unter Ber\u00fccksichtigung aller Covid-19 Schutzma\u00dfnahmen. Deine sichere Sprachschule in Cefal\u00f9!","robots":{"index":"index","follow":"follow","max-snippet":"max-snippet:-1","max-image-preview":"max-image-preview:large","max-video-preview":"max-video-preview:-1"},"canonical":"https:\/\/solemar-academy.com\/de\/sichere-sprachschule\/","og_locale":"de_DE","og_type":"article","og_title":"Scuola Sicura - Covid-19 Protokoll","og_description":"Die Solemar Academy garantiert euch Sprachkurse unter Ber\u00fccksichtigung aller Covid-19 Schutzma\u00dfnahmen. Deine sichere Sprachschule in Cefal\u00f9!","og_url":"https:\/\/solemar-academy.com\/de\/sichere-sprachschule\/","og_site_name":"Solemar Academy","article_modified_time":"2021-03-23T10:36:03+00:00","og_image":[{"width":1024,"height":681,"url":"https:\/\/solemar-academy.com\/wp-content\/uploads\/layerslider\/HomePage-slider-RU\/learn-italian-in-italy-scaled.jpg","type":"image\/jpeg"}],"twitter_card":"summary_large_image","twitter_misc":{"Gesch\u00e4tzte Lesezeit":"5\u00a0Minuten"},"schema":{"@context":"https:\/\/schema.org","@graph":[{"@type":"WebPage","@id":"https:\/\/solemar-academy.com\/de\/sichere-sprachschule\/","url":"https:\/\/solemar-academy.com\/de\/sichere-sprachschule\/","name":"Sichere Sprachschule - Covid 19 Protokoll &mdash; Solemar Academy","isPartOf":{"@id":"https:\/\/solemar-academy.com\/#website"},"datePublished":"2021-03-23T10:18:48+00:00","dateModified":"2021-03-23T10:36:03+00:00","description":"Die Solemar Academy garantiert euch Sprachkurse unter Ber\u00fccksichtigung aller Covid-19 Schutzma\u00dfnahmen. Deine sichere Sprachschule in Cefal\u00f9!","breadcrumb":{"@id":"https:\/\/solemar-academy.com\/de\/sichere-sprachschule\/#breadcrumb"},"inLanguage":"de","potentialAction":[{"@type":"ReadAction","target":["https:\/\/solemar-academy.com\/de\/sichere-sprachschule\/"]}]},{"@type":"BreadcrumbList","@id":"https:\/\/solemar-academy.com\/de\/sichere-sprachschule\/#breadcrumb","itemListElement":[{"@type":"ListItem","position":1,"name":"Home","item":"https:\/\/solemar-academy.com\/de\/"},{"@type":"ListItem","position":2,"name":"Scuola Sicura &#8211; Covid-19 Protokoll"}]},{"@type":"WebSite","@id":"https:\/\/solemar-academy.com\/#website","url":"https:\/\/solemar-academy.com\/","name":"Solemar Academy","description":"Learn Italian in Italy","publisher":{"@id":"https:\/\/solemar-academy.com\/#organization"},"potentialAction":[{"@type":"SearchAction","target":{"@type":"EntryPoint","urlTemplate":"https:\/\/solemar-academy.com\/?s={search_term_string}"},"query-input":"required name=search_term_string"}],"inLanguage":"de"},{"@type":"Organization","@id":"https:\/\/solemar-academy.com\/#organization","name":"Solemar Academy","url":"https:\/\/solemar-academy.com\/","logo":{"@type":"ImageObject","inLanguage":"de","@id":"https:\/\/solemar-academy.com\/#\/schema\/logo\/image\/","url":"https:\/\/solemar-academy.com\/wp-content\/uploads\/2022\/06\/logo-solemar-academy.png","contentUrl":"https:\/\/solemar-academy.com\/wp-content\/uploads\/2022\/06\/logo-solemar-academy.png","width":32,"height":32,"caption":"Solemar Academy"},"image":{"@id":"https:\/\/solemar-academy.com\/#\/schema\/logo\/image\/"}}]}},"_links":{"self":[{"href":"https:\/\/solemar-academy.com\/de\/wp-json\/wp\/v2\/pages\/16749"}],"collection":[{"href":"https:\/\/solemar-academy.com\/de\/wp-json\/wp\/v2\/pages"}],"about":[{"href":"https:\/\/solemar-academy.com\/de\/wp-json\/wp\/v2\/types\/page"}],"author":[{"embeddable":true,"href":"https:\/\/solemar-academy.com\/de\/wp-json\/wp\/v2\/users\/1"}],"replies":[{"embeddable":true,"href":"https:\/\/solemar-academy.com\/de\/wp-json\/wp\/v2\/comments?post=16749"}],"version-history":[{"count":8,"href":"https:\/\/solemar-academy.com\/de\/wp-json\/wp\/v2\/pages\/16749\/revisions"}],"predecessor-version":[{"id":16766,"href":"https:\/\/solemar-academy.com\/de\/wp-json\/wp\/v2\/pages\/16749\/revisions\/16766"}],"wp:featuredmedia":[{"embeddable":true,"href":"https:\/\/solemar-academy.com\/de\/wp-json\/wp\/v2\/media\/14462"}],"wp:attachment":[{"href":"https:\/\/solemar-academy.com\/de\/wp-json\/wp\/v2\/media?parent=16749"}],"curies":[{"name":"wp","href":"https:\/\/api.w.org\/{rel}","templated":true}]}}