{"id":16721,"date":"2021-03-15T16:21:27","date_gmt":"2021-03-15T16:21:27","guid":{"rendered":"https:\/\/solemar-academy.com\/?page_id=16721"},"modified":"2026-01-23T13:30:01","modified_gmt":"2026-01-23T13:30:01","slug":"bildungsurlaub-auf-sizilien","status":"publish","type":"page","link":"https:\/\/solemar-academy.com\/de\/bildungsurlaub-auf-sizilien\/","title":{"rendered":"Bildungsurlaub in Cefal\u00f9"},"content":{"rendered":"<div class=\"wpb-content-wrapper\">[vc_row row_type=&#8220;row&#8220; text_align=&#8220;left&#8220; css_animation=&#8220;&#8220;][vc_column][vc_column_text][\/vc_column_text][\/vc_column][\/vc_row][vc_row row_type=&#8220;row&#8220; text_align=&#8220;left&#8220; css_animation=&#8220;&#8220;][vc_column width=&#8220;1\/6&#8243;][vc_column_text]\n[\/vc_column_text][\/vc_column][vc_column width=&#8220;2\/3&#8243; css=&#8220;.vc_custom_1606388785166{margin-bottom: 30px !important;}&#8220;][vc_column_text]\n<h2 style=\"text-align: center;\">Bildungsurlaub auf Sizilien f\u00fcr deutsche Arbeitnehmer<\/h2>\n<p>&nbsp;<\/p>\n<p>Seit mehreren Jahren bietet die Solemar Academy deutschen Arbeitnehmern die M\u00f6glichkeit, mithilfe der <strong>Intensivkurse<\/strong> (30 Stunden pro Woche) an einem Bildungsurlaub am Meer in Cefal\u00f9 teilzunehmen. Einer der <strong>sch\u00f6nsten Orte am Meer <\/strong>auf Sizilien. Somit k\u00f6nnt ihr eure professionelle Weiterbildung mit einer unvergesslichen Reise verbinden. Mehr \u00fcber Cefal\u00f9 erfahrt ihr in <a href=\"https:\/\/solemar-academy.com\/de\/cefalu\/\"><strong>diesem Artikel<\/strong><\/a>.<\/p>\n<p>&nbsp;<\/p>\n<h3>Wie lange der Bildungsurlaub dauert<\/h3>\n<p>&nbsp;<\/p>\n<p>Da jedes Bundesland selbst bestimmt wie lange ein Bildungsurlaub dauern soll, hat nicht jeder das Recht auf die gleiche Anzahl an Tagen. In der Regel hat man Anspruch auf f\u00fcnf Tage bezahlten Weiterbildungsurlaub pro Jahr. Dieser kann f\u00fcr Angebote im Bereich der politischen oder beruflichen Bildung genutzt werden, dazu z\u00e4hlen auch Sprachkurse im Ausland. In manchen Bundesl\u00e4ndern ist es m\u00f6glich diese f\u00fcnf Tage \u201ceinzufrieren\u201d, um dann im Folgejahr f\u00fcr 10 Tage in einen <strong><a href=\"https:\/\/www.bildungsurlaub-sprachkurs.de\/standorte\/sprachschule\/solemar-academy\/\">Bildungsurlaub<\/a><\/strong> gehen zu k\u00f6nnen.<\/p>\n<p>&nbsp;<\/p>\n<h3>Wer einen Bildungsurlaub bei der Solemar Academy buchen kann<\/h3>\n<p>&nbsp;<\/p>\n<p>Wenn ihr plant, euren Bildungsurlaub auf Sizilien zu verbringen, bietet die Solemar Academy Intensivkurse f\u00fcr folgende Bundesl\u00e4nder an: <strong>Berlin, Brandenburg, Bremen, Hamburg, Hessen, Niedersachsen, Rheinland-Pfalz, Saarland, Schleswig-Holstein, Th\u00fcringen<\/strong>.<\/p>\n<p>&nbsp;<\/p>\n[\/vc_column_text][\/vc_column][vc_column width=&#8220;1\/6&#8243;][\/vc_column][\/vc_row][vc_row row_type=&#8220;row&#8220; text_align=&#8220;left&#8220; css_animation=&#8220;&#8220;][vc_column width=&#8220;1\/4&#8243;][\/vc_column][vc_column width=&#8220;1\/2&#8243; css=&#8220;.vc_custom_1606388584721{margin-bottom: 40px !important;}&#8220;][vc_column_text css=&#8220;.vc_custom_1769174983843{margin-bottom: 20px !important;padding-top: 20px !important;padding-right: 20px !important;padding-bottom: 20px !important;padding-left: 20px !important;background-color: #0e7f8b !important;border-radius: 30px !important;}&#8220;]\n<h2 style=\"text-align: center;\"><a href=\"https:\/\/solemar-academy.com\/de\/preise\/\"><span style=\"color: #ffffff;\">Hier findest du unsere Anerkennungen<\/span><\/a><\/h2>\n[\/vc_column_text][\/vc_column][vc_column width=&#8220;1\/4&#8243;][\/vc_column][\/vc_row][vc_row row_type=&#8220;row&#8220; text_align=&#8220;left&#8220; css_animation=&#8220;&#8220;][vc_column][vc_column_text]\n<\/p>\r\n<p>[\/vc_column_text][\/vc_column][\/vc_row][vc_row row_type=&#8220;row&#8220; text_align=&#8220;left&#8220; css_animation=&#8220;&#8220;][vc_column width=&#8220;1\/6&#8243;][vc_column_text][\/vc_column_text][\/vc_column][vc_column width=&#8220;2\/3&#8243; css=&#8220;.vc_custom_1606388571210{margin-bottom: 40px !important;}&#8220;][vc_column_text]\n<h3>Die Inhalte unserer Intensivkurse<\/h3>\n<p>&nbsp;<\/p>\n<p>Unsere Intensivkurse mit 30 Wochenstunden verbinden den Gruppenunterricht am Morgen mit anschlie\u00dfenden Aktivit\u00e4ten, die das kulturelle und sprachliche Wissen vertiefen. Am Nachmittag k\u00f6nnt ihr au\u00dferdem an den von uns organisierten <a href=\"https:\/\/solemar-academy.com\/de\/freizeit-freizeitaktivitaeten\/\"><strong>Freizeitaktivit\u00e4ten<\/strong><\/a> teilnehmen. Wer die 30 Stunden Bildungsurlaub abgeschlossen hat, erh\u00e4lt von uns ein offizielles Teilnahmezertifikat das anschlie\u00dfend vom Arbeitgeber unterschrieben wird.<\/p>\n<p>&nbsp;<\/p>\n<h3>Wie man einen Bildungsurlaub an der Solemar Academy bucht<\/h3>\n<p>&nbsp;<\/p>\n<p>Wenn sich der Sitz eures Arbeitgebers in einem der oben genannten Bundesl\u00e4nder befindet, k\u00f6nnt ihr unser <strong><a href=\"https:\/\/solemar-academy.com\/de\/preise\/\">Anmeldeformular<\/a><\/strong> ausf\u00fcllen. Dort gebt ihr eure genauen Daten zum Unternehmen und zum Aufenthalt in Cefal\u00f9 an. Damit ihr euren Bildungsurlaub genehmigt bekommt, erhaltet ihr von uns anschlie\u00dfend alle notwendigen Unterlagen zur Vorlage beim Arbeitgeber. Sobald ihr die Genehmigung eures Arbeitgebers bekommen habt, senden wir euch eine Buchungsbest\u00e4tigung. Und schon steht eurem Bildungsurlaub auf Sizilien nichts mehr im Weg!<\/p>\n[\/vc_column_text][\/vc_column][vc_column width=&#8220;1\/6&#8243;][\/vc_column][\/vc_row][vc_row row_type=&#8220;row&#8220; text_align=&#8220;left&#8220; css_animation=&#8220;&#8220;][vc_column][vc_column_text]\n<\/p>\r\n<p>[\/vc_column_text][\/vc_column][\/vc_row][vc_row row_type=&#8220;row&#8220; text_align=&#8220;left&#8220; css_animation=&#8220;&#8220;][vc_column width=&#8220;1\/6&#8243;][vc_column_text][\/vc_column_text][\/vc_column][vc_column width=&#8220;2\/3&#8243; css=&#8220;.vc_custom_1606388571210{margin-bottom: 40px !important;}&#8220;][vc_column_text]\n<p><em><b>Wichtig:<\/b><\/em><\/p>\n<p>&nbsp;<\/p>\n<p><em>Je nach Bundesland ist es notwendig bereits weit im Voraus die Genehmigung beim Arbeitgeber anzufragen. DIe Vorlaufzeit variiert im Durchschnitt von 4 bis 12 Wochen vor Beginn des Bildungsurlaubs.\u00a0<\/em><\/p>\n<p>&nbsp;<\/p>\n<p><em>Anfragen zum Bildungsurlaub k\u00f6nnen aktuell in allen Bundesl\u00e4ndern, mit Ausnahme von Bayern und Sachsen gestellt werden. Dort gibt es noch keine Gesetze bez\u00fcglich Bildungsurlauben. <\/em><\/p>\n[\/vc_column_text][\/vc_column][vc_column width=&#8220;1\/6&#8243;][\/vc_column][\/vc_row][vc_row row_type=&#8220;row&#8220; text_align=&#8220;left&#8220; css_animation=&#8220;&#8220;][vc_column][vc_column_text]\n<\/p>\r\n<p>[\/vc_column_text][\/vc_column][\/vc_row][vc_row row_type=&#8220;row&#8220; text_align=&#8220;left&#8220; css_animation=&#8220;&#8220;][vc_column width=&#8220;1\/4&#8243;][\/vc_column][vc_column width=&#8220;1\/2&#8243; css=&#8220;.vc_custom_1606388584721{margin-bottom: 40px !important;}&#8220;][vc_column_text css=&#8220;.vc_custom_1769174998579{margin-bottom: 20px !important;padding-top: 20px !important;padding-right: 20px !important;padding-bottom: 20px !important;padding-left: 20px !important;background-color: #0e7f8b !important;border-radius: 30px !important;}&#8220;]\n<h2 style=\"text-align: center;\"><a href=\"https:\/\/solemar-academy.com\/de\/preise\/\"><span style=\"color: #ffffff;\">Schick uns gerne eine Anfrage<\/span><\/a><\/h2>\n[\/vc_column_text][\/vc_column][vc_column width=&#8220;1\/4&#8243;][\/vc_column][\/vc_row][vc_row row_type=&#8220;row&#8220; text_align=&#8220;left&#8220; css_animation=&#8220;&#8220;][vc_column][vc_column_text]\n[\/vc_column_text][\/vc_column][\/vc_row]<\/div>","protected":false},"excerpt":{"rendered":"<p>[vc_row row_type=&#8220;row&#8220; text_align=&#8220;left&#8220; css_animation=&#8220;&#8220;][vc_column][vc_column_text] [\/vc_column_text][\/vc_column][\/vc_row]<\/p>\n","protected":false},"author":1,"featured_media":14447,"parent":0,"menu_order":0,"comment_status":"closed","ping_status":"closed","template":"","meta":{"inline_featured_image":false},"yoast_head":"<!-- This site is optimized with the Yoast SEO Premium plugin v19.5 (Yoast SEO v19.11) - https:\/\/yoast.com\/wordpress\/plugins\/seo\/ -->\n<title>Bildungsurlaub am Meer in Cefal\u00f9 &mdash; Solemar Academy<\/title>\n<meta name=\"description\" content=\"Die Solemar Academy bietet die M\u00f6glichkeit zu einem Bildungsurlaub am Meer in Cefal\u00f9. Buche jetzt deinen Bildungsurlaub auf Sizilien!\" \/>\n<meta name=\"robots\" content=\"index, follow, max-snippet:-1, max-image-preview:large, max-video-preview:-1\" \/>\n<link rel=\"canonical\" href=\"https:\/\/solemar-academy.com\/de\/bildungsurlaub-auf-sizilien\/\" \/>\n<meta property=\"og:locale\" content=\"de_DE\" \/>\n<meta property=\"og:type\" content=\"article\" \/>\n<meta property=\"og:title\" content=\"Bildungsurlaub in Cefal\u00f9\" \/>\n<meta property=\"og:description\" content=\"Die Solemar Academy bietet die M\u00f6glichkeit zu einem Bildungsurlaub am Meer in Cefal\u00f9. Buche jetzt deinen Bildungsurlaub auf Sizilien!\" \/>\n<meta property=\"og:url\" content=\"https:\/\/solemar-academy.com\/de\/bildungsurlaub-auf-sizilien\/\" \/>\n<meta property=\"og:site_name\" content=\"Solemar Academy\" \/>\n<meta property=\"article:modified_time\" content=\"2026-01-23T13:30:01+00:00\" \/>\n<meta property=\"og:image\" content=\"https:\/\/solemar-academy.com\/wp-content\/uploads\/layerslider\/HomePage-slider-ITA\/scuola-di-italiano-1-scaled.jpg\" \/>\n\t<meta property=\"og:image:width\" content=\"1024\" \/>\n\t<meta property=\"og:image:height\" content=\"705\" \/>\n\t<meta property=\"og:image:type\" content=\"image\/jpeg\" \/>\n<meta name=\"twitter:card\" content=\"summary_large_image\" \/>\n<meta name=\"twitter:label1\" content=\"Gesch\u00e4tzte Lesezeit\" \/>\n\t<meta name=\"twitter:data1\" content=\"3\u00a0Minuten\" \/>\n<script type=\"application\/ld+json\" class=\"yoast-schema-graph\">{\"@context\":\"https:\/\/schema.org\",\"@graph\":[{\"@type\":\"WebPage\",\"@id\":\"https:\/\/solemar-academy.com\/de\/bildungsurlaub-auf-sizilien\/\",\"url\":\"https:\/\/solemar-academy.com\/de\/bildungsurlaub-auf-sizilien\/\",\"name\":\"Bildungsurlaub am Meer in Cefal\u00f9 &mdash; Solemar Academy\",\"isPartOf\":{\"@id\":\"https:\/\/solemar-academy.com\/#website\"},\"datePublished\":\"2021-03-15T16:21:27+00:00\",\"dateModified\":\"2026-01-23T13:30:01+00:00\",\"description\":\"Die Solemar Academy bietet die M\u00f6glichkeit zu einem Bildungsurlaub am Meer in Cefal\u00f9. Buche jetzt deinen Bildungsurlaub auf Sizilien!\",\"breadcrumb\":{\"@id\":\"https:\/\/solemar-academy.com\/de\/bildungsurlaub-auf-sizilien\/#breadcrumb\"},\"inLanguage\":\"de\",\"potentialAction\":[{\"@type\":\"ReadAction\",\"target\":[\"https:\/\/solemar-academy.com\/de\/bildungsurlaub-auf-sizilien\/\"]}]},{\"@type\":\"BreadcrumbList\",\"@id\":\"https:\/\/solemar-academy.com\/de\/bildungsurlaub-auf-sizilien\/#breadcrumb\",\"itemListElement\":[{\"@type\":\"ListItem\",\"position\":1,\"name\":\"Home\",\"item\":\"https:\/\/solemar-academy.com\/de\/\"},{\"@type\":\"ListItem\",\"position\":2,\"name\":\"Bildungsurlaub in Cefal\u00f9\"}]},{\"@type\":\"WebSite\",\"@id\":\"https:\/\/solemar-academy.com\/#website\",\"url\":\"https:\/\/solemar-academy.com\/\",\"name\":\"Solemar Academy\",\"description\":\"Learn Italian in Italy\",\"publisher\":{\"@id\":\"https:\/\/solemar-academy.com\/#organization\"},\"potentialAction\":[{\"@type\":\"SearchAction\",\"target\":{\"@type\":\"EntryPoint\",\"urlTemplate\":\"https:\/\/solemar-academy.com\/?s={search_term_string}\"},\"query-input\":\"required name=search_term_string\"}],\"inLanguage\":\"de\"},{\"@type\":\"Organization\",\"@id\":\"https:\/\/solemar-academy.com\/#organization\",\"name\":\"Solemar Academy\",\"url\":\"https:\/\/solemar-academy.com\/\",\"logo\":{\"@type\":\"ImageObject\",\"inLanguage\":\"de\",\"@id\":\"https:\/\/solemar-academy.com\/#\/schema\/logo\/image\/\",\"url\":\"https:\/\/solemar-academy.com\/wp-content\/uploads\/2022\/06\/logo-solemar-academy.png\",\"contentUrl\":\"https:\/\/solemar-academy.com\/wp-content\/uploads\/2022\/06\/logo-solemar-academy.png\",\"width\":32,\"height\":32,\"caption\":\"Solemar Academy\"},\"image\":{\"@id\":\"https:\/\/solemar-academy.com\/#\/schema\/logo\/image\/\"}}]}<\/script>\n<!-- \/ Yoast SEO Premium plugin. -->","yoast_head_json":{"title":"Bildungsurlaub am Meer in Cefal\u00f9 &mdash; Solemar Academy","description":"Die Solemar Academy bietet die M\u00f6glichkeit zu einem Bildungsurlaub am Meer in Cefal\u00f9. Buche jetzt deinen Bildungsurlaub auf Sizilien!","robots":{"index":"index","follow":"follow","max-snippet":"max-snippet:-1","max-image-preview":"max-image-preview:large","max-video-preview":"max-video-preview:-1"},"canonical":"https:\/\/solemar-academy.com\/de\/bildungsurlaub-auf-sizilien\/","og_locale":"de_DE","og_type":"article","og_title":"Bildungsurlaub in Cefal\u00f9","og_description":"Die Solemar Academy bietet die M\u00f6glichkeit zu einem Bildungsurlaub am Meer in Cefal\u00f9. Buche jetzt deinen Bildungsurlaub auf Sizilien!","og_url":"https:\/\/solemar-academy.com\/de\/bildungsurlaub-auf-sizilien\/","og_site_name":"Solemar Academy","article_modified_time":"2026-01-23T13:30:01+00:00","og_image":[{"width":1024,"height":705,"url":"https:\/\/solemar-academy.com\/wp-content\/uploads\/layerslider\/HomePage-slider-ITA\/scuola-di-italiano-1-scaled.jpg","type":"image\/jpeg"}],"twitter_card":"summary_large_image","twitter_misc":{"Gesch\u00e4tzte Lesezeit":"3\u00a0Minuten"},"schema":{"@context":"https:\/\/schema.org","@graph":[{"@type":"WebPage","@id":"https:\/\/solemar-academy.com\/de\/bildungsurlaub-auf-sizilien\/","url":"https:\/\/solemar-academy.com\/de\/bildungsurlaub-auf-sizilien\/","name":"Bildungsurlaub am Meer in Cefal\u00f9 &mdash; Solemar Academy","isPartOf":{"@id":"https:\/\/solemar-academy.com\/#website"},"datePublished":"2021-03-15T16:21:27+00:00","dateModified":"2026-01-23T13:30:01+00:00","description":"Die Solemar Academy bietet die M\u00f6glichkeit zu einem Bildungsurlaub am Meer in Cefal\u00f9. Buche jetzt deinen Bildungsurlaub auf Sizilien!","breadcrumb":{"@id":"https:\/\/solemar-academy.com\/de\/bildungsurlaub-auf-sizilien\/#breadcrumb"},"inLanguage":"de","potentialAction":[{"@type":"ReadAction","target":["https:\/\/solemar-academy.com\/de\/bildungsurlaub-auf-sizilien\/"]}]},{"@type":"BreadcrumbList","@id":"https:\/\/solemar-academy.com\/de\/bildungsurlaub-auf-sizilien\/#breadcrumb","itemListElement":[{"@type":"ListItem","position":1,"name":"Home","item":"https:\/\/solemar-academy.com\/de\/"},{"@type":"ListItem","position":2,"name":"Bildungsurlaub in Cefal\u00f9"}]},{"@type":"WebSite","@id":"https:\/\/solemar-academy.com\/#website","url":"https:\/\/solemar-academy.com\/","name":"Solemar Academy","description":"Learn Italian in Italy","publisher":{"@id":"https:\/\/solemar-academy.com\/#organization"},"potentialAction":[{"@type":"SearchAction","target":{"@type":"EntryPoint","urlTemplate":"https:\/\/solemar-academy.com\/?s={search_term_string}"},"query-input":"required name=search_term_string"}],"inLanguage":"de"},{"@type":"Organization","@id":"https:\/\/solemar-academy.com\/#organization","name":"Solemar Academy","url":"https:\/\/solemar-academy.com\/","logo":{"@type":"ImageObject","inLanguage":"de","@id":"https:\/\/solemar-academy.com\/#\/schema\/logo\/image\/","url":"https:\/\/solemar-academy.com\/wp-content\/uploads\/2022\/06\/logo-solemar-academy.png","contentUrl":"https:\/\/solemar-academy.com\/wp-content\/uploads\/2022\/06\/logo-solemar-academy.png","width":32,"height":32,"caption":"Solemar Academy"},"image":{"@id":"https:\/\/solemar-academy.com\/#\/schema\/logo\/image\/"}}]}},"_links":{"self":[{"href":"https:\/\/solemar-academy.com\/de\/wp-json\/wp\/v2\/pages\/16721"}],"collection":[{"href":"https:\/\/solemar-academy.com\/de\/wp-json\/wp\/v2\/pages"}],"about":[{"href":"https:\/\/solemar-academy.com\/de\/wp-json\/wp\/v2\/types\/page"}],"author":[{"embeddable":true,"href":"https:\/\/solemar-academy.com\/de\/wp-json\/wp\/v2\/users\/1"}],"replies":[{"embeddable":true,"href":"https:\/\/solemar-academy.com\/de\/wp-json\/wp\/v2\/comments?post=16721"}],"version-history":[{"count":13,"href":"https:\/\/solemar-academy.com\/de\/wp-json\/wp\/v2\/pages\/16721\/revisions"}],"predecessor-version":[{"id":20980,"href":"https:\/\/solemar-academy.com\/de\/wp-json\/wp\/v2\/pages\/16721\/revisions\/20980"}],"wp:featuredmedia":[{"embeddable":true,"href":"https:\/\/solemar-academy.com\/de\/wp-json\/wp\/v2\/media\/14447"}],"wp:attachment":[{"href":"https:\/\/solemar-academy.com\/de\/wp-json\/wp\/v2\/media?parent=16721"}],"curies":[{"name":"wp","href":"https:\/\/api.w.org\/{rel}","templated":true}]}}