{"id":16713,"date":"2021-03-12T11:21:41","date_gmt":"2021-03-12T11:21:41","guid":{"rendered":"https:\/\/solemar-academy.com\/?page_id=16713"},"modified":"2024-12-02T09:59:38","modified_gmt":"2024-12-02T09:59:38","slug":"italienisch-lernen-am-meer","status":"publish","type":"page","link":"https:\/\/solemar-academy.com\/de\/italienisch-lernen-am-meer\/","title":{"rendered":"Italienisch lernen am Meer &#8211; Solemar Academy"},"content":{"rendered":"<div class=\"wpb-content-wrapper\">[vc_row row_type=&#8220;row&#8220; text_align=&#8220;left&#8220; css_animation=&#8220;&#8220;][vc_column][vc_column_text][\/vc_column_text][\/vc_column][\/vc_row][vc_row row_type=&#8220;row&#8220; text_align=&#8220;left&#8220; css_animation=&#8220;&#8220; css=&#8220;.vc_custom_1611920413743{margin-bottom: 30px !important;}&#8220;][vc_column width=&#8220;1\/6&#8243;][\/vc_column][vc_column width=&#8220;2\/3&#8243;][vc_column_text]\n<h2>Italienisch lernen am Meer auf Sizilien<\/h2>\n[\/vc_column_text][\/vc_column][vc_column width=&#8220;1\/6&#8243;][\/vc_column][\/vc_row][vc_row row_type=&#8220;row&#8220; text_align=&#8220;left&#8220; css_animation=&#8220;&#8220;][vc_column][vc_column_text]\n<\/p>\r\n<p>[\/vc_column_text][\/vc_column][\/vc_row][vc_row row_type=&#8220;row&#8220; text_align=&#8220;left&#8220; css_animation=&#8220;&#8220; css=&#8220;.vc_custom_1611920403888{margin-bottom: 30px !important;}&#8220;][vc_column width=&#8220;1\/6&#8243;][\/vc_column][vc_column width=&#8220;2\/3&#8243;][vc_column_text]\n<h3><span style=\"font-weight: 400; color: #000000;\">Sonne und Meer das ganze Jahr in Cefal\u00f9<\/span><\/h3>\n[\/vc_column_text][vc_separator type=&#8220;normal&#8220; color=&#8220;#dea839&#8243; thickness=&#8220;3&#8243;][vc_column_text]\n<p>Qualitative Italienisch Sprachkurse am Meer mit anschlie\u00dfendem Ausspannen und tollen Unternehmungen nach dem Unterricht. Der perfekte Mix f\u00fcr euren Sprachurlaub auf Sizilien!<\/p>\n<p>&nbsp;<\/p>\n<p>Unsere Sprachschule Solemar Academy tr\u00e4gt bereits das im Namen was uns ausmacht: Die <strong>Sonne<\/strong> (sole) und das <strong>Meer<\/strong> (mare). Schon immer sind dies die Begleiter, die die Sprachkurse an unserer Italienisch Sprachschule am Meer zu einem ganz besonderen Erlebnis machen.<\/p>\n<p>&nbsp;<\/p>\n<p>Die erste Solemar Sprachschule wurde in Mongerbino er\u00f6ffnet, ein kleiner Ort an der K\u00fcste von Santa Flavia. Die <strong><a href=\"https:\/\/solemar-academy.com\/de\/\">Solemar Academy<\/a> <\/strong>hingegen befindet sich in <a href=\"https:\/\/solemar-academy.com\/de\/cefalu\/\"><strong>Cefal\u00f9<\/strong><\/a>, einer der beliebtesten sizilianischen Orte am Meer, der jedes Jahr tausende Reisende aller Altersgruppen weltweit anzieht.<\/p>\n<p>&nbsp;<\/p>\n<p>Wer sich daf\u00fcr entscheidet an den Italienischkursen unserer Sprachschule am Meer teilzunehmen, hat das Gl\u00fcck sich an einem wundersch\u00f6nen Ort weiterzubilden. Denn Cefal\u00f9 erf\u00fcllt alle Erwartungen an das italienische \u201edolce vita\u201c und die sizilianischen Traditionen.<\/p>\n<p>&nbsp;<\/p>\n<p>Hier findet ihr eine sehr offene Gemeinschaft, die das Leben immer auf entspannte Weise lebt, und das sogar in den Sommermonaten, in denen der Ansturm von Besuchern auf dem H\u00f6hepunkt ist. Das Warme Klima und die typische mediterrane Atmosph\u00e4re verleitet dazu den stressigen Alltag hinter sich zu lassen und jeden Tag in vollen Z\u00fcgen zu genie\u00dfen.<\/p>\n[\/vc_column_text][\/vc_column][vc_column width=&#8220;1\/6&#8243;][\/vc_column][\/vc_row][vc_row row_type=&#8220;row&#8220; text_align=&#8220;left&#8220; css_animation=&#8220;&#8220;][vc_column][vc_column_text]\n<\/p>\r\n[\/vc_column_text][\/vc_column][\/vc_row][vc_row row_type=&#8220;row&#8220; text_align=&#8220;left&#8220; css_animation=&#8220;&#8220; css=&#8220;.vc_custom_1612521694644{margin-bottom: 30px !important;}&#8220;][vc_column width=&#8220;1\/6&#8243;][\/vc_column][vc_column width=&#8220;2\/3&#8243;][vc_single_image image=&#8220;16309&#8243; img_size=&#8220;full&#8220; alignment=&#8220;center&#8220;][\/vc_column][vc_column width=&#8220;1\/6&#8243;][\/vc_column][\/vc_row][vc_row row_type=&#8220;row&#8220; text_align=&#8220;left&#8220; css_animation=&#8220;&#8220;][vc_column][vc_column_text]\r\n\r\n<p>[\/vc_column_text][\/vc_column][\/vc_row][vc_row row_type=&#8220;row&#8220; text_align=&#8220;left&#8220; css_animation=&#8220;&#8220; css=&#8220;.vc_custom_1611920397037{margin-bottom: 30px !important;}&#8220;][vc_column width=&#8220;1\/6&#8243;][\/vc_column][vc_column width=&#8220;2\/3&#8243;][vc_column_text]\n<h3><span style=\"font-weight: 400;\">Eine qualitative Italienisch Sprachschule am Meer<\/span><\/h3>\n[\/vc_column_text][vc_separator type=&#8220;normal&#8220; color=&#8220;#dea839&#8243; thickness=&#8220;3&#8243;][vc_column_text]\n<p>Sucht man im Internet nach Sprachschulen am Meer wird man schnell f\u00fcndig. Was uns jedoch von allen anderen Sprachschulen unterscheidet, ist unser Anspruch an Qualit\u00e4t und die Lehrmethoden f\u00fcr unsere Kursteilnehmer, die unsere gut ausgebildeten Muttersprachlichen Lehrkr\u00e4fte anwenden.<\/p>\n<p>&nbsp;<\/p>\n<p>Solemar Academy ist eine bekannte <em>Italienisch Sprachschule<\/em>, die von Partnerschaften mit wichtigen internationalen Institutionen profitiert (Die Universit\u00e4ten von Siena und Palermo und die Ausl\u00e4nderuniversit\u00e4t von Perugia). Wir sind au\u00dferdem Mitglied der Organisationen <strong>EDUITALIA<\/strong> und <a href=\"http:\/\/www.asils.it\"><strong>ASILS<\/strong><\/a>, durch die wir regelm\u00e4\u00dfig auf unsere Qualit\u00e4t gepr\u00fcft werden.<\/p>\n<p>&nbsp;<\/p>\n<p>Seid ihr auf der Suche nach einer Sprachschule mit qualitativen Italienischkursen am Meer? Dann ist die Solemar Academy die perfekte Wahl!<\/p>\n<p>&nbsp;<\/p>\n<p>Unsere Schule bietet auch die M\u00f6glichkeit das Sprachenzertifikat<strong><a href=\"https:\/\/solemar-academy.com\/certificati-italiano\/\"> CELI<\/a> <\/strong>zu erwerben. Wenn ihr auf der Suche nach einer Herausforderung seid und einen Nachweis \u00fcber euer Niveau haben m\u00f6chtet, k\u00f6nnt ihr euch f\u00fcr die Pr\u00fcfungen im Herbst, Fr\u00fchling oder Sommer anmelden. Mit unseren Kursen bereiten wir euch optimal auf die CELI Pr\u00fcfungen vor. Dabei hilft ein Abstecher ans Meer nach dem Unterricht, den Pr\u00fcfungsstress ein wenig zu vergessen.<\/p>\n[\/vc_column_text][\/vc_column][vc_column width=&#8220;1\/6&#8243;][\/vc_column][\/vc_row][vc_row row_type=&#8220;row&#8220; text_align=&#8220;left&#8220; css_animation=&#8220;&#8220;][vc_column][vc_column_text]\n<\/p>\r\n<p>[\/vc_column_text][\/vc_column][\/vc_row][vc_row row_type=&#8220;row&#8220; text_align=&#8220;left&#8220; css_animation=&#8220;&#8220; css=&#8220;.vc_custom_1611920388924{margin-bottom: 30px !important;}&#8220;][vc_column width=&#8220;1\/6&#8243;][\/vc_column][vc_column width=&#8220;2\/3&#8243;][vc_column_text]\n<h3><span style=\"font-weight: 400;\">Eine gro\u00dfe Auswahl an Sprachkursen<\/span><\/h3>\n[\/vc_column_text][vc_separator type=&#8220;normal&#8220; color=&#8220;#dea839&#8243; thickness=&#8220;3&#8243;][vc_column_text]\n<p>Um all euren W\u00fcnschen gerecht zu werden, bieten wir eine breite Auswahl an Sprachkursen an. Dadurch erm\u00f6glichen wir euch einen perfekten Sprachurlaub am Meer. Das Angebot reicht von individuellen Einzelkursen \u00fcber Gruppenkurse, speziellen Programmen zur Vorbereitung auf die Pr\u00fcfungen CELI mit den Kursen CLUB 60+, bis hin zu Study and Work Programmen. Wir haben an jeden gedacht!<\/p>\n<p>&nbsp;<\/p>\n<p>Wenn ihr eure Kommunikationsf\u00e4higkeiten oder bestimmte Themen der Grammatik vertiefen wollt, k\u00f6nnt ihr jederzeit euren individuellen Einzelunterricht buchen. Ihr habt auch die M\u00f6glichkeit einen Kurs zur Vertiefung eurer Italienischkenntnisse und der italienischen Kultur zu w\u00e4hlen, in welchem ihr die wichtigsten kulturellen Themen erkunden k\u00f6nnt (Film, Mafia und Antimafia, Musik und Songwriter, Aktuelle Themen u.v.m.).<\/p>\n[\/vc_column_text][\/vc_column][vc_column width=&#8220;1\/6&#8243;][\/vc_column][\/vc_row][vc_row row_type=&#8220;row&#8220; text_align=&#8220;left&#8220; css_animation=&#8220;&#8220;][vc_column][vc_column_text]\n<\/p>\r\n<p>[\/vc_column_text][\/vc_column][\/vc_row][vc_row row_type=&#8220;row&#8220; text_align=&#8220;left&#8220; css_animation=&#8220;&#8220; css=&#8220;.vc_custom_1611920388924{margin-bottom: 30px !important;}&#8220;][vc_column width=&#8220;1\/6&#8243;][\/vc_column][vc_column width=&#8220;2\/3&#8243;][vc_column_text]\n<h3><span style=\"font-weight: 400;\">Bildungsurlaub am Meer auf Sizilien <\/span><\/h3>\n[\/vc_column_text][vc_separator type=&#8220;normal&#8220; color=&#8220;#dea839&#8243; thickness=&#8220;3&#8243;][vc_column_text]\n<p>Diejenigen, die in Deutschland arbeiten und von Ihrem Arbeitgeber die M\u00f6glichkeit zu einem <strong>Bildungsurlaub<\/strong> erhalten, k\u00f6nnen bei uns in Cefal\u00f9 einen <strong>Italienisch Intensivkurs<\/strong> buchen. Wer die\u00a0 M\u00f6glichkeit hat einen Sprachkurs von seinem Arbeitgeber finanziert zu bekommen, kann sich sehr gl\u00fccklich sch\u00e4tzen. Vor allem dann, wenn man dies an einer Italienisch Sprachschule am Meer in einem wundersch\u00f6nen Ort wie Cefal\u00fa tun kann! Hier bei der Solemar Academy k\u00f6nnt ihr Intensivkurse (30h) buchen, die in verschiedenen Bundesl\u00e4ndern anerkannt werden. Alle Informationen zu der Anerkennung in den diversen L\u00e4ndern findet ihr hier.<\/p>\n[\/vc_column_text][\/vc_column][vc_column width=&#8220;1\/6&#8243;][\/vc_column][\/vc_row][vc_row row_type=&#8220;row&#8220; text_align=&#8220;left&#8220; css_animation=&#8220;&#8220;][vc_column][vc_column_text]\n<\/p>\r\n<p>[\/vc_column_text][\/vc_column][\/vc_row][vc_row row_type=&#8220;row&#8220; text_align=&#8220;left&#8220; css_animation=&#8220;&#8220; css=&#8220;.vc_custom_1611920381092{margin-bottom: 30px !important;}&#8220;][vc_column width=&#8220;1\/6&#8243;][\/vc_column][vc_column width=&#8220;2\/3&#8243;][vc_column_text]\n<h3><span style=\"font-weight: 400;\">Das ganze Jahr \u00fcber Italienischkurse am Meer<\/span><\/h3>\n[\/vc_column_text][vc_separator type=&#8220;normal&#8220; color=&#8220;#dea839&#8243; thickness=&#8220;3&#8243;][vc_column_text]\n<p>Cefal\u00fa liegt im Zentrum der Nordk\u00fcste Siziliens, nur eine Stunde von der Hauptstadt Palermo und zwei Stunden von Catania entfernt. Durch die tolle Lage profitieren wir von einem subtropischen Klima und die meiste Zeit des Jahres von sonnigen Tagen. Das macht Cefal\u00fa das ganze Jahr \u00fcber zu einem sehr beliebten Reiseziel f\u00fcr Menschen aus der ganzen Welt.<\/p>\n<p>&nbsp;<\/p>\n<p>Aus diesem Grund ist unsere Sprachschule das ganze Jahr f\u00fcr euch ge\u00f6ffnet. Von M\u00e4rz bis Dezember k\u00f6nnt ihr an Gruppenkursen teilnehmen. Im Januar und Februar ist es m\u00f6glich Einzelkurse oder Kombikurse zu buchen.<\/p>\n<p>&nbsp;<\/p>\n<p>Da das Klima in unserem Gebiet sehr mild ist, werdet ihr auch im Fr\u00fchling und im Herbst sonnige Tage und ideale Temperaturen finden um am Meer zu entspannen oder Ausfl\u00fcge in die Natur zu unternehmen. Es ist nicht selten, dass es auch im M\u00e4rz und im November Tage mit 25 Grad gibt.<\/p>\n<p>&nbsp;<\/p>\n<p>Aber wenn ihr nur in den Wintermonaten die Zeit findet, keine Sorge! In Cefal\u00fa sinkt die Temperatur praktisch nie unter 10 Grad. Die k\u00e4lteste Zeit des Jahres sind wenige Tage innerhalb der Monate Januar und Februar.<\/p>\n[\/vc_column_text][\/vc_column][vc_column width=&#8220;1\/6&#8243;][\/vc_column][\/vc_row][vc_row row_type=&#8220;row&#8220; text_align=&#8220;left&#8220; css_animation=&#8220;&#8220;][vc_column][vc_column_text]\n<\/p>\r\n<p>[\/vc_column_text][\/vc_column][\/vc_row][vc_row row_type=&#8220;row&#8220; text_align=&#8220;left&#8220; css_animation=&#8220;&#8220; css=&#8220;.vc_custom_1611920381092{margin-bottom: 30px !important;}&#8220;][vc_column width=&#8220;1\/6&#8243;][\/vc_column][vc_column width=&#8220;2\/3&#8243;][vc_column_text]\n<h3>Unser Publikum<\/h3>\n[\/vc_column_text][vc_separator type=&#8220;normal&#8220; color=&#8220;#dea839&#8243; thickness=&#8220;3&#8243;][vc_column_text]\n<p>Wir definieren unsere Schule gerne als \u201c<strong>boutique school<\/strong>\u201d, aufgrund ihrer Gr\u00f6\u00dfe und der Atmosph\u00e4re, die man hier jeden Tag sp\u00fcren kann. Im Gegensatz zu den Sprachschulen die eine gro\u00dfe Masse an Kursteilnehmern unterrichten, werden unsere Klassen immer klein gehalten und nur bis maximal 10 Sch\u00fcler gemeinsam unterrichtet. In der Hauptsaison unterrichten wir im Durchschnitt 25-30 Sch\u00fcler in der Woche. In der Nebensaison sinkt die Zahl auf im Durchschnitt 10-15 Sch\u00fcler in der Woche. Das erm\u00f6glicht unseren Sch\u00fclern, unseren Lehrern und Mitarbeitern sich sehr gut kennenzulernen und Verbindungen aufzubauen, die oft auch nach dem Ende der Sprachkurse bestehen bleiben.<\/p>\n<p>&nbsp;<\/p>\n<p>Unsere Italienisch Sprachschule am Meer empf\u00e4ngt zum gr\u00f6\u00dften Teil europ\u00e4ische Sprachsch\u00fcler, in den letzten Jahren konnten wir jedoch einen starken Anstieg an asiatischen, russischen, australischen und nordamerikanischen Sch\u00fclern beobachten. Im Durchschnitt buchen die Sprachsch\u00fcler einen Aufenthalt von ein bis zwei Wochen, allerdings kommt es nicht selten vor, dass l\u00e4ngere Aufenthalte gebucht werden. Das Durchschnittsalter unserer Sprachsch\u00fcler variiert abh\u00e4ngig von der Saison, In der Nebensaison liegt es meist h\u00f6her (40-60+ Jahre), w\u00e4hrend es in der Hauptsaison niedriger liegt (25-45 Jahre).<\/p>\n<p>&nbsp;<\/p>\n<p>Die Kurse die am meisten gebucht werden, sind die Standardkurse (20 EInheiten pro Woche) sowie die Intensivkurse (30 Stunden pro Woche). Letztere werden vor allem von den deutschen Sprachsch\u00fclern gew\u00e4hlt, die bei uns ihren Bildungsurlaub am Meer verbringen.<\/p>\n[\/vc_column_text][\/vc_column][vc_column width=&#8220;1\/6&#8243;][\/vc_column][\/vc_row][vc_row row_type=&#8220;row&#8220; text_align=&#8220;left&#8220; css_animation=&#8220;&#8220;][vc_column][vc_column_text]\n<\/p>\r\n<p>[\/vc_column_text][\/vc_column][\/vc_row][vc_row row_type=&#8220;row&#8220; text_align=&#8220;left&#8220; css_animation=&#8220;&#8220; css=&#8220;.vc_custom_1611920365756{margin-bottom: 30px !important;}&#8220;][vc_column width=&#8220;1\/6&#8243;][\/vc_column][vc_column width=&#8220;2\/3&#8243;][vc_column_text]\n<h3>Dein Sprachurlaub am Meer mit vielen Aktivit\u00e4ten<\/h3>\n[\/vc_column_text][vc_separator type=&#8220;normal&#8220; color=&#8220;#dea839&#8243; thickness=&#8220;3&#8243;][vc_column_text]\n<p>Wir sind immer bem\u00fcht unseren Sprachsch\u00fclern ein interessantes und vielseitiges Freizeitprogramm anzubieten. Dieses beinhaltet immer feste Termine, wie unsere Tour durch Cefal\u00fa, das Kino und die Aperitifs gemeinsam mit unseren Lehrern.<\/p>\n<p>&nbsp;<\/p>\n<p>Abh\u00e4ngig von der Jahreszeit, k\u00f6nnen sich die Sprachsch\u00fcler au\u00dferdem w\u00f6chentlich dazu entscheiden an F\u00fchrungen mit Experten, Besichtigungen, Trekking in den Madonien, Bootstouren und vielen weiteren AKtivit\u00e4ten teilzunehmen.<\/p>\n<p>&nbsp;<\/p>\n<p>Unsere Exkursionen zu den \u00c4olischen Inseln und die privaten Boot Ausfahrten sind von April bis Oktober m\u00f6glich.<\/p>\n<p>&nbsp;<\/p>\n<p>Extremsport Liebhaber d\u00fcrfen auf keinen Fall den Gleitschirmflug \u00fcber Cefal\u00fa oder einen Tauchgang bei einem unserer Tauchzentren missen.<\/p>\n<p>&nbsp;<\/p>\n<p>Wenn ihr Aktivit\u00e4ten au\u00dferhalb unseres Kalenders organisieren wollt, sind wir jederzeit bereit euch Empfehlungen und Tipps mitzugeben. Welche Orte ihr besuchen solltet, welche geheimen Str\u00e4nde es zu entdecken gibt und welche aufregenden DInge ihr in Cefalu und Umgebung erleben k\u00f6nnt.<\/p>\n[\/vc_column_text][\/vc_column][vc_column width=&#8220;1\/6&#8243;][\/vc_column][\/vc_row][vc_row row_type=&#8220;row&#8220; text_align=&#8220;left&#8220; css_animation=&#8220;&#8220;][vc_column][vc_column_text]\n<\/p>\r\n<p>[\/vc_column_text][\/vc_column][\/vc_row][vc_row row_type=&#8220;row&#8220; text_align=&#8220;left&#8220; css_animation=&#8220;appear&#8220; css=&#8220;.vc_custom_1612522460355{margin-top: 10px !important;margin-bottom: 50px !important;}&#8220;][vc_column width=&#8220;1\/6&#8243;][\/vc_column][vc_column width=&#8220;2\/3&#8243; css=&#8220;.vc_custom_1611920527418{margin-bottom: 30px !important;}&#8220;][vc_column_text css=&#8220;.vc_custom_1615548346083{background-color: #dd9933 !important;border-radius: 20px !important;}&#8220;]\n<p><a href=\"https:\/\/solemar-academy.com\/de\/italienisch-lernen-in-italien\/\/#Sprachkurse\"><span style=\"color: #dea839;\">.<\/span><\/a><\/p>\n<p style=\"text-align: center;\"><a href=\"https:\/\/solemar-academy.com\/de\/italienisch-lernen-in-italien\/\/#Sprachkurse\"><span style=\"color: #ffffff;\"><strong><em><span style=\"font-size: xx-large;\">W\u00e4hle hier deinen Italienischkurs!<\/span><\/em><\/strong><\/span><\/a><\/p>\n<p><a href=\"https:\/\/solemar-academy.com\/de\/italienisch-lernen-in-italien\/\/#Sprachkurse\"><span style=\"color: #dea839;\">.<\/span><\/a><\/p>\n[\/vc_column_text][\/vc_column][vc_column width=&#8220;1\/6&#8243;][\/vc_column][\/vc_row][vc_row row_type=&#8220;row&#8220; text_align=&#8220;left&#8220; css_animation=&#8220;&#8220;][vc_column][vc_column_text]\n[\/vc_column_text][\/vc_column][\/vc_row]<\/div>","protected":false},"excerpt":{"rendered":"<p>[vc_row row_type=&#8220;row&#8220; text_align=&#8220;left&#8220; css_animation=&#8220;&#8220;][vc_column][vc_column_text] [\/vc_column_text][\/vc_column][\/vc_row][vc_row row_type=&#8220;row&#8220; text_align=&#8220;left&#8220; css_animation=&#8220;&#8220; css=&#8220;.vc_custom_1612521694644{margin-bottom: 30px !important;}&#8220;][vc_column width=&#8220;1\/6&#8243;][\/vc_column][vc_column width=&#8220;2\/3&#8243;][vc_single_image image=&#8220;16309&#8243; img_size=&#8220;full&#8220; alignment=&#8220;center&#8220;][\/vc_column][vc_column width=&#8220;1\/6&#8243;][\/vc_column][\/vc_row][vc_row row_type=&#8220;row&#8220; text_align=&#8220;left&#8220; css_animation=&#8220;&#8220;][vc_column][vc_column_text] [\/vc_column_text][\/vc_column][\/vc_row]<\/p>\n","protected":false},"author":1,"featured_media":14387,"parent":0,"menu_order":0,"comment_status":"closed","ping_status":"closed","template":"","meta":{"inline_featured_image":false},"yoast_head":"<!-- This site is optimized with the Yoast SEO Premium plugin v19.5 (Yoast SEO v19.11) - https:\/\/yoast.com\/wordpress\/plugins\/seo\/ -->\n<title>Italienisch lernen am Meer auf Sizilien &mdash; Solemar Academy<\/title>\n<meta name=\"description\" content=\"Die Solemar Academy bietet das ganze Jahr \u00fcber qualitative Italienisch Sprachkurse am Meer an. Buche jetzt deinen Sprachurlaub am Meer!\" \/>\n<meta name=\"robots\" content=\"index, follow, max-snippet:-1, max-image-preview:large, max-video-preview:-1\" \/>\n<link rel=\"canonical\" href=\"https:\/\/solemar-academy.com\/de\/italienisch-lernen-am-meer\/\" \/>\n<meta property=\"og:locale\" content=\"de_DE\" \/>\n<meta property=\"og:type\" content=\"article\" \/>\n<meta property=\"og:title\" content=\"Italienisch lernen am Meer - Solemar Academy\" \/>\n<meta property=\"og:description\" content=\"Die Solemar Academy bietet das ganze Jahr \u00fcber qualitative Italienisch Sprachkurse am Meer an. Buche jetzt deinen Sprachurlaub am Meer!\" \/>\n<meta property=\"og:url\" content=\"https:\/\/solemar-academy.com\/de\/italienisch-lernen-am-meer\/\" \/>\n<meta property=\"og:site_name\" content=\"Solemar Academy\" \/>\n<meta property=\"article:modified_time\" content=\"2024-12-02T09:59:38+00:00\" \/>\n<meta property=\"og:image\" content=\"https:\/\/solemar-academy.com\/wp-content\/uploads\/layerslider\/HomePage-slider-ENG\/scuola-di-italiano-1-scaled.jpg\" \/>\n\t<meta property=\"og:image:width\" content=\"1024\" \/>\n\t<meta property=\"og:image:height\" content=\"705\" \/>\n\t<meta property=\"og:image:type\" content=\"image\/jpeg\" \/>\n<meta name=\"twitter:card\" content=\"summary_large_image\" \/>\n<meta name=\"twitter:label1\" content=\"Gesch\u00e4tzte Lesezeit\" \/>\n\t<meta name=\"twitter:data1\" content=\"8\u00a0Minuten\" \/>\n<script type=\"application\/ld+json\" class=\"yoast-schema-graph\">{\"@context\":\"https:\/\/schema.org\",\"@graph\":[{\"@type\":\"WebPage\",\"@id\":\"https:\/\/solemar-academy.com\/de\/italienisch-lernen-am-meer\/\",\"url\":\"https:\/\/solemar-academy.com\/de\/italienisch-lernen-am-meer\/\",\"name\":\"Italienisch lernen am Meer auf Sizilien &mdash; Solemar Academy\",\"isPartOf\":{\"@id\":\"https:\/\/solemar-academy.com\/#website\"},\"datePublished\":\"2021-03-12T11:21:41+00:00\",\"dateModified\":\"2024-12-02T09:59:38+00:00\",\"description\":\"Die Solemar Academy bietet das ganze Jahr \u00fcber qualitative Italienisch Sprachkurse am Meer an. Buche jetzt deinen Sprachurlaub am Meer!\",\"breadcrumb\":{\"@id\":\"https:\/\/solemar-academy.com\/de\/italienisch-lernen-am-meer\/#breadcrumb\"},\"inLanguage\":\"de\",\"potentialAction\":[{\"@type\":\"ReadAction\",\"target\":[\"https:\/\/solemar-academy.com\/de\/italienisch-lernen-am-meer\/\"]}]},{\"@type\":\"BreadcrumbList\",\"@id\":\"https:\/\/solemar-academy.com\/de\/italienisch-lernen-am-meer\/#breadcrumb\",\"itemListElement\":[{\"@type\":\"ListItem\",\"position\":1,\"name\":\"Home\",\"item\":\"https:\/\/solemar-academy.com\/de\/\"},{\"@type\":\"ListItem\",\"position\":2,\"name\":\"Italienisch lernen am Meer &#8211; Solemar Academy\"}]},{\"@type\":\"WebSite\",\"@id\":\"https:\/\/solemar-academy.com\/#website\",\"url\":\"https:\/\/solemar-academy.com\/\",\"name\":\"Solemar Academy\",\"description\":\"Learn Italian in Italy\",\"publisher\":{\"@id\":\"https:\/\/solemar-academy.com\/#organization\"},\"potentialAction\":[{\"@type\":\"SearchAction\",\"target\":{\"@type\":\"EntryPoint\",\"urlTemplate\":\"https:\/\/solemar-academy.com\/?s={search_term_string}\"},\"query-input\":\"required name=search_term_string\"}],\"inLanguage\":\"de\"},{\"@type\":\"Organization\",\"@id\":\"https:\/\/solemar-academy.com\/#organization\",\"name\":\"Solemar Academy\",\"url\":\"https:\/\/solemar-academy.com\/\",\"logo\":{\"@type\":\"ImageObject\",\"inLanguage\":\"de\",\"@id\":\"https:\/\/solemar-academy.com\/#\/schema\/logo\/image\/\",\"url\":\"https:\/\/solemar-academy.com\/wp-content\/uploads\/2022\/06\/logo-solemar-academy.png\",\"contentUrl\":\"https:\/\/solemar-academy.com\/wp-content\/uploads\/2022\/06\/logo-solemar-academy.png\",\"width\":32,\"height\":32,\"caption\":\"Solemar Academy\"},\"image\":{\"@id\":\"https:\/\/solemar-academy.com\/#\/schema\/logo\/image\/\"}}]}<\/script>\n<!-- \/ Yoast SEO Premium plugin. -->","yoast_head_json":{"title":"Italienisch lernen am Meer auf Sizilien &mdash; Solemar Academy","description":"Die Solemar Academy bietet das ganze Jahr \u00fcber qualitative Italienisch Sprachkurse am Meer an. Buche jetzt deinen Sprachurlaub am Meer!","robots":{"index":"index","follow":"follow","max-snippet":"max-snippet:-1","max-image-preview":"max-image-preview:large","max-video-preview":"max-video-preview:-1"},"canonical":"https:\/\/solemar-academy.com\/de\/italienisch-lernen-am-meer\/","og_locale":"de_DE","og_type":"article","og_title":"Italienisch lernen am Meer - Solemar Academy","og_description":"Die Solemar Academy bietet das ganze Jahr \u00fcber qualitative Italienisch Sprachkurse am Meer an. Buche jetzt deinen Sprachurlaub am Meer!","og_url":"https:\/\/solemar-academy.com\/de\/italienisch-lernen-am-meer\/","og_site_name":"Solemar Academy","article_modified_time":"2024-12-02T09:59:38+00:00","og_image":[{"width":1024,"height":705,"url":"https:\/\/solemar-academy.com\/wp-content\/uploads\/layerslider\/HomePage-slider-ENG\/scuola-di-italiano-1-scaled.jpg","type":"image\/jpeg"}],"twitter_card":"summary_large_image","twitter_misc":{"Gesch\u00e4tzte Lesezeit":"8\u00a0Minuten"},"schema":{"@context":"https:\/\/schema.org","@graph":[{"@type":"WebPage","@id":"https:\/\/solemar-academy.com\/de\/italienisch-lernen-am-meer\/","url":"https:\/\/solemar-academy.com\/de\/italienisch-lernen-am-meer\/","name":"Italienisch lernen am Meer auf Sizilien &mdash; Solemar Academy","isPartOf":{"@id":"https:\/\/solemar-academy.com\/#website"},"datePublished":"2021-03-12T11:21:41+00:00","dateModified":"2024-12-02T09:59:38+00:00","description":"Die Solemar Academy bietet das ganze Jahr \u00fcber qualitative Italienisch Sprachkurse am Meer an. Buche jetzt deinen Sprachurlaub am Meer!","breadcrumb":{"@id":"https:\/\/solemar-academy.com\/de\/italienisch-lernen-am-meer\/#breadcrumb"},"inLanguage":"de","potentialAction":[{"@type":"ReadAction","target":["https:\/\/solemar-academy.com\/de\/italienisch-lernen-am-meer\/"]}]},{"@type":"BreadcrumbList","@id":"https:\/\/solemar-academy.com\/de\/italienisch-lernen-am-meer\/#breadcrumb","itemListElement":[{"@type":"ListItem","position":1,"name":"Home","item":"https:\/\/solemar-academy.com\/de\/"},{"@type":"ListItem","position":2,"name":"Italienisch lernen am Meer &#8211; Solemar Academy"}]},{"@type":"WebSite","@id":"https:\/\/solemar-academy.com\/#website","url":"https:\/\/solemar-academy.com\/","name":"Solemar Academy","description":"Learn Italian in Italy","publisher":{"@id":"https:\/\/solemar-academy.com\/#organization"},"potentialAction":[{"@type":"SearchAction","target":{"@type":"EntryPoint","urlTemplate":"https:\/\/solemar-academy.com\/?s={search_term_string}"},"query-input":"required name=search_term_string"}],"inLanguage":"de"},{"@type":"Organization","@id":"https:\/\/solemar-academy.com\/#organization","name":"Solemar Academy","url":"https:\/\/solemar-academy.com\/","logo":{"@type":"ImageObject","inLanguage":"de","@id":"https:\/\/solemar-academy.com\/#\/schema\/logo\/image\/","url":"https:\/\/solemar-academy.com\/wp-content\/uploads\/2022\/06\/logo-solemar-academy.png","contentUrl":"https:\/\/solemar-academy.com\/wp-content\/uploads\/2022\/06\/logo-solemar-academy.png","width":32,"height":32,"caption":"Solemar Academy"},"image":{"@id":"https:\/\/solemar-academy.com\/#\/schema\/logo\/image\/"}}]}},"_links":{"self":[{"href":"https:\/\/solemar-academy.com\/de\/wp-json\/wp\/v2\/pages\/16713"}],"collection":[{"href":"https:\/\/solemar-academy.com\/de\/wp-json\/wp\/v2\/pages"}],"about":[{"href":"https:\/\/solemar-academy.com\/de\/wp-json\/wp\/v2\/types\/page"}],"author":[{"embeddable":true,"href":"https:\/\/solemar-academy.com\/de\/wp-json\/wp\/v2\/users\/1"}],"replies":[{"embeddable":true,"href":"https:\/\/solemar-academy.com\/de\/wp-json\/wp\/v2\/comments?post=16713"}],"version-history":[{"count":10,"href":"https:\/\/solemar-academy.com\/de\/wp-json\/wp\/v2\/pages\/16713\/revisions"}],"predecessor-version":[{"id":19077,"href":"https:\/\/solemar-academy.com\/de\/wp-json\/wp\/v2\/pages\/16713\/revisions\/19077"}],"wp:featuredmedia":[{"embeddable":true,"href":"https:\/\/solemar-academy.com\/de\/wp-json\/wp\/v2\/media\/14387"}],"wp:attachment":[{"href":"https:\/\/solemar-academy.com\/de\/wp-json\/wp\/v2\/media?parent=16713"}],"curies":[{"name":"wp","href":"https:\/\/api.w.org\/{rel}","templated":true}]}}