{"id":1539,"date":"2015-03-12T10:03:35","date_gmt":"2015-03-12T09:03:35","guid":{"rendered":"http:\/\/solemar-academy.com\/?page_id=1539"},"modified":"2025-11-17T09:01:14","modified_gmt":"2025-11-17T09:01:14","slug":"dils-pg-zertifikat","status":"publish","type":"page","link":"https:\/\/solemar-academy.com\/de\/dils-pg-zertifikat\/","title":{"rendered":"DILS-PG-Zertifikat &#8211; Italienisch Sprachschule in Italien"},"content":{"rendered":"<div class=\"wpb-content-wrapper\">[vc_row row_type=&#8220;row&#8220; text_align=&#8220;left&#8220; css_animation=&#8220;&#8220;][vc_column width=&#8220;1\/6&#8243;][vc_column_text]\n[\/vc_column_text][\/vc_column][vc_column width=&#8220;2\/3&#8243;][vc_column_text]\n<h2 style=\"text-align: center;\">DILS-PG-Pr\u00fcfungen<\/h2>\n<p>Die <a href=\"https:\/\/solemar-academy.com\/de\/\">Solemar Academy<\/a> ist Pr\u00fcfzentrum f\u00fcr die Zertifizierung DILS-PG\u00a0(Didattica dell\u2019Italiano come Lingua Straniera).<br \/>\nSie\u00a0ist sehr n\u00fctzlich f\u00fcr jene, die mit voller Berechtigung als Italienischlehrer arbeiten\u00a0m\u00f6chten, oder f\u00fcr jene, die bereits als Italienischlehrer arbeiten und einen offiziellen Titel anstreben.<br \/>\nDurch die Pr\u00fcfung werden die theoretischen, methodologisch-didaktischen und operativen\u00a0Kompetenzen best\u00e4tigt. Die Pr\u00fcfung orientiert sich stark an den Erfahrungswerten. Deshalb verifizieren die drei Teile der DILS-PG-Pr\u00fcfung in erster Linie die operativen F\u00e4higkeiten des Lehrers.<\/p>\n<h3>DILS-PG I\u00a0und DILS-PG\u00a0II<\/h3>\n<p>Ihr k\u00f6nnt bei den DILS-PG-Pr\u00fcfungen zwischen zwei verschiedenen Niveaus w\u00e4hlen: Das\u00a0DILS-PG base (I) ist f\u00fcr jene Italienischlehrer geeignet, die noch nicht viel Erfahrung im Unterrichten mitbringen. Das DILS-PG II\u00a0ist f\u00fcr erfahrene Italienischlehrer oder f\u00fcr Lehramt-Studenten gedacht.<\/p>\n<h3>Warum gerade das DILS-PG?<\/h3>\n<p>Die Universit\u00e0 per gli Stranieri di Perugia mit seinem Zentrum f\u00fcr die Evaluation\u00a0der sprachlichen\u00a0Kompetenzen (CVCL &#8211; Centro per la Valutazione delle Competenze Linguistiche) ist Gr\u00fcndungsmitglied der europ\u00e4ischen Organisation ALTE &#8211; einer\u00a0Vereinigung, zu der\u00a0die renommiertesten Institutionen im Bereich Zertifizierungen geh\u00f6ren. Neben der Ausstellung der CELI-Zertifikate (conoscenza della lingua italiana) besch\u00e4ftigt sich das CVCL auch mit der Ausbildung der\u00a0Italienischlehrer oder mit der Ausstellung des DILS-PG-Zertifikats.<br \/>\nVerglichen mit den anderen Zertifikaten DITALS\u00a0oder CEDILS zeichnet sich das DILS-PG durch folgende Merkmale aus:<\/p>\n<ul>\n<li>Unterst\u00fctzung durch die Universit\u00e0 per gli Stranieri di Perugia, der wichtigsten Institution, wenn es um die Italienisch-Forschung und Italienisch-Didaktik geht<\/li>\n<li>ein Pr\u00fcfungsprogramm, das sich stark an den Kompetenzen\u00a0des Lehrers orientiert<\/li>\n<li>kein\u00a0obligatorischer Vorbereitungskurs<\/li>\n<li>g\u00fcnstigere Preise als bei DITALS und CEDILS<\/li>\n<\/ul>\n<h3>Wie bereite ich mich auf die DILS-PG-Pr\u00fcfung vor?<\/h3>\n<p>Zur Vorbereitung auf die Pr\u00fcfung empfehlen wir die angegebene Bibliografie\u00a0der\u00a0Universit\u00e0 di Perugia.<\/p>\n[\/vc_column_text][\/vc_column][vc_column width=&#8220;1\/6&#8243;][vc_column_text]\n[\/vc_column_text][\/vc_column][\/vc_row][vc_row row_type=&#8220;row&#8220; text_align=&#8220;left&#8220; css_animation=&#8220;&#8220; css=&#8220;.vc_custom_1543319936779{margin-top: 40px !important;margin-bottom: 40px !important;}&#8220;][vc_column width=&#8220;1\/4&#8243;][\/vc_column][vc_column css_animation=&#8220;none&#8220; width=&#8220;1\/4&#8243; css=&#8220;.vc_custom_1543319981409{margin-bottom: 20px !important;}&#8220;][vc_column_text css=&#8220;.vc_custom_1763370059735{background-color: #2980b9 !important;border-radius: 5px !important;}&#8220;]<span style=\"color: #2980b9;\">.<\/span><\/p>\n<h3 style=\"text-align: center;\"><span style=\"color: #ffffff;\">20 Febbraio 2026<\/span><\/h3>\n<h3 style=\"text-align: center;\"><span style=\"color: #ffffff;\">DILS-PG livello 1 e 2<\/span><\/h3>\n<p><span style=\"color: #2980b9;\">.<\/span>[\/vc_column_text][\/vc_column][vc_column css_animation=&#8220;none&#8220; width=&#8220;1\/4&#8243; css=&#8220;.vc_custom_1543319992848{margin-bottom: 20px !important;}&#8220;][vc_column_text css=&#8220;.vc_custom_1763370069809{background-color: #2980b9 !important;border-radius: 5px !important;}&#8220;]<span style=\"color: #2980b9;\">.<\/span><\/p>\n<h3 style=\"text-align: center;\"><span style=\"color: #ffffff;\">25 Settembre 2026<\/span><\/h3>\n<h3 style=\"text-align: center;\"><span style=\"color: #ffffff;\">DILS-PG livello 1 e 2<\/span><\/h3>\n<p><span style=\"color: #2980b9;\">.<\/span>[\/vc_column_text][\/vc_column][vc_column width=&#8220;1\/4&#8243;][\/vc_column][\/vc_row][vc_row row_type=&#8220;row&#8220; text_align=&#8220;left&#8220; css_animation=&#8220;&#8220;][vc_column width=&#8220;1\/6&#8243;][\/vc_column][vc_column width=&#8220;2\/3&#8243;][vc_column_text]Zus\u00e4tzlich k\u00f6nnt ihr\u00a0bei der Solemar Academy einen <strong><a href=\"https:\/\/solemar-academy.com\/de\/fortbildungskurs-italienischlehrer\/\">Fortbildungskurs<\/a><\/strong>\u00a0einige Wochen vor der Pr\u00fcfung besuchen.<\/p>\n<p><img class=\"size-medium wp-image-15793 aligncenter\" src=\"https:\/\/solemar-academy.com\/wp-content\/uploads\/2020\/12\/LogoDils-PG-02-300x119.png\" alt=\"Certificazione insegnanti di Italiano Dils PG\" width=\"200\" height=\"100\" \/>[\/vc_column_text][\/vc_column][vc_column width=&#8220;1\/6&#8243;][vc_column_text]\n[\/vc_column_text][\/vc_column][\/vc_row][vc_row row_type=&#8220;row&#8220; text_align=&#8220;left&#8220; css_animation=&#8220;&#8220;][vc_column][vc_separator type=&#8220;transparent&#8220; down=&#8220;20&#8243; up=&#8220;20&#8243;][\/vc_column][\/vc_row][vc_row row_type=&#8220;row&#8220; text_align=&#8220;left&#8220; css_animation=&#8220;&#8220;][vc_column width=&#8220;1\/2&#8243;][vc_column_text]\n<h3>DILS-PG base (I)<\/h3>\n<h4>Voraussetzungen DILS base (einer der folgenden Punkte)<\/h4>\n<p>&#8211; Hochschulabschluss\u00a0(mind. 3 Jahre) in: \u201cLingua e cultura italiana \u201d (Italienische Sprache und Kultur) o \u201cInsegnamento della lingua italiana a stranieri\u201d (Italienischunterricht f\u00fcr Ausl\u00e4nder)<br \/>\n&#8211; Allgemeiner\u00a0Hochschulabschluss\u00a0(mind. 3 Jahre) mit Master in &#8222;Didattica dell\u2019Italiano\u201d (Italienische Sprachdidaktik)<br \/>\n&#8211; Hochschulabschluss\u00a0(mind. 3 Jahre) mit 200 Stunden Unterrichtspraxis<br \/>\n&#8211; Abschluss einer h\u00f6heren Schule\u00a0mit mind.\u00a0700\u00a0Stunden Unterrichtspraxis<\/p>\n<h4>Pr\u00fcfungsstruktur DILS base<\/h4>\n<p>&#8211; Theoretische Kenntnisse<br \/>\n&#8211; Methodologisch-didaktische Kenntnisse<br \/>\n&#8211; Operative und strategische Kompetenz<\/p>\n<p><strong>Pr\u00fcfungskosten \u20ac 200,00<\/strong>[\/vc_column_text][\/vc_column][vc_column width=&#8220;1\/2&#8243;][vc_column_text]\n<h3>DILS-PG (II)<\/h3>\n<h4>Voraussetzungen DILS II (einer der folgenden Punkte)<\/h4>\n<p>&#8211; Hochschulabschluss (mind. 3 Jahre)\u00a0in \u201cLingua e cultura italiana\u201d (Italienische Sprache und Kultur) oder \u201cInsegnamento della lingua italiana a stranieri\u201d (Italienischunterricht f\u00fcr Ausl\u00e4nder)<br \/>\n&#8211; Allgemeiner Hochschulabschluss (mind. 3 Jahre) mit Master in &#8222;Didattica dell\u2019Italiano\u201d (Italienische Sprachdidaktik)<br \/>\n&#8211; Hochschulabschluss (mind. 3 Jahre) mit\u00a0400\u00a0Stunden Unterrichtspraxis<br \/>\n&#8211; Abschluss einer h\u00f6heren Schule mit mind. 1500 Stunden Unterrichtspraxis<\/p>\n<h4>Pr\u00fcfungsstruktur DILS II<\/h4>\n<p>&#8211;\u00a0Theoretische Kenntnisse<br \/>\n&#8211; Methodologisch-didaktische Kenntnisse<br \/>\n&#8211; Operative und strategische Kompetenz<\/p>\n<p><strong>Pr\u00fcfungskosten \u20ac 250,00<\/strong>[\/vc_column_text][\/vc_column][\/vc_row][vc_row row_type=&#8220;row&#8220; text_align=&#8220;left&#8220; css_animation=&#8220;&#8220; css=&#8220;.vc_custom_1547473377389{margin-top: 20px !important;margin-bottom: 20px !important;}&#8220;][vc_column width=&#8220;1\/6&#8243; css=&#8220;.vc_custom_1572518994001{margin-bottom: 10px !important;}&#8220;][vc_hoverbox image=&#8220;14880&#8243; primary_title=&#8220;Bibliografia DILS-PG I&#8220; primary_title_font_container=&#8220;font_size:24|color:%23ffffff&#8220; primary_title_use_theme_fonts=&#8220;yes&#8220; hover_title=&#8220;&#8220; hover_background_color=&#8220;white&#8220; use_custom_fonts_primary_title=&#8220;true&#8220;]<a href=\"https:\/\/solemar-academy.com\/wp-content\/uploads\/2025\/08\/BIBLIOGRAFIA-DILS-PG-I-livello_gen.2025_aggiornata.pdf\" target=\"_self\" class=\"qbutton medium no_fill\" style=\"color: #ffffff; background-color: #3c6382; \">Download<\/a>[\/vc_hoverbox][\/vc_column][vc_column width=&#8220;1\/6&#8243;][vc_hoverbox image=&#8220;14880&#8243; primary_title=&#8220;Scheda di iscrizione&#8220; primary_title_font_container=&#8220;font_size:24|color:%23ffffff&#8220; primary_title_use_theme_fonts=&#8220;yes&#8220; hover_title=&#8220;&#8220; hover_background_color=&#8220;white&#8220; use_custom_fonts_primary_title=&#8220;true&#8220; css=&#8220;.vc_custom_1755095713941{margin-bottom: 10px !important;}&#8220; primary_title_link=&#8220;url:https%3A%2F%2Fsolemar-academy.com%2Fwp-content%2Fuploads%2F2024%2F08%2FDILS-PG-I_SCHEDA-ISCRIZIONE-ESAME_aggiornata.pdf|target:_blank&#8220;]<a href=\"https:\/\/solemar-academy.com\/wp-content\/uploads\/2025\/08\/DILS-PG-I_SCHEDA-ISCRIZIONE-ESAME_aggiornata.pdf\" target=\"_self\" class=\"qbutton medium no_fill\" style=\"color: #ffffff; background-color: #3c6382; \">Download<\/a>[\/vc_hoverbox][\/vc_column][vc_column width=&#8220;1\/6&#8243;][vc_hoverbox image=&#8220;14874&#8243; primary_title=&#8220;Scheda informativa DILS-PG I&#8220; primary_title_font_container=&#8220;font_size:24|color:%23ffffff&#8220; primary_title_use_theme_fonts=&#8220;yes&#8220; hover_title=&#8220;&#8220; hover_background_color=&#8220;white&#8220; use_custom_fonts_primary_title=&#8220;true&#8220; css=&#8220;.vc_custom_1755095741686{margin-bottom: 10px !important;}&#8220;]<a href=\"https:\/\/solemar-academy.com\/wp-content\/uploads\/2025\/08\/Scheda-raccolta-dati-DILS-PG-I.pdf\" target=\"_self\" class=\"qbutton medium no_fill\" style=\"color: #ffffff; background-color: #3c6382; \">Download<\/a>[\/vc_hoverbox][\/vc_column][vc_column width=&#8220;1\/6&#8243;][vc_hoverbox image=&#8220;14880&#8243; primary_title=&#8220;Bibliografia DILS-PG II&#8220; primary_title_font_container=&#8220;font_size:24|color:%23ffffff&#8220; primary_title_use_theme_fonts=&#8220;yes&#8220; hover_title=&#8220;&#8220; hover_background_color=&#8220;white&#8220; use_custom_fonts_primary_title=&#8220;true&#8220; css=&#8220;.vc_custom_1755095973524{margin-bottom: 10px !important;}&#8220;]<a href=\"https:\/\/solemar-academy.com\/wp-content\/uploads\/2025\/08\/Bibliografia_DILS-PG-II-liv-gen-2025aggiornata.pdf\" target=\"_self\" class=\"qbutton medium no_fill\" style=\"color: #ffffff; background-color: #3c6382; \">Download<\/a>[\/vc_hoverbox][\/vc_column][vc_column width=&#8220;1\/6&#8243;][vc_hoverbox image=&#8220;14880&#8243; primary_title=&#8220;Scheda di iscrizione DILS-PG II&#8220; primary_title_font_container=&#8220;font_size:24|color:%23ffffff&#8220; primary_title_use_theme_fonts=&#8220;yes&#8220; hover_title=&#8220;&#8220; hover_background_color=&#8220;white&#8220; use_custom_fonts_primary_title=&#8220;true&#8220; css=&#8220;.vc_custom_1755096043199{margin-bottom: 10px !important;}&#8220; primary_title_link=&#8220;url:https%3A%2F%2Fsolemar-academy.com%2Fwp-content%2Fuploads%2F2024%2F08%2FDILS-PG-II_SCHEDA-ISCRIZIONE-ESAME_aggiornata.pdf|target:_blank&#8220;]<a href=\"https:\/\/solemar-academy.com\/wp-content\/uploads\/2025\/08\/DILS-PG-II_SCHEDA-ISCRIZIONE-ESAME_aggiornata-1.pdf\" target=\"_self\" class=\"qbutton medium no_fill\" style=\"color: #ffffff; background-color: #3c6382; \">Download<\/a>[\/vc_hoverbox][\/vc_column][vc_column width=&#8220;1\/6&#8243;][vc_hoverbox image=&#8220;14874&#8243; primary_title=&#8220;Scheda informativa DILS-PG II&#8220; primary_title_font_container=&#8220;font_size:24|color:%23ffffff&#8220; primary_title_use_theme_fonts=&#8220;yes&#8220; hover_title=&#8220;&#8220; hover_background_color=&#8220;white&#8220; use_custom_fonts_primary_title=&#8220;true&#8220; css=&#8220;.vc_custom_1755095609740{margin-bottom: 10px !important;}&#8220;]<a href=\"https:\/\/solemar-academy.com\/wp-content\/uploads\/2025\/08\/Scheda-raccolta-dati-DILS-II.pdf\" target=\"_self\" class=\"qbutton medium no_fill\" style=\"color: #ffffff; background-color: #3c6382; \">Download<\/a>[\/vc_hoverbox][\/vc_column][\/vc_row][vc_row row_type=&#8220;row&#8220; text_align=&#8220;left&#8220; css_animation=&#8220;&#8220;][\/vc_row][vc_column width=&#8220;1\/6&#8243;][\/vc_column][vc_column width=&#8220;2\/3&#8243; css=&#8220;.vc_custom_1607677307397{margin-top: 30px !important;margin-bottom: 40px !important;}&#8220;][\/vc_column][vc_column_text]\n<p>I am text block. Click edit button to change this text. Lorem ipsum dolor sit amet, consectetur adipiscing elit. Ut elit tellus, luctus nec ullamcorper mattis, pulvinar dapibus leo.<\/p>\n[\/vc_column_text]\n<\/div>","protected":false},"excerpt":{"rendered":"<p>[vc_row row_type=&#8220;row&#8220; text_align=&#8220;left&#8220; css_animation=&#8220;&#8220;][vc_column width=&#8220;1\/6&#8243;][vc_column_text] [\/vc_column_text][\/vc_column][vc_column width=&#8220;2\/3&#8243;][vc_column_text] DILS-PG-Pr\u00fcfungen Die Solemar Academy ist Pr\u00fcfzentrum f\u00fcr die Zertifizierung DILS-PG\u00a0(Didattica dell\u2019Italiano come Lingua Straniera). Sie\u00a0ist sehr n\u00fctzlich f\u00fcr jene, die mit voller Berechtigung als Italienischlehrer arbeiten\u00a0m\u00f6chten, oder f\u00fcr jene, die bereits als Italienischlehrer arbeiten und einen offiziellen Titel&#8230;<\/p>\n","protected":false},"author":3,"featured_media":14462,"parent":0,"menu_order":0,"comment_status":"open","ping_status":"open","template":"","meta":{"inline_featured_image":false},"yoast_head":"<!-- This site is optimized with the Yoast SEO Premium plugin v19.5 (Yoast SEO v19.11) - https:\/\/yoast.com\/wordpress\/plugins\/seo\/ -->\n<title>DILS-PG-Zertifikat - Italienisch lernen in Italien - Solemar Academy<\/title>\n<meta name=\"description\" content=\"Als Italienischlehrer ist das DILS-PG-Zertifikat ein wichtiger Nachweis seiner Lehrkompetenz. An der Solemar Academy k\u00f6nnt ihr die DILS-Pr\u00fcfungen ablegen.\" \/>\n<meta name=\"robots\" content=\"index, follow, max-snippet:-1, max-image-preview:large, max-video-preview:-1\" \/>\n<link rel=\"canonical\" href=\"https:\/\/solemar-academy.com\/de\/dils-pg-zertifikat\/\" \/>\n<meta property=\"og:locale\" content=\"de_DE\" \/>\n<meta property=\"og:type\" content=\"article\" \/>\n<meta property=\"og:title\" content=\"DILS-PG-Zertifikat - Italienisch Sprachschule in Italien\" \/>\n<meta property=\"og:description\" content=\"Als Italienischlehrer ist das DILS-PG-Zertifikat ein wichtiger Nachweis seiner Lehrkompetenz. An der Solemar Academy k\u00f6nnt ihr die DILS-Pr\u00fcfungen ablegen.\" \/>\n<meta property=\"og:url\" content=\"https:\/\/solemar-academy.com\/de\/dils-pg-zertifikat\/\" \/>\n<meta property=\"og:site_name\" content=\"Solemar Academy\" \/>\n<meta property=\"article:modified_time\" content=\"2025-11-17T09:01:14+00:00\" \/>\n<meta property=\"og:image\" content=\"https:\/\/solemar-academy.com\/wp-content\/uploads\/layerslider\/HomePage-slider-RU\/learn-italian-in-italy-scaled.jpg\" \/>\n\t<meta property=\"og:image:width\" content=\"1024\" \/>\n\t<meta property=\"og:image:height\" content=\"681\" \/>\n\t<meta property=\"og:image:type\" content=\"image\/jpeg\" \/>\n<meta name=\"twitter:card\" content=\"summary_large_image\" \/>\n<meta name=\"twitter:label1\" content=\"Gesch\u00e4tzte Lesezeit\" \/>\n\t<meta name=\"twitter:data1\" content=\"4\u00a0Minuten\" \/>\n<script type=\"application\/ld+json\" class=\"yoast-schema-graph\">{\"@context\":\"https:\/\/schema.org\",\"@graph\":[{\"@type\":\"WebPage\",\"@id\":\"https:\/\/solemar-academy.com\/de\/dils-pg-zertifikat\/\",\"url\":\"https:\/\/solemar-academy.com\/de\/dils-pg-zertifikat\/\",\"name\":\"DILS-PG-Zertifikat - Italienisch lernen in Italien - Solemar Academy\",\"isPartOf\":{\"@id\":\"https:\/\/solemar-academy.com\/#website\"},\"datePublished\":\"2015-03-12T09:03:35+00:00\",\"dateModified\":\"2025-11-17T09:01:14+00:00\",\"description\":\"Als Italienischlehrer ist das DILS-PG-Zertifikat ein wichtiger Nachweis seiner Lehrkompetenz. An der Solemar Academy k\u00f6nnt ihr die DILS-Pr\u00fcfungen ablegen.\",\"breadcrumb\":{\"@id\":\"https:\/\/solemar-academy.com\/de\/dils-pg-zertifikat\/#breadcrumb\"},\"inLanguage\":\"de\",\"potentialAction\":[{\"@type\":\"ReadAction\",\"target\":[\"https:\/\/solemar-academy.com\/de\/dils-pg-zertifikat\/\"]}]},{\"@type\":\"BreadcrumbList\",\"@id\":\"https:\/\/solemar-academy.com\/de\/dils-pg-zertifikat\/#breadcrumb\",\"itemListElement\":[{\"@type\":\"ListItem\",\"position\":1,\"name\":\"Home\",\"item\":\"https:\/\/solemar-academy.com\/de\/\"},{\"@type\":\"ListItem\",\"position\":2,\"name\":\"DILS-PG-Zertifikat &#8211; Italienisch Sprachschule in Italien\"}]},{\"@type\":\"WebSite\",\"@id\":\"https:\/\/solemar-academy.com\/#website\",\"url\":\"https:\/\/solemar-academy.com\/\",\"name\":\"Solemar Academy\",\"description\":\"Learn Italian in Italy\",\"publisher\":{\"@id\":\"https:\/\/solemar-academy.com\/#organization\"},\"potentialAction\":[{\"@type\":\"SearchAction\",\"target\":{\"@type\":\"EntryPoint\",\"urlTemplate\":\"https:\/\/solemar-academy.com\/?s={search_term_string}\"},\"query-input\":\"required name=search_term_string\"}],\"inLanguage\":\"de\"},{\"@type\":\"Organization\",\"@id\":\"https:\/\/solemar-academy.com\/#organization\",\"name\":\"Solemar Academy\",\"url\":\"https:\/\/solemar-academy.com\/\",\"logo\":{\"@type\":\"ImageObject\",\"inLanguage\":\"de\",\"@id\":\"https:\/\/solemar-academy.com\/#\/schema\/logo\/image\/\",\"url\":\"https:\/\/solemar-academy.com\/wp-content\/uploads\/2022\/06\/logo-solemar-academy.png\",\"contentUrl\":\"https:\/\/solemar-academy.com\/wp-content\/uploads\/2022\/06\/logo-solemar-academy.png\",\"width\":32,\"height\":32,\"caption\":\"Solemar Academy\"},\"image\":{\"@id\":\"https:\/\/solemar-academy.com\/#\/schema\/logo\/image\/\"}}]}<\/script>\n<!-- \/ Yoast SEO Premium plugin. -->","yoast_head_json":{"title":"DILS-PG-Zertifikat - Italienisch lernen in Italien - Solemar Academy","description":"Als Italienischlehrer ist das DILS-PG-Zertifikat ein wichtiger Nachweis seiner Lehrkompetenz. An der Solemar Academy k\u00f6nnt ihr die DILS-Pr\u00fcfungen ablegen.","robots":{"index":"index","follow":"follow","max-snippet":"max-snippet:-1","max-image-preview":"max-image-preview:large","max-video-preview":"max-video-preview:-1"},"canonical":"https:\/\/solemar-academy.com\/de\/dils-pg-zertifikat\/","og_locale":"de_DE","og_type":"article","og_title":"DILS-PG-Zertifikat - Italienisch Sprachschule in Italien","og_description":"Als Italienischlehrer ist das DILS-PG-Zertifikat ein wichtiger Nachweis seiner Lehrkompetenz. An der Solemar Academy k\u00f6nnt ihr die DILS-Pr\u00fcfungen ablegen.","og_url":"https:\/\/solemar-academy.com\/de\/dils-pg-zertifikat\/","og_site_name":"Solemar Academy","article_modified_time":"2025-11-17T09:01:14+00:00","og_image":[{"width":1024,"height":681,"url":"https:\/\/solemar-academy.com\/wp-content\/uploads\/layerslider\/HomePage-slider-RU\/learn-italian-in-italy-scaled.jpg","type":"image\/jpeg"}],"twitter_card":"summary_large_image","twitter_misc":{"Gesch\u00e4tzte Lesezeit":"4\u00a0Minuten"},"schema":{"@context":"https:\/\/schema.org","@graph":[{"@type":"WebPage","@id":"https:\/\/solemar-academy.com\/de\/dils-pg-zertifikat\/","url":"https:\/\/solemar-academy.com\/de\/dils-pg-zertifikat\/","name":"DILS-PG-Zertifikat - Italienisch lernen in Italien - Solemar Academy","isPartOf":{"@id":"https:\/\/solemar-academy.com\/#website"},"datePublished":"2015-03-12T09:03:35+00:00","dateModified":"2025-11-17T09:01:14+00:00","description":"Als Italienischlehrer ist das DILS-PG-Zertifikat ein wichtiger Nachweis seiner Lehrkompetenz. An der Solemar Academy k\u00f6nnt ihr die DILS-Pr\u00fcfungen ablegen.","breadcrumb":{"@id":"https:\/\/solemar-academy.com\/de\/dils-pg-zertifikat\/#breadcrumb"},"inLanguage":"de","potentialAction":[{"@type":"ReadAction","target":["https:\/\/solemar-academy.com\/de\/dils-pg-zertifikat\/"]}]},{"@type":"BreadcrumbList","@id":"https:\/\/solemar-academy.com\/de\/dils-pg-zertifikat\/#breadcrumb","itemListElement":[{"@type":"ListItem","position":1,"name":"Home","item":"https:\/\/solemar-academy.com\/de\/"},{"@type":"ListItem","position":2,"name":"DILS-PG-Zertifikat &#8211; Italienisch Sprachschule in Italien"}]},{"@type":"WebSite","@id":"https:\/\/solemar-academy.com\/#website","url":"https:\/\/solemar-academy.com\/","name":"Solemar Academy","description":"Learn Italian in Italy","publisher":{"@id":"https:\/\/solemar-academy.com\/#organization"},"potentialAction":[{"@type":"SearchAction","target":{"@type":"EntryPoint","urlTemplate":"https:\/\/solemar-academy.com\/?s={search_term_string}"},"query-input":"required name=search_term_string"}],"inLanguage":"de"},{"@type":"Organization","@id":"https:\/\/solemar-academy.com\/#organization","name":"Solemar Academy","url":"https:\/\/solemar-academy.com\/","logo":{"@type":"ImageObject","inLanguage":"de","@id":"https:\/\/solemar-academy.com\/#\/schema\/logo\/image\/","url":"https:\/\/solemar-academy.com\/wp-content\/uploads\/2022\/06\/logo-solemar-academy.png","contentUrl":"https:\/\/solemar-academy.com\/wp-content\/uploads\/2022\/06\/logo-solemar-academy.png","width":32,"height":32,"caption":"Solemar Academy"},"image":{"@id":"https:\/\/solemar-academy.com\/#\/schema\/logo\/image\/"}}]}},"_links":{"self":[{"href":"https:\/\/solemar-academy.com\/de\/wp-json\/wp\/v2\/pages\/1539"}],"collection":[{"href":"https:\/\/solemar-academy.com\/de\/wp-json\/wp\/v2\/pages"}],"about":[{"href":"https:\/\/solemar-academy.com\/de\/wp-json\/wp\/v2\/types\/page"}],"author":[{"embeddable":true,"href":"https:\/\/solemar-academy.com\/de\/wp-json\/wp\/v2\/users\/3"}],"replies":[{"embeddable":true,"href":"https:\/\/solemar-academy.com\/de\/wp-json\/wp\/v2\/comments?post=1539"}],"version-history":[{"count":15,"href":"https:\/\/solemar-academy.com\/de\/wp-json\/wp\/v2\/pages\/1539\/revisions"}],"predecessor-version":[{"id":19994,"href":"https:\/\/solemar-academy.com\/de\/wp-json\/wp\/v2\/pages\/1539\/revisions\/19994"}],"wp:featuredmedia":[{"embeddable":true,"href":"https:\/\/solemar-academy.com\/de\/wp-json\/wp\/v2\/media\/14462"}],"wp:attachment":[{"href":"https:\/\/solemar-academy.com\/de\/wp-json\/wp\/v2\/media?parent=1539"}],"curies":[{"name":"wp","href":"https:\/\/api.w.org\/{rel}","templated":true}]}}