{"id":1526,"date":"2015-03-10T11:57:59","date_gmt":"2015-03-10T10:57:59","guid":{"rendered":"http:\/\/solemar-academy.com\/?page_id=1526"},"modified":"2023-10-31T09:07:41","modified_gmt":"2023-10-31T09:07:41","slug":"celi-sprachzertifikate","status":"publish","type":"page","link":"https:\/\/solemar-academy.com\/de\/celi-sprachzertifikate\/","title":{"rendered":"CELI Sprachzertifikate &#8211; Italienisch Sprachschule in Italien"},"content":{"rendered":"<div class=\"wpb-content-wrapper\">[vc_row row_type=&#8220;row&#8220; text_align=&#8220;left&#8220; css_animation=&#8220;&#8220;][vc_column][vc_column_text]\n[\/vc_column_text][\/vc_column][\/vc_row][vc_row row_type=&#8220;row&#8220; text_align=&#8220;left&#8220; css_animation=&#8220;&#8220;][vc_column width=&#8220;1\/6&#8243;][vc_separator type=&#8220;transparent&#8220;][\/vc_column][vc_column width=&#8220;2\/3&#8243;][vc_column_text]\n<h2 style=\"text-align: center;\">CELI ITALIENISCH SPRACHZERTIFIKATE<\/h2>\n<p>&nbsp;<\/p>\n<p>&nbsp;<\/p>\n<p>Bei der<strong>\u00a0<a href=\"https:\/\/solemar-academy.com\/de\/\">Solemar Academy<\/a><\/strong> k\u00f6nnt ihr auch diverse Italienisch-Sprachzertifikate erwerben, die heute in unserer Arbeitswelt schon Standard geworden sind. Die <strong>CELI Pr\u00fcfungen (certificazione della lingua italiana)<\/strong>\u00a0werden von der\u00a0Universit\u00e0 degli Stranieri di Perugia gemacht und sind vom Bildungs- und Au\u00dfenministerium anerkannt.<\/p>\n<p>&nbsp;<\/p>\n<h3>Warum ist die\u00a0CELI-Pr\u00fcfung so wichtig?<\/h3>\n<p>&nbsp;<\/p>\n<p>Die CELI-Zertifikate\u00a0sind aus diversen Gr\u00fcnden n\u00fctzlich. Ausl\u00e4nder m\u00fcssen z.B. die Pr\u00fcfung machen, um <strong>in Italien studieren<\/strong> zu d\u00fcrfen (CELI 3). Auch f\u00fcr eine\u00a0langfristige\u00a0<strong>Aufenthaltsbewilligung<\/strong>\u00a0braucht\u00a0man ein CELI-Zertifikat (CELI 1 oder CELI 1 immigrati). Es\u00a0ist au\u00dferdem\u00a0sehr hilfreich, wenn man in Italien arbeiten m\u00f6chte. Man\u00a0kann aber damit auch\u00a0seinen eigenen Fortschritt beim Italienisch lernen verfolgen.<\/p>\n<p>&nbsp;<\/p>\n<h3>Warum gerade CELI Italienisch Sprachzertifikate?<\/h3>\n<p>&nbsp;<\/p>\n<p>In Italien gibt es 4 verschiedene Pr\u00fcfzentren f\u00fcr Italienischzertifikate: <strong>Universit\u00e0 degli Stranieri di Perugia <\/strong>(CELI), Universit\u00e0 di Siena (CILS), Societ\u00e0 Dante Alighieri (PLIDA) und Universit\u00e0 Roma 3 (ROMA 3). Alle verwenden den Gemeinsamen europ\u00e4ischen Referenzrahmen (GeR), weshalb die Inhalte und Profile der einzelnen\u00a0Sprachniveaus bei\u00a0den diversen Zertifikaten ziemlich \u00e4hnlich sind. Der wesentliche Unterschied ist, dass die Zertifizierung\u00a0CELI und das Zentrum CVCL der Universit\u00e0 degli Stranieri di Perugia die einzigen italienischen Subjekte sind, die zur europ\u00e4ischen Organisation <a href=\"https:\/\/www.alte.org\/Our-Full-Members\"><strong>ALTE<\/strong> <\/a>\u00a0geh\u00f6ren. Diese Organisation verlangt hohe Qualit\u00e4tsstandards und alle CELI-Pr\u00fcfungen werden regelm\u00e4\u00dfig \u00fcberwacht, um eine Homogenit\u00e4t der Formulierung und Benotung zu gew\u00e4hrleisten. Um es anders auszudr\u00fccken, zur ALTE geh\u00f6ren die wichtigsten Zertifizierungen in\u00a0Europa: Cambridge Exams, G\u00f6the-Institute-Zertifikate, Certifications DELF.<\/p>\n<p>&nbsp;<\/p>\n<p><img class=\"size-medium wp-image-14974 aligncenter\" src=\"https:\/\/solemar-academy.com\/wp-content\/uploads\/2020\/11\/CELI-01-300x151.png\" alt=\"celi\" width=\"200\" height=\"100\" srcset=\"https:\/\/solemar-academy.com\/wp-content\/uploads\/2020\/11\/CELI-01-300x151.png 300w, https:\/\/solemar-academy.com\/wp-content\/uploads\/2020\/11\/CELI-01.png 584w\" sizes=\"(max-width: 200px) 100vw, 200px\" \/><\/p>\n<p>&nbsp;<\/p>\n<h3>Pr\u00fcfung CELI Standard<\/h3>\n<p>&nbsp;<\/p>\n<p>Diese Art von Pr\u00fcfung, die CELI Standard genannt wird, ist f\u00fcr die Sprachsch\u00fcler gedacht, die sich einer <strong>Herausforderung stellen<\/strong> wollen oder ein Zertifikat \u00fcber ihre erworbenen F\u00e4higkeiten aus <strong>beruflichen Gr\u00fcnden<\/strong> ben\u00f6tigen oder um sich f\u00fcr einen <strong>Studiengang an einer Universit\u00e4t einschreiben<\/strong> zu k\u00f6nnen (hierf\u00fcr muss das Niveau B2 erreicht werden). Die Pr\u00fcfung beginnt mit dem schriftlichen Test, danach wird das H\u00f6rverstehen gepr\u00fcft und abschlie\u00dfend werden in einem Kolloquium die m\u00fcndlichen Kompetenzen unter Beweis gestellt. Die Dauer der Pr\u00fcfung h\u00e4ngt davon ab, welches Niveau erreicht werden m\u00f6chte. Wenn ihr also auf der Suche nach neuen Herausforderungen seid, k\u00f6nnt ihr einen f\u00fcr euch geeigneten Zeitpunkt aus den vorgeschriebenen Pr\u00fcfungsterminen ausw\u00e4hlen (im M\u00e4rz, Juni oder November) und uns innerhalb von 40 Tagen vor dem Termin euren Antrag zusenden.<\/p>\n<p>&nbsp;<\/p>\n<h3>Pr\u00fcfung CELI immigrati (Migranten) f\u00fcr den Erhalt der Staatsb\u00fcrgerschaft oder einer Aufenthaltsgenehmigung in Italien<\/h3>\n<p>&nbsp;<\/p>\n<p>Durch das Bestehen dieser Pr\u00fcfung erh\u00e4lt man ein g\u00fcltiges Zertifikat um eine <strong>Aufenthaltsgenehmigung<\/strong> (Niveau A2, CELI 1 i) oder die italienische Staatsb\u00fcrgerschaft zu beantragen (Niveau B1, CELI 2 i). Der Test soll neben den s<strong>prachlichen Kompetenzen<\/strong> auch die <strong>b\u00fcrgerlichen und interkulturellen Kompetenzen<\/strong> zertifizieren. Die Pr\u00fcfung besteht aus einem schriftlichen Teil (Leseverstehen, Textproduktion und schriftliche Interaktion), einem Test zum H\u00f6rverstehen und einem m\u00fcndlichen Teil (ein Kolloquium von 10 bis 15 Minuten). Die Pr\u00fcfungen CELI immigrati finden an den von der Universit\u00e0 per Stranieri di Perugia festgelegten Terminen im Februar, M\u00e4rz, Juli, September und November statt. Um euch anzumelden, denkt daran uns innerhalb von 40 Tagen vor dem Pr\u00fcfungstermin zu kontaktieren.<\/p>\n<p>&nbsp;<\/p>\n<h3 align=\"JUSTIFY\">Welche Sprachniveaus gibt es und wann finden die Pr\u00fcfungen statt?<\/h3>\n<p>&nbsp;<\/p>\n\n<table id=\"tablepress-41\" class=\"tablepress tablepress-id-41\">\n<thead>\n<tr class=\"row-1 odd\">\n\t<th class=\"column-1\">DATA ESAME<\/th><th class=\"column-2\">CERTIFICATO<\/th><th class=\"column-3\">LIVELLO QCER<\/th><th class=\"column-4\">SCADENZA ISCRIZIONI<\/th>\n<\/tr>\n<\/thead>\n<tbody class=\"row-hover\">\n<tr class=\"row-2 even\">\n\t<td class=\"column-1\">18 febbraio 2026<\/td><td class=\"column-2\">CELI immigrati<\/td><td class=\"column-3\">A2 - B1<\/td><td class=\"column-4\">16 gennaio 2026<\/td>\n<\/tr>\n<tr class=\"row-3 odd\">\n\t<td class=\"column-1\">11 marzo 2026<\/td><td class=\"column-2\">CELI<\/td><td class=\"column-3\">A1 - A2 - B1 - B2<\/td><td class=\"column-4\">13 febbraio 2026<\/td>\n<\/tr>\n<tr class=\"row-4 even\">\n\t<td class=\"column-1\">06 maggio 2026<\/td><td class=\"column-2\">CELI immigrati<\/td><td class=\"column-3\">A2 - B1<\/td><td class=\"column-4\">10 aprile 2026<\/td>\n<\/tr>\n<tr class=\"row-5 odd\">\n\t<td class=\"column-1\">09 maggio 2026<\/td><td class=\"column-2\">CELI Adolescenti<\/td><td class=\"column-3\">A2 - B1 - B2<\/td><td class=\"column-4\">10 aprile 2026<\/td>\n<\/tr>\n<tr class=\"row-6 even\">\n\t<td class=\"column-1\">09 giugno 2026<\/td><td class=\"column-2\">CELI<\/td><td class=\"column-3\">A1 - A2 - B1 - B2 - C1 - C2<\/td><td class=\"column-4\">5 maggio 2026<\/td>\n<\/tr>\n<tr class=\"row-7 odd\">\n\t<td class=\"column-1\">16 settembre 2026<\/td><td class=\"column-2\">CELI immigrati<\/td><td class=\"column-3\">A2 - B1<\/td><td class=\"column-4\">14 agosto 2026<\/td>\n<\/tr>\n<tr class=\"row-8 even\">\n\t<td class=\"column-1\">11 novembre 2026<\/td><td class=\"column-2\">CELI <\/td><td class=\"column-3\">A1 - A2 - B1 - B2 - C1 - C2<\/td><td class=\"column-4\">09 ottobre 2026<\/td>\n<\/tr>\n<\/tbody>\n<\/table>\n<!-- #tablepress-41 from cache -->\n<p>&nbsp;<\/p>\n<h3>Kosten<\/h3>\n<p>&nbsp;<\/p>\n<p>Die Kosten f\u00fcr die CELI-Pr\u00fcfungen legt die Universit\u00e0 di Perugia fest. Hier findet ihr die aktuellen Preise <strong><a href=\"https:\/\/www.unistrapg.it\/it\/certificati-di-conoscenza-della-lingua-italiana\/certificati-di-conoscenza-della-lingua-italiana-iscrizioni\">https:\/\/www.unistrapg.it\/it\/certificati-di-conoscenza-della-lingua-italiana\/certificati-di-conoscenza-della-lingua-italiana-iscrizioni<\/a><\/strong><br \/>\nHinzu zu den vom CVCL angegebenen Preisen kommen noch \u20ac 50,00 f\u00fcr die Steuermarke\u00a0(verpflichtend) und die Zusendung des Zertifikats per Post.<\/p>\n<p>&nbsp;<\/p>\n<h3>Wie melde ich mich f\u00fcr die Pr\u00fcfung an?<\/h3>\n<p>&nbsp;<\/p>\n<p>Um sich f\u00fcr die Pr\u00fcfung anzumelden,\u00a0ladet einfach\u00a0das Formular herunter, f\u00fcllt es aus\u00a0und schickt es\u00a0<strong>sp\u00e4testens 40 Tage vor dem Pr\u00fcfungsdatum <\/strong>an uns. Zus\u00e4tzlich m\u00fcsst ihr eine <strong>Kopie der erfolgten Zahlung der Einschreibgeb\u00fchr<\/strong>\u00a0mitschicken.[\/vc_column_text][\/vc_column][vc_column width=&#8220;1\/6&#8243;][vc_column_text]\n[\/vc_column_text][\/vc_column][\/vc_row][vc_row row_type=&#8220;row&#8220; text_align=&#8220;left&#8220; css_animation=&#8220;&#8220; css=&#8220;.vc_custom_1547456965134{margin-top: 20px !important;margin-bottom: 20px !important;}&#8220;][vc_column width=&#8220;1\/3&#8243; css=&#8220;.vc_custom_1547456929336{margin-bottom: 5px !important;}&#8220;][vc_hoverbox image=&#8220;14874&#8243; primary_title=&#8220;MODULO CELI&#8220; primary_title_font_container=&#8220;font_size:36|color:%23ffffff|line_height:1&#8243; primary_title_use_theme_fonts=&#8220;yes&#8220; hover_title=&#8220;&#8220; hover_background_color=&#8220;white&#8220; el_width=&#8220;80&#8243; use_custom_fonts_primary_title=&#8220;true&#8220;]<a href=\"https:\/\/solemar-academy.com\/wp-content\/uploads\/2020\/12\/celi-cheda-iscrizione.pdf\" target=\"_self\" class=\"qbutton medium no_fill\" style=\"background-color: #e67e22; \">DOWNLOAD<\/a>[\/vc_hoverbox][\/vc_column][vc_column width=&#8220;1\/3&#8243; css=&#8220;.vc_custom_1547456937206{margin-bottom: 5px !important;}&#8220;][vc_hoverbox image=&#8220;14880&#8243; primary_title=&#8220;MODULO ADOLESCENTI&#8220; primary_title_font_container=&#8220;font_size:36|color:%23ffffff|line_height:1&#8243; primary_title_use_theme_fonts=&#8220;yes&#8220; hover_title=&#8220;&#8220; hover_background_color=&#8220;white&#8220; el_width=&#8220;80&#8243; use_custom_fonts_primary_title=&#8220;true&#8220;]<a href=\"https:\/\/solemar-academy.com\/wp-content\/uploads\/2020\/12\/celi-a-scheda-iscrizione.pdf\" target=\"_self\" class=\"qbutton medium no_fill\" style=\"background-color: #e67e22; \">DOWNLOAD<\/a>[\/vc_hoverbox][\/vc_column][vc_column width=&#8220;1\/3&#8243; css=&#8220;.vc_custom_1547456946083{margin-bottom: 5px !important;}&#8220;][vc_hoverbox image=&#8220;14874&#8243; primary_title=&#8220;MODULO IMMIGRATI&#8220; primary_title_font_container=&#8220;font_size:36|color:%23ffffff|line_height:1&#8243; primary_title_use_theme_fonts=&#8220;yes&#8220; hover_title=&#8220;&#8220; hover_background_color=&#8220;white&#8220; el_width=&#8220;80&#8243; use_custom_fonts_primary_title=&#8220;true&#8220;]<a href=\"https:\/\/solemar-academy.com\/wp-content\/uploads\/2020\/12\/celi-i-scheda-iscrizione.pdf\" target=\"_self\" class=\"qbutton medium no_fill\" style=\"background-color: #e67e22; \">DOWNLOAD<\/a>[\/vc_hoverbox][\/vc_column][\/vc_row][vc_row row_type=&#8220;row&#8220; text_align=&#8220;left&#8220; css_animation=&#8220;&#8220;][vc_column width=&#8220;1\/6&#8243;][\/vc_column][vc_column width=&#8220;2\/3&#8243;][vc_column_text]\n<h3>Vorbereitung auf die Pr\u00fcfung CELI<\/h3>\n<p>&nbsp;<\/p>\n<p>Um euch auf die Pr\u00fcfungen CELI standard oder CELI immigrati vorzubereiten, k\u00f6nnt ihr einen unserer <strong><a href=\"https:\/\/solemar-academy.com\/de\/italienisch-lernen-in-italien\/\">Kurse zur Vorbereitung auf die Pr\u00fcfungen CELI<\/a><\/strong> an der Solemar Academy buchen.<\/p>\n<ul>\n<li aria-level=\"1\"><strong>Kurs One to One:<\/strong> beinhaltet Einzelunterricht mit dem Lehrer. W\u00e4hrend des Unterrichts kann der Sch\u00fcler eine Pr\u00fcfungssimulation durchlaufen und es k\u00f6nnen eventuelle Schwachstellen und Unklarheiten mit dem Lehrer besprochen werden.<\/li>\n<li aria-level=\"1\"><strong>Kombikurs:<\/strong> besteht aus der \u201cKombination\u201d eines Standardkurses mit einem One to One Kurs. Der Standardkurs ist n\u00fctzlich um die eigenen Kompetenzen zu erweitern und zu vertiefen. Zus\u00e4tzlich kann der Sch\u00fcler sich dann im Einzelunterricht ausschlie\u00dflich auf die Vorbereitung seiner Pr\u00fcfung konzentrieren.<\/li>\n<\/ul>\n[\/vc_column_text][\/vc_column][vc_column width=&#8220;1\/6&#8243;][\/vc_column][\/vc_row][vc_row row_type=&#8220;row&#8220; text_align=&#8220;left&#8220; css_animation=&#8220;&#8220;][vc_column width=&#8220;1\/6&#8243;][\/vc_column][vc_column width=&#8220;2\/3&#8243; css=&#8220;.vc_custom_1619170238917{margin-top: 30px !important;margin-bottom: 30px !important;}&#8220;][vc_column_text css=&#8220;.vc_custom_1619170358651{background-color: #dea839 !important;border-radius: 20px !important;}&#8220;]<a href=\"https:\/\/solemar-academy.com\/de\/italienisch-lernen-in-italien\/\/#Sprachkurse\"><span style=\"color: #dea839;\">.<\/span><\/a><\/p>\n<p style=\"text-align: center;\"><a href=\"https:\/\/solemar-academy.com\/de\/italienisch-lernen-in-italien\/\/#Sprachkurse\"><span style=\"color: #ffffff;\"><strong><em><span style=\"font-size: xx-large;\">W\u00c4HLE HIER DEINEN ITALIENISCHKURS!<\/span><\/em><\/strong><\/span><\/a><\/p>\n<p><a href=\"https:\/\/solemar-academy.com\/de\/italienisch-lernen-in-italien\/\/#Sprachkurse\"><span style=\"color: #dea839;\">.<\/span><\/a>[\/vc_column_text][\/vc_column][vc_column width=&#8220;1\/6&#8243;][\/vc_column][\/vc_row]\n<\/div>","protected":false},"excerpt":{"rendered":"<p>[vc_row row_type=&#8220;row&#8220; text_align=&#8220;left&#8220; css_animation=&#8220;&#8220;][vc_column][vc_column_text] [\/vc_column_text][\/vc_column][\/vc_row][vc_row row_type=&#8220;row&#8220; text_align=&#8220;left&#8220; css_animation=&#8220;&#8220;][vc_column width=&#8220;1\/6&#8243;][vc_separator type=&#8220;transparent&#8220;][\/vc_column][vc_column width=&#8220;2\/3&#8243;][vc_column_text] CELI ITALIENISCH SPRACHZERTIFIKATE &nbsp; &nbsp; Bei der\u00a0Solemar Academy k\u00f6nnt ihr auch diverse Italienisch-Sprachzertifikate erwerben, die heute in unserer Arbeitswelt schon Standard geworden sind. Die CELI Pr\u00fcfungen (certificazione della lingua italiana)\u00a0werden von der\u00a0Universit\u00e0 degli Stranieri&#8230;<\/p>\n","protected":false},"author":3,"featured_media":14382,"parent":0,"menu_order":0,"comment_status":"open","ping_status":"open","template":"","meta":{"inline_featured_image":false},"yoast_head":"<!-- This site is optimized with the Yoast SEO Premium plugin v19.5 (Yoast SEO v19.11) - https:\/\/yoast.com\/wordpress\/plugins\/seo\/ -->\n<title>CELI Sprachzertifikate - Italienisch lernen in Italien - Solemar Academy<\/title>\n<meta name=\"description\" content=\"Sprachzertifikate sind das Um und Auf in der Arbeitswelt. An der Solemar Academy k\u00f6nnt ihr in den CELI-Pr\u00fcfungen zeigen, was ihr k\u00f6nnt.\" \/>\n<meta name=\"robots\" content=\"index, follow, max-snippet:-1, max-image-preview:large, max-video-preview:-1\" \/>\n<link rel=\"canonical\" href=\"https:\/\/solemar-academy.com\/de\/celi-sprachzertifikate\/\" \/>\n<meta property=\"og:locale\" content=\"de_DE\" \/>\n<meta property=\"og:type\" content=\"article\" \/>\n<meta property=\"og:title\" content=\"CELI Sprachzertifikate - Italienisch Sprachschule in Italien\" \/>\n<meta property=\"og:description\" content=\"Sprachzertifikate sind das Um und Auf in der Arbeitswelt. An der Solemar Academy k\u00f6nnt ihr in den CELI-Pr\u00fcfungen zeigen, was ihr k\u00f6nnt.\" \/>\n<meta property=\"og:url\" content=\"https:\/\/solemar-academy.com\/de\/celi-sprachzertifikate\/\" \/>\n<meta property=\"og:site_name\" content=\"Solemar Academy\" \/>\n<meta property=\"article:modified_time\" content=\"2023-10-31T09:07:41+00:00\" \/>\n<meta property=\"og:image\" content=\"https:\/\/solemar-academy.com\/wp-content\/uploads\/layerslider\/HomePage-slider-ENG\/learn-italian-in-italy-scaled.jpg\" \/>\n\t<meta property=\"og:image:width\" content=\"1024\" \/>\n\t<meta property=\"og:image:height\" content=\"681\" \/>\n\t<meta property=\"og:image:type\" content=\"image\/jpeg\" \/>\n<meta name=\"twitter:card\" content=\"summary_large_image\" \/>\n<meta name=\"twitter:label1\" content=\"Gesch\u00e4tzte Lesezeit\" \/>\n\t<meta name=\"twitter:data1\" content=\"5\u00a0Minuten\" \/>\n<script type=\"application\/ld+json\" class=\"yoast-schema-graph\">{\"@context\":\"https:\/\/schema.org\",\"@graph\":[{\"@type\":\"WebPage\",\"@id\":\"https:\/\/solemar-academy.com\/de\/celi-sprachzertifikate\/\",\"url\":\"https:\/\/solemar-academy.com\/de\/celi-sprachzertifikate\/\",\"name\":\"CELI Sprachzertifikate - Italienisch lernen in Italien - Solemar Academy\",\"isPartOf\":{\"@id\":\"https:\/\/solemar-academy.com\/#website\"},\"datePublished\":\"2015-03-10T10:57:59+00:00\",\"dateModified\":\"2023-10-31T09:07:41+00:00\",\"description\":\"Sprachzertifikate sind das Um und Auf in der Arbeitswelt. An der Solemar Academy k\u00f6nnt ihr in den CELI-Pr\u00fcfungen zeigen, was ihr k\u00f6nnt.\",\"breadcrumb\":{\"@id\":\"https:\/\/solemar-academy.com\/de\/celi-sprachzertifikate\/#breadcrumb\"},\"inLanguage\":\"de\",\"potentialAction\":[{\"@type\":\"ReadAction\",\"target\":[\"https:\/\/solemar-academy.com\/de\/celi-sprachzertifikate\/\"]}]},{\"@type\":\"BreadcrumbList\",\"@id\":\"https:\/\/solemar-academy.com\/de\/celi-sprachzertifikate\/#breadcrumb\",\"itemListElement\":[{\"@type\":\"ListItem\",\"position\":1,\"name\":\"Home\",\"item\":\"https:\/\/solemar-academy.com\/de\/\"},{\"@type\":\"ListItem\",\"position\":2,\"name\":\"CELI Sprachzertifikate &#8211; Italienisch Sprachschule in Italien\"}]},{\"@type\":\"WebSite\",\"@id\":\"https:\/\/solemar-academy.com\/#website\",\"url\":\"https:\/\/solemar-academy.com\/\",\"name\":\"Solemar Academy\",\"description\":\"Learn Italian in Italy\",\"publisher\":{\"@id\":\"https:\/\/solemar-academy.com\/#organization\"},\"potentialAction\":[{\"@type\":\"SearchAction\",\"target\":{\"@type\":\"EntryPoint\",\"urlTemplate\":\"https:\/\/solemar-academy.com\/?s={search_term_string}\"},\"query-input\":\"required name=search_term_string\"}],\"inLanguage\":\"de\"},{\"@type\":\"Organization\",\"@id\":\"https:\/\/solemar-academy.com\/#organization\",\"name\":\"Solemar Academy\",\"url\":\"https:\/\/solemar-academy.com\/\",\"logo\":{\"@type\":\"ImageObject\",\"inLanguage\":\"de\",\"@id\":\"https:\/\/solemar-academy.com\/#\/schema\/logo\/image\/\",\"url\":\"https:\/\/solemar-academy.com\/wp-content\/uploads\/2022\/06\/logo-solemar-academy.png\",\"contentUrl\":\"https:\/\/solemar-academy.com\/wp-content\/uploads\/2022\/06\/logo-solemar-academy.png\",\"width\":32,\"height\":32,\"caption\":\"Solemar Academy\"},\"image\":{\"@id\":\"https:\/\/solemar-academy.com\/#\/schema\/logo\/image\/\"}}]}<\/script>\n<!-- \/ Yoast SEO Premium plugin. -->","yoast_head_json":{"title":"CELI Sprachzertifikate - Italienisch lernen in Italien - Solemar Academy","description":"Sprachzertifikate sind das Um und Auf in der Arbeitswelt. An der Solemar Academy k\u00f6nnt ihr in den CELI-Pr\u00fcfungen zeigen, was ihr k\u00f6nnt.","robots":{"index":"index","follow":"follow","max-snippet":"max-snippet:-1","max-image-preview":"max-image-preview:large","max-video-preview":"max-video-preview:-1"},"canonical":"https:\/\/solemar-academy.com\/de\/celi-sprachzertifikate\/","og_locale":"de_DE","og_type":"article","og_title":"CELI Sprachzertifikate - Italienisch Sprachschule in Italien","og_description":"Sprachzertifikate sind das Um und Auf in der Arbeitswelt. An der Solemar Academy k\u00f6nnt ihr in den CELI-Pr\u00fcfungen zeigen, was ihr k\u00f6nnt.","og_url":"https:\/\/solemar-academy.com\/de\/celi-sprachzertifikate\/","og_site_name":"Solemar Academy","article_modified_time":"2023-10-31T09:07:41+00:00","og_image":[{"width":1024,"height":681,"url":"https:\/\/solemar-academy.com\/wp-content\/uploads\/layerslider\/HomePage-slider-ENG\/learn-italian-in-italy-scaled.jpg","type":"image\/jpeg"}],"twitter_card":"summary_large_image","twitter_misc":{"Gesch\u00e4tzte Lesezeit":"5\u00a0Minuten"},"schema":{"@context":"https:\/\/schema.org","@graph":[{"@type":"WebPage","@id":"https:\/\/solemar-academy.com\/de\/celi-sprachzertifikate\/","url":"https:\/\/solemar-academy.com\/de\/celi-sprachzertifikate\/","name":"CELI Sprachzertifikate - Italienisch lernen in Italien - Solemar Academy","isPartOf":{"@id":"https:\/\/solemar-academy.com\/#website"},"datePublished":"2015-03-10T10:57:59+00:00","dateModified":"2023-10-31T09:07:41+00:00","description":"Sprachzertifikate sind das Um und Auf in der Arbeitswelt. An der Solemar Academy k\u00f6nnt ihr in den CELI-Pr\u00fcfungen zeigen, was ihr k\u00f6nnt.","breadcrumb":{"@id":"https:\/\/solemar-academy.com\/de\/celi-sprachzertifikate\/#breadcrumb"},"inLanguage":"de","potentialAction":[{"@type":"ReadAction","target":["https:\/\/solemar-academy.com\/de\/celi-sprachzertifikate\/"]}]},{"@type":"BreadcrumbList","@id":"https:\/\/solemar-academy.com\/de\/celi-sprachzertifikate\/#breadcrumb","itemListElement":[{"@type":"ListItem","position":1,"name":"Home","item":"https:\/\/solemar-academy.com\/de\/"},{"@type":"ListItem","position":2,"name":"CELI Sprachzertifikate &#8211; Italienisch Sprachschule in Italien"}]},{"@type":"WebSite","@id":"https:\/\/solemar-academy.com\/#website","url":"https:\/\/solemar-academy.com\/","name":"Solemar Academy","description":"Learn Italian in Italy","publisher":{"@id":"https:\/\/solemar-academy.com\/#organization"},"potentialAction":[{"@type":"SearchAction","target":{"@type":"EntryPoint","urlTemplate":"https:\/\/solemar-academy.com\/?s={search_term_string}"},"query-input":"required name=search_term_string"}],"inLanguage":"de"},{"@type":"Organization","@id":"https:\/\/solemar-academy.com\/#organization","name":"Solemar Academy","url":"https:\/\/solemar-academy.com\/","logo":{"@type":"ImageObject","inLanguage":"de","@id":"https:\/\/solemar-academy.com\/#\/schema\/logo\/image\/","url":"https:\/\/solemar-academy.com\/wp-content\/uploads\/2022\/06\/logo-solemar-academy.png","contentUrl":"https:\/\/solemar-academy.com\/wp-content\/uploads\/2022\/06\/logo-solemar-academy.png","width":32,"height":32,"caption":"Solemar Academy"},"image":{"@id":"https:\/\/solemar-academy.com\/#\/schema\/logo\/image\/"}}]}},"_links":{"self":[{"href":"https:\/\/solemar-academy.com\/de\/wp-json\/wp\/v2\/pages\/1526"}],"collection":[{"href":"https:\/\/solemar-academy.com\/de\/wp-json\/wp\/v2\/pages"}],"about":[{"href":"https:\/\/solemar-academy.com\/de\/wp-json\/wp\/v2\/types\/page"}],"author":[{"embeddable":true,"href":"https:\/\/solemar-academy.com\/de\/wp-json\/wp\/v2\/users\/3"}],"replies":[{"embeddable":true,"href":"https:\/\/solemar-academy.com\/de\/wp-json\/wp\/v2\/comments?post=1526"}],"version-history":[{"count":10,"href":"https:\/\/solemar-academy.com\/de\/wp-json\/wp\/v2\/pages\/1526\/revisions"}],"predecessor-version":[{"id":16830,"href":"https:\/\/solemar-academy.com\/de\/wp-json\/wp\/v2\/pages\/1526\/revisions\/16830"}],"wp:featuredmedia":[{"embeddable":true,"href":"https:\/\/solemar-academy.com\/de\/wp-json\/wp\/v2\/media\/14382"}],"wp:attachment":[{"href":"https:\/\/solemar-academy.com\/de\/wp-json\/wp\/v2\/media?parent=1526"}],"curies":[{"name":"wp","href":"https:\/\/api.w.org\/{rel}","templated":true}]}}