{"id":1517,"date":"2015-03-10T10:44:54","date_gmt":"2015-03-10T09:44:54","guid":{"rendered":"http:\/\/solemar-academy.com\/?page_id=1517"},"modified":"2020-09-27T15:22:06","modified_gmt":"2020-09-27T15:22:06","slug":"uebersetzung","status":"publish","type":"page","link":"https:\/\/solemar-academy.com\/de\/uebersetzung\/","title":{"rendered":"\u00dcbersetzungen &#8211; Sprachschule auf Sizilien"},"content":{"rendered":"<div class=\"wpb-content-wrapper\">[vc_row row_type=&#8220;row&#8220; text_align=&#8220;left&#8220; css_animation=&#8220;&#8220;][vc_column width=&#8220;1\/6&#8243;][\/vc_column][vc_column width=&#8220;2\/3&#8243;][vc_column_text]\n<h2 style=\"margin-top: 15px; margin-bottom: 15px;\">\u00dcbersetzungen<\/h2>\n<p>&nbsp;<\/p>\n<p>Die<strong>\u00a0<a href=\"http:\/\/solemar-academy.com\/de\/\">Solemar Academy<\/a><\/strong>\u00a0bietet neben Sprachkursen und Unterk\u00fcnften auch den Service\u00a0<strong>\u00dcbersetzung<\/strong>\u00a0<strong>und Dolmetschung<\/strong> in <strong>Englisch, Franz\u00f6sisch, Spanisch, Deutsch, Russisch, Holl\u00e4ndisch, Schwedisch<\/strong> und<strong> Ungarisch<\/strong> an. Wenn ihr\u00a0\u00dcbersetzungen in anderen als den angegebenen Sprachen braucht, k\u00f6nnen\u00a0wir auf unseren internationalen Mitarbeiterpool zur\u00fcckgreifen. Macht euch\u00a0keine Sorgen, wir finden die passende L\u00f6sung f\u00fcr euch.<\/p>\n<p>Wir arbeiten mit dem <strong>Gericht von\u00a0Termini Imerese und Palermo <\/strong>sowie mit Rechtsanw\u00e4lten und Notaren\u00a0zusammen, wenn es um beglaubigte\u00a0\u00dcbersetzungen (beeidete \u00dcbersetzungen) geht. Wenn ihr\u00a0einen Kostenvoranschlag w\u00fcnscht, bringt bitte das Originaldokument sowie das Dokument in digitaler Form\u00a0vorbei.<\/p>\n<p>&nbsp;<\/p>\n<p>\u00dcbersetzungen, die wir regelm\u00e4\u00dfig anfertigen:<\/p>\n<p><strong>Aufenthaltsgenehmigung<\/strong><\/p>\n<p><b>Geburtsurkunde<\/b><\/p>\n<p><b>Heiratsurkunde<\/b><\/p>\n<p><b>Sterbeurkunde<\/b><\/p>\n<p><b>Wohnsitzbescheinigung<\/b><\/p>\n<p><strong>Inskriptionsbest\u00e4tigung<\/strong><\/p>\n<p><strong>Zertifikate<\/strong><\/p>\n<p><strong>Bescheinigung \u00fcber Hochschulabschluss<\/strong><\/p>\n<p><strong>Bescheinigung von h\u00f6heren Schulen und Arbeitszeugnis<\/strong><\/p>\n<p>&nbsp;<\/p>\n<p>Wir haben auch Erfahrung in der \u00dcbersetzung von Werbetexten und <strong>Websites.<\/strong><\/p>\n<p>Wenn ihr eure\u00a0Website \u00fcbersetzt haben m\u00f6chtet, k\u00f6nnen wir euch\u00a0in Zusammenarbeit mit einem unserer Partner\u00a0<strong>SKILLCOM<\/strong>\u00a0eine Rundum-Betreuung anbieten. Neben technischem Service bieten wir auch <strong>Keyword-Analyse\u00a0<\/strong>(Analyse der Keywords in der Fremdsprache), SEO, Positionierungsstrategien in\u00a0den Suchmaschinen und Social Media Marketing an.<\/p>\n<p>&nbsp;<\/p>\n<p>Kontaktiert uns und wir schicken euch\u00a0sobald als m\u00f6glich einen Kostenvoranschlag.[\/vc_column_text][\/vc_column][vc_column width=&#8220;1\/6&#8243;][\/vc_column][\/vc_row][vc_row row_type=&#8220;row&#8220; text_align=&#8220;left&#8220; css_animation=&#8220;&#8220;][vc_column][vc_separator type=&#8220;transparent&#8220; down=&#8220;10&#8243; up=&#8220;10&#8243;][\/vc_column][\/vc_row]\n<\/div>","protected":false},"excerpt":{"rendered":"<p>[vc_row row_type=&#8220;row&#8220; text_align=&#8220;left&#8220; css_animation=&#8220;&#8220;][vc_column width=&#8220;1\/6&#8243;][\/vc_column][vc_column width=&#8220;2\/3&#8243;][vc_column_text] \u00dcbersetzungen &nbsp; Die\u00a0Solemar Academy\u00a0bietet neben Sprachkursen und Unterk\u00fcnften auch den Service\u00a0\u00dcbersetzung\u00a0und Dolmetschung in Englisch, Franz\u00f6sisch, Spanisch, Deutsch, Russisch, Holl\u00e4ndisch, Schwedisch und Ungarisch an. Wenn ihr\u00a0\u00dcbersetzungen in anderen als den angegebenen Sprachen braucht, k\u00f6nnen\u00a0wir auf unseren internationalen Mitarbeiterpool zur\u00fcckgreifen. Macht&#8230;<\/p>\n","protected":false},"author":3,"featured_media":14462,"parent":0,"menu_order":0,"comment_status":"open","ping_status":"open","template":"","meta":{"inline_featured_image":false},"yoast_head":"<!-- This site is optimized with the Yoast SEO Premium plugin v19.5 (Yoast SEO v19.11) - https:\/\/yoast.com\/wordpress\/plugins\/seo\/ -->\n<title>\u00dcbersetzungen - Sprachschule auf Sizilien &mdash; Solemar Academy<\/title>\n<meta name=\"description\" content=\"Als etablierte Sprachschule in Sizilien bieten wir auch den Service \u00dcbersetzung an. Daf\u00fcr arbeiten wir mit Gerichten, Rechtsanw\u00e4lten und Notaren zusammen.\" \/>\n<meta name=\"robots\" content=\"index, follow, max-snippet:-1, max-image-preview:large, max-video-preview:-1\" \/>\n<link rel=\"canonical\" href=\"https:\/\/solemar-academy.com\/de\/uebersetzung\/\" \/>\n<meta property=\"og:locale\" content=\"de_DE\" \/>\n<meta property=\"og:type\" content=\"article\" \/>\n<meta property=\"og:title\" content=\"\u00dcbersetzungen - Sprachschule auf Sizilien\" \/>\n<meta property=\"og:description\" content=\"Als etablierte Sprachschule in Sizilien bieten wir auch den Service \u00dcbersetzung an. Daf\u00fcr arbeiten wir mit Gerichten, Rechtsanw\u00e4lten und Notaren zusammen.\" \/>\n<meta property=\"og:url\" content=\"https:\/\/solemar-academy.com\/de\/uebersetzung\/\" \/>\n<meta property=\"og:site_name\" content=\"Solemar Academy\" \/>\n<meta property=\"article:modified_time\" content=\"2020-09-27T15:22:06+00:00\" \/>\n<meta property=\"og:image\" content=\"https:\/\/solemar-academy.com\/wp-content\/uploads\/layerslider\/HomePage-slider-RU\/learn-italian-in-italy-scaled.jpg\" \/>\n\t<meta property=\"og:image:width\" content=\"1024\" \/>\n\t<meta property=\"og:image:height\" content=\"681\" \/>\n\t<meta property=\"og:image:type\" content=\"image\/jpeg\" \/>\n<meta name=\"twitter:card\" content=\"summary_large_image\" \/>\n<meta name=\"twitter:label1\" content=\"Gesch\u00e4tzte Lesezeit\" \/>\n\t<meta name=\"twitter:data1\" content=\"1\u00a0Minute\" \/>\n<script type=\"application\/ld+json\" class=\"yoast-schema-graph\">{\"@context\":\"https:\/\/schema.org\",\"@graph\":[{\"@type\":\"WebPage\",\"@id\":\"https:\/\/solemar-academy.com\/de\/uebersetzung\/\",\"url\":\"https:\/\/solemar-academy.com\/de\/uebersetzung\/\",\"name\":\"\u00dcbersetzungen - Sprachschule auf Sizilien &mdash; Solemar Academy\",\"isPartOf\":{\"@id\":\"https:\/\/solemar-academy.com\/#website\"},\"datePublished\":\"2015-03-10T09:44:54+00:00\",\"dateModified\":\"2020-09-27T15:22:06+00:00\",\"description\":\"Als etablierte Sprachschule in Sizilien bieten wir auch den Service \u00dcbersetzung an. Daf\u00fcr arbeiten wir mit Gerichten, Rechtsanw\u00e4lten und Notaren zusammen.\",\"breadcrumb\":{\"@id\":\"https:\/\/solemar-academy.com\/de\/uebersetzung\/#breadcrumb\"},\"inLanguage\":\"de\",\"potentialAction\":[{\"@type\":\"ReadAction\",\"target\":[\"https:\/\/solemar-academy.com\/de\/uebersetzung\/\"]}]},{\"@type\":\"BreadcrumbList\",\"@id\":\"https:\/\/solemar-academy.com\/de\/uebersetzung\/#breadcrumb\",\"itemListElement\":[{\"@type\":\"ListItem\",\"position\":1,\"name\":\"Home\",\"item\":\"https:\/\/solemar-academy.com\/de\/\"},{\"@type\":\"ListItem\",\"position\":2,\"name\":\"\u00dcbersetzungen &#8211; Sprachschule auf Sizilien\"}]},{\"@type\":\"WebSite\",\"@id\":\"https:\/\/solemar-academy.com\/#website\",\"url\":\"https:\/\/solemar-academy.com\/\",\"name\":\"Solemar Academy\",\"description\":\"Learn Italian in Italy\",\"publisher\":{\"@id\":\"https:\/\/solemar-academy.com\/#organization\"},\"potentialAction\":[{\"@type\":\"SearchAction\",\"target\":{\"@type\":\"EntryPoint\",\"urlTemplate\":\"https:\/\/solemar-academy.com\/?s={search_term_string}\"},\"query-input\":\"required name=search_term_string\"}],\"inLanguage\":\"de\"},{\"@type\":\"Organization\",\"@id\":\"https:\/\/solemar-academy.com\/#organization\",\"name\":\"Solemar Academy\",\"url\":\"https:\/\/solemar-academy.com\/\",\"logo\":{\"@type\":\"ImageObject\",\"inLanguage\":\"de\",\"@id\":\"https:\/\/solemar-academy.com\/#\/schema\/logo\/image\/\",\"url\":\"https:\/\/solemar-academy.com\/wp-content\/uploads\/2022\/06\/logo-solemar-academy.png\",\"contentUrl\":\"https:\/\/solemar-academy.com\/wp-content\/uploads\/2022\/06\/logo-solemar-academy.png\",\"width\":32,\"height\":32,\"caption\":\"Solemar Academy\"},\"image\":{\"@id\":\"https:\/\/solemar-academy.com\/#\/schema\/logo\/image\/\"}}]}<\/script>\n<!-- \/ Yoast SEO Premium plugin. -->","yoast_head_json":{"title":"\u00dcbersetzungen - Sprachschule auf Sizilien &mdash; Solemar Academy","description":"Als etablierte Sprachschule in Sizilien bieten wir auch den Service \u00dcbersetzung an. Daf\u00fcr arbeiten wir mit Gerichten, Rechtsanw\u00e4lten und Notaren zusammen.","robots":{"index":"index","follow":"follow","max-snippet":"max-snippet:-1","max-image-preview":"max-image-preview:large","max-video-preview":"max-video-preview:-1"},"canonical":"https:\/\/solemar-academy.com\/de\/uebersetzung\/","og_locale":"de_DE","og_type":"article","og_title":"\u00dcbersetzungen - Sprachschule auf Sizilien","og_description":"Als etablierte Sprachschule in Sizilien bieten wir auch den Service \u00dcbersetzung an. Daf\u00fcr arbeiten wir mit Gerichten, Rechtsanw\u00e4lten und Notaren zusammen.","og_url":"https:\/\/solemar-academy.com\/de\/uebersetzung\/","og_site_name":"Solemar Academy","article_modified_time":"2020-09-27T15:22:06+00:00","og_image":[{"width":1024,"height":681,"url":"https:\/\/solemar-academy.com\/wp-content\/uploads\/layerslider\/HomePage-slider-RU\/learn-italian-in-italy-scaled.jpg","type":"image\/jpeg"}],"twitter_card":"summary_large_image","twitter_misc":{"Gesch\u00e4tzte Lesezeit":"1\u00a0Minute"},"schema":{"@context":"https:\/\/schema.org","@graph":[{"@type":"WebPage","@id":"https:\/\/solemar-academy.com\/de\/uebersetzung\/","url":"https:\/\/solemar-academy.com\/de\/uebersetzung\/","name":"\u00dcbersetzungen - Sprachschule auf Sizilien &mdash; Solemar Academy","isPartOf":{"@id":"https:\/\/solemar-academy.com\/#website"},"datePublished":"2015-03-10T09:44:54+00:00","dateModified":"2020-09-27T15:22:06+00:00","description":"Als etablierte Sprachschule in Sizilien bieten wir auch den Service \u00dcbersetzung an. Daf\u00fcr arbeiten wir mit Gerichten, Rechtsanw\u00e4lten und Notaren zusammen.","breadcrumb":{"@id":"https:\/\/solemar-academy.com\/de\/uebersetzung\/#breadcrumb"},"inLanguage":"de","potentialAction":[{"@type":"ReadAction","target":["https:\/\/solemar-academy.com\/de\/uebersetzung\/"]}]},{"@type":"BreadcrumbList","@id":"https:\/\/solemar-academy.com\/de\/uebersetzung\/#breadcrumb","itemListElement":[{"@type":"ListItem","position":1,"name":"Home","item":"https:\/\/solemar-academy.com\/de\/"},{"@type":"ListItem","position":2,"name":"\u00dcbersetzungen &#8211; Sprachschule auf Sizilien"}]},{"@type":"WebSite","@id":"https:\/\/solemar-academy.com\/#website","url":"https:\/\/solemar-academy.com\/","name":"Solemar Academy","description":"Learn Italian in Italy","publisher":{"@id":"https:\/\/solemar-academy.com\/#organization"},"potentialAction":[{"@type":"SearchAction","target":{"@type":"EntryPoint","urlTemplate":"https:\/\/solemar-academy.com\/?s={search_term_string}"},"query-input":"required name=search_term_string"}],"inLanguage":"de"},{"@type":"Organization","@id":"https:\/\/solemar-academy.com\/#organization","name":"Solemar Academy","url":"https:\/\/solemar-academy.com\/","logo":{"@type":"ImageObject","inLanguage":"de","@id":"https:\/\/solemar-academy.com\/#\/schema\/logo\/image\/","url":"https:\/\/solemar-academy.com\/wp-content\/uploads\/2022\/06\/logo-solemar-academy.png","contentUrl":"https:\/\/solemar-academy.com\/wp-content\/uploads\/2022\/06\/logo-solemar-academy.png","width":32,"height":32,"caption":"Solemar Academy"},"image":{"@id":"https:\/\/solemar-academy.com\/#\/schema\/logo\/image\/"}}]}},"_links":{"self":[{"href":"https:\/\/solemar-academy.com\/de\/wp-json\/wp\/v2\/pages\/1517"}],"collection":[{"href":"https:\/\/solemar-academy.com\/de\/wp-json\/wp\/v2\/pages"}],"about":[{"href":"https:\/\/solemar-academy.com\/de\/wp-json\/wp\/v2\/types\/page"}],"author":[{"embeddable":true,"href":"https:\/\/solemar-academy.com\/de\/wp-json\/wp\/v2\/users\/3"}],"replies":[{"embeddable":true,"href":"https:\/\/solemar-academy.com\/de\/wp-json\/wp\/v2\/comments?post=1517"}],"version-history":[{"count":0,"href":"https:\/\/solemar-academy.com\/de\/wp-json\/wp\/v2\/pages\/1517\/revisions"}],"wp:featuredmedia":[{"embeddable":true,"href":"https:\/\/solemar-academy.com\/de\/wp-json\/wp\/v2\/media\/14462"}],"wp:attachment":[{"href":"https:\/\/solemar-academy.com\/de\/wp-json\/wp\/v2\/media?parent=1517"}],"curies":[{"name":"wp","href":"https:\/\/api.w.org\/{rel}","templated":true}]}}