{"id":1410,"date":"2015-03-02T19:42:13","date_gmt":"2015-03-02T18:42:13","guid":{"rendered":"http:\/\/solemar-academy.com\/?page_id=1410"},"modified":"2023-06-15T09:10:20","modified_gmt":"2023-06-15T09:10:20","slug":"team","status":"publish","type":"page","link":"https:\/\/solemar-academy.com\/de\/team\/","title":{"rendered":"Team &#8211; Italienisch Sprachschule in Italien"},"content":{"rendered":"<div class=\"wpb-content-wrapper\">[vc_row row_type=&#8220;row&#8220; text_align=&#8220;left&#8220; css_animation=&#8220;&#8220;][vc_column][vc_separator type=&#8220;transparent&#8220; down=&#8220;8&#8243; up=&#8220;8&#8243;][vc_column_text]\n<h2 style=\"margin-top: 15px; margin-bottom: 15px;\">Team &#8211; Geschichten, Hintergr\u00fcnde und Kompetenzen<\/h2>\n[\/vc_column_text][\/vc_column][\/vc_row][vc_row row_type=&#8220;row&#8220; text_align=&#8220;left&#8220; css_animation=&#8220;&#8220;][vc_column width=&#8220;1\/6&#8243;][\/vc_column][vc_column width=&#8220;1\/3&#8243;][vc_single_image image=&#8220;15067&#8243; alignment=&#8220;center&#8220; css=&#8220;.vc_custom_1605807140817{margin-bottom: 20px !important;}&#8220;][vc_column_text css=&#8220;.vc_custom_1583347958146{margin-bottom: 20px !important;}&#8220;]\n<h3>VALERIO GR\u00dcSSNER<\/h3>\n<p>&#8211; Schuldirektor -[\/vc_column_text][vc_column_text]\n<p>Als ich klein war, war ich fasziniert von<strong>\u00a0Peter Pan<\/strong>\u00a0und dem <strong>Nimmerland.<\/strong>\u00a0Ich glaube das liegt daran, dass ich <strong>zweisprachig<\/strong> aufgewachsen bin &#8211; meine Mutter ist Italienierin, mein Vater Deutscher. W\u00e4hrend meines Studiums habe ich viel erlebt\u00a0und viel gesehen. <strong>Bologna<\/strong>,<strong> Berlin<\/strong> und<strong> Sydney<\/strong> waren lange mein Zuhause. Durch das Reisen habe ich herausgefunden, dass man die Sprache kennen muss, um fremde L\u00e4nder und Kulturen n\u00e4her\u00a0kennenzulernen. Genau deshalb glaube ich an die Erfahrung und den Erfolg der Solemar Academy. Eine<strong> junge, neugierige<\/strong> und<strong> aufgeschlossene Sprachschule in Sizilien<\/strong>. Vielleicht auch ein wenig wie <strong>Sizilien<\/strong> selbst, unser kleines sch\u00f6nes Nimmerland!<\/p>\n[\/vc_column_text][vc_separator type=&#8220;transparent&#8220; down=&#8220;8&#8243; up=&#8220;7&#8243;]<span class='social_icon_holder'><a href='https:\/\/www.facebook.com\/valerio.gruessner?fref=ts' target='_blank'><span class='icon-stack icon-2x'><i class='icon-circle icon-stack-base'><\/i><i class='icon-facebook' style='color: #000000;'><\/i><\/span><\/a><\/span><span class='social_icon_holder'><a href='https:\/\/www.linkedin.com\/in\/valerio-gruessner\/' target='_blank'><span class='icon-stack icon-2x'><i class='icon-circle icon-stack-base'><\/i><i class='icon-linkedin' style='color: #000000;'><\/i><\/span><\/a><\/span>[\/vc_column][vc_column width=&#8220;1\/3&#8243;][vc_single_image image=&#8220;15052&#8243; alignment=&#8220;center&#8220; css=&#8220;.vc_custom_1605807164145{margin-bottom: 20px !important;}&#8220;][vc_column_text css=&#8220;.vc_custom_1583347966189{margin-bottom: 20px !important;}&#8220;]\n<h3>GIUSEPPE ZAFFIRO<\/h3>\n<p>&#8211; Director of Studies -[\/vc_column_text][vc_column_text]Auf dieser Insel aufzuwachsen, hat mich <strong>neugierig<\/strong> gemacht und gelehrt, wie sch\u00f6n es ist, sich mit anderen Kulturen auzutauschen und zu vergleichen. Aus diesem Grund erlebe ich das Unterrichten wie eine tolle M\u00f6glichkeit, jeden Tag auch etwas neues zu lernen. Die Literatur, das Kino und die Musik sind meine gro\u00dfen Passionen. Deshalb fehlen in meinem Unterricht auch nie <strong>Lieder<\/strong>, Literaturtexte und Verbindungen zu Filmen, die Italien und Sizilien in der ganzen Welt ber\u00fchmt gemacht haben. Wenn ihr zu uns kommt, ratet mir zu einem guten Buch, zu einem Schauspieler, den ihr besonders m\u00f6gt, und ihr werdet mich <strong>gl\u00fccklich<\/strong> sehen![\/vc_column_text][vc_separator type=&#8220;transparent&#8220; down=&#8220;8&#8243; up=&#8220;7&#8243;][\/vc_column][vc_column width=&#8220;1\/6&#8243;][\/vc_column][\/vc_row][vc_row row_type=&#8220;row&#8220; text_align=&#8220;left&#8220; css_animation=&#8220;&#8220;][vc_column width=&#8220;1\/6&#8243;][\/vc_column][vc_column width=&#8220;1\/3&#8243;][vc_single_image image=&#8220;15057&#8243; alignment=&#8220;center&#8220; css=&#8220;.vc_custom_1605807198029{margin-bottom: 20px !important;}&#8220;][vc_column_text css=&#8220;.vc_custom_1583347999196{margin-bottom: 20px !important;}&#8220;]\n<h3>MARCO IACONO<\/h3>\n<p>&#8211; Dozent -[\/vc_column_text][vc_column_text]\n<p>Ich bin in Cefalu und Palermo aufgewachsen, wo ich auch mein Studium in <strong>Schauspieltechnik<\/strong> absolviert habe. Meine Hobbzs sind <strong>Kino<\/strong>, <strong>Musik<\/strong> und <strong>Literatur<\/strong>. Seitdem ich Italienisch bei Solemar unterrichte, habe ich verstanden, wie dankbar und stimulierend sowohl auf kulturellem als auch auf menschlichen Gebiet diese Arbeit ist. Italienisch lehren beschr\u00e4nkt sich nicht nur auf das Vermitteln von grammatikalischen und Regeln, sondern auch auf darauf, dem Studenten eine andere <strong>Sichtweise<\/strong> der Dinge zu er\u00f6ffnen.<\/p>\n[\/vc_column_text]<span class='social_icon_holder'><a href='https:\/\/www.facebook.com\/marco.w.iacono?fref=ts' target='_blank'><span class='icon-stack icon-2x'><i class='icon-circle icon-stack-base'><\/i><i class='icon-facebook' style='color: #000000;'><\/i><\/span><\/a><\/span><span class='social_icon_holder'><a href='https:\/\/www.instagram.com\/instawolf_83\/?hl=it' target='_blank'><span class='icon-stack icon-2x'><i class='icon-circle icon-stack-base'><\/i><i class='icon-instagram' style='color: #000000;'><\/i><\/span><\/a><\/span>[vc_separator type=&#8220;transparent&#8220; down=&#8220;8&#8243; up=&#8220;7&#8243;][\/vc_column][vc_column width=&#8220;1\/3&#8243;][vc_single_image image=&#8220;15062&#8243; alignment=&#8220;center&#8220; css=&#8220;.vc_custom_1605807187126{margin-bottom: 20px !important;}&#8220;][vc_column_text css=&#8220;.vc_custom_1583347984402{margin-bottom: 20px !important;}&#8220;]\n<h3>SIMONA FEDERICO<\/h3>\n<p>&#8211; Dozentin -[\/vc_column_text][vc_column_text]Ich bin in Palermo geboren und aufgewachsen. Dort habe ich auch die Universit\u00e4t besucht: &#8222;<strong>Sprachen f\u00fcr den Web<\/strong>&#8222;. Meine Leidenschaften sind: <strong>lesen<\/strong>, <strong>kochen<\/strong> (aber auch essen, da ich auch eine Feinschmeckerin bin!), reisen, oder auch einfach mal einen Spaziergang machen. Im Jahr 2008, waerend einem von den vielen EU-Projekten an denen ich teilgenommen habe, wurde ich vom Lehren der italienischen Sprache so fasziniert, dass entschloss mich darauf zu spezialisieren; es war einfach Liebe auf den ersten Blick! Ich liebe dieses Kultur-Tandem, das im Unterricht so nat\u00fcrlich entsteht, es ist immer wieder neu und interessant, manchmal kann man auch <strong>sich selbst neu entdecken<\/strong>![\/vc_column_text][vc_separator type=&#8220;transparent&#8220; down=&#8220;8&#8243; up=&#8220;7&#8243;][\/vc_column][vc_column width=&#8220;1\/6&#8243;][\/vc_column][\/vc_row][vc_row row_type=&#8220;row&#8220; text_align=&#8220;left&#8220; css_animation=&#8220;&#8220;][vc_column][vc_separator type=&#8220;normal&#8220;][\/vc_column][\/vc_row]\n<\/div>","protected":false},"excerpt":{"rendered":"<p>[vc_row row_type=&#8220;row&#8220; text_align=&#8220;left&#8220; css_animation=&#8220;&#8220;][vc_column][vc_separator type=&#8220;transparent&#8220; down=&#8220;8&#8243; up=&#8220;8&#8243;][vc_column_text] Team &#8211; Geschichten, Hintergr\u00fcnde und Kompetenzen [\/vc_column_text][\/vc_column][\/vc_row][vc_row row_type=&#8220;row&#8220; text_align=&#8220;left&#8220; css_animation=&#8220;&#8220;][vc_column width=&#8220;1\/6&#8243;][\/vc_column][vc_column width=&#8220;1\/3&#8243;][vc_single_image image=&#8220;15067&#8243; alignment=&#8220;center&#8220; css=&#8220;.vc_custom_1605807140817{margin-bottom: 20px !important;}&#8220;][vc_column_text css=&#8220;.vc_custom_1583347958146{margin-bottom: 20px !important;}&#8220;] VALERIO GR\u00dcSSNER &#8211; Schuldirektor -[\/vc_column_text][vc_column_text] Als ich klein war, war ich fasziniert von\u00a0Peter Pan\u00a0und dem Nimmerland.\u00a0Ich glaube das&#8230;<\/p>\n","protected":false},"author":3,"featured_media":0,"parent":0,"menu_order":0,"comment_status":"open","ping_status":"open","template":"","meta":{"inline_featured_image":false},"yoast_head":"<!-- This site is optimized with the Yoast SEO Premium plugin v19.5 (Yoast SEO v19.11) - https:\/\/yoast.com\/wordpress\/plugins\/seo\/ -->\n<title>Team - Italienisch Sprachschule in Italien &mdash; Solemar Academy<\/title>\n<meta name=\"description\" content=\"Lernt das Team unserer Sprachschule in Italien kennen: kompetent, professionell, aufgeweckt und sympathisch. Jeder hat seine Eigenschaften und Geschichte.\" \/>\n<meta name=\"robots\" content=\"index, follow, max-snippet:-1, max-image-preview:large, max-video-preview:-1\" \/>\n<link rel=\"canonical\" href=\"https:\/\/solemar-academy.com\/de\/team\/\" \/>\n<meta property=\"og:locale\" content=\"de_DE\" \/>\n<meta property=\"og:type\" content=\"article\" \/>\n<meta property=\"og:title\" content=\"Team - Italienisch Sprachschule in Italien\" \/>\n<meta property=\"og:description\" content=\"Lernt das Team unserer Sprachschule in Italien kennen: kompetent, professionell, aufgeweckt und sympathisch. Jeder hat seine Eigenschaften und Geschichte.\" \/>\n<meta property=\"og:url\" content=\"https:\/\/solemar-academy.com\/de\/team\/\" \/>\n<meta property=\"og:site_name\" content=\"Solemar Academy\" \/>\n<meta property=\"article:modified_time\" content=\"2023-06-15T09:10:20+00:00\" \/>\n<meta name=\"twitter:card\" content=\"summary_large_image\" \/>\n<meta name=\"twitter:label1\" content=\"Gesch\u00e4tzte Lesezeit\" \/>\n\t<meta name=\"twitter:data1\" content=\"3\u00a0Minuten\" \/>\n<script type=\"application\/ld+json\" class=\"yoast-schema-graph\">{\"@context\":\"https:\/\/schema.org\",\"@graph\":[{\"@type\":\"WebPage\",\"@id\":\"https:\/\/solemar-academy.com\/de\/team\/\",\"url\":\"https:\/\/solemar-academy.com\/de\/team\/\",\"name\":\"Team - Italienisch Sprachschule in Italien &mdash; Solemar Academy\",\"isPartOf\":{\"@id\":\"https:\/\/solemar-academy.com\/#website\"},\"datePublished\":\"2015-03-02T18:42:13+00:00\",\"dateModified\":\"2023-06-15T09:10:20+00:00\",\"description\":\"Lernt das Team unserer Sprachschule in Italien kennen: kompetent, professionell, aufgeweckt und sympathisch. Jeder hat seine Eigenschaften und Geschichte.\",\"breadcrumb\":{\"@id\":\"https:\/\/solemar-academy.com\/de\/team\/#breadcrumb\"},\"inLanguage\":\"de\",\"potentialAction\":[{\"@type\":\"ReadAction\",\"target\":[\"https:\/\/solemar-academy.com\/de\/team\/\"]}]},{\"@type\":\"BreadcrumbList\",\"@id\":\"https:\/\/solemar-academy.com\/de\/team\/#breadcrumb\",\"itemListElement\":[{\"@type\":\"ListItem\",\"position\":1,\"name\":\"Home\",\"item\":\"https:\/\/solemar-academy.com\/de\/\"},{\"@type\":\"ListItem\",\"position\":2,\"name\":\"Team &#8211; Italienisch Sprachschule in Italien\"}]},{\"@type\":\"WebSite\",\"@id\":\"https:\/\/solemar-academy.com\/#website\",\"url\":\"https:\/\/solemar-academy.com\/\",\"name\":\"Solemar Academy\",\"description\":\"Learn Italian in Italy\",\"publisher\":{\"@id\":\"https:\/\/solemar-academy.com\/#organization\"},\"potentialAction\":[{\"@type\":\"SearchAction\",\"target\":{\"@type\":\"EntryPoint\",\"urlTemplate\":\"https:\/\/solemar-academy.com\/?s={search_term_string}\"},\"query-input\":\"required name=search_term_string\"}],\"inLanguage\":\"de\"},{\"@type\":\"Organization\",\"@id\":\"https:\/\/solemar-academy.com\/#organization\",\"name\":\"Solemar Academy\",\"url\":\"https:\/\/solemar-academy.com\/\",\"logo\":{\"@type\":\"ImageObject\",\"inLanguage\":\"de\",\"@id\":\"https:\/\/solemar-academy.com\/#\/schema\/logo\/image\/\",\"url\":\"https:\/\/solemar-academy.com\/wp-content\/uploads\/2022\/06\/logo-solemar-academy.png\",\"contentUrl\":\"https:\/\/solemar-academy.com\/wp-content\/uploads\/2022\/06\/logo-solemar-academy.png\",\"width\":32,\"height\":32,\"caption\":\"Solemar Academy\"},\"image\":{\"@id\":\"https:\/\/solemar-academy.com\/#\/schema\/logo\/image\/\"}}]}<\/script>\n<!-- \/ Yoast SEO Premium plugin. -->","yoast_head_json":{"title":"Team - Italienisch Sprachschule in Italien &mdash; Solemar Academy","description":"Lernt das Team unserer Sprachschule in Italien kennen: kompetent, professionell, aufgeweckt und sympathisch. Jeder hat seine Eigenschaften und Geschichte.","robots":{"index":"index","follow":"follow","max-snippet":"max-snippet:-1","max-image-preview":"max-image-preview:large","max-video-preview":"max-video-preview:-1"},"canonical":"https:\/\/solemar-academy.com\/de\/team\/","og_locale":"de_DE","og_type":"article","og_title":"Team - Italienisch Sprachschule in Italien","og_description":"Lernt das Team unserer Sprachschule in Italien kennen: kompetent, professionell, aufgeweckt und sympathisch. Jeder hat seine Eigenschaften und Geschichte.","og_url":"https:\/\/solemar-academy.com\/de\/team\/","og_site_name":"Solemar Academy","article_modified_time":"2023-06-15T09:10:20+00:00","twitter_card":"summary_large_image","twitter_misc":{"Gesch\u00e4tzte Lesezeit":"3\u00a0Minuten"},"schema":{"@context":"https:\/\/schema.org","@graph":[{"@type":"WebPage","@id":"https:\/\/solemar-academy.com\/de\/team\/","url":"https:\/\/solemar-academy.com\/de\/team\/","name":"Team - Italienisch Sprachschule in Italien &mdash; Solemar Academy","isPartOf":{"@id":"https:\/\/solemar-academy.com\/#website"},"datePublished":"2015-03-02T18:42:13+00:00","dateModified":"2023-06-15T09:10:20+00:00","description":"Lernt das Team unserer Sprachschule in Italien kennen: kompetent, professionell, aufgeweckt und sympathisch. Jeder hat seine Eigenschaften und Geschichte.","breadcrumb":{"@id":"https:\/\/solemar-academy.com\/de\/team\/#breadcrumb"},"inLanguage":"de","potentialAction":[{"@type":"ReadAction","target":["https:\/\/solemar-academy.com\/de\/team\/"]}]},{"@type":"BreadcrumbList","@id":"https:\/\/solemar-academy.com\/de\/team\/#breadcrumb","itemListElement":[{"@type":"ListItem","position":1,"name":"Home","item":"https:\/\/solemar-academy.com\/de\/"},{"@type":"ListItem","position":2,"name":"Team &#8211; Italienisch Sprachschule in Italien"}]},{"@type":"WebSite","@id":"https:\/\/solemar-academy.com\/#website","url":"https:\/\/solemar-academy.com\/","name":"Solemar Academy","description":"Learn Italian in Italy","publisher":{"@id":"https:\/\/solemar-academy.com\/#organization"},"potentialAction":[{"@type":"SearchAction","target":{"@type":"EntryPoint","urlTemplate":"https:\/\/solemar-academy.com\/?s={search_term_string}"},"query-input":"required name=search_term_string"}],"inLanguage":"de"},{"@type":"Organization","@id":"https:\/\/solemar-academy.com\/#organization","name":"Solemar Academy","url":"https:\/\/solemar-academy.com\/","logo":{"@type":"ImageObject","inLanguage":"de","@id":"https:\/\/solemar-academy.com\/#\/schema\/logo\/image\/","url":"https:\/\/solemar-academy.com\/wp-content\/uploads\/2022\/06\/logo-solemar-academy.png","contentUrl":"https:\/\/solemar-academy.com\/wp-content\/uploads\/2022\/06\/logo-solemar-academy.png","width":32,"height":32,"caption":"Solemar Academy"},"image":{"@id":"https:\/\/solemar-academy.com\/#\/schema\/logo\/image\/"}}]}},"_links":{"self":[{"href":"https:\/\/solemar-academy.com\/de\/wp-json\/wp\/v2\/pages\/1410"}],"collection":[{"href":"https:\/\/solemar-academy.com\/de\/wp-json\/wp\/v2\/pages"}],"about":[{"href":"https:\/\/solemar-academy.com\/de\/wp-json\/wp\/v2\/types\/page"}],"author":[{"embeddable":true,"href":"https:\/\/solemar-academy.com\/de\/wp-json\/wp\/v2\/users\/3"}],"replies":[{"embeddable":true,"href":"https:\/\/solemar-academy.com\/de\/wp-json\/wp\/v2\/comments?post=1410"}],"version-history":[{"count":2,"href":"https:\/\/solemar-academy.com\/de\/wp-json\/wp\/v2\/pages\/1410\/revisions"}],"predecessor-version":[{"id":18133,"href":"https:\/\/solemar-academy.com\/de\/wp-json\/wp\/v2\/pages\/1410\/revisions\/18133"}],"wp:attachment":[{"href":"https:\/\/solemar-academy.com\/de\/wp-json\/wp\/v2\/media?parent=1410"}],"curies":[{"name":"wp","href":"https:\/\/api.w.org\/{rel}","templated":true}]}}