{"id":1400,"date":"2015-03-02T17:42:38","date_gmt":"2015-03-02T16:42:38","guid":{"rendered":"http:\/\/solemar-academy.com\/?page_id=1400"},"modified":"2023-06-16T13:38:55","modified_gmt":"2023-06-16T13:38:55","slug":"partnerschaften-und-presse","status":"publish","type":"page","link":"https:\/\/solemar-academy.com\/de\/partnerschaften-und-presse\/","title":{"rendered":"Partnerschaften und Presse &#8211; Italienisch lernen auf Sizilien"},"content":{"rendered":"<div class=\"wpb-content-wrapper\">[vc_row row_type=&#8220;row&#8220; text_align=&#8220;left&#8220; css_animation=&#8220;&#8220; css=&#8220;.vc_custom_1522425828799{margin-bottom: 50px !important;}&#8220;][vc_column width=&#8220;1\/2&#8243;][vc_column_text]\n<h2 style=\"text-align: center;\">PRESSE<\/h2>\n<p>&nbsp;<\/p>\n<p>Die\u00a0<a href=\"https:\/\/solemar-academy.com\/de\/\"><strong>Solemar Academy<\/strong><\/a> hat, dank der langen erfolgreichen Geschichte der Solemar Sicilia, ein dichtes Netz an <strong>Partnerschaften<\/strong> mit diversen \u00f6ffentlichen und privaten Einrichtungen gekn\u00fcpft. Viele dieser Partnerschaften haben sich zu vorteilhaften <a href=\"https:\/\/solemar-academy.com\/de\/anerkennungen\/\"><strong>Anerkennungen<\/strong><\/a> entwickelt. Noch stolzer sind wir jedoch auf die Kontakte zu unseren ehemaligen\u00a0<strong>Studenten.<\/strong>\u00a0Wir freuen uns sehr, dass uns viele\u00a0Studenten treu bleiben.<\/p>\n<p>&nbsp;<\/p>\n<p>Durch diese\u00a0Partnerschaften &#8211; die mit viel Leidenschaft und Herzlichkeit gepflegt werden &#8211; werden\u00a0wir auch regelm\u00e4\u00dfig in renommierten Zeitschriften, Reisef\u00fchrern, Fernsehbeitr\u00e4gen und Blogs erw\u00e4hnt.<\/p>\n<p>&nbsp;<\/p>\n<p>&nbsp;<\/p>\n<p>Im\u00a0Reisef\u00fchrer\u00a0<em><strong><a href=\"https:\/\/solemar-academy.com\/wp-content\/uploads\/2020\/12\/Sizilien-Thomas-Schroeder-Italienisch-lernen.pdf\">Sizilien<\/a><\/strong>, <\/em>herausgegeben vom\u00a0Michael-M\u00fcller-Verlag, findet ihr jedes Jahr die aktuellsten Infos\u00a0\u00fcber\u00a0unsere Sprachschule.<\/p>\n<p>&nbsp;<\/p>\n<p>Die\u00a0popul\u00e4re\u00a0deutsche Bloggerin und Sizilienliebhaberin Britta Bohn teilt ganz\u00a0unsere Arbeitsphilosophie und hat einen eigenen\u00a0Blog \u00fcber Reisen in Sizilien erstellt: <strong><a href=\"https:\/\/www.trip-tipp.com\/sizilien\/urlaub.htm\">Trip-Tipp<\/a><\/strong>, ganz nach dem\u00a0Modell von Solemar Sicilia.<\/p>\n<p>&nbsp;<\/p>\n<p>Ein Artikel \u00fcber unsere <a href=\"https:\/\/solemar-academy.com\/de\/unterkuenfte-fuer-studenten-in-cefalu\/#villa-caterina\">Villa Caterina<\/a> in der popul\u00e4ren deutschen Zeitschrift <em><strong><a href=\"https:\/\/solemar-academy.com\/wp-content\/uploads\/2020\/12\/Villa-Caterina-Cefalu.pdf\">Freundin<\/a><\/strong><\/em>\u00a0hat unser Postfach fast zum \u00dcberquellen\u00a0gebracht und\u00a0die\u00a0N\u00e4chtigungszahlen in der Villa in die H\u00f6he schnellen lassen.<\/p>\n<p>&nbsp;<\/p>\n<p>Die Weltber\u00fchmteste Sprachreisen-Zeitung, <strong><a href=\"http:\/\/www.studytravel.network\/magazine\/\" target=\"_blank\" rel=\"noopener noreferrer\">Study Travel Magazine<\/a><\/strong>, hat in dem j\u00e4hrlichen Italien-Bericht viel \u00fcber unsere Schule geschrieben. <strong><a href=\"https:\/\/solemar-academy.com\/wp-content\/uploads\/2020\/12\/Solemar-Academy-on-Study-Travel-Magazine.pdf\" target=\"_blank\" rel=\"noopener noreferrer\">Liest mal hier<\/a>.<\/strong><\/p>\n<p>&nbsp;<\/p>\n<p>Wir arbeiten auch seit Jahren eng\u00a0mit vielen Schulen im Ausland zusammen. Das\u00a0<strong>Gymnasium Frauengasse in Baden<\/strong> und das\u00a0<strong>BORG in Wiener Neustadt\u00a0<\/strong>kommen jedes Jahr\u00a0in unsere Sprachschule in\u00a0Cefalu. Hier finden Sie einen\u00a0<a href=\"https:\/\/solemar-academy.com\/wp-content\/uploads\/2020\/12\/Schulreise-Sizilien-Cefalu.pdf\"><strong>Erfahrungsbericht<\/strong> <\/a>einer\u00a0Sprachreise im Jahr 2013.<\/p>\n<p>&nbsp;<\/p>\n<p>Flugbegleiter und Piloten der <strong>Lufthansa<\/strong>\u00a0nehmen regelm\u00e4\u00dfig an unseren Sprachkursen teil. Im\u00a0Bildungsurlaub werden\u00a0Fortbildung und Spa\u00df gekonnt miteinander verbunden.<\/p>\n<p>&nbsp;<\/p>\n<p>In der Presse findet ihr auch Artikel \u00fcber uns: Ge<em>o Saison, Welt am Sontag, Die Zeit, Die Welt, Frankfurter Rundschau, Motorrad-Reisen, F\u00dcR SIE, ADAC-Motorwelt, Brigitte, Faz, DM, Geldidee.<\/em><\/p>\n<p>&nbsp;<\/p>\n<p>Das beliebte deutsche TV-Mittagsmagazin <em>Punkt 12\u00a0<\/em>hat einen Bericht \u00fcber Sizilien gemacht und wir sind aktiv daran beteiligt gewesen:[\/vc_column_text][vc_separator type=&#8220;transparent&#8220; down=&#8220;10&#8243; up=&#8220;10&#8243;][vc_video link=&#8220;https:\/\/www.youtube.com\/watch?feature=player_embedded&amp;v=oHy1115Marc&#8220; css=&#8220;.vc_custom_1424169212566{border-width: 10px !important;}&#8220;][vc_separator type=&#8220;transparent&#8220; down=&#8220;10&#8243; up=&#8220;10&#8243;][vc_separator type=&#8220;transparent&#8220; down=&#8220;10&#8243; up=&#8220;10&#8243;][\/vc_column][vc_column width=&#8220;1\/2&#8243;][vc_column_text]\n<h2 style=\"text-align: center;\">PARTNER<\/h2>\n<p>&nbsp;<\/p>\n<p><strong><a href=\"https:\/\/www.facebook.com\/cortilepepe\/timeline\" target=\"_blank\" rel=\"noopener noreferrer\">Cortile Pepe &#8211; Gourmet Restaurant<\/a><\/strong><br \/>\nGourmet Restaurant, Au\u00dfenbereich und entspannte und einladende Atmosph\u00e4re.<\/p>\n<p>&nbsp;<\/p>\n<p><a href=\"https:\/\/www.facebook.com\/GalleriaRistorante\"><strong>La Galleria &#8211; Restaurant<\/strong><\/a><br \/>\nSicherlich eines der besten Restaurants in ganz Cefalu. Die Inhaber pflegen stets den Kontakt mit Ihren G\u00e4sten und sorgen daf\u00fcr, dass sie sich rundum wohl f\u00fchlen.<\/p>\n<p>&nbsp;<\/p>\n<p><a href=\"https:\/\/www.facebook.com\/cantinapassafiumecefalu\/\"><strong>PassaFiume &#8211; Cantina Bistrot<\/strong><\/a><\/p>\n<p>Bei Passafiume hat man den Eindruck man sitzt in einen Bistrot in Paris. Cocktails und kleine Gerichte sind sehr empfehlenswert.<\/p>\n<p>&nbsp;<\/p>\n<p><strong><a href=\"https:\/\/bastionecefalu.com\/bastione-costanza\/\">Bastione Costanza &#8211; Restaurant \/ Pizzeria<\/a><\/strong><\/p>\n<p>Das Bastione ist ein neues Kulturzentrum mit Leseraum, Bibliothek, Digitales Museum und nat\u00fcrlich ein ausgezeichnetes Restaurant und Pizzeria in Cefal\u00f9.<\/p>\n<p>&nbsp;<\/p>\n<p><strong>Sutt&#8217;\u00e0 Ravia &#8211; Fisch Restaurant<\/strong><\/p>\n<p>Sutt&#8217;\u00e0 Ravia ist ein neues Fisch Restaurant in der n\u00e4he vom Strand. Preisg\u00fcnstiges Menu und nette Atmosph\u00e4re.<\/p>\n<p>&nbsp;<\/p>\n<p><a href=\"https:\/\/www.facebook.com\/tinchite\/\"><strong>Tinchit\u00e8 &#8211; Taverna<\/strong><\/a><\/p>\n<p>Ein Beispiel von sizilianisches Gasthaus. Traditionelles Essen, nette Atmosph\u00e4re und grossz\u00fcgige Portionen.<\/p>\n<p>&nbsp;<\/p>\n<p><a href=\"http:\/\/lepetittonneau.it\/\"><strong>Petit Tonneau\u00a0&#8211; Weinladen\u00a0<\/strong><\/a><br \/>\nIn der direkt am Meer gelegenen Vinothek &#8222;Petit Tonneau&#8220; k\u00f6nnt ihr auf einer wundersch\u00f6nen Terrasse die atemberaubende Aussicht aufs Meer genie\u00dfen. Das macht das Lokal einzigartig. Eine optimale Location f\u00fcr einen Apertitif bei Sonnenuntergang.<\/p>\n<p>&nbsp;<\/p>\n<p><strong>Kalapinta &#8211; Pub<\/strong><\/p>\n<p>Kalapinta ist ein sizilianischer Biergarten, von nette und junge Leute geleitet und wo man eiskalte und leckere Biere auf sizilianischen Brauereien bekommen kann.<\/p>\n<p>&nbsp;<\/p>\n<p><a href=\"https:\/\/www.foodsicily.it\/\"><strong>Food Sicily Market<\/strong><\/a><br \/>\nOhne Zweifel ist der Food Sicily Market einer der besten Superm\u00e4rkte in ganz Cefalu. Typisch sizilianische Produkte und ein sehr freundliches und zuvorkommendes Personal.<\/p>\n<p>&nbsp;<\/p>\n<p><a href=\"https:\/\/www.facebook.com\/pages\/Lido-Beach-Club-12\/478046292212025\"><strong>Beach Club 12 &#8211; Badestrand<\/strong><\/a><br \/>\nEiner der wenigen Badest\u00e4nde in Cefalu wo es m\u00f6glich ist sich auszuruhen. Fast am ende der Promenade, sehr geeignet f\u00fcr all die gerne es ruhig haben m\u00f6chten.<\/p>\n<p>&nbsp;<\/p>\n<p><strong>Parrucchieri Sansica &#8211; Fris\u00f6r<\/strong><br \/>\nBeim Fris\u00f6r Sansica k\u00f6nnt ihr euch rundum verw\u00f6hnen lassen: Haarschnitt, Frisur, Haare f\u00e4rben und Sch\u00f6nheitsbehandlungen.[\/vc_column_text][\/vc_column][\/vc_row]\n<\/div>","protected":false},"excerpt":{"rendered":"<p>[vc_row row_type=&#8220;row&#8220; text_align=&#8220;left&#8220; css_animation=&#8220;&#8220; css=&#8220;.vc_custom_1522425828799{margin-bottom: 50px !important;}&#8220;][vc_column width=&#8220;1\/2&#8243;][vc_column_text] PRESSE &nbsp; Die\u00a0Solemar Academy hat, dank der langen erfolgreichen Geschichte der Solemar Sicilia, ein dichtes Netz an Partnerschaften mit diversen \u00f6ffentlichen und privaten Einrichtungen gekn\u00fcpft. Viele dieser Partnerschaften haben sich zu vorteilhaften Anerkennungen entwickelt. Noch stolzer sind&#8230;<\/p>\n","protected":false},"author":3,"featured_media":15238,"parent":0,"menu_order":0,"comment_status":"open","ping_status":"open","template":"","meta":{"inline_featured_image":false},"yoast_head":"<!-- This site is optimized with the Yoast SEO Premium plugin v19.5 (Yoast SEO v19.11) - https:\/\/yoast.com\/wordpress\/plugins\/seo\/ -->\n<title>Partnerschaften und Presse - Italienisch lernen auf Sizilien &mdash; Solemar Academy<\/title>\n<meta name=\"description\" content=\"Partnerschaften und Presse: Hier erf\u00e4hrt ihr, was \u00fcber uns geschrieben wird, mit wem wir zusammenarbeiten und die Solemar Academy Card mit Verg\u00fcnstigungen.\" \/>\n<meta name=\"robots\" content=\"index, follow, max-snippet:-1, max-image-preview:large, max-video-preview:-1\" \/>\n<link rel=\"canonical\" href=\"https:\/\/solemar-academy.com\/de\/partnerschaften-und-presse\/\" \/>\n<meta property=\"og:locale\" content=\"de_DE\" \/>\n<meta property=\"og:type\" content=\"article\" \/>\n<meta property=\"og:title\" content=\"Partnerschaften und Presse - Italienisch lernen auf Sizilien\" \/>\n<meta property=\"og:description\" content=\"Partnerschaften und Presse: Hier erf\u00e4hrt ihr, was \u00fcber uns geschrieben wird, mit wem wir zusammenarbeiten und die Solemar Academy Card mit Verg\u00fcnstigungen.\" \/>\n<meta property=\"og:url\" content=\"https:\/\/solemar-academy.com\/de\/partnerschaften-und-presse\/\" \/>\n<meta property=\"og:site_name\" content=\"Solemar Academy\" \/>\n<meta property=\"article:modified_time\" content=\"2023-06-16T13:38:55+00:00\" \/>\n<meta property=\"og:image\" content=\"https:\/\/solemar-academy.com\/wp-content\/uploads\/2020\/12\/Solemar-Academy-Card-2.jpg\" \/>\n\t<meta property=\"og:image:width\" content=\"113\" \/>\n\t<meta property=\"og:image:height\" content=\"113\" \/>\n\t<meta property=\"og:image:type\" content=\"image\/jpeg\" \/>\n<meta name=\"twitter:card\" content=\"summary_large_image\" \/>\n<meta name=\"twitter:label1\" content=\"Gesch\u00e4tzte Lesezeit\" \/>\n\t<meta name=\"twitter:data1\" content=\"4\u00a0Minuten\" \/>\n<script type=\"application\/ld+json\" class=\"yoast-schema-graph\">{\"@context\":\"https:\/\/schema.org\",\"@graph\":[{\"@type\":\"WebPage\",\"@id\":\"https:\/\/solemar-academy.com\/de\/partnerschaften-und-presse\/\",\"url\":\"https:\/\/solemar-academy.com\/de\/partnerschaften-und-presse\/\",\"name\":\"Partnerschaften und Presse - Italienisch lernen auf Sizilien &mdash; Solemar Academy\",\"isPartOf\":{\"@id\":\"https:\/\/solemar-academy.com\/#website\"},\"datePublished\":\"2015-03-02T16:42:38+00:00\",\"dateModified\":\"2023-06-16T13:38:55+00:00\",\"description\":\"Partnerschaften und Presse: Hier erf\u00e4hrt ihr, was \u00fcber uns geschrieben wird, mit wem wir zusammenarbeiten und die Solemar Academy Card mit Verg\u00fcnstigungen.\",\"breadcrumb\":{\"@id\":\"https:\/\/solemar-academy.com\/de\/partnerschaften-und-presse\/#breadcrumb\"},\"inLanguage\":\"de\",\"potentialAction\":[{\"@type\":\"ReadAction\",\"target\":[\"https:\/\/solemar-academy.com\/de\/partnerschaften-und-presse\/\"]}]},{\"@type\":\"BreadcrumbList\",\"@id\":\"https:\/\/solemar-academy.com\/de\/partnerschaften-und-presse\/#breadcrumb\",\"itemListElement\":[{\"@type\":\"ListItem\",\"position\":1,\"name\":\"Home\",\"item\":\"https:\/\/solemar-academy.com\/de\/\"},{\"@type\":\"ListItem\",\"position\":2,\"name\":\"Partnerschaften und Presse &#8211; Italienisch lernen auf Sizilien\"}]},{\"@type\":\"WebSite\",\"@id\":\"https:\/\/solemar-academy.com\/#website\",\"url\":\"https:\/\/solemar-academy.com\/\",\"name\":\"Solemar Academy\",\"description\":\"Learn Italian in Italy\",\"publisher\":{\"@id\":\"https:\/\/solemar-academy.com\/#organization\"},\"potentialAction\":[{\"@type\":\"SearchAction\",\"target\":{\"@type\":\"EntryPoint\",\"urlTemplate\":\"https:\/\/solemar-academy.com\/?s={search_term_string}\"},\"query-input\":\"required name=search_term_string\"}],\"inLanguage\":\"de\"},{\"@type\":\"Organization\",\"@id\":\"https:\/\/solemar-academy.com\/#organization\",\"name\":\"Solemar Academy\",\"url\":\"https:\/\/solemar-academy.com\/\",\"logo\":{\"@type\":\"ImageObject\",\"inLanguage\":\"de\",\"@id\":\"https:\/\/solemar-academy.com\/#\/schema\/logo\/image\/\",\"url\":\"https:\/\/solemar-academy.com\/wp-content\/uploads\/2022\/06\/logo-solemar-academy.png\",\"contentUrl\":\"https:\/\/solemar-academy.com\/wp-content\/uploads\/2022\/06\/logo-solemar-academy.png\",\"width\":32,\"height\":32,\"caption\":\"Solemar Academy\"},\"image\":{\"@id\":\"https:\/\/solemar-academy.com\/#\/schema\/logo\/image\/\"}}]}<\/script>\n<!-- \/ Yoast SEO Premium plugin. -->","yoast_head_json":{"title":"Partnerschaften und Presse - Italienisch lernen auf Sizilien &mdash; Solemar Academy","description":"Partnerschaften und Presse: Hier erf\u00e4hrt ihr, was \u00fcber uns geschrieben wird, mit wem wir zusammenarbeiten und die Solemar Academy Card mit Verg\u00fcnstigungen.","robots":{"index":"index","follow":"follow","max-snippet":"max-snippet:-1","max-image-preview":"max-image-preview:large","max-video-preview":"max-video-preview:-1"},"canonical":"https:\/\/solemar-academy.com\/de\/partnerschaften-und-presse\/","og_locale":"de_DE","og_type":"article","og_title":"Partnerschaften und Presse - Italienisch lernen auf Sizilien","og_description":"Partnerschaften und Presse: Hier erf\u00e4hrt ihr, was \u00fcber uns geschrieben wird, mit wem wir zusammenarbeiten und die Solemar Academy Card mit Verg\u00fcnstigungen.","og_url":"https:\/\/solemar-academy.com\/de\/partnerschaften-und-presse\/","og_site_name":"Solemar Academy","article_modified_time":"2023-06-16T13:38:55+00:00","og_image":[{"width":113,"height":113,"url":"https:\/\/solemar-academy.com\/wp-content\/uploads\/2020\/12\/Solemar-Academy-Card-2.jpg","type":"image\/jpeg"}],"twitter_card":"summary_large_image","twitter_misc":{"Gesch\u00e4tzte Lesezeit":"4\u00a0Minuten"},"schema":{"@context":"https:\/\/schema.org","@graph":[{"@type":"WebPage","@id":"https:\/\/solemar-academy.com\/de\/partnerschaften-und-presse\/","url":"https:\/\/solemar-academy.com\/de\/partnerschaften-und-presse\/","name":"Partnerschaften und Presse - Italienisch lernen auf Sizilien &mdash; Solemar Academy","isPartOf":{"@id":"https:\/\/solemar-academy.com\/#website"},"datePublished":"2015-03-02T16:42:38+00:00","dateModified":"2023-06-16T13:38:55+00:00","description":"Partnerschaften und Presse: Hier erf\u00e4hrt ihr, was \u00fcber uns geschrieben wird, mit wem wir zusammenarbeiten und die Solemar Academy Card mit Verg\u00fcnstigungen.","breadcrumb":{"@id":"https:\/\/solemar-academy.com\/de\/partnerschaften-und-presse\/#breadcrumb"},"inLanguage":"de","potentialAction":[{"@type":"ReadAction","target":["https:\/\/solemar-academy.com\/de\/partnerschaften-und-presse\/"]}]},{"@type":"BreadcrumbList","@id":"https:\/\/solemar-academy.com\/de\/partnerschaften-und-presse\/#breadcrumb","itemListElement":[{"@type":"ListItem","position":1,"name":"Home","item":"https:\/\/solemar-academy.com\/de\/"},{"@type":"ListItem","position":2,"name":"Partnerschaften und Presse &#8211; Italienisch lernen auf Sizilien"}]},{"@type":"WebSite","@id":"https:\/\/solemar-academy.com\/#website","url":"https:\/\/solemar-academy.com\/","name":"Solemar Academy","description":"Learn Italian in Italy","publisher":{"@id":"https:\/\/solemar-academy.com\/#organization"},"potentialAction":[{"@type":"SearchAction","target":{"@type":"EntryPoint","urlTemplate":"https:\/\/solemar-academy.com\/?s={search_term_string}"},"query-input":"required name=search_term_string"}],"inLanguage":"de"},{"@type":"Organization","@id":"https:\/\/solemar-academy.com\/#organization","name":"Solemar Academy","url":"https:\/\/solemar-academy.com\/","logo":{"@type":"ImageObject","inLanguage":"de","@id":"https:\/\/solemar-academy.com\/#\/schema\/logo\/image\/","url":"https:\/\/solemar-academy.com\/wp-content\/uploads\/2022\/06\/logo-solemar-academy.png","contentUrl":"https:\/\/solemar-academy.com\/wp-content\/uploads\/2022\/06\/logo-solemar-academy.png","width":32,"height":32,"caption":"Solemar Academy"},"image":{"@id":"https:\/\/solemar-academy.com\/#\/schema\/logo\/image\/"}}]}},"_links":{"self":[{"href":"https:\/\/solemar-academy.com\/de\/wp-json\/wp\/v2\/pages\/1400"}],"collection":[{"href":"https:\/\/solemar-academy.com\/de\/wp-json\/wp\/v2\/pages"}],"about":[{"href":"https:\/\/solemar-academy.com\/de\/wp-json\/wp\/v2\/types\/page"}],"author":[{"embeddable":true,"href":"https:\/\/solemar-academy.com\/de\/wp-json\/wp\/v2\/users\/3"}],"replies":[{"embeddable":true,"href":"https:\/\/solemar-academy.com\/de\/wp-json\/wp\/v2\/comments?post=1400"}],"version-history":[{"count":2,"href":"https:\/\/solemar-academy.com\/de\/wp-json\/wp\/v2\/pages\/1400\/revisions"}],"predecessor-version":[{"id":18153,"href":"https:\/\/solemar-academy.com\/de\/wp-json\/wp\/v2\/pages\/1400\/revisions\/18153"}],"wp:featuredmedia":[{"embeddable":true,"href":"https:\/\/solemar-academy.com\/de\/wp-json\/wp\/v2\/media\/15238"}],"wp:attachment":[{"href":"https:\/\/solemar-academy.com\/de\/wp-json\/wp\/v2\/media?parent=1400"}],"curies":[{"name":"wp","href":"https:\/\/api.w.org\/{rel}","templated":true}]}}